{"id":408647,"date":"2026-04-05T14:58:35","date_gmt":"2026-04-05T12:58:35","guid":{"rendered":"https:\/\/bogensportdiscount.ch\/produkt\/risers-sf-line-apex-gx-graphene-carbon-25-rh-carbon-black\/"},"modified":"2026-05-14T15:26:33","modified_gmt":"2026-05-14T13:26:33","slug":"wns-recurvebogen-mittelstuck-sf-line-apex-gx-graphene-carbon-25","status":"publish","type":"product","link":"https:\/\/bogensportdiscount.ch\/fr\/produit\/wns-recurvebogen-mittelstuck-sf-line-apex-gx-graphene-carbon-25\/","title":{"rendered":"WNS Mittelteile SF LINE APEX-GX GRAPHEN-Carbon 25&#8243;"},"content":{"rendered":"<p>La poign\u00e9e WNS SF Line Apex-GX est fabriqu\u00e9e en mat\u00e9riau composite graph\u00e8ne-carbone, offrant une grande rigidit\u00e9 pour un poids faible. La longueur de 25&#8243; correspond \u00e0 la norme r\u00e9pandue pour l'arc classique et permet la combinaison avec un large choix de branches compatibles.<\/p>\n<p>La poign\u00e9e est con\u00e7ue pour le tir \u00e0 l'arc classique et convient aussi bien \u00e0 l'entra\u00eenement qu'\u00e0 la comp\u00e9tition. La disponibilit\u00e9 en version droitier et gaucher ainsi qu'en quatre couleurs (noir, bleu, rouge, blanc) la rend accessible \u00e0 un large \u00e9ventail d'archers.<\/p>\n<ul>\n<li>Mat\u00e9riau : graph\u00e8ne-carbone \u2013 l\u00e9ger et rigide en torsion<\/li>\n<li>Longueur : 25&#8243; (standard arc classique)<\/li>\n<li>Convient pour les droitiers et les gauchers<\/li>\n<li>Disponible en quatre couleurs<\/li>\n<\/ul>","protected":false},"excerpt":{"rendered":"<table>\n<tr>\n<th>Propri\u00e9t\u00e9<\/th>\n<th>Valeur<\/th>\n<\/tr>\n<tr>\n<td>Marque<\/td>\n<td>WNS<\/td>\n<\/tr>\n<tr>\n<td>Mat\u00e9riau<\/td>\n<td>Carbon<\/td>\n<\/tr>\n<tr>\n<td>Halter-Passung<\/td>\n<td>ILF<\/td>\n<\/tr>\n<tr>\n<td>Recommandation<\/td>\n<td>All poundages<\/td>\n<\/tr>\n<tr>\n<td>Pays d'origine<\/td>\n<td>Chine<\/td>\n<\/tr>\n<\/table>","protected":false},"featured_media":451340,"comment_status":"open","ping_status":"closed","template":"","meta":[],"product_brand":[461],"product_cat":[4519],"product_tag":[],"class_list":{"0":"post-408647","1":"product","2":"type-product","3":"status-publish","4":"has-post-thumbnail","6":"product_brand-wns","7":"product_cat-recurve-mittelteile","8":"product_shipping_class-bsd-standard","10":"first","11":"instock","12":"shipping-taxable","13":"purchasable","14":"product-type-variable"},"yoast_head":"<!-- This site is optimized with the Yoast SEO plugin v27.6 - https:\/\/yoast.com\/product\/yoast-seo-wordpress\/ -->\n<title>WNS Sections centrales SF LINE APEX-GX Graph\u00e8ne-Carbone 25&quot; - Bogensportdiscount \u2013 Arcs, fl\u00e8ches, cibles et accessoires<\/title>\n<meta name=\"description\" content=\"Achetez les tiges de guidon WNS SF LINE APEX-GX en carbone graph\u00e8ne 25&quot; \u00e0 un prix avantageux chez Bogensportdiscount \u2013 Les meilleures marques, livraison rapide depuis la Suisse.\" \/>\n<meta name=\"robots\" content=\"index, follow, max-snippet:-1, max-image-preview:large, max-video-preview:-1\" \/>\n<link rel=\"canonical\" href=\"https:\/\/bogensportdiscount.ch\/fr\/produit\/wns-recurvebogen-mittelstuck-sf-line-apex-gx-graphene-carbon-25\/\" \/>\n<meta property=\"og:locale\" content=\"fr_FR\" \/>\n<meta property=\"og:type\" content=\"article\" \/>\n<meta property=\"og:title\" content=\"WNS Sections centrales SF LINE APEX-GX Graph\u00e8ne-Carbone 25&quot; - Bogensportdiscount \u2013 Arcs, fl\u00e8ches, cibles et accessoires\" \/>\n<meta property=\"og:description\" content=\"Achetez les tiges de guidon WNS SF LINE APEX-GX en carbone graph\u00e8ne 25&quot; \u00e0 un prix avantageux chez Bogensportdiscount \u2013 Les meilleures marques, livraison rapide depuis la Suisse.\" \/>\n<meta property=\"og:url\" content=\"https:\/\/bogensportdiscount.ch\/fr\/produit\/wns-recurvebogen-mittelstuck-sf-line-apex-gx-graphene-carbon-25\/\" \/>\n<meta property=\"og:site_name\" content=\"Bogensportdiscount \u2013 B\u00f6gen, Pfeile, Targets &amp; Zubeh\u00f6r\" \/>\n<meta property=\"article:modified_time\" content=\"2026-05-14T13:26:33+00:00\" \/>\n<meta property=\"og:image\" content=\"https:\/\/bogensportdiscount.ch\/wp-content\/uploads\/bsm-images\/A059722_1.png\" \/>\n\t<meta property=\"og:image:width\" content=\"989\" \/>\n\t<meta property=\"og:image:height\" content=\"5026\" \/>\n\t<meta property=\"og:image:type\" content=\"image\/png\" \/>\n<meta name=\"twitter:card\" content=\"summary_large_image\" \/>\n<meta name=\"twitter:label1\" content=\"Dur\u00e9e de lecture estim\u00e9e\" \/>\n\t<meta name=\"twitter:data1\" content=\"1 minute\" \/>\n<script type=\"application\/ld+json\" class=\"yoast-schema-graph\">{\"@context\":\"https:\\\/\\\/schema.org\",\"@graph\":[{\"@type\":\"WebPage\",\"@id\":\"https:\\\/\\\/bogensportdiscount.ch\\\/produkt\\\/wns-recurvebogen-mittelstuck-sf-line-apex-gx-graphene-carbon-25\\\/\",\"url\":\"https:\\\/\\\/bogensportdiscount.ch\\\/produkt\\\/wns-recurvebogen-mittelstuck-sf-line-apex-gx-graphene-carbon-25\\\/\",\"name\":\"WNS Mittelteile SF LINE APEX-GX GRAPHEN-Carbon 25\\\" - Bogensportdiscount \u2013 B\u00f6gen, Pfeile, Targets &amp; Zubeh\u00f6r\",\"isPartOf\":{\"@id\":\"https:\\\/\\\/bogensportdiscount.ch\\\/#website\"},\"primaryImageOfPage\":{\"@id\":\"https:\\\/\\\/bogensportdiscount.ch\\\/produkt\\\/wns-recurvebogen-mittelstuck-sf-line-apex-gx-graphene-carbon-25\\\/#primaryimage\"},\"image\":{\"@id\":\"https:\\\/\\\/bogensportdiscount.ch\\\/produkt\\\/wns-recurvebogen-mittelstuck-sf-line-apex-gx-graphene-carbon-25\\\/#primaryimage\"},\"thumbnailUrl\":\"https:\\\/\\\/bogensportdiscount.ch\\\/wp-content\\\/uploads\\\/bsm-images\\\/A059722_1.png\",\"datePublished\":\"2026-04-05T12:58:35+00:00\",\"dateModified\":\"2026-05-14T13:26:33+00:00\",\"description\":\"WNS Mittelteile SF LINE APEX-GX GRAPHEN-Carbon 25\\\" g\u00fcnstig kaufen bei Bogensportdiscount \u2013 Top-Marken, schneller Versand aus der Schweiz.\",\"breadcrumb\":{\"@id\":\"https:\\\/\\\/bogensportdiscount.ch\\\/produkt\\\/wns-recurvebogen-mittelstuck-sf-line-apex-gx-graphene-carbon-25\\\/#breadcrumb\"},\"inLanguage\":\"fr-FR\",\"potentialAction\":[{\"@type\":\"ReadAction\",\"target\":[\"https:\\\/\\\/bogensportdiscount.ch\\\/produkt\\\/wns-recurvebogen-mittelstuck-sf-line-apex-gx-graphene-carbon-25\\\/\"]}]},{\"@type\":\"ImageObject\",\"inLanguage\":\"fr-FR\",\"@id\":\"https:\\\/\\\/bogensportdiscount.ch\\\/produkt\\\/wns-recurvebogen-mittelstuck-sf-line-apex-gx-graphene-carbon-25\\\/#primaryimage\",\"url\":\"https:\\\/\\\/bogensportdiscount.ch\\\/wp-content\\\/uploads\\\/bsm-images\\\/A059722_1.png\",\"contentUrl\":\"https:\\\/\\\/bogensportdiscount.ch\\\/wp-content\\\/uploads\\\/bsm-images\\\/A059722_1.png\",\"width\":989,\"height\":5026},{\"@type\":\"BreadcrumbList\",\"@id\":\"https:\\\/\\\/bogensportdiscount.ch\\\/produkt\\\/wns-recurvebogen-mittelstuck-sf-line-apex-gx-graphene-carbon-25\\\/#breadcrumb\",\"itemListElement\":[{\"@type\":\"ListItem\",\"position\":1,\"name\":\"Home\",\"item\":\"https:\\\/\\\/bogensportdiscount.ch\\\/\"},{\"@type\":\"ListItem\",\"position\":2,\"name\":\"Shop\",\"item\":\"https:\\\/\\\/bogensportdiscount.ch\\\/shop\\\/\"},{\"@type\":\"ListItem\",\"position\":3,\"name\":\"WNS Mittelteile SF LINE APEX-GX GRAPHEN-Carbon 25&#8243;\"}]},{\"@type\":\"WebSite\",\"@id\":\"https:\\\/\\\/bogensportdiscount.ch\\\/#website\",\"url\":\"https:\\\/\\\/bogensportdiscount.ch\\\/\",\"name\":\"Bogensportdiscount\",\"description\":\"\",\"potentialAction\":[{\"@type\":\"SearchAction\",\"target\":{\"@type\":\"EntryPoint\",\"urlTemplate\":\"https:\\\/\\\/bogensportdiscount.ch\\\/?s={search_term_string}\"},\"query-input\":{\"@type\":\"PropertyValueSpecification\",\"valueRequired\":true,\"valueName\":\"search_term_string\"}}],\"inLanguage\":\"fr-FR\"}]}<\/script>\n<!-- \/ Yoast SEO plugin. -->","yoast_head_json":{"title":"WNS Sections centrales SF LINE APEX-GX Graph\u00e8ne-Carbone 25&quot; - Bogensportdiscount \u2013 Arcs, fl\u00e8ches, cibles et accessoires","description":"Achetez les tiges de guidon WNS SF LINE APEX-GX en carbone graph\u00e8ne 25&quot; \u00e0 un prix avantageux chez Bogensportdiscount \u2013 Les meilleures marques, livraison rapide depuis la Suisse.","robots":{"index":"index","follow":"follow","max-snippet":"max-snippet:-1","max-image-preview":"max-image-preview:large","max-video-preview":"max-video-preview:-1"},"canonical":"https:\/\/bogensportdiscount.ch\/fr\/produit\/wns-recurvebogen-mittelstuck-sf-line-apex-gx-graphene-carbon-25\/","og_locale":"fr_FR","og_type":"article","og_title":"WNS Sections centrales SF LINE APEX-GX Graph\u00e8ne-Carbone 25&quot; - Bogensportdiscount \u2013 Arcs, fl\u00e8ches, cibles et accessoires","og_description":"Achetez les tiges de guidon WNS SF LINE APEX-GX en carbone graph\u00e8ne 25&quot; \u00e0 un prix avantageux chez Bogensportdiscount \u2013 Les meilleures marques, livraison rapide depuis la Suisse.","og_url":"https:\/\/bogensportdiscount.ch\/fr\/produit\/wns-recurvebogen-mittelstuck-sf-line-apex-gx-graphene-carbon-25\/","og_site_name":"Bogensportdiscount \u2013 B\u00f6gen, Pfeile, Targets &amp; Zubeh\u00f6r","article_modified_time":"2026-05-14T13:26:33+00:00","og_image":[{"url":"https:\/\/bogensportdiscount.ch\/wp-content\/uploads\/bsm-images\/A059722_1.png","width":989,"height":5026,"type":"image\/png"}],"twitter_card":"summary_large_image","twitter_misc":{"Dur\u00e9e de lecture estim\u00e9e":"1 minute"},"schema":{"@context":"https:\/\/schema.org","@graph":[{"@type":"WebPage","@id":"https:\/\/bogensportdiscount.ch\/produkt\/wns-recurvebogen-mittelstuck-sf-line-apex-gx-graphene-carbon-25\/","url":"https:\/\/bogensportdiscount.ch\/produkt\/wns-recurvebogen-mittelstuck-sf-line-apex-gx-graphene-carbon-25\/","name":"WNS Sections centrales SF LINE APEX-GX Graph\u00e8ne-Carbone 25&quot; - Bogensportdiscount \u2013 Arcs, fl\u00e8ches, cibles et accessoires","isPartOf":{"@id":"https:\/\/bogensportdiscount.ch\/#website"},"primaryImageOfPage":{"@id":"https:\/\/bogensportdiscount.ch\/produkt\/wns-recurvebogen-mittelstuck-sf-line-apex-gx-graphene-carbon-25\/#primaryimage"},"image":{"@id":"https:\/\/bogensportdiscount.ch\/produkt\/wns-recurvebogen-mittelstuck-sf-line-apex-gx-graphene-carbon-25\/#primaryimage"},"thumbnailUrl":"https:\/\/bogensportdiscount.ch\/wp-content\/uploads\/bsm-images\/A059722_1.png","datePublished":"2026-04-05T12:58:35+00:00","dateModified":"2026-05-14T13:26:33+00:00","description":"Achetez les tiges de guidon WNS SF LINE APEX-GX en carbone graph\u00e8ne 25&quot; \u00e0 un prix avantageux chez Bogensportdiscount \u2013 Les meilleures marques, livraison rapide depuis la Suisse.","breadcrumb":{"@id":"https:\/\/bogensportdiscount.ch\/produkt\/wns-recurvebogen-mittelstuck-sf-line-apex-gx-graphene-carbon-25\/#breadcrumb"},"inLanguage":"fr-FR","potentialAction":[{"@type":"ReadAction","target":["https:\/\/bogensportdiscount.ch\/produkt\/wns-recurvebogen-mittelstuck-sf-line-apex-gx-graphene-carbon-25\/"]}]},{"@type":"ImageObject","inLanguage":"fr-FR","@id":"https:\/\/bogensportdiscount.ch\/produkt\/wns-recurvebogen-mittelstuck-sf-line-apex-gx-graphene-carbon-25\/#primaryimage","url":"https:\/\/bogensportdiscount.ch\/wp-content\/uploads\/bsm-images\/A059722_1.png","contentUrl":"https:\/\/bogensportdiscount.ch\/wp-content\/uploads\/bsm-images\/A059722_1.png","width":989,"height":5026},{"@type":"BreadcrumbList","@id":"https:\/\/bogensportdiscount.ch\/produkt\/wns-recurvebogen-mittelstuck-sf-line-apex-gx-graphene-carbon-25\/#breadcrumb","itemListElement":[{"@type":"ListItem","position":1,"name":"Home","item":"https:\/\/bogensportdiscount.ch\/"},{"@type":"ListItem","position":2,"name":"Shop","item":"https:\/\/bogensportdiscount.ch\/shop\/"},{"@type":"ListItem","position":3,"name":"WNS Mittelteile SF LINE APEX-GX GRAPHEN-Carbon 25&#8243;"}]},{"@type":"WebSite","@id":"https:\/\/bogensportdiscount.ch\/#website","url":"https:\/\/bogensportdiscount.ch\/","name":"Bogensportdiscount","description":"","potentialAction":[{"@type":"SearchAction","target":{"@type":"EntryPoint","urlTemplate":"https:\/\/bogensportdiscount.ch\/?s={search_term_string}"},"query-input":{"@type":"PropertyValueSpecification","valueRequired":true,"valueName":"search_term_string"}}],"inLanguage":"fr-FR"}]}},"_links":{"self":[{"href":"https:\/\/bogensportdiscount.ch\/fr\/wp-json\/wp\/v2\/product\/408647","targetHints":{"allow":["GET"]}}],"collection":[{"href":"https:\/\/bogensportdiscount.ch\/fr\/wp-json\/wp\/v2\/product"}],"about":[{"href":"https:\/\/bogensportdiscount.ch\/fr\/wp-json\/wp\/v2\/types\/product"}],"replies":[{"embeddable":true,"href":"https:\/\/bogensportdiscount.ch\/fr\/wp-json\/wp\/v2\/comments?post=408647"}],"wp:featuredmedia":[{"embeddable":true,"href":"https:\/\/bogensportdiscount.ch\/fr\/wp-json\/wp\/v2\/media\/451340"}],"wp:attachment":[{"href":"https:\/\/bogensportdiscount.ch\/fr\/wp-json\/wp\/v2\/media?parent=408647"}],"wp:term":[{"taxonomy":"product_brand","embeddable":true,"href":"https:\/\/bogensportdiscount.ch\/fr\/wp-json\/wp\/v2\/product_brand?post=408647"},{"taxonomy":"product_cat","embeddable":true,"href":"https:\/\/bogensportdiscount.ch\/fr\/wp-json\/wp\/v2\/product_cat?post=408647"},{"taxonomy":"product_tag","embeddable":true,"href":"https:\/\/bogensportdiscount.ch\/fr\/wp-json\/wp\/v2\/product_tag?post=408647"}],"curies":[{"name":"wp","href":"https:\/\/api.w.org\/{rel}","templated":true}]}}