{"id":408638,"date":"2026-04-05T14:58:35","date_gmt":"2026-04-05T12:58:35","guid":{"rendered":"https:\/\/bogensportdiscount.ch\/produkt\/compound-package-edge-xt-binary-w-rot-mod-19%c2%94-31%c2%94-20-70lbs-rh-black\/"},"modified":"2026-05-14T15:26:33","modified_gmt":"2026-05-14T13:26:33","slug":"diamond-compound-bogen-edge-xt-binary-rotierendes-modul-19-31-20-70lbs","status":"publish","type":"product","link":"https:\/\/bogensportdiscount.ch\/fr\/produit\/diamond-compound-bogen-edge-xt-binary-rotierendes-modul-19-31-20-70lbs\/","title":{"rendered":"DIAMOND KIT ARC \u00c0 POULIES EDGE XT BINARY avec MOD. ROT. 19&#8243;-31&#8243; \/ 20-70LBS"},"content":{"rendered":"<p>Le DIAMOND Edge XT Binary est un ensemble arc \u00e0 poulies haut de gamme avec module rotatif et offre une grande flexibilit\u00e9 pour le r\u00e9glage de la puissance (20-70 lbs) et de l'allonge (19-31 pouces). Avec une longueur axe \u00e0 axe de 31 pouces et une brace height de 6,75 pouces, cet arc offre un excellent \u00e9quilibre entre stabilit\u00e9 et maniabilit\u00e9.<\/p>\n<p>L'ensemble complet comprend les accessoires n\u00e9cessaires et est imm\u00e9diatement pr\u00eat \u00e0 l'emploi. La construction en aluminium garantit durabilit\u00e9 et fiabilit\u00e9. L'Edge XT est disponible en diff\u00e9rentes couleurs et peut \u00eatre configur\u00e9 aussi bien en version gaucher qu'en version droitier.<\/p>\n<ul>\n<li>Module rotatif pour des ajustements faciles<\/li>\n<li>Large gamme de puissance et d'allonge<\/li>\n<li>Construction robuste en aluminium<\/li>\n<li>Disponible en version gaucher et droitier<\/li>\n<\/ul>","protected":false},"excerpt":{"rendered":"<table>\n<tr>\n<th>Propri\u00e9t\u00e9<\/th>\n<th>Valeur<\/th>\n<\/tr>\n<tr>\n<td>Marque<\/td>\n<td>Diamond by BOWTECH<\/td>\n<\/tr>\n<tr>\n<td>D&#x27;essieu \u00e0 essieu<\/td>\n<td>31 pouces<\/td>\n<\/tr>\n<tr>\n<td>Brace Height<\/td>\n<td>6,75 pouces<\/td>\n<\/tr>\n<tr>\n<td>Module<\/td>\n<td>Module rotatif<\/td>\n<\/tr>\n<tr>\n<td>Mat\u00e9riau<\/td>\n<td>Aluminium<\/td>\n<\/tr>\n<tr>\n<td>Pays d'origine<\/td>\n<td>USA<\/td>\n<\/tr>\n<tr>\n<td>Poids de traction<\/td>\n<td>20-70 lbs<\/td>\n<\/tr>\n<tr>\n<td>Allonge<\/td>\n<td>19-31 Zoll<\/td>\n<\/tr>\n<\/table>","protected":false},"featured_media":451337,"comment_status":"open","ping_status":"closed","template":"","meta":[],"product_brand":[621],"product_cat":[4525],"product_tag":[],"class_list":{"0":"post-408638","1":"product","2":"type-product","3":"status-publish","4":"has-post-thumbnail","6":"product_brand-diamond","7":"product_cat-compound-boegen-sets","8":"product_shipping_class-bsd-standard","10":"first","11":"instock","12":"shipping-taxable","13":"purchasable","14":"product-type-variable"},"yoast_head":"<!-- This site is optimized with the Yoast SEO plugin v27.6 - https:\/\/yoast.com\/product\/yoast-seo-wordpress\/ -->\n<title>DIAMOND COMPOUNDBOGEN PAKET EDGE XT BINARY w\/ ROT. MOD 19&quot;-31&quot; \/ 20-70LBS - Bogensportdiscount \u2013 B\u00f6gen, Pfeile, Targets &amp; Zubeh\u00f6r<\/title>\n<meta name=\"description\" content=\"DIAMOND COMPOUNDBOGEN PAKET EDGE XT BINARY w\/ ROT. MOD 19&quot;-31&quot; \/ 20-70LBS g\u00fcnstig kaufen bei Bogensportdiscount \u2013 Top-Marken, schneller Versand aus der Schweiz.\" \/>\n<meta name=\"robots\" content=\"index, follow, max-snippet:-1, max-image-preview:large, max-video-preview:-1\" \/>\n<link rel=\"canonical\" href=\"https:\/\/bogensportdiscount.ch\/fr\/produit\/diamond-compound-bogen-edge-xt-binary-rotierendes-modul-19-31-20-70lbs\/\" \/>\n<meta property=\"og:locale\" content=\"fr_FR\" \/>\n<meta property=\"og:type\" content=\"article\" \/>\n<meta property=\"og:title\" content=\"DIAMOND COMPOUNDBOGEN PAKET EDGE XT BINARY w\/ ROT. MOD 19&quot;-31&quot; \/ 20-70LBS - Bogensportdiscount \u2013 B\u00f6gen, Pfeile, Targets &amp; Zubeh\u00f6r\" \/>\n<meta property=\"og:description\" content=\"DIAMOND COMPOUNDBOGEN PAKET EDGE XT BINARY w\/ ROT. MOD 19&quot;-31&quot; \/ 20-70LBS g\u00fcnstig kaufen bei Bogensportdiscount \u2013 Top-Marken, schneller Versand aus der Schweiz.\" \/>\n<meta property=\"og:url\" content=\"https:\/\/bogensportdiscount.ch\/fr\/produit\/diamond-compound-bogen-edge-xt-binary-rotierendes-modul-19-31-20-70lbs\/\" \/>\n<meta property=\"og:site_name\" content=\"Bogensportdiscount \u2013 B\u00f6gen, Pfeile, Targets &amp; Zubeh\u00f6r\" \/>\n<meta property=\"article:modified_time\" content=\"2026-05-14T13:26:33+00:00\" \/>\n<meta property=\"og:image\" content=\"https:\/\/bogensportdiscount.ch\/wp-content\/uploads\/bsm-images\/A059483_1.png\" \/>\n\t<meta property=\"og:image:width\" content=\"2109\" \/>\n\t<meta property=\"og:image:height\" content=\"5370\" \/>\n\t<meta property=\"og:image:type\" content=\"image\/png\" \/>\n<meta name=\"twitter:card\" content=\"summary_large_image\" \/>\n<meta name=\"twitter:label1\" content=\"Dur\u00e9e de lecture estim\u00e9e\" \/>\n\t<meta name=\"twitter:data1\" content=\"1 minute\" \/>\n<script type=\"application\/ld+json\" class=\"yoast-schema-graph\">{\"@context\":\"https:\\\/\\\/schema.org\",\"@graph\":[{\"@type\":\"WebPage\",\"@id\":\"https:\\\/\\\/bogensportdiscount.ch\\\/produkt\\\/diamond-compound-bogen-edge-xt-binary-rotierendes-modul-19-31-20-70lbs\\\/\",\"url\":\"https:\\\/\\\/bogensportdiscount.ch\\\/produkt\\\/diamond-compound-bogen-edge-xt-binary-rotierendes-modul-19-31-20-70lbs\\\/\",\"name\":\"DIAMOND COMPOUNDBOGEN PAKET EDGE XT BINARY w\\\/ ROT. MOD 19\\\"-31\\\" \\\/ 20-70LBS - Bogensportdiscount \u2013 B\u00f6gen, Pfeile, Targets &amp; Zubeh\u00f6r\",\"isPartOf\":{\"@id\":\"https:\\\/\\\/bogensportdiscount.ch\\\/#website\"},\"primaryImageOfPage\":{\"@id\":\"https:\\\/\\\/bogensportdiscount.ch\\\/produkt\\\/diamond-compound-bogen-edge-xt-binary-rotierendes-modul-19-31-20-70lbs\\\/#primaryimage\"},\"image\":{\"@id\":\"https:\\\/\\\/bogensportdiscount.ch\\\/produkt\\\/diamond-compound-bogen-edge-xt-binary-rotierendes-modul-19-31-20-70lbs\\\/#primaryimage\"},\"thumbnailUrl\":\"https:\\\/\\\/bogensportdiscount.ch\\\/wp-content\\\/uploads\\\/bsm-images\\\/A059483_1.png\",\"datePublished\":\"2026-04-05T12:58:35+00:00\",\"dateModified\":\"2026-05-14T13:26:33+00:00\",\"description\":\"DIAMOND COMPOUNDBOGEN PAKET EDGE XT BINARY w\\\/ ROT. MOD 19\\\"-31\\\" \\\/ 20-70LBS g\u00fcnstig kaufen bei Bogensportdiscount \u2013 Top-Marken, schneller Versand aus der Schweiz.\",\"breadcrumb\":{\"@id\":\"https:\\\/\\\/bogensportdiscount.ch\\\/produkt\\\/diamond-compound-bogen-edge-xt-binary-rotierendes-modul-19-31-20-70lbs\\\/#breadcrumb\"},\"inLanguage\":\"fr-FR\",\"potentialAction\":[{\"@type\":\"ReadAction\",\"target\":[\"https:\\\/\\\/bogensportdiscount.ch\\\/produkt\\\/diamond-compound-bogen-edge-xt-binary-rotierendes-modul-19-31-20-70lbs\\\/\"]}]},{\"@type\":\"ImageObject\",\"inLanguage\":\"fr-FR\",\"@id\":\"https:\\\/\\\/bogensportdiscount.ch\\\/produkt\\\/diamond-compound-bogen-edge-xt-binary-rotierendes-modul-19-31-20-70lbs\\\/#primaryimage\",\"url\":\"https:\\\/\\\/bogensportdiscount.ch\\\/wp-content\\\/uploads\\\/bsm-images\\\/A059483_1.png\",\"contentUrl\":\"https:\\\/\\\/bogensportdiscount.ch\\\/wp-content\\\/uploads\\\/bsm-images\\\/A059483_1.png\",\"width\":2109,\"height\":5370},{\"@type\":\"BreadcrumbList\",\"@id\":\"https:\\\/\\\/bogensportdiscount.ch\\\/produkt\\\/diamond-compound-bogen-edge-xt-binary-rotierendes-modul-19-31-20-70lbs\\\/#breadcrumb\",\"itemListElement\":[{\"@type\":\"ListItem\",\"position\":1,\"name\":\"Home\",\"item\":\"https:\\\/\\\/bogensportdiscount.ch\\\/\"},{\"@type\":\"ListItem\",\"position\":2,\"name\":\"Shop\",\"item\":\"https:\\\/\\\/bogensportdiscount.ch\\\/shop\\\/\"},{\"@type\":\"ListItem\",\"position\":3,\"name\":\"DIAMOND COMPOUND PACKAGE EDGE XT BINARY w\\\/ ROT. MOD 19\ufffd-31\ufffd \\\/ 20-70LBS\"}]},{\"@type\":\"WebSite\",\"@id\":\"https:\\\/\\\/bogensportdiscount.ch\\\/#website\",\"url\":\"https:\\\/\\\/bogensportdiscount.ch\\\/\",\"name\":\"Bogensportdiscount\",\"description\":\"\",\"potentialAction\":[{\"@type\":\"SearchAction\",\"target\":{\"@type\":\"EntryPoint\",\"urlTemplate\":\"https:\\\/\\\/bogensportdiscount.ch\\\/?s={search_term_string}\"},\"query-input\":{\"@type\":\"PropertyValueSpecification\",\"valueRequired\":true,\"valueName\":\"search_term_string\"}}],\"inLanguage\":\"fr-FR\"}]}<\/script>\n<!-- \/ Yoast SEO plugin. -->","yoast_head_json":{"title":"DIAMOND COMPOUNDBOGEN PAKET EDGE XT BINARY w\/ ROT. MOD 19\"-31\" \/ 20-70LBS - Bogensportdiscount \u2013 B\u00f6gen, Pfeile, Targets &amp; Zubeh\u00f6r","description":"DIAMOND COMPOUNDBOGEN PAKET EDGE XT BINARY w\/ ROT. MOD 19\"-31\" \/ 20-70LBS g\u00fcnstig kaufen bei Bogensportdiscount \u2013 Top-Marken, schneller Versand aus der Schweiz.","robots":{"index":"index","follow":"follow","max-snippet":"max-snippet:-1","max-image-preview":"max-image-preview:large","max-video-preview":"max-video-preview:-1"},"canonical":"https:\/\/bogensportdiscount.ch\/fr\/produit\/diamond-compound-bogen-edge-xt-binary-rotierendes-modul-19-31-20-70lbs\/","og_locale":"fr_FR","og_type":"article","og_title":"DIAMOND COMPOUNDBOGEN PAKET EDGE XT BINARY w\/ ROT. MOD 19\"-31\" \/ 20-70LBS - Bogensportdiscount \u2013 B\u00f6gen, Pfeile, Targets &amp; Zubeh\u00f6r","og_description":"DIAMOND COMPOUNDBOGEN PAKET EDGE XT BINARY w\/ ROT. MOD 19\"-31\" \/ 20-70LBS g\u00fcnstig kaufen bei Bogensportdiscount \u2013 Top-Marken, schneller Versand aus der Schweiz.","og_url":"https:\/\/bogensportdiscount.ch\/fr\/produit\/diamond-compound-bogen-edge-xt-binary-rotierendes-modul-19-31-20-70lbs\/","og_site_name":"Bogensportdiscount \u2013 B\u00f6gen, Pfeile, Targets &amp; Zubeh\u00f6r","article_modified_time":"2026-05-14T13:26:33+00:00","og_image":[{"url":"https:\/\/bogensportdiscount.ch\/wp-content\/uploads\/bsm-images\/A059483_1.png","width":2109,"height":5370,"type":"image\/png"}],"twitter_card":"summary_large_image","twitter_misc":{"Dur\u00e9e de lecture estim\u00e9e":"1 minute"},"schema":{"@context":"https:\/\/schema.org","@graph":[{"@type":"WebPage","@id":"https:\/\/bogensportdiscount.ch\/produkt\/diamond-compound-bogen-edge-xt-binary-rotierendes-modul-19-31-20-70lbs\/","url":"https:\/\/bogensportdiscount.ch\/produkt\/diamond-compound-bogen-edge-xt-binary-rotierendes-modul-19-31-20-70lbs\/","name":"DIAMOND COMPOUNDBOGEN PAKET EDGE XT BINARY w\/ ROT. MOD 19\"-31\" \/ 20-70LBS - Bogensportdiscount \u2013 B\u00f6gen, Pfeile, Targets &amp; Zubeh\u00f6r","isPartOf":{"@id":"https:\/\/bogensportdiscount.ch\/#website"},"primaryImageOfPage":{"@id":"https:\/\/bogensportdiscount.ch\/produkt\/diamond-compound-bogen-edge-xt-binary-rotierendes-modul-19-31-20-70lbs\/#primaryimage"},"image":{"@id":"https:\/\/bogensportdiscount.ch\/produkt\/diamond-compound-bogen-edge-xt-binary-rotierendes-modul-19-31-20-70lbs\/#primaryimage"},"thumbnailUrl":"https:\/\/bogensportdiscount.ch\/wp-content\/uploads\/bsm-images\/A059483_1.png","datePublished":"2026-04-05T12:58:35+00:00","dateModified":"2026-05-14T13:26:33+00:00","description":"DIAMOND COMPOUNDBOGEN PAKET EDGE XT BINARY w\/ ROT. MOD 19\"-31\" \/ 20-70LBS g\u00fcnstig kaufen bei Bogensportdiscount \u2013 Top-Marken, schneller Versand aus der Schweiz.","breadcrumb":{"@id":"https:\/\/bogensportdiscount.ch\/produkt\/diamond-compound-bogen-edge-xt-binary-rotierendes-modul-19-31-20-70lbs\/#breadcrumb"},"inLanguage":"fr-FR","potentialAction":[{"@type":"ReadAction","target":["https:\/\/bogensportdiscount.ch\/produkt\/diamond-compound-bogen-edge-xt-binary-rotierendes-modul-19-31-20-70lbs\/"]}]},{"@type":"ImageObject","inLanguage":"fr-FR","@id":"https:\/\/bogensportdiscount.ch\/produkt\/diamond-compound-bogen-edge-xt-binary-rotierendes-modul-19-31-20-70lbs\/#primaryimage","url":"https:\/\/bogensportdiscount.ch\/wp-content\/uploads\/bsm-images\/A059483_1.png","contentUrl":"https:\/\/bogensportdiscount.ch\/wp-content\/uploads\/bsm-images\/A059483_1.png","width":2109,"height":5370},{"@type":"BreadcrumbList","@id":"https:\/\/bogensportdiscount.ch\/produkt\/diamond-compound-bogen-edge-xt-binary-rotierendes-modul-19-31-20-70lbs\/#breadcrumb","itemListElement":[{"@type":"ListItem","position":1,"name":"Home","item":"https:\/\/bogensportdiscount.ch\/"},{"@type":"ListItem","position":2,"name":"Shop","item":"https:\/\/bogensportdiscount.ch\/shop\/"},{"@type":"ListItem","position":3,"name":"DIAMOND COMPOUND PACKAGE EDGE XT BINARY w\/ ROT. MOD 19\ufffd-31\ufffd \/ 20-70LBS"}]},{"@type":"WebSite","@id":"https:\/\/bogensportdiscount.ch\/#website","url":"https:\/\/bogensportdiscount.ch\/","name":"Bogensportdiscount","description":"","potentialAction":[{"@type":"SearchAction","target":{"@type":"EntryPoint","urlTemplate":"https:\/\/bogensportdiscount.ch\/?s={search_term_string}"},"query-input":{"@type":"PropertyValueSpecification","valueRequired":true,"valueName":"search_term_string"}}],"inLanguage":"fr-FR"}]}},"_links":{"self":[{"href":"https:\/\/bogensportdiscount.ch\/fr\/wp-json\/wp\/v2\/product\/408638","targetHints":{"allow":["GET"]}}],"collection":[{"href":"https:\/\/bogensportdiscount.ch\/fr\/wp-json\/wp\/v2\/product"}],"about":[{"href":"https:\/\/bogensportdiscount.ch\/fr\/wp-json\/wp\/v2\/types\/product"}],"replies":[{"embeddable":true,"href":"https:\/\/bogensportdiscount.ch\/fr\/wp-json\/wp\/v2\/comments?post=408638"}],"wp:featuredmedia":[{"embeddable":true,"href":"https:\/\/bogensportdiscount.ch\/fr\/wp-json\/wp\/v2\/media\/451337"}],"wp:attachment":[{"href":"https:\/\/bogensportdiscount.ch\/fr\/wp-json\/wp\/v2\/media?parent=408638"}],"wp:term":[{"taxonomy":"product_brand","embeddable":true,"href":"https:\/\/bogensportdiscount.ch\/fr\/wp-json\/wp\/v2\/product_brand?post=408638"},{"taxonomy":"product_cat","embeddable":true,"href":"https:\/\/bogensportdiscount.ch\/fr\/wp-json\/wp\/v2\/product_cat?post=408638"},{"taxonomy":"product_tag","embeddable":true,"href":"https:\/\/bogensportdiscount.ch\/fr\/wp-json\/wp\/v2\/product_tag?post=408638"}],"curies":[{"name":"wp","href":"https:\/\/api.w.org\/{rel}","templated":true}]}}