{"id":408528,"date":"2026-04-05T14:58:26","date_gmt":"2026-04-05T12:58:26","guid":{"rendered":"https:\/\/bogensportdiscount.ch\/produkt\/string-material-formula-mercury-2-1-4-lbs-black\/"},"modified":"2026-04-17T13:47:29","modified_gmt":"2026-04-17T11:47:29","slug":"bcy-sehnenmaterial-formula-mercury-2-1-4-lbs","status":"publish","type":"product","link":"https:\/\/bogensportdiscount.ch\/fr\/produit\/bcy-sehnenmaterial-formula-mercury-2-1-4-lbs\/","title":{"rendered":"BCY STRING MATERIAL FORMULA MERCURY 2 1\/4 LBS"},"content":{"rendered":"<p>Das BCY Formula Mercury Sehnenmaterial wird in der Spule mit 2 1\/4 lbs (ca. 1 kg) geliefert und richtet sich an Bogenbauer sowie Sch\u00fctzen, die ihre Sehnen selbst herstellen oder erneuern m\u00f6chten. BCY geh\u00f6rt zu den etablierten Herstellern von Sehnenmaterialien im Bogensport.<\/p>\n<p>Das Material ist in 15 verschiedenen Farben erh\u00e4ltlich \u2013 von klassischem Schwarz und Weiss \u00fcber lebhafte T\u00f6ne wie Orange, Pink und Teal bis hin zu metallischen Farben wie Gold, Bronze und Silber. So lassen sich individuelle Farbkombinationen f\u00fcr jede Sehne realisieren.<\/p>\n<ul>\n<li>Packungsgr\u00f6sse: 2 1\/4 lbs<\/li>\n<li>15 Farben zur Auswahl<\/li>\n<li>Geeignet f\u00fcr den professionellen Sehnenbau<\/li>\n<li>Von BCY, einem bew\u00e4hrten Hersteller im Bogensport<\/li>\n<\/ul>","protected":false},"excerpt":{"rendered":"<p><strong>Marque :<\/strong> BCY<\/p>","protected":false},"featured_media":452883,"comment_status":"open","ping_status":"closed","template":"","meta":[],"product_brand":[425],"product_cat":[4565],"product_tag":[],"class_list":{"0":"post-408528","1":"product","2":"type-product","3":"status-publish","4":"has-post-thumbnail","6":"product_brand-bcy","7":"product_cat-string-material","9":"first","10":"instock","11":"shipping-taxable","12":"purchasable","13":"product-type-variable"},"_links":{"self":[{"href":"https:\/\/bogensportdiscount.ch\/fr\/wp-json\/wp\/v2\/product\/408528","targetHints":{"allow":["GET"]}}],"collection":[{"href":"https:\/\/bogensportdiscount.ch\/fr\/wp-json\/wp\/v2\/product"}],"about":[{"href":"https:\/\/bogensportdiscount.ch\/fr\/wp-json\/wp\/v2\/types\/product"}],"replies":[{"embeddable":true,"href":"https:\/\/bogensportdiscount.ch\/fr\/wp-json\/wp\/v2\/comments?post=408528"}],"wp:featuredmedia":[{"embeddable":true,"href":"https:\/\/bogensportdiscount.ch\/fr\/wp-json\/wp\/v2\/media\/452883"}],"wp:attachment":[{"href":"https:\/\/bogensportdiscount.ch\/fr\/wp-json\/wp\/v2\/media?parent=408528"}],"wp:term":[{"taxonomy":"product_brand","embeddable":true,"href":"https:\/\/bogensportdiscount.ch\/fr\/wp-json\/wp\/v2\/product_brand?post=408528"},{"taxonomy":"product_cat","embeddable":true,"href":"https:\/\/bogensportdiscount.ch\/fr\/wp-json\/wp\/v2\/product_cat?post=408528"},{"taxonomy":"product_tag","embeddable":true,"href":"https:\/\/bogensportdiscount.ch\/fr\/wp-json\/wp\/v2\/product_tag?post=408528"}],"curies":[{"name":"wp","href":"https:\/\/api.w.org\/{rel}","templated":true}]}}