{"id":408525,"date":"2026-04-05T14:58:26","date_gmt":"2026-04-05T12:58:26","guid":{"rendered":"https:\/\/bogensportdiscount.ch\/produkt\/treestand-accessories-slingmate-black\/"},"modified":"2026-04-17T13:47:29","modified_gmt":"2026-04-17T11:47:29","slug":"lastchance-baumstand-zubehoer-slingmate","status":"publish","type":"product","link":"https:\/\/bogensportdiscount.ch\/fr\/produit\/lastchance-baumstand-zubehoer-slingmate\/","title":{"rendered":"LASTCHANCE TREESTAND ACCESSOIRES SLINGMATE"},"content":{"rendered":"<p>Der LASTCHANCE Slingmate ist ein Baumstand-Zubeh\u00f6r, das speziell f\u00fcr den Einsatz auf dem Hochsitz entwickelt wurde. Das Produkt ist in den Farben Schwarz und Orange erh\u00e4ltlich und l\u00e4sst sich flexibel am Baumstand befestigen.<\/p>\n<p>Als Teil des LASTCHANCE-Sortiments im Bereich Jagd und Outdoor richtet sich der Slingmate an J\u00e4ger, die ihren Baumstand praktisch und funktionell ausstatten m\u00f6chten.<\/p>\n<ul>\n<li>Zubeh\u00f6r f\u00fcr Baumst\u00e4nde<\/li>\n<li>Erh\u00e4ltlich in Schwarz und Orange<\/li>\n<li>Von der Marke LASTCHANCE<\/li>\n<li>Geeignet f\u00fcr den Jagd- und Outdooreinsatz<\/li>\n<\/ul>","protected":false},"excerpt":{"rendered":"<p><strong>Marque :<\/strong> Last Chance<\/p>","protected":false},"featured_media":439323,"comment_status":"open","ping_status":"closed","template":"","meta":[],"product_brand":[499],"product_cat":[4577],"product_tag":[],"class_list":{"0":"post-408525","1":"product","2":"type-product","3":"status-publish","4":"has-post-thumbnail","6":"product_brand-lastchance","7":"product_cat-zubehoer-einzelteile-blinds-baumsitz-leiter","9":"first","10":"instock","11":"shipping-taxable","12":"purchasable","13":"product-type-variable"},"_links":{"self":[{"href":"https:\/\/bogensportdiscount.ch\/fr\/wp-json\/wp\/v2\/product\/408525","targetHints":{"allow":["GET"]}}],"collection":[{"href":"https:\/\/bogensportdiscount.ch\/fr\/wp-json\/wp\/v2\/product"}],"about":[{"href":"https:\/\/bogensportdiscount.ch\/fr\/wp-json\/wp\/v2\/types\/product"}],"replies":[{"embeddable":true,"href":"https:\/\/bogensportdiscount.ch\/fr\/wp-json\/wp\/v2\/comments?post=408525"}],"wp:featuredmedia":[{"embeddable":true,"href":"https:\/\/bogensportdiscount.ch\/fr\/wp-json\/wp\/v2\/media\/439323"}],"wp:attachment":[{"href":"https:\/\/bogensportdiscount.ch\/fr\/wp-json\/wp\/v2\/media?parent=408525"}],"wp:term":[{"taxonomy":"product_brand","embeddable":true,"href":"https:\/\/bogensportdiscount.ch\/fr\/wp-json\/wp\/v2\/product_brand?post=408525"},{"taxonomy":"product_cat","embeddable":true,"href":"https:\/\/bogensportdiscount.ch\/fr\/wp-json\/wp\/v2\/product_cat?post=408525"},{"taxonomy":"product_tag","embeddable":true,"href":"https:\/\/bogensportdiscount.ch\/fr\/wp-json\/wp\/v2\/product_tag?post=408525"}],"curies":[{"name":"wp","href":"https:\/\/api.w.org\/{rel}","templated":true}]}}