{"id":408488,"date":"2026-04-05T14:58:21","date_gmt":"2026-04-05T12:58:21","guid":{"rendered":"https:\/\/bogensportdiscount.ch\/produkt\/bridge-lock-fixed-5-pin-0-19-rh\/"},"modified":"2026-04-23T12:05:08","modified_gmt":"2026-04-23T10:05:08","slug":"mathews-bridge-lock-compound-visier-fixed-5-pin-019","status":"publish","type":"product","link":"https:\/\/bogensportdiscount.ch\/fr\/produit\/mathews-bridge-lock-compound-visier-fixed-5-pin-019\/","title":{"rendered":"MATHEWS BRIDGE-LOCK FIXE 5-PIN 0.19"},"content":{"rendered":"<p>Das Mathews Bridge-Lock Fixed 5-Pin 0.19 ist ein fest eingestelltes Compound-Visier mit f\u00fcnf Pins und einem Faserdurchmesser von 0.19 Zoll. Es eignet sich f\u00fcr den Einsatz bei der Jagd sowie im 3D-Bogenschiessen und ist kompatibel mit Compound-B\u00f6gen.<\/p>\n<p>Das Visier ist in einer Rechtshand- und einer Linkshand-Ausf\u00fchrung erh\u00e4ltlich und wird direkt vom US-amerikanischen Bogenhersteller Mathews gefertigt. Die Bridge-Lock-Befestigung sorgt f\u00fcr eine stabile und spielfreie Montage am Bogen.<\/p>\n<ul>\n<li>Fest eingestelltes 5-Pin-Visier<\/li>\n<li>Faserdurchmesser: 0.19 Zoll<\/li>\n<li>Disponible en version droitier et gaucher<\/li>\n<li>Hergestellt in den USA von Mathews<\/li>\n<\/ul>","protected":false},"excerpt":{"rendered":"<p>Das Mathews Bridge-Lock Fixed 5-Pin Visier mit 0.19 Zoll Faseroptik ist ein fest eingestelltes Compound-Visier f\u00fcr die Jagd und 3D-Bogenschiessen. Es ist in einer Rechtshand- und Linkshand-Ausf\u00fchrung erh\u00e4ltlich und wurde in den USA gefertigt.<\/p>","protected":false},"featured_media":452880,"comment_status":"open","ping_status":"closed","template":"","meta":[],"product_brand":[427],"product_cat":[4263],"product_tag":[],"class_list":{"0":"post-408488","1":"product","2":"type-product","3":"status-publish","4":"has-post-thumbnail","6":"product_brand-mathews","7":"product_cat-jagd-und-3d-visiere","8":"product_shipping_class-bsd-standard","10":"first","11":"instock","12":"shipping-taxable","13":"purchasable","14":"product-type-variable"},"yoast_head":"<!-- This site is optimized with the Yoast SEO plugin v27.4 - https:\/\/yoast.com\/product\/yoast-seo-wordpress\/ -->\n<title>MATHEWS BRIDGE-LOCK FIXED 5-PIN 0,19 - Bogensportdiscount \u2013 Arcs, fl\u00e8ches, cibles et accessoires<\/title>\n<meta name=\"description\" content=\"Achetez le MATHEWS BRIDGE-LOCK FIXED 5-PIN 0,19 \u00e0 prix avantageux chez Bogensportdiscount \u2013 Les meilleures marques, livraison rapide depuis la Suisse.\" \/>\n<meta name=\"robots\" content=\"index, follow, max-snippet:-1, max-image-preview:large, max-video-preview:-1\" \/>\n<link rel=\"canonical\" href=\"https:\/\/bogensportdiscount.ch\/fr\/produit\/mathews-bridge-lock-compound-visier-fixed-5-pin-019\/\" \/>\n<meta property=\"og:locale\" content=\"fr_FR\" \/>\n<meta property=\"og:type\" content=\"article\" \/>\n<meta property=\"og:title\" content=\"MATHEWS BRIDGE-LOCK FIXED 5-PIN 0,19 - Bogensportdiscount \u2013 Arcs, fl\u00e8ches, cibles et accessoires\" \/>\n<meta property=\"og:description\" content=\"Achetez le MATHEWS BRIDGE-LOCK FIXED 5-PIN 0,19 \u00e0 prix avantageux chez Bogensportdiscount \u2013 Les meilleures marques, livraison rapide depuis la Suisse.\" \/>\n<meta property=\"og:url\" content=\"https:\/\/bogensportdiscount.ch\/fr\/produit\/mathews-bridge-lock-compound-visier-fixed-5-pin-019\/\" \/>\n<meta property=\"og:site_name\" content=\"Bogensportdiscount \u2013 B\u00f6gen, Pfeile, Targets &amp; Zubeh\u00f6r\" \/>\n<meta property=\"article:modified_time\" content=\"2026-04-23T10:05:08+00:00\" \/>\n<meta property=\"og:image\" content=\"https:\/\/bogensportdiscount.ch\/wp-content\/uploads\/bsm-images\/a059062_1.jpg\" \/>\n\t<meta property=\"og:image:width\" content=\"400\" \/>\n\t<meta property=\"og:image:height\" content=\"220\" \/>\n\t<meta property=\"og:image:type\" content=\"image\/jpeg\" \/>\n<meta name=\"twitter:card\" content=\"summary_large_image\" \/>\n<script type=\"application\/ld+json\" class=\"yoast-schema-graph\">{\"@context\":\"https:\\\/\\\/schema.org\",\"@graph\":[{\"@type\":\"WebPage\",\"@id\":\"https:\\\/\\\/bogensportdiscount.ch\\\/produkt\\\/mathews-bridge-lock-compound-visier-fixed-5-pin-019\\\/\",\"url\":\"https:\\\/\\\/bogensportdiscount.ch\\\/produkt\\\/mathews-bridge-lock-compound-visier-fixed-5-pin-019\\\/\",\"name\":\"MATHEWS BRIDGE-LOCK FIXED 5-PIN 0.19 - Bogensportdiscount \u2013 B\u00f6gen, Pfeile, Targets &amp; Zubeh\u00f6r\",\"isPartOf\":{\"@id\":\"https:\\\/\\\/bogensportdiscount.ch\\\/#website\"},\"primaryImageOfPage\":{\"@id\":\"https:\\\/\\\/bogensportdiscount.ch\\\/produkt\\\/mathews-bridge-lock-compound-visier-fixed-5-pin-019\\\/#primaryimage\"},\"image\":{\"@id\":\"https:\\\/\\\/bogensportdiscount.ch\\\/produkt\\\/mathews-bridge-lock-compound-visier-fixed-5-pin-019\\\/#primaryimage\"},\"thumbnailUrl\":\"https:\\\/\\\/bogensportdiscount.ch\\\/wp-content\\\/uploads\\\/bsm-images\\\/a059062_1.jpg\",\"datePublished\":\"2026-04-05T12:58:21+00:00\",\"dateModified\":\"2026-04-23T10:05:08+00:00\",\"description\":\"MATHEWS BRIDGE-LOCK FIXED 5-PIN 0.19 g\u00fcnstig kaufen bei Bogensportdiscount \u2013 Top-Marken, schneller Versand aus der Schweiz.\",\"breadcrumb\":{\"@id\":\"https:\\\/\\\/bogensportdiscount.ch\\\/produkt\\\/mathews-bridge-lock-compound-visier-fixed-5-pin-019\\\/#breadcrumb\"},\"inLanguage\":\"fr-FR\",\"potentialAction\":[{\"@type\":\"ReadAction\",\"target\":[\"https:\\\/\\\/bogensportdiscount.ch\\\/produkt\\\/mathews-bridge-lock-compound-visier-fixed-5-pin-019\\\/\"]}]},{\"@type\":\"ImageObject\",\"inLanguage\":\"fr-FR\",\"@id\":\"https:\\\/\\\/bogensportdiscount.ch\\\/produkt\\\/mathews-bridge-lock-compound-visier-fixed-5-pin-019\\\/#primaryimage\",\"url\":\"https:\\\/\\\/bogensportdiscount.ch\\\/wp-content\\\/uploads\\\/bsm-images\\\/a059062_1.jpg\",\"contentUrl\":\"https:\\\/\\\/bogensportdiscount.ch\\\/wp-content\\\/uploads\\\/bsm-images\\\/a059062_1.jpg\",\"width\":400,\"height\":220},{\"@type\":\"BreadcrumbList\",\"@id\":\"https:\\\/\\\/bogensportdiscount.ch\\\/produkt\\\/mathews-bridge-lock-compound-visier-fixed-5-pin-019\\\/#breadcrumb\",\"itemListElement\":[{\"@type\":\"ListItem\",\"position\":1,\"name\":\"Home\",\"item\":\"https:\\\/\\\/bogensportdiscount.ch\\\/\"},{\"@type\":\"ListItem\",\"position\":2,\"name\":\"Shop\",\"item\":\"https:\\\/\\\/bogensportdiscount.ch\\\/shop\\\/\"},{\"@type\":\"ListItem\",\"position\":3,\"name\":\"MATHEWS BRIDGE-LOCK FIXED 5-PIN 0.19\"}]},{\"@type\":\"WebSite\",\"@id\":\"https:\\\/\\\/bogensportdiscount.ch\\\/#website\",\"url\":\"https:\\\/\\\/bogensportdiscount.ch\\\/\",\"name\":\"Bogensportdiscount\",\"description\":\"\",\"potentialAction\":[{\"@type\":\"SearchAction\",\"target\":{\"@type\":\"EntryPoint\",\"urlTemplate\":\"https:\\\/\\\/bogensportdiscount.ch\\\/?s={search_term_string}\"},\"query-input\":{\"@type\":\"PropertyValueSpecification\",\"valueRequired\":true,\"valueName\":\"search_term_string\"}}],\"inLanguage\":\"fr-FR\"}]}<\/script>\n<!-- \/ Yoast SEO plugin. -->","yoast_head_json":{"title":"MATHEWS BRIDGE-LOCK FIXED 5-PIN 0,19 - Bogensportdiscount \u2013 Arcs, fl\u00e8ches, cibles et accessoires","description":"Achetez le MATHEWS BRIDGE-LOCK FIXED 5-PIN 0,19 \u00e0 prix avantageux chez Bogensportdiscount \u2013 Les meilleures marques, livraison rapide depuis la Suisse.","robots":{"index":"index","follow":"follow","max-snippet":"max-snippet:-1","max-image-preview":"max-image-preview:large","max-video-preview":"max-video-preview:-1"},"canonical":"https:\/\/bogensportdiscount.ch\/fr\/produit\/mathews-bridge-lock-compound-visier-fixed-5-pin-019\/","og_locale":"fr_FR","og_type":"article","og_title":"MATHEWS BRIDGE-LOCK FIXED 5-PIN 0,19 - Bogensportdiscount \u2013 Arcs, fl\u00e8ches, cibles et accessoires","og_description":"Achetez le MATHEWS BRIDGE-LOCK FIXED 5-PIN 0,19 \u00e0 prix avantageux chez Bogensportdiscount \u2013 Les meilleures marques, livraison rapide depuis la Suisse.","og_url":"https:\/\/bogensportdiscount.ch\/fr\/produit\/mathews-bridge-lock-compound-visier-fixed-5-pin-019\/","og_site_name":"Bogensportdiscount \u2013 B\u00f6gen, Pfeile, Targets &amp; Zubeh\u00f6r","article_modified_time":"2026-04-23T10:05:08+00:00","og_image":[{"width":400,"height":220,"url":"https:\/\/bogensportdiscount.ch\/wp-content\/uploads\/bsm-images\/a059062_1.jpg","type":"image\/jpeg"}],"twitter_card":"summary_large_image","schema":{"@context":"https:\/\/schema.org","@graph":[{"@type":"WebPage","@id":"https:\/\/bogensportdiscount.ch\/produkt\/mathews-bridge-lock-compound-visier-fixed-5-pin-019\/","url":"https:\/\/bogensportdiscount.ch\/produkt\/mathews-bridge-lock-compound-visier-fixed-5-pin-019\/","name":"MATHEWS BRIDGE-LOCK FIXED 5-PIN 0,19 - Bogensportdiscount \u2013 Arcs, fl\u00e8ches, cibles et accessoires","isPartOf":{"@id":"https:\/\/bogensportdiscount.ch\/#website"},"primaryImageOfPage":{"@id":"https:\/\/bogensportdiscount.ch\/produkt\/mathews-bridge-lock-compound-visier-fixed-5-pin-019\/#primaryimage"},"image":{"@id":"https:\/\/bogensportdiscount.ch\/produkt\/mathews-bridge-lock-compound-visier-fixed-5-pin-019\/#primaryimage"},"thumbnailUrl":"https:\/\/bogensportdiscount.ch\/wp-content\/uploads\/bsm-images\/a059062_1.jpg","datePublished":"2026-04-05T12:58:21+00:00","dateModified":"2026-04-23T10:05:08+00:00","description":"Achetez le MATHEWS BRIDGE-LOCK FIXED 5-PIN 0,19 \u00e0 prix avantageux chez Bogensportdiscount \u2013 Les meilleures marques, livraison rapide depuis la Suisse.","breadcrumb":{"@id":"https:\/\/bogensportdiscount.ch\/produkt\/mathews-bridge-lock-compound-visier-fixed-5-pin-019\/#breadcrumb"},"inLanguage":"fr-FR","potentialAction":[{"@type":"ReadAction","target":["https:\/\/bogensportdiscount.ch\/produkt\/mathews-bridge-lock-compound-visier-fixed-5-pin-019\/"]}]},{"@type":"ImageObject","inLanguage":"fr-FR","@id":"https:\/\/bogensportdiscount.ch\/produkt\/mathews-bridge-lock-compound-visier-fixed-5-pin-019\/#primaryimage","url":"https:\/\/bogensportdiscount.ch\/wp-content\/uploads\/bsm-images\/a059062_1.jpg","contentUrl":"https:\/\/bogensportdiscount.ch\/wp-content\/uploads\/bsm-images\/a059062_1.jpg","width":400,"height":220},{"@type":"BreadcrumbList","@id":"https:\/\/bogensportdiscount.ch\/produkt\/mathews-bridge-lock-compound-visier-fixed-5-pin-019\/#breadcrumb","itemListElement":[{"@type":"ListItem","position":1,"name":"Home","item":"https:\/\/bogensportdiscount.ch\/"},{"@type":"ListItem","position":2,"name":"Shop","item":"https:\/\/bogensportdiscount.ch\/shop\/"},{"@type":"ListItem","position":3,"name":"MATHEWS BRIDGE-LOCK FIXED 5-PIN 0.19"}]},{"@type":"WebSite","@id":"https:\/\/bogensportdiscount.ch\/#website","url":"https:\/\/bogensportdiscount.ch\/","name":"Bogensportdiscount","description":"","potentialAction":[{"@type":"SearchAction","target":{"@type":"EntryPoint","urlTemplate":"https:\/\/bogensportdiscount.ch\/?s={search_term_string}"},"query-input":{"@type":"PropertyValueSpecification","valueRequired":true,"valueName":"search_term_string"}}],"inLanguage":"fr-FR"}]}},"_links":{"self":[{"href":"https:\/\/bogensportdiscount.ch\/fr\/wp-json\/wp\/v2\/product\/408488","targetHints":{"allow":["GET"]}}],"collection":[{"href":"https:\/\/bogensportdiscount.ch\/fr\/wp-json\/wp\/v2\/product"}],"about":[{"href":"https:\/\/bogensportdiscount.ch\/fr\/wp-json\/wp\/v2\/types\/product"}],"replies":[{"embeddable":true,"href":"https:\/\/bogensportdiscount.ch\/fr\/wp-json\/wp\/v2\/comments?post=408488"}],"wp:featuredmedia":[{"embeddable":true,"href":"https:\/\/bogensportdiscount.ch\/fr\/wp-json\/wp\/v2\/media\/452880"}],"wp:attachment":[{"href":"https:\/\/bogensportdiscount.ch\/fr\/wp-json\/wp\/v2\/media?parent=408488"}],"wp:term":[{"taxonomy":"product_brand","embeddable":true,"href":"https:\/\/bogensportdiscount.ch\/fr\/wp-json\/wp\/v2\/product_brand?post=408488"},{"taxonomy":"product_cat","embeddable":true,"href":"https:\/\/bogensportdiscount.ch\/fr\/wp-json\/wp\/v2\/product_cat?post=408488"},{"taxonomy":"product_tag","embeddable":true,"href":"https:\/\/bogensportdiscount.ch\/fr\/wp-json\/wp\/v2\/product_tag?post=408488"}],"curies":[{"name":"wp","href":"https:\/\/api.w.org\/{rel}","templated":true}]}}