{"id":408449,"date":"2026-04-05T14:58:18","date_gmt":"2026-04-05T12:58:18","guid":{"rendered":"https:\/\/bogensportdiscount.ch\/produkt\/bow-quivers-lowpro-detachable-rh-black\/"},"modified":"2026-04-17T13:47:28","modified_gmt":"2026-04-17T11:47:28","slug":"mathews-bogenkoecher-lowpro-detachable","status":"publish","type":"product","link":"https:\/\/bogensportdiscount.ch\/fr\/produit\/mathews-bogenkoecher-lowpro-detachable\/","title":{"rendered":"MATHEWS BOW QUIVERS LOWPRO D\u00c9TACHABLE"},"content":{"rendered":"<p>Der Mathews LowPro Detachable ist ein am Bogen montierter K\u00f6cher, der sich schnell und einfach abnehmen l\u00e4sst. Das Detachable-System erm\u00f6glicht ein unkompliziertes Befestigen und L\u00f6sen, ohne Werkzeug.<\/p>\n<p>Der K\u00f6cher ist f\u00fcr Links- und Rechtshand-Sch\u00fctzen erh\u00e4ltlich und wird in verschiedenen Farbvarianten angeboten, darunter klassisches Schwarz, Gr\u00fcn sowie Tarnmuster wie Kuiu Verde, Optifade und Subalpine.<\/p>\n<ul>\n<li>Abnehmbares Befestigungssystem (Detachable)<\/li>\n<li>Geeignet f\u00fcr Links- und Rechtshand<\/li>\n<li>Mehrere Farboptionen inklusive Tarnmuster<\/li>\n<li>Fabriqu\u00e9 aux \u00c9tats-Unis<\/li>\n<\/ul>","protected":false},"excerpt":{"rendered":"<p>Der Mathews LowPro Detachable ist ein abnehmbarer Bogenk\u00f6cher, erh\u00e4ltlich f\u00fcr Links- und Rechtshand sowie in mehreren Farben: Black, Green, Kuiu Verde, Optifade und Subalpine.<\/p>","protected":false},"featured_media":451317,"comment_status":"open","ping_status":"closed","template":"","meta":[],"product_brand":[427],"product_cat":[4163],"product_tag":[],"class_list":{"0":"post-408449","1":"product","2":"type-product","3":"status-publish","4":"has-post-thumbnail","6":"product_brand-mathews","7":"product_cat-anbaukoecher","9":"first","10":"instock","11":"shipping-taxable","12":"purchasable","13":"product-type-variable"},"_links":{"self":[{"href":"https:\/\/bogensportdiscount.ch\/fr\/wp-json\/wp\/v2\/product\/408449","targetHints":{"allow":["GET"]}}],"collection":[{"href":"https:\/\/bogensportdiscount.ch\/fr\/wp-json\/wp\/v2\/product"}],"about":[{"href":"https:\/\/bogensportdiscount.ch\/fr\/wp-json\/wp\/v2\/types\/product"}],"replies":[{"embeddable":true,"href":"https:\/\/bogensportdiscount.ch\/fr\/wp-json\/wp\/v2\/comments?post=408449"}],"wp:featuredmedia":[{"embeddable":true,"href":"https:\/\/bogensportdiscount.ch\/fr\/wp-json\/wp\/v2\/media\/451317"}],"wp:attachment":[{"href":"https:\/\/bogensportdiscount.ch\/fr\/wp-json\/wp\/v2\/media?parent=408449"}],"wp:term":[{"taxonomy":"product_brand","embeddable":true,"href":"https:\/\/bogensportdiscount.ch\/fr\/wp-json\/wp\/v2\/product_brand?post=408449"},{"taxonomy":"product_cat","embeddable":true,"href":"https:\/\/bogensportdiscount.ch\/fr\/wp-json\/wp\/v2\/product_cat?post=408449"},{"taxonomy":"product_tag","embeddable":true,"href":"https:\/\/bogensportdiscount.ch\/fr\/wp-json\/wp\/v2\/product_tag?post=408449"}],"curies":[{"name":"wp","href":"https:\/\/api.w.org\/{rel}","templated":true}]}}