{"id":408382,"date":"2026-04-05T14:58:10","date_gmt":"2026-04-05T12:58:10","guid":{"rendered":"https:\/\/bogensportdiscount.ch\/produkt\/limbs-t-d-hunting-bows-mohican-recurve-30lbs\/"},"modified":"2026-05-14T15:26:31","modified_gmt":"2026-05-14T13:26:31","slug":"bearpaw-wurfarme-td-jagdbogen-mohican-recurve","status":"publish","type":"product","link":"https:\/\/bogensportdiscount.ch\/fr\/produit\/bearpaw-wurfarme-td-jagdbogen-mohican-recurve\/","title":{"rendered":"BEARPAW BRANCHES T\/D ARCS DE CHASSE MOHICAN RECURVE"},"content":{"rendered":"<p>Les branches de arc classique BEARPAW Mohican sont des branches de remplacement et de mise \u00e0 niveau pour l'arc de chasse d\u00e9montable Mohican de BEARPAW. Le syst\u00e8me d\u00e9montable permet un montage simple et un remplacement facile des branches, sans outil.<\/p>\n<p>Les branches sont disponibles en six puissances \u2013 de 30 \u00e0 55 LBS par pas de 5 LBS \u2013 et conviennent ainsi \u00e0 diff\u00e9rentes exigences lors de la chasse ou de l'entra\u00eenement. La combinaison du design classique en arc classique et du syst\u00e8me d\u00e9montable pratique rend l'arc facilement transportable.<\/p>\n<ul>\n<li>Compatible avec la poign\u00e9e d\u00e9montable BEARPAW Mohican<\/li>\n<li>Poids de tir : 30, 35, 40, 45, 50 et 55 LBS<\/li>\n<li>Adapt\u00e9 \u00e0 la chasse et au tir \u00e0 l'arc traditionnel<\/li>\n<li>Construction d\u00e9montable pour un transport et un remplacement faciles<\/li>\n<\/ul>","protected":false},"excerpt":{"rendered":"<p>Les branches BEARPAW pour l'arc classique d\u00e9montable Mohican sont sp\u00e9cialement con\u00e7ues pour la chasse. Elles sont disponibles en diff\u00e9rentes puissances de 30 \u00e0 55 LBS et se montent facilement sur la poign\u00e9e.<\/p>","protected":false},"featured_media":451285,"comment_status":"open","ping_status":"closed","template":"","meta":[],"product_brand":[442],"product_cat":[4529],"product_tag":[],"class_list":{"0":"post-408382","1":"product","2":"type-product","3":"status-publish","4":"has-post-thumbnail","6":"product_brand-bearpaw","7":"product_cat-traditionelle-boegen-wurfarme","8":"product_shipping_class-bsd-standard","10":"first","11":"instock","12":"shipping-taxable","13":"purchasable","14":"product-type-variable"},"yoast_head":"<!-- This site is optimized with the Yoast SEO plugin v27.6 - https:\/\/yoast.com\/product\/yoast-seo-wordpress\/ -->\n<title>BEARPAW WURFARME T\/D ARCS DE CHASSE MOHICAN RECURVE - Bogensportdiscount \u2013 Arcs, fl\u00e8ches, cibles et accessoires<\/title>\n<meta name=\"description\" content=\"Achetez les arcs de chasse BEARPAW WURFARME T\/D MOHICAN RECURVE \u00e0 prix avantageux chez Bogensportdiscount \u2013 Grandes marques, livraison rapide depuis la Suisse.\" \/>\n<meta name=\"robots\" content=\"index, follow, max-snippet:-1, max-image-preview:large, max-video-preview:-1\" \/>\n<link rel=\"canonical\" href=\"https:\/\/bogensportdiscount.ch\/fr\/produit\/bearpaw-wurfarme-td-jagdbogen-mohican-recurve\/\" \/>\n<meta property=\"og:locale\" content=\"fr_FR\" \/>\n<meta property=\"og:type\" content=\"article\" \/>\n<meta property=\"og:title\" content=\"BEARPAW WURFARME T\/D ARCS DE CHASSE MOHICAN RECURVE - Bogensportdiscount \u2013 Arcs, fl\u00e8ches, cibles et accessoires\" \/>\n<meta property=\"og:description\" content=\"Achetez les arcs de chasse BEARPAW WURFARME T\/D MOHICAN RECURVE \u00e0 prix avantageux chez Bogensportdiscount \u2013 Grandes marques, livraison rapide depuis la Suisse.\" \/>\n<meta property=\"og:url\" content=\"https:\/\/bogensportdiscount.ch\/fr\/produit\/bearpaw-wurfarme-td-jagdbogen-mohican-recurve\/\" \/>\n<meta property=\"og:site_name\" content=\"Bogensportdiscount \u2013 B\u00f6gen, Pfeile, Targets &amp; Zubeh\u00f6r\" \/>\n<meta property=\"article:modified_time\" content=\"2026-05-14T13:26:31+00:00\" \/>\n<meta property=\"og:image\" content=\"https:\/\/bogensportdiscount.ch\/wp-content\/uploads\/bsm-images\/A064086_1.jpg\" \/>\n\t<meta property=\"og:image:width\" content=\"1000\" \/>\n\t<meta property=\"og:image:height\" content=\"1000\" \/>\n\t<meta property=\"og:image:type\" content=\"image\/jpeg\" \/>\n<meta name=\"twitter:card\" content=\"summary_large_image\" \/>\n<script type=\"application\/ld+json\" class=\"yoast-schema-graph\">{\"@context\":\"https:\\\/\\\/schema.org\",\"@graph\":[{\"@type\":\"WebPage\",\"@id\":\"https:\\\/\\\/bogensportdiscount.ch\\\/produkt\\\/bearpaw-wurfarme-td-jagdbogen-mohican-recurve\\\/\",\"url\":\"https:\\\/\\\/bogensportdiscount.ch\\\/produkt\\\/bearpaw-wurfarme-td-jagdbogen-mohican-recurve\\\/\",\"name\":\"BEARPAW WURFARME T\\\/D JAGDB\u00d6GEN MOHICAN RECURVE - Bogensportdiscount \u2013 B\u00f6gen, Pfeile, Targets &amp; Zubeh\u00f6r\",\"isPartOf\":{\"@id\":\"https:\\\/\\\/bogensportdiscount.ch\\\/#website\"},\"primaryImageOfPage\":{\"@id\":\"https:\\\/\\\/bogensportdiscount.ch\\\/produkt\\\/bearpaw-wurfarme-td-jagdbogen-mohican-recurve\\\/#primaryimage\"},\"image\":{\"@id\":\"https:\\\/\\\/bogensportdiscount.ch\\\/produkt\\\/bearpaw-wurfarme-td-jagdbogen-mohican-recurve\\\/#primaryimage\"},\"thumbnailUrl\":\"https:\\\/\\\/bogensportdiscount.ch\\\/wp-content\\\/uploads\\\/bsm-images\\\/A064086_1.jpg\",\"datePublished\":\"2026-04-05T12:58:10+00:00\",\"dateModified\":\"2026-05-14T13:26:31+00:00\",\"description\":\"BEARPAW WURFARME T\\\/D JAGDB\u00d6GEN MOHICAN RECURVE g\u00fcnstig kaufen bei Bogensportdiscount \u2013 Top-Marken, schneller Versand aus der Schweiz.\",\"breadcrumb\":{\"@id\":\"https:\\\/\\\/bogensportdiscount.ch\\\/produkt\\\/bearpaw-wurfarme-td-jagdbogen-mohican-recurve\\\/#breadcrumb\"},\"inLanguage\":\"fr-FR\",\"potentialAction\":[{\"@type\":\"ReadAction\",\"target\":[\"https:\\\/\\\/bogensportdiscount.ch\\\/produkt\\\/bearpaw-wurfarme-td-jagdbogen-mohican-recurve\\\/\"]}]},{\"@type\":\"ImageObject\",\"inLanguage\":\"fr-FR\",\"@id\":\"https:\\\/\\\/bogensportdiscount.ch\\\/produkt\\\/bearpaw-wurfarme-td-jagdbogen-mohican-recurve\\\/#primaryimage\",\"url\":\"https:\\\/\\\/bogensportdiscount.ch\\\/wp-content\\\/uploads\\\/bsm-images\\\/A064086_1.jpg\",\"contentUrl\":\"https:\\\/\\\/bogensportdiscount.ch\\\/wp-content\\\/uploads\\\/bsm-images\\\/A064086_1.jpg\",\"width\":1000,\"height\":1000},{\"@type\":\"BreadcrumbList\",\"@id\":\"https:\\\/\\\/bogensportdiscount.ch\\\/produkt\\\/bearpaw-wurfarme-td-jagdbogen-mohican-recurve\\\/#breadcrumb\",\"itemListElement\":[{\"@type\":\"ListItem\",\"position\":1,\"name\":\"Home\",\"item\":\"https:\\\/\\\/bogensportdiscount.ch\\\/\"},{\"@type\":\"ListItem\",\"position\":2,\"name\":\"Shop\",\"item\":\"https:\\\/\\\/bogensportdiscount.ch\\\/shop\\\/\"},{\"@type\":\"ListItem\",\"position\":3,\"name\":\"BEARPAW WURFARME T\\\/D JAGDBOEGEN MOHICAN RECURVE\"}]},{\"@type\":\"WebSite\",\"@id\":\"https:\\\/\\\/bogensportdiscount.ch\\\/#website\",\"url\":\"https:\\\/\\\/bogensportdiscount.ch\\\/\",\"name\":\"Bogensportdiscount\",\"description\":\"\",\"potentialAction\":[{\"@type\":\"SearchAction\",\"target\":{\"@type\":\"EntryPoint\",\"urlTemplate\":\"https:\\\/\\\/bogensportdiscount.ch\\\/?s={search_term_string}\"},\"query-input\":{\"@type\":\"PropertyValueSpecification\",\"valueRequired\":true,\"valueName\":\"search_term_string\"}}],\"inLanguage\":\"fr-FR\"}]}<\/script>\n<!-- \/ Yoast SEO plugin. -->","yoast_head_json":{"title":"BEARPAW WURFARME T\/D ARCS DE CHASSE MOHICAN RECURVE - Bogensportdiscount \u2013 Arcs, fl\u00e8ches, cibles et accessoires","description":"Achetez les arcs de chasse BEARPAW WURFARME T\/D MOHICAN RECURVE \u00e0 prix avantageux chez Bogensportdiscount \u2013 Grandes marques, livraison rapide depuis la Suisse.","robots":{"index":"index","follow":"follow","max-snippet":"max-snippet:-1","max-image-preview":"max-image-preview:large","max-video-preview":"max-video-preview:-1"},"canonical":"https:\/\/bogensportdiscount.ch\/fr\/produit\/bearpaw-wurfarme-td-jagdbogen-mohican-recurve\/","og_locale":"fr_FR","og_type":"article","og_title":"BEARPAW WURFARME T\/D ARCS DE CHASSE MOHICAN RECURVE - Bogensportdiscount \u2013 Arcs, fl\u00e8ches, cibles et accessoires","og_description":"Achetez les arcs de chasse BEARPAW WURFARME T\/D MOHICAN RECURVE \u00e0 prix avantageux chez Bogensportdiscount \u2013 Grandes marques, livraison rapide depuis la Suisse.","og_url":"https:\/\/bogensportdiscount.ch\/fr\/produit\/bearpaw-wurfarme-td-jagdbogen-mohican-recurve\/","og_site_name":"Bogensportdiscount \u2013 B\u00f6gen, Pfeile, Targets &amp; Zubeh\u00f6r","article_modified_time":"2026-05-14T13:26:31+00:00","og_image":[{"width":1000,"height":1000,"url":"https:\/\/bogensportdiscount.ch\/wp-content\/uploads\/bsm-images\/A064086_1.jpg","type":"image\/jpeg"}],"twitter_card":"summary_large_image","schema":{"@context":"https:\/\/schema.org","@graph":[{"@type":"WebPage","@id":"https:\/\/bogensportdiscount.ch\/produkt\/bearpaw-wurfarme-td-jagdbogen-mohican-recurve\/","url":"https:\/\/bogensportdiscount.ch\/produkt\/bearpaw-wurfarme-td-jagdbogen-mohican-recurve\/","name":"BEARPAW WURFARME T\/D ARCS DE CHASSE MOHICAN RECURVE - Bogensportdiscount \u2013 Arcs, fl\u00e8ches, cibles et accessoires","isPartOf":{"@id":"https:\/\/bogensportdiscount.ch\/#website"},"primaryImageOfPage":{"@id":"https:\/\/bogensportdiscount.ch\/produkt\/bearpaw-wurfarme-td-jagdbogen-mohican-recurve\/#primaryimage"},"image":{"@id":"https:\/\/bogensportdiscount.ch\/produkt\/bearpaw-wurfarme-td-jagdbogen-mohican-recurve\/#primaryimage"},"thumbnailUrl":"https:\/\/bogensportdiscount.ch\/wp-content\/uploads\/bsm-images\/A064086_1.jpg","datePublished":"2026-04-05T12:58:10+00:00","dateModified":"2026-05-14T13:26:31+00:00","description":"Achetez les arcs de chasse BEARPAW WURFARME T\/D MOHICAN RECURVE \u00e0 prix avantageux chez Bogensportdiscount \u2013 Grandes marques, livraison rapide depuis la Suisse.","breadcrumb":{"@id":"https:\/\/bogensportdiscount.ch\/produkt\/bearpaw-wurfarme-td-jagdbogen-mohican-recurve\/#breadcrumb"},"inLanguage":"fr-FR","potentialAction":[{"@type":"ReadAction","target":["https:\/\/bogensportdiscount.ch\/produkt\/bearpaw-wurfarme-td-jagdbogen-mohican-recurve\/"]}]},{"@type":"ImageObject","inLanguage":"fr-FR","@id":"https:\/\/bogensportdiscount.ch\/produkt\/bearpaw-wurfarme-td-jagdbogen-mohican-recurve\/#primaryimage","url":"https:\/\/bogensportdiscount.ch\/wp-content\/uploads\/bsm-images\/A064086_1.jpg","contentUrl":"https:\/\/bogensportdiscount.ch\/wp-content\/uploads\/bsm-images\/A064086_1.jpg","width":1000,"height":1000},{"@type":"BreadcrumbList","@id":"https:\/\/bogensportdiscount.ch\/produkt\/bearpaw-wurfarme-td-jagdbogen-mohican-recurve\/#breadcrumb","itemListElement":[{"@type":"ListItem","position":1,"name":"Home","item":"https:\/\/bogensportdiscount.ch\/"},{"@type":"ListItem","position":2,"name":"Shop","item":"https:\/\/bogensportdiscount.ch\/shop\/"},{"@type":"ListItem","position":3,"name":"BEARPAW WURFARME T\/D JAGDBOEGEN MOHICAN RECURVE"}]},{"@type":"WebSite","@id":"https:\/\/bogensportdiscount.ch\/#website","url":"https:\/\/bogensportdiscount.ch\/","name":"Bogensportdiscount","description":"","potentialAction":[{"@type":"SearchAction","target":{"@type":"EntryPoint","urlTemplate":"https:\/\/bogensportdiscount.ch\/?s={search_term_string}"},"query-input":{"@type":"PropertyValueSpecification","valueRequired":true,"valueName":"search_term_string"}}],"inLanguage":"fr-FR"}]}},"_links":{"self":[{"href":"https:\/\/bogensportdiscount.ch\/fr\/wp-json\/wp\/v2\/product\/408382","targetHints":{"allow":["GET"]}}],"collection":[{"href":"https:\/\/bogensportdiscount.ch\/fr\/wp-json\/wp\/v2\/product"}],"about":[{"href":"https:\/\/bogensportdiscount.ch\/fr\/wp-json\/wp\/v2\/types\/product"}],"replies":[{"embeddable":true,"href":"https:\/\/bogensportdiscount.ch\/fr\/wp-json\/wp\/v2\/comments?post=408382"}],"wp:featuredmedia":[{"embeddable":true,"href":"https:\/\/bogensportdiscount.ch\/fr\/wp-json\/wp\/v2\/media\/451285"}],"wp:attachment":[{"href":"https:\/\/bogensportdiscount.ch\/fr\/wp-json\/wp\/v2\/media?parent=408382"}],"wp:term":[{"taxonomy":"product_brand","embeddable":true,"href":"https:\/\/bogensportdiscount.ch\/fr\/wp-json\/wp\/v2\/product_brand?post=408382"},{"taxonomy":"product_cat","embeddable":true,"href":"https:\/\/bogensportdiscount.ch\/fr\/wp-json\/wp\/v2\/product_cat?post=408382"},{"taxonomy":"product_tag","embeddable":true,"href":"https:\/\/bogensportdiscount.ch\/fr\/wp-json\/wp\/v2\/product_tag?post=408382"}],"curies":[{"name":"wp","href":"https:\/\/api.w.org\/{rel}","templated":true}]}}