{"id":408344,"date":"2026-04-05T14:58:06","date_gmt":"2026-04-05T12:58:06","guid":{"rendered":"https:\/\/bogensportdiscount.ch\/produkt\/nock-collars-id5-2-alu-7075-skylon-for-quantic-micro-carbon-250-12-pk\/"},"modified":"2026-04-17T13:47:26","modified_gmt":"2026-04-17T11:47:26","slug":"skylon-nockenring-id5-2-alu-7075","status":"publish","type":"product","link":"https:\/\/bogensportdiscount.ch\/fr\/produit\/skylon-nockenring-id5-2-alu-7075\/","title":{"rendered":"NOCK COLLARS ID5.2 ALU-7075 SKYLON pour 12\/pk"},"content":{"rendered":"<p>Die SKYLON Nockenringe ID5.2 aus Aluminium 7075 sind Pfeilkomponenten zur sicheren Aufnahme des Nocken-Einsatzes am Pfeilschaft. Der Innendurchmesser von 5.2 mm passt zu kompatiblen SKYLON-Sch\u00e4ften mit entsprechendem Aussendurchmesser.<\/p>\n<p>Dank der Fertigung aus hochfestem Alu-7075 bieten die Collars eine gute Stabilit\u00e4t bei geringem Gewicht. Sie sind in zahlreichen Spine-Gr\u00f6ssen (200, 250, 300, 350, 400, 500, 600, 700) erh\u00e4ltlich, sodass sie zu einer breiten Palette von Schaftst\u00e4rken passen.<\/p>\n<ul>\n<li>Material: Aluminium 7075<\/li>\n<li>Innendurchmesser: 5.2 mm<\/li>\n<li>Erh\u00e4ltlich in Spine 200 bis 700<\/li>\n<li>Kompatibel mit passenden SKYLON-Pfeilsch\u00e4ften<\/li>\n<\/ul>","protected":false},"excerpt":{"rendered":"<p>Nockenringe von SKYLON aus Aluminium 7075 mit einem Innendurchmesser von 5.2 mm. Erh\u00e4ltlich in verschiedenen Spine-St\u00e4rken (200\u2013700) f\u00fcr unterschiedliche Schaftdurchmesser.<\/p>","protected":false},"featured_media":439345,"comment_status":"open","ping_status":"closed","template":"","meta":[],"product_brand":[457],"product_cat":[4551],"product_tag":[],"class_list":{"0":"post-408344","1":"product","2":"type-product","3":"status-publish","4":"has-post-thumbnail","6":"product_brand-skylon","7":"product_cat-collars","9":"first","10":"instock","11":"shipping-taxable","12":"purchasable","13":"product-type-variable"},"_links":{"self":[{"href":"https:\/\/bogensportdiscount.ch\/fr\/wp-json\/wp\/v2\/product\/408344","targetHints":{"allow":["GET"]}}],"collection":[{"href":"https:\/\/bogensportdiscount.ch\/fr\/wp-json\/wp\/v2\/product"}],"about":[{"href":"https:\/\/bogensportdiscount.ch\/fr\/wp-json\/wp\/v2\/types\/product"}],"replies":[{"embeddable":true,"href":"https:\/\/bogensportdiscount.ch\/fr\/wp-json\/wp\/v2\/comments?post=408344"}],"wp:featuredmedia":[{"embeddable":true,"href":"https:\/\/bogensportdiscount.ch\/fr\/wp-json\/wp\/v2\/media\/439345"}],"wp:attachment":[{"href":"https:\/\/bogensportdiscount.ch\/fr\/wp-json\/wp\/v2\/media?parent=408344"}],"wp:term":[{"taxonomy":"product_brand","embeddable":true,"href":"https:\/\/bogensportdiscount.ch\/fr\/wp-json\/wp\/v2\/product_brand?post=408344"},{"taxonomy":"product_cat","embeddable":true,"href":"https:\/\/bogensportdiscount.ch\/fr\/wp-json\/wp\/v2\/product_cat?post=408344"},{"taxonomy":"product_tag","embeddable":true,"href":"https:\/\/bogensportdiscount.ch\/fr\/wp-json\/wp\/v2\/product_tag?post=408344"}],"curies":[{"name":"wp","href":"https:\/\/api.w.org\/{rel}","templated":true}]}}