{"id":408304,"date":"2026-04-05T14:58:01","date_gmt":"2026-04-05T12:58:01","guid":{"rendered":"https:\/\/bogensportdiscount.ch\/produkt\/shooting-gloves-bow-hand-protection-full-leather-rh-bow-left-archers-hand-brown-xs\/"},"modified":"2026-05-14T15:26:31","modified_gmt":"2026-05-14T13:26:31","slug":"bucktrail-schiesshandschuh-bow-hand-protection-full-leather","status":"publish","type":"product","link":"https:\/\/bogensportdiscount.ch\/fr\/produit\/bucktrail-schiesshandschuh-bow-hand-protection-full-leather\/","title":{"rendered":"BUCKTRAIL GANTS DE TIR PROTECTION MAIN D'ARC CUIR PLEINE FLEUR"},"content":{"rendered":"<p>Le BUCKTRAIL Bow Hand Protection est un gant de tir en cuir pleine fleur, sp\u00e9cialement con\u00e7u pour prot\u00e9ger la main de l'arc lors du tir \u00e0 l'arc. La qualit\u00e9 du cuir garantit durabilit\u00e9 et une prise en main agr\u00e9able, m\u00eame lors d'une utilisation prolong\u00e9e.<\/p>\n<p>Le gant est disponible aussi bien pour les gauchers que pour les droitiers et est propos\u00e9 en cinq tailles (XS, S, M, L, XL) afin d'assurer un bon ajustement pour diff\u00e9rentes tailles de main.<\/p>\n<ul>\n<li>Construction en cuir pleine fleur pour protection et durabilit\u00e9<\/li>\n<li>Adapt\u00e9 aux droitiers et gauchers<\/li>\n<li>Disponible en XS, S, M, L et XL<\/li>\n<li>Protection des doigts pour la pratique du tir \u00e0 l'arc<\/li>\n<\/ul>","protected":false},"excerpt":{"rendered":"<table>\n<tr>\n<th>Propri\u00e9t\u00e9<\/th>\n<th>Valeur<\/th>\n<\/tr>\n<tr>\n<td>Marque<\/td>\n<td>Buck Trail<\/td>\n<\/tr>\n<tr>\n<td>Pays d'origine<\/td>\n<td>Pakistan<\/td>\n<\/tr>\n<\/table>","protected":false},"featured_media":451269,"comment_status":"open","ping_status":"closed","template":"","meta":[],"product_brand":[432],"product_cat":[4447],"product_tag":[],"class_list":{"0":"post-408304","1":"product","2":"type-product","3":"status-publish","4":"has-post-thumbnail","6":"product_brand-bucktrail","7":"product_cat-schiesshandschuh","8":"product_shipping_class-bsd-standard","10":"first","11":"instock","12":"shipping-taxable","13":"purchasable","14":"product-type-variable"},"yoast_head":"<!-- This site is optimized with the Yoast SEO plugin v27.6 - https:\/\/yoast.com\/product\/yoast-seo-wordpress\/ -->\n<title>GANTS DE TIR BUCKTRAIL - PROTECTION DE LA MAIN POUR L&#x27;ARC EN CUIR PLEIN - Bogensportdiscount \u2013 Arcs, fl\u00e8ches, cibles et accessoires<\/title>\n<meta name=\"description\" content=\"Gants de tir BUCKTRAIL \u2013 Protection pour la main qui tient l&#x27;arc \u2013 100 % cuir : achetez-les \u00e0 prix avantageux chez Bogensportdiscount \u2013 Grandes marques, livraison rapide depuis la Suisse.\" \/>\n<meta name=\"robots\" content=\"index, follow, max-snippet:-1, max-image-preview:large, max-video-preview:-1\" \/>\n<link rel=\"canonical\" href=\"https:\/\/bogensportdiscount.ch\/fr\/produit\/bucktrail-schiesshandschuh-bow-hand-protection-full-leather\/\" \/>\n<meta property=\"og:locale\" content=\"fr_FR\" \/>\n<meta property=\"og:type\" content=\"article\" \/>\n<meta property=\"og:title\" content=\"GANTS DE TIR BUCKTRAIL - PROTECTION DE LA MAIN POUR L&#x27;ARC EN CUIR PLEIN - Bogensportdiscount \u2013 Arcs, fl\u00e8ches, cibles et accessoires\" \/>\n<meta property=\"og:description\" content=\"Gants de tir BUCKTRAIL \u2013 Protection pour la main qui tient l&#x27;arc \u2013 100 % cuir : achetez-les \u00e0 prix avantageux chez Bogensportdiscount \u2013 Grandes marques, livraison rapide depuis la Suisse.\" \/>\n<meta property=\"og:url\" content=\"https:\/\/bogensportdiscount.ch\/fr\/produit\/bucktrail-schiesshandschuh-bow-hand-protection-full-leather\/\" \/>\n<meta property=\"og:site_name\" content=\"Bogensportdiscount \u2013 B\u00f6gen, Pfeile, Targets &amp; Zubeh\u00f6r\" \/>\n<meta property=\"article:modified_time\" content=\"2026-05-14T13:26:31+00:00\" \/>\n<meta property=\"og:image\" content=\"https:\/\/bogensportdiscount.ch\/wp-content\/uploads\/bsm-images\/A057231_1.png\" \/>\n\t<meta property=\"og:image:width\" content=\"1890\" \/>\n\t<meta property=\"og:image:height\" content=\"3228\" \/>\n\t<meta property=\"og:image:type\" content=\"image\/png\" \/>\n<meta name=\"twitter:card\" content=\"summary_large_image\" \/>\n<meta name=\"twitter:label1\" content=\"Dur\u00e9e de lecture estim\u00e9e\" \/>\n\t<meta name=\"twitter:data1\" content=\"1 minute\" \/>\n<script type=\"application\/ld+json\" class=\"yoast-schema-graph\">{\"@context\":\"https:\\\/\\\/schema.org\",\"@graph\":[{\"@type\":\"WebPage\",\"@id\":\"https:\\\/\\\/bogensportdiscount.ch\\\/produkt\\\/bucktrail-schiesshandschuh-bow-hand-protection-full-leather\\\/\",\"url\":\"https:\\\/\\\/bogensportdiscount.ch\\\/produkt\\\/bucktrail-schiesshandschuh-bow-hand-protection-full-leather\\\/\",\"name\":\"BUCKTRAIL SCHIESSHANDSCHUHE BOGENHAND-SCHUTZ VOLLLEDER - Bogensportdiscount \u2013 B\u00f6gen, Pfeile, Targets &amp; Zubeh\u00f6r\",\"isPartOf\":{\"@id\":\"https:\\\/\\\/bogensportdiscount.ch\\\/#website\"},\"primaryImageOfPage\":{\"@id\":\"https:\\\/\\\/bogensportdiscount.ch\\\/produkt\\\/bucktrail-schiesshandschuh-bow-hand-protection-full-leather\\\/#primaryimage\"},\"image\":{\"@id\":\"https:\\\/\\\/bogensportdiscount.ch\\\/produkt\\\/bucktrail-schiesshandschuh-bow-hand-protection-full-leather\\\/#primaryimage\"},\"thumbnailUrl\":\"https:\\\/\\\/bogensportdiscount.ch\\\/wp-content\\\/uploads\\\/bsm-images\\\/A057231_1.png\",\"datePublished\":\"2026-04-05T12:58:01+00:00\",\"dateModified\":\"2026-05-14T13:26:31+00:00\",\"description\":\"BUCKTRAIL SCHIESSHANDSCHUHE BOGENHAND-SCHUTZ VOLLLEDER g\u00fcnstig kaufen bei Bogensportdiscount \u2013 Top-Marken, schneller Versand aus der Schweiz.\",\"breadcrumb\":{\"@id\":\"https:\\\/\\\/bogensportdiscount.ch\\\/produkt\\\/bucktrail-schiesshandschuh-bow-hand-protection-full-leather\\\/#breadcrumb\"},\"inLanguage\":\"fr-FR\",\"potentialAction\":[{\"@type\":\"ReadAction\",\"target\":[\"https:\\\/\\\/bogensportdiscount.ch\\\/produkt\\\/bucktrail-schiesshandschuh-bow-hand-protection-full-leather\\\/\"]}]},{\"@type\":\"ImageObject\",\"inLanguage\":\"fr-FR\",\"@id\":\"https:\\\/\\\/bogensportdiscount.ch\\\/produkt\\\/bucktrail-schiesshandschuh-bow-hand-protection-full-leather\\\/#primaryimage\",\"url\":\"https:\\\/\\\/bogensportdiscount.ch\\\/wp-content\\\/uploads\\\/bsm-images\\\/A057231_1.png\",\"contentUrl\":\"https:\\\/\\\/bogensportdiscount.ch\\\/wp-content\\\/uploads\\\/bsm-images\\\/A057231_1.png\",\"width\":1890,\"height\":3228},{\"@type\":\"BreadcrumbList\",\"@id\":\"https:\\\/\\\/bogensportdiscount.ch\\\/produkt\\\/bucktrail-schiesshandschuh-bow-hand-protection-full-leather\\\/#breadcrumb\",\"itemListElement\":[{\"@type\":\"ListItem\",\"position\":1,\"name\":\"Home\",\"item\":\"https:\\\/\\\/bogensportdiscount.ch\\\/\"},{\"@type\":\"ListItem\",\"position\":2,\"name\":\"Shop\",\"item\":\"https:\\\/\\\/bogensportdiscount.ch\\\/shop\\\/\"},{\"@type\":\"ListItem\",\"position\":3,\"name\":\"BUCKTRAIL SCHIESSHANDSCHUHE BOGENHAND-SCHUTZ VOLLLEDER\"}]},{\"@type\":\"WebSite\",\"@id\":\"https:\\\/\\\/bogensportdiscount.ch\\\/#website\",\"url\":\"https:\\\/\\\/bogensportdiscount.ch\\\/\",\"name\":\"Bogensportdiscount\",\"description\":\"\",\"potentialAction\":[{\"@type\":\"SearchAction\",\"target\":{\"@type\":\"EntryPoint\",\"urlTemplate\":\"https:\\\/\\\/bogensportdiscount.ch\\\/?s={search_term_string}\"},\"query-input\":{\"@type\":\"PropertyValueSpecification\",\"valueRequired\":true,\"valueName\":\"search_term_string\"}}],\"inLanguage\":\"fr-FR\"}]}<\/script>\n<!-- \/ Yoast SEO plugin. -->","yoast_head_json":{"title":"GANTS DE TIR BUCKTRAIL - PROTECTION DE LA MAIN POUR L&#x27;ARC EN CUIR PLEIN - Bogensportdiscount \u2013 Arcs, fl\u00e8ches, cibles et accessoires","description":"Gants de tir BUCKTRAIL \u2013 Protection pour la main qui tient l&#x27;arc \u2013 100 % cuir : achetez-les \u00e0 prix avantageux chez Bogensportdiscount \u2013 Grandes marques, livraison rapide depuis la Suisse.","robots":{"index":"index","follow":"follow","max-snippet":"max-snippet:-1","max-image-preview":"max-image-preview:large","max-video-preview":"max-video-preview:-1"},"canonical":"https:\/\/bogensportdiscount.ch\/fr\/produit\/bucktrail-schiesshandschuh-bow-hand-protection-full-leather\/","og_locale":"fr_FR","og_type":"article","og_title":"GANTS DE TIR BUCKTRAIL - PROTECTION DE LA MAIN POUR L&#x27;ARC EN CUIR PLEIN - Bogensportdiscount \u2013 Arcs, fl\u00e8ches, cibles et accessoires","og_description":"Gants de tir BUCKTRAIL \u2013 Protection pour la main qui tient l&#x27;arc \u2013 100 % cuir : achetez-les \u00e0 prix avantageux chez Bogensportdiscount \u2013 Grandes marques, livraison rapide depuis la Suisse.","og_url":"https:\/\/bogensportdiscount.ch\/fr\/produit\/bucktrail-schiesshandschuh-bow-hand-protection-full-leather\/","og_site_name":"Bogensportdiscount \u2013 B\u00f6gen, Pfeile, Targets &amp; Zubeh\u00f6r","article_modified_time":"2026-05-14T13:26:31+00:00","og_image":[{"url":"https:\/\/bogensportdiscount.ch\/wp-content\/uploads\/bsm-images\/A057231_1.png","width":1890,"height":3228,"type":"image\/png"}],"twitter_card":"summary_large_image","twitter_misc":{"Dur\u00e9e de lecture estim\u00e9e":"1 minute"},"schema":{"@context":"https:\/\/schema.org","@graph":[{"@type":"WebPage","@id":"https:\/\/bogensportdiscount.ch\/produkt\/bucktrail-schiesshandschuh-bow-hand-protection-full-leather\/","url":"https:\/\/bogensportdiscount.ch\/produkt\/bucktrail-schiesshandschuh-bow-hand-protection-full-leather\/","name":"GANTS DE TIR BUCKTRAIL - PROTECTION DE LA MAIN POUR L&#x27;ARC EN CUIR PLEIN - Bogensportdiscount \u2013 Arcs, fl\u00e8ches, cibles et accessoires","isPartOf":{"@id":"https:\/\/bogensportdiscount.ch\/#website"},"primaryImageOfPage":{"@id":"https:\/\/bogensportdiscount.ch\/produkt\/bucktrail-schiesshandschuh-bow-hand-protection-full-leather\/#primaryimage"},"image":{"@id":"https:\/\/bogensportdiscount.ch\/produkt\/bucktrail-schiesshandschuh-bow-hand-protection-full-leather\/#primaryimage"},"thumbnailUrl":"https:\/\/bogensportdiscount.ch\/wp-content\/uploads\/bsm-images\/A057231_1.png","datePublished":"2026-04-05T12:58:01+00:00","dateModified":"2026-05-14T13:26:31+00:00","description":"Gants de tir BUCKTRAIL \u2013 Protection pour la main qui tient l&#x27;arc \u2013 100 % cuir : achetez-les \u00e0 prix avantageux chez Bogensportdiscount \u2013 Grandes marques, livraison rapide depuis la Suisse.","breadcrumb":{"@id":"https:\/\/bogensportdiscount.ch\/produkt\/bucktrail-schiesshandschuh-bow-hand-protection-full-leather\/#breadcrumb"},"inLanguage":"fr-FR","potentialAction":[{"@type":"ReadAction","target":["https:\/\/bogensportdiscount.ch\/produkt\/bucktrail-schiesshandschuh-bow-hand-protection-full-leather\/"]}]},{"@type":"ImageObject","inLanguage":"fr-FR","@id":"https:\/\/bogensportdiscount.ch\/produkt\/bucktrail-schiesshandschuh-bow-hand-protection-full-leather\/#primaryimage","url":"https:\/\/bogensportdiscount.ch\/wp-content\/uploads\/bsm-images\/A057231_1.png","contentUrl":"https:\/\/bogensportdiscount.ch\/wp-content\/uploads\/bsm-images\/A057231_1.png","width":1890,"height":3228},{"@type":"BreadcrumbList","@id":"https:\/\/bogensportdiscount.ch\/produkt\/bucktrail-schiesshandschuh-bow-hand-protection-full-leather\/#breadcrumb","itemListElement":[{"@type":"ListItem","position":1,"name":"Home","item":"https:\/\/bogensportdiscount.ch\/"},{"@type":"ListItem","position":2,"name":"Shop","item":"https:\/\/bogensportdiscount.ch\/shop\/"},{"@type":"ListItem","position":3,"name":"BUCKTRAIL SCHIESSHANDSCHUHE BOGENHAND-SCHUTZ VOLLLEDER"}]},{"@type":"WebSite","@id":"https:\/\/bogensportdiscount.ch\/#website","url":"https:\/\/bogensportdiscount.ch\/","name":"Bogensportdiscount","description":"","potentialAction":[{"@type":"SearchAction","target":{"@type":"EntryPoint","urlTemplate":"https:\/\/bogensportdiscount.ch\/?s={search_term_string}"},"query-input":{"@type":"PropertyValueSpecification","valueRequired":true,"valueName":"search_term_string"}}],"inLanguage":"fr-FR"}]}},"_links":{"self":[{"href":"https:\/\/bogensportdiscount.ch\/fr\/wp-json\/wp\/v2\/product\/408304","targetHints":{"allow":["GET"]}}],"collection":[{"href":"https:\/\/bogensportdiscount.ch\/fr\/wp-json\/wp\/v2\/product"}],"about":[{"href":"https:\/\/bogensportdiscount.ch\/fr\/wp-json\/wp\/v2\/types\/product"}],"replies":[{"embeddable":true,"href":"https:\/\/bogensportdiscount.ch\/fr\/wp-json\/wp\/v2\/comments?post=408304"}],"wp:featuredmedia":[{"embeddable":true,"href":"https:\/\/bogensportdiscount.ch\/fr\/wp-json\/wp\/v2\/media\/451269"}],"wp:attachment":[{"href":"https:\/\/bogensportdiscount.ch\/fr\/wp-json\/wp\/v2\/media?parent=408304"}],"wp:term":[{"taxonomy":"product_brand","embeddable":true,"href":"https:\/\/bogensportdiscount.ch\/fr\/wp-json\/wp\/v2\/product_brand?post=408304"},{"taxonomy":"product_cat","embeddable":true,"href":"https:\/\/bogensportdiscount.ch\/fr\/wp-json\/wp\/v2\/product_cat?post=408304"},{"taxonomy":"product_tag","embeddable":true,"href":"https:\/\/bogensportdiscount.ch\/fr\/wp-json\/wp\/v2\/product_tag?post=408304"}],"curies":[{"name":"wp","href":"https:\/\/api.w.org\/{rel}","templated":true}]}}