{"id":408290,"date":"2026-04-05T14:57:59","date_gmt":"2026-04-05T12:57:59","guid":{"rendered":"https:\/\/bogensportdiscount.ch\/produkt\/quivers-for-traditional-back-t-bq-7-alligator-embossed-rh-turquoise\/"},"modified":"2026-05-14T15:26:31","modified_gmt":"2026-05-14T13:26:31","slug":"neet-rueckenkocher-t-bq-7-alligator-praegung","status":"publish","type":"product","link":"https:\/\/bogensportdiscount.ch\/fr\/produit\/neet-rueckenkocher-t-bq-7-alligator-praegung\/","title":{"rendered":"NEET CARQUOIS DE DOS POUR TRADITIONNEL T-BQ-7 IMPRIM\u00c9 ALLIGATOR"},"content":{"rendered":"<p>Le NEET T-BQ-7 est un carquois de dos sp\u00e9cialement con\u00e7u pour les archers traditionnels. L'embossage alligator sur le cuir conf\u00e8re au carquois un aspect caract\u00e9ristique et en fait un accessoire aussi fonctionnel qu'esth\u00e9tiquement attrayant.<\/p>\n<p>Le carquois est disponible aussi bien pour les gauchers que pour les droitiers et se porte confortablement dans le dos, comme il est d'usage dans le tir \u00e0 l'arc traditionnel. Il est disponible dans les couleurs Tan et Turquoise.<\/p>\n<ul>\n<li>Embossage alligator pour un aspect distinctif<\/li>\n<li>Convient aux droitiers et aux gauchers<\/li>\n<li>Disponible en Tan et Turquoise<\/li>\n<li>Sp\u00e9cialement con\u00e7u pour le tir \u00e0 l'arc traditionnel<\/li>\n<\/ul>","protected":false},"excerpt":{"rendered":"<p>Le NEET T-BQ-7 est un carquois de dos pour archers traditionnels avec un embossage alligator d\u00e9coratif. Disponible pour gauchers et droitiers ainsi qu'en couleurs Tan et Turquoise.<\/p>","protected":false},"featured_media":523622,"comment_status":"open","ping_status":"closed","template":"","meta":[],"product_brand":[786],"product_cat":[4149],"product_tag":[],"class_list":{"0":"post-408290","1":"product","2":"type-product","3":"status-publish","4":"has-post-thumbnail","6":"product_brand-neet","7":"product_cat-traditioneller-koecher","8":"product_shipping_class-bsd-standard","10":"first","11":"instock","12":"shipping-taxable","13":"purchasable","14":"product-type-variable"},"yoast_head":"<!-- This site is optimized with the Yoast SEO plugin v27.6 - https:\/\/yoast.com\/product\/yoast-seo-wordpress\/ -->\n<title>NEET R\u00dcCKENK\u00d6CHER F\u00dcR TRADITIONELL T-BQ-7 ALLIGATOR GEPR\u00c4GT - Bogensportdiscount \u2013 B\u00f6gen, Pfeile, Targets &amp; Zubeh\u00f6r<\/title>\n<meta name=\"description\" content=\"NEET R\u00dcCKENK\u00d6CHER F\u00dcR TRADITIONELL T-BQ-7 ALLIGATOR GEPR\u00c4GT g\u00fcnstig kaufen bei Bogensportdiscount \u2013 Top-Marken, schneller Versand aus der Schweiz.\" \/>\n<meta name=\"robots\" content=\"index, follow, max-snippet:-1, max-image-preview:large, max-video-preview:-1\" \/>\n<link rel=\"canonical\" href=\"https:\/\/bogensportdiscount.ch\/fr\/produit\/neet-rueckenkocher-t-bq-7-alligator-praegung\/\" \/>\n<meta property=\"og:locale\" content=\"fr_FR\" \/>\n<meta property=\"og:type\" content=\"article\" \/>\n<meta property=\"og:title\" content=\"NEET R\u00dcCKENK\u00d6CHER F\u00dcR TRADITIONELL T-BQ-7 ALLIGATOR GEPR\u00c4GT - Bogensportdiscount \u2013 B\u00f6gen, Pfeile, Targets &amp; Zubeh\u00f6r\" \/>\n<meta property=\"og:description\" content=\"NEET R\u00dcCKENK\u00d6CHER F\u00dcR TRADITIONELL T-BQ-7 ALLIGATOR GEPR\u00c4GT g\u00fcnstig kaufen bei Bogensportdiscount \u2013 Top-Marken, schneller Versand aus der Schweiz.\" \/>\n<meta property=\"og:url\" content=\"https:\/\/bogensportdiscount.ch\/fr\/produit\/neet-rueckenkocher-t-bq-7-alligator-praegung\/\" \/>\n<meta property=\"og:site_name\" content=\"Bogensportdiscount \u2013 B\u00f6gen, Pfeile, Targets &amp; Zubeh\u00f6r\" \/>\n<meta property=\"article:modified_time\" content=\"2026-05-14T13:26:31+00:00\" \/>\n<meta property=\"og:image\" content=\"https:\/\/bogensportdiscount.ch\/wp-content\/uploads\/bsm-images\/A057208_1.png\" \/>\n\t<meta property=\"og:image:width\" content=\"1860\" \/>\n\t<meta property=\"og:image:height\" content=\"4608\" \/>\n\t<meta property=\"og:image:type\" content=\"image\/png\" \/>\n<meta name=\"twitter:card\" content=\"summary_large_image\" \/>\n<meta name=\"twitter:label1\" content=\"Dur\u00e9e de lecture estim\u00e9e\" \/>\n\t<meta name=\"twitter:data1\" content=\"1 minute\" \/>\n<script type=\"application\/ld+json\" class=\"yoast-schema-graph\">{\"@context\":\"https:\\\/\\\/schema.org\",\"@graph\":[{\"@type\":\"WebPage\",\"@id\":\"https:\\\/\\\/bogensportdiscount.ch\\\/produkt\\\/neet-rueckenkocher-t-bq-7-alligator-praegung\\\/\",\"url\":\"https:\\\/\\\/bogensportdiscount.ch\\\/produkt\\\/neet-rueckenkocher-t-bq-7-alligator-praegung\\\/\",\"name\":\"NEET R\u00dcCKENK\u00d6CHER F\u00dcR TRADITIONELL T-BQ-7 ALLIGATOR GEPR\u00c4GT - Bogensportdiscount \u2013 B\u00f6gen, Pfeile, Targets &amp; Zubeh\u00f6r\",\"isPartOf\":{\"@id\":\"https:\\\/\\\/bogensportdiscount.ch\\\/#website\"},\"primaryImageOfPage\":{\"@id\":\"https:\\\/\\\/bogensportdiscount.ch\\\/produkt\\\/neet-rueckenkocher-t-bq-7-alligator-praegung\\\/#primaryimage\"},\"image\":{\"@id\":\"https:\\\/\\\/bogensportdiscount.ch\\\/produkt\\\/neet-rueckenkocher-t-bq-7-alligator-praegung\\\/#primaryimage\"},\"thumbnailUrl\":\"https:\\\/\\\/bogensportdiscount.ch\\\/wp-content\\\/uploads\\\/bsm-images\\\/A057208_1.png\",\"datePublished\":\"2026-04-05T12:57:59+00:00\",\"dateModified\":\"2026-05-14T13:26:31+00:00\",\"description\":\"NEET R\u00dcCKENK\u00d6CHER F\u00dcR TRADITIONELL T-BQ-7 ALLIGATOR GEPR\u00c4GT g\u00fcnstig kaufen bei Bogensportdiscount \u2013 Top-Marken, schneller Versand aus der Schweiz.\",\"breadcrumb\":{\"@id\":\"https:\\\/\\\/bogensportdiscount.ch\\\/produkt\\\/neet-rueckenkocher-t-bq-7-alligator-praegung\\\/#breadcrumb\"},\"inLanguage\":\"fr-FR\",\"potentialAction\":[{\"@type\":\"ReadAction\",\"target\":[\"https:\\\/\\\/bogensportdiscount.ch\\\/produkt\\\/neet-rueckenkocher-t-bq-7-alligator-praegung\\\/\"]}]},{\"@type\":\"ImageObject\",\"inLanguage\":\"fr-FR\",\"@id\":\"https:\\\/\\\/bogensportdiscount.ch\\\/produkt\\\/neet-rueckenkocher-t-bq-7-alligator-praegung\\\/#primaryimage\",\"url\":\"https:\\\/\\\/bogensportdiscount.ch\\\/wp-content\\\/uploads\\\/bsm-images\\\/A057208_1.png\",\"contentUrl\":\"https:\\\/\\\/bogensportdiscount.ch\\\/wp-content\\\/uploads\\\/bsm-images\\\/A057208_1.png\",\"width\":1860,\"height\":4608},{\"@type\":\"BreadcrumbList\",\"@id\":\"https:\\\/\\\/bogensportdiscount.ch\\\/produkt\\\/neet-rueckenkocher-t-bq-7-alligator-praegung\\\/#breadcrumb\",\"itemListElement\":[{\"@type\":\"ListItem\",\"position\":1,\"name\":\"Home\",\"item\":\"https:\\\/\\\/bogensportdiscount.ch\\\/\"},{\"@type\":\"ListItem\",\"position\":2,\"name\":\"Shop\",\"item\":\"https:\\\/\\\/bogensportdiscount.ch\\\/shop\\\/\"},{\"@type\":\"ListItem\",\"position\":3,\"name\":\"NEET KOECHER FUER TRADITIONELL RUECKEN T-BQ-7 ALLIGATOR GEPRAEGT\"}]},{\"@type\":\"WebSite\",\"@id\":\"https:\\\/\\\/bogensportdiscount.ch\\\/#website\",\"url\":\"https:\\\/\\\/bogensportdiscount.ch\\\/\",\"name\":\"Bogensportdiscount\",\"description\":\"\",\"potentialAction\":[{\"@type\":\"SearchAction\",\"target\":{\"@type\":\"EntryPoint\",\"urlTemplate\":\"https:\\\/\\\/bogensportdiscount.ch\\\/?s={search_term_string}\"},\"query-input\":{\"@type\":\"PropertyValueSpecification\",\"valueRequired\":true,\"valueName\":\"search_term_string\"}}],\"inLanguage\":\"fr-FR\"}]}<\/script>\n<!-- \/ Yoast SEO plugin. -->","yoast_head_json":{"title":"NEET R\u00dcCKENK\u00d6CHER F\u00dcR TRADITIONELL T-BQ-7 ALLIGATOR GEPR\u00c4GT - Bogensportdiscount \u2013 B\u00f6gen, Pfeile, Targets &amp; Zubeh\u00f6r","description":"NEET R\u00dcCKENK\u00d6CHER F\u00dcR TRADITIONELL T-BQ-7 ALLIGATOR GEPR\u00c4GT g\u00fcnstig kaufen bei Bogensportdiscount \u2013 Top-Marken, schneller Versand aus der Schweiz.","robots":{"index":"index","follow":"follow","max-snippet":"max-snippet:-1","max-image-preview":"max-image-preview:large","max-video-preview":"max-video-preview:-1"},"canonical":"https:\/\/bogensportdiscount.ch\/fr\/produit\/neet-rueckenkocher-t-bq-7-alligator-praegung\/","og_locale":"fr_FR","og_type":"article","og_title":"NEET R\u00dcCKENK\u00d6CHER F\u00dcR TRADITIONELL T-BQ-7 ALLIGATOR GEPR\u00c4GT - Bogensportdiscount \u2013 B\u00f6gen, Pfeile, Targets &amp; Zubeh\u00f6r","og_description":"NEET R\u00dcCKENK\u00d6CHER F\u00dcR TRADITIONELL T-BQ-7 ALLIGATOR GEPR\u00c4GT g\u00fcnstig kaufen bei Bogensportdiscount \u2013 Top-Marken, schneller Versand aus der Schweiz.","og_url":"https:\/\/bogensportdiscount.ch\/fr\/produit\/neet-rueckenkocher-t-bq-7-alligator-praegung\/","og_site_name":"Bogensportdiscount \u2013 B\u00f6gen, Pfeile, Targets &amp; Zubeh\u00f6r","article_modified_time":"2026-05-14T13:26:31+00:00","og_image":[{"url":"https:\/\/bogensportdiscount.ch\/wp-content\/uploads\/bsm-images\/A057208_1.png","width":1860,"height":4608,"type":"image\/png"}],"twitter_card":"summary_large_image","twitter_misc":{"Dur\u00e9e de lecture estim\u00e9e":"1 minute"},"schema":{"@context":"https:\/\/schema.org","@graph":[{"@type":"WebPage","@id":"https:\/\/bogensportdiscount.ch\/produkt\/neet-rueckenkocher-t-bq-7-alligator-praegung\/","url":"https:\/\/bogensportdiscount.ch\/produkt\/neet-rueckenkocher-t-bq-7-alligator-praegung\/","name":"NEET R\u00dcCKENK\u00d6CHER F\u00dcR TRADITIONELL T-BQ-7 ALLIGATOR GEPR\u00c4GT - Bogensportdiscount \u2013 B\u00f6gen, Pfeile, Targets &amp; Zubeh\u00f6r","isPartOf":{"@id":"https:\/\/bogensportdiscount.ch\/#website"},"primaryImageOfPage":{"@id":"https:\/\/bogensportdiscount.ch\/produkt\/neet-rueckenkocher-t-bq-7-alligator-praegung\/#primaryimage"},"image":{"@id":"https:\/\/bogensportdiscount.ch\/produkt\/neet-rueckenkocher-t-bq-7-alligator-praegung\/#primaryimage"},"thumbnailUrl":"https:\/\/bogensportdiscount.ch\/wp-content\/uploads\/bsm-images\/A057208_1.png","datePublished":"2026-04-05T12:57:59+00:00","dateModified":"2026-05-14T13:26:31+00:00","description":"NEET R\u00dcCKENK\u00d6CHER F\u00dcR TRADITIONELL T-BQ-7 ALLIGATOR GEPR\u00c4GT g\u00fcnstig kaufen bei Bogensportdiscount \u2013 Top-Marken, schneller Versand aus der Schweiz.","breadcrumb":{"@id":"https:\/\/bogensportdiscount.ch\/produkt\/neet-rueckenkocher-t-bq-7-alligator-praegung\/#breadcrumb"},"inLanguage":"fr-FR","potentialAction":[{"@type":"ReadAction","target":["https:\/\/bogensportdiscount.ch\/produkt\/neet-rueckenkocher-t-bq-7-alligator-praegung\/"]}]},{"@type":"ImageObject","inLanguage":"fr-FR","@id":"https:\/\/bogensportdiscount.ch\/produkt\/neet-rueckenkocher-t-bq-7-alligator-praegung\/#primaryimage","url":"https:\/\/bogensportdiscount.ch\/wp-content\/uploads\/bsm-images\/A057208_1.png","contentUrl":"https:\/\/bogensportdiscount.ch\/wp-content\/uploads\/bsm-images\/A057208_1.png","width":1860,"height":4608},{"@type":"BreadcrumbList","@id":"https:\/\/bogensportdiscount.ch\/produkt\/neet-rueckenkocher-t-bq-7-alligator-praegung\/#breadcrumb","itemListElement":[{"@type":"ListItem","position":1,"name":"Home","item":"https:\/\/bogensportdiscount.ch\/"},{"@type":"ListItem","position":2,"name":"Shop","item":"https:\/\/bogensportdiscount.ch\/shop\/"},{"@type":"ListItem","position":3,"name":"NEET KOECHER FUER TRADITIONELL RUECKEN T-BQ-7 ALLIGATOR GEPRAEGT"}]},{"@type":"WebSite","@id":"https:\/\/bogensportdiscount.ch\/#website","url":"https:\/\/bogensportdiscount.ch\/","name":"Bogensportdiscount","description":"","potentialAction":[{"@type":"SearchAction","target":{"@type":"EntryPoint","urlTemplate":"https:\/\/bogensportdiscount.ch\/?s={search_term_string}"},"query-input":{"@type":"PropertyValueSpecification","valueRequired":true,"valueName":"search_term_string"}}],"inLanguage":"fr-FR"}]}},"_links":{"self":[{"href":"https:\/\/bogensportdiscount.ch\/fr\/wp-json\/wp\/v2\/product\/408290","targetHints":{"allow":["GET"]}}],"collection":[{"href":"https:\/\/bogensportdiscount.ch\/fr\/wp-json\/wp\/v2\/product"}],"about":[{"href":"https:\/\/bogensportdiscount.ch\/fr\/wp-json\/wp\/v2\/types\/product"}],"replies":[{"embeddable":true,"href":"https:\/\/bogensportdiscount.ch\/fr\/wp-json\/wp\/v2\/comments?post=408290"}],"wp:featuredmedia":[{"embeddable":true,"href":"https:\/\/bogensportdiscount.ch\/fr\/wp-json\/wp\/v2\/media\/523622"}],"wp:attachment":[{"href":"https:\/\/bogensportdiscount.ch\/fr\/wp-json\/wp\/v2\/media?parent=408290"}],"wp:term":[{"taxonomy":"product_brand","embeddable":true,"href":"https:\/\/bogensportdiscount.ch\/fr\/wp-json\/wp\/v2\/product_brand?post=408290"},{"taxonomy":"product_cat","embeddable":true,"href":"https:\/\/bogensportdiscount.ch\/fr\/wp-json\/wp\/v2\/product_cat?post=408290"},{"taxonomy":"product_tag","embeddable":true,"href":"https:\/\/bogensportdiscount.ch\/fr\/wp-json\/wp\/v2\/product_tag?post=408290"}],"curies":[{"name":"wp","href":"https:\/\/api.w.org\/{rel}","templated":true}]}}