{"id":408202,"date":"2026-04-05T14:57:48","date_gmt":"2026-04-05T12:57:48","guid":{"rendered":"https:\/\/bogensportdiscount.ch\/produkt\/hunting-bows-black-talon-60-lh-25-lbs-fastflight-string-incl\/"},"modified":"2026-04-17T15:42:24","modified_gmt":"2026-04-17T13:42:24","slug":"bucktrailelite-jagdbogen-black-talon-60","status":"publish","type":"product","link":"https:\/\/bogensportdiscount.ch\/fr\/produit\/bucktrailelite-jagdbogen-black-talon-60\/","title":{"rendered":"BUCKTRAILELITE BLACK TALON ONE-PIECE RECURVE BOW"},"content":{"rendered":"<p>Der Black Talon von BUCKTRAILELITE ist ein einteiliger traditioneller Jagdbogen mit einer L\u00e4nge von 60 Zoll. Er eignet sich f\u00fcr Bogenj\u00e4ger und traditionelle Bogensch\u00fctzen, die einen zuverl\u00e4ssigen und handlichen Bogen f\u00fcr den Jagdeinsatz suchen.<\/p>\n<p>Der Bogen ist in einer breiten Auswahl an Zuggewichten von 25 bis 50 LBS erh\u00e4ltlich und l\u00e4sst sich so an unterschiedliche Schussst\u00e4rken und Einsatzbereiche anpassen. Sowohl Rechts- als auch Linksh\u00e4nder werden mit passenden Ausf\u00fchrungen bedient.<\/p>\n<ul>\n<li>Einteiliger traditioneller Jagdbogen<\/li>\n<li>Bogenl\u00e4nge: 60 Zoll<\/li>\n<li>Zuggewichte: 25, 30, 35, 40, 45 und 50 LBS<\/li>\n<li>Erh\u00e4ltlich f\u00fcr Rechts- und Linkshand<\/li>\n<\/ul>","protected":false},"excerpt":{"rendered":"<p><strong>Marque :<\/strong> Buck Trail Elite<\/p>","protected":false},"featured_media":439410,"comment_status":"open","ping_status":"closed","template":"","meta":[],"product_brand":[625],"product_cat":[4274],"product_tag":[],"class_list":{"0":"post-408202","1":"product","2":"type-product","3":"status-publish","4":"has-post-thumbnail","6":"product_brand-bucktrailelite","7":"product_cat-jagdboegen","9":"first","10":"instock","11":"shipping-taxable","12":"purchasable","13":"product-type-variable"},"_links":{"self":[{"href":"https:\/\/bogensportdiscount.ch\/fr\/wp-json\/wp\/v2\/product\/408202","targetHints":{"allow":["GET"]}}],"collection":[{"href":"https:\/\/bogensportdiscount.ch\/fr\/wp-json\/wp\/v2\/product"}],"about":[{"href":"https:\/\/bogensportdiscount.ch\/fr\/wp-json\/wp\/v2\/types\/product"}],"replies":[{"embeddable":true,"href":"https:\/\/bogensportdiscount.ch\/fr\/wp-json\/wp\/v2\/comments?post=408202"}],"wp:featuredmedia":[{"embeddable":true,"href":"https:\/\/bogensportdiscount.ch\/fr\/wp-json\/wp\/v2\/media\/439410"}],"wp:attachment":[{"href":"https:\/\/bogensportdiscount.ch\/fr\/wp-json\/wp\/v2\/media?parent=408202"}],"wp:term":[{"taxonomy":"product_brand","embeddable":true,"href":"https:\/\/bogensportdiscount.ch\/fr\/wp-json\/wp\/v2\/product_brand?post=408202"},{"taxonomy":"product_cat","embeddable":true,"href":"https:\/\/bogensportdiscount.ch\/fr\/wp-json\/wp\/v2\/product_cat?post=408202"},{"taxonomy":"product_tag","embeddable":true,"href":"https:\/\/bogensportdiscount.ch\/fr\/wp-json\/wp\/v2\/product_tag?post=408202"}],"curies":[{"name":"wp","href":"https:\/\/api.w.org\/{rel}","templated":true}]}}