{"id":408193,"date":"2026-04-05T14:57:47","date_gmt":"2026-04-05T12:57:47","guid":{"rendered":"https:\/\/bogensportdiscount.ch\/produkt\/x10-single-chestguard-black-medium\/"},"modified":"2026-04-17T13:47:24","modified_gmt":"2026-04-17T11:47:24","slug":"sanlida-brustschutz-x10-single-schwarz","status":"publish","type":"product","link":"https:\/\/bogensportdiscount.ch\/fr\/produit\/sanlida-brustschutz-x10-single-schwarz\/","title":{"rendered":"SANLIDA X10 SINGLE CHESTGUARD"},"content":{"rendered":"<p>Der SANLIDA X10 Single Brustschutz ist ein einseitiger Brustschutz f\u00fcr Bogensch\u00fctzen, der die Brust vor dem Aufprall der Bogensehne sch\u00fctzt und gleichzeitig die Kleidung vor Besch\u00e4digungen bewahrt. Die schwarze Ausf\u00fchrung ist unauff\u00e4llig und passt zu verschiedenen Schiessoutfits.<\/p>\n<p>Der Brustschutz eignet sich f\u00fcr Recurve- und Bogensch\u00fctzen, die eine zuverl\u00e4ssige Schutzl\u00f6sung suchen. Er ist in den Gr\u00f6ssen M und L erh\u00e4ltlich, um eine gute Passform f\u00fcr unterschiedliche K\u00f6rpergr\u00f6ssen zu gew\u00e4hrleisten.<\/p>\n<ul>\n<li>Einseitiger Brustschutz (Single)<\/li>\n<li>Sch\u00fctzt vor Sehnenkontakt und Kleidungssch\u00e4den<\/li>\n<li>Verf\u00fcgbar in Gr\u00f6sse M und L<\/li>\n<li>Dezente schwarze Farbgebung<\/li>\n<\/ul>","protected":false},"excerpt":{"rendered":"<p><strong>Marque :<\/strong> Sanlida<\/p>","protected":false},"featured_media":439414,"comment_status":"open","ping_status":"closed","template":"","meta":[],"product_brand":[459],"product_cat":[4180],"product_tag":[],"class_list":{"0":"post-408193","1":"product","2":"type-product","3":"status-publish","4":"has-post-thumbnail","6":"product_brand-sanlida","7":"product_cat-brustschutz","9":"first","10":"instock","11":"shipping-taxable","12":"purchasable","13":"product-type-variable"},"_links":{"self":[{"href":"https:\/\/bogensportdiscount.ch\/fr\/wp-json\/wp\/v2\/product\/408193","targetHints":{"allow":["GET"]}}],"collection":[{"href":"https:\/\/bogensportdiscount.ch\/fr\/wp-json\/wp\/v2\/product"}],"about":[{"href":"https:\/\/bogensportdiscount.ch\/fr\/wp-json\/wp\/v2\/types\/product"}],"replies":[{"embeddable":true,"href":"https:\/\/bogensportdiscount.ch\/fr\/wp-json\/wp\/v2\/comments?post=408193"}],"wp:featuredmedia":[{"embeddable":true,"href":"https:\/\/bogensportdiscount.ch\/fr\/wp-json\/wp\/v2\/media\/439414"}],"wp:attachment":[{"href":"https:\/\/bogensportdiscount.ch\/fr\/wp-json\/wp\/v2\/media?parent=408193"}],"wp:term":[{"taxonomy":"product_brand","embeddable":true,"href":"https:\/\/bogensportdiscount.ch\/fr\/wp-json\/wp\/v2\/product_brand?post=408193"},{"taxonomy":"product_cat","embeddable":true,"href":"https:\/\/bogensportdiscount.ch\/fr\/wp-json\/wp\/v2\/product_cat?post=408193"},{"taxonomy":"product_tag","embeddable":true,"href":"https:\/\/bogensportdiscount.ch\/fr\/wp-json\/wp\/v2\/product_tag?post=408193"}],"curies":[{"name":"wp","href":"https:\/\/api.w.org\/{rel}","templated":true}]}}