{"id":408098,"date":"2026-04-05T14:57:35","date_gmt":"2026-04-05T12:57:35","guid":{"rendered":"https:\/\/bogensportdiscount.ch\/produkt\/vanes-fusion-x-ii-sl-2-1-black-100-pk\/"},"modified":"2026-04-17T13:47:22","modified_gmt":"2026-04-17T11:47:22","slug":"q2archery-vanes-fusion-x-ii-sl-2-1","status":"publish","type":"product","link":"https:\/\/bogensportdiscount.ch\/fr\/produit\/q2archery-vanes-fusion-x-ii-sl-2-1\/","title":{"rendered":"Q2ARCHERY VANES FUSION X-II SL 2.1\u2033 100\/PK"},"content":{"rendered":"<p>Die Q2ARCHERY Fusion X-II SL Vanes sind hochwertige Kunststoffvanes in der Gr\u00f6sse 2.1&#8243;. Sie werden in sieben verschiedenen Farben angeboten: Schwarz, Blau, Gr\u00fcn, Orange, Rosa, Rot und Weiss. Diese Vanes eignen sich ideal f\u00fcr den Einsatz in verschiedenen Bogensport-Disziplinen.<\/p>\n<p>Die Fusion X-II SL Vanes zeichnen sich durch ihre bew\u00e4hrte Qualit\u00e4t aus und bieten Bogensch\u00fctzen eine zuverl\u00e4ssige Stabilisierung ihrer Pfeile. Ob f\u00fcr Trainings- oder Wettkampfzwecke \u2014 diese Vanes sind eine solide Wahl f\u00fcr diejenigen, die Wert auf Konsistenz und Leistung legen.<\/p>","protected":false},"excerpt":{"rendered":"<table>\n<tr>\n<th>Propri\u00e9t\u00e9<\/th>\n<th>Valeur<\/th>\n<\/tr>\n<tr>\n<td>Marque<\/td>\n<td>Q2 Archery<\/td>\n<\/tr>\n<tr>\n<td>Modell<\/td>\n<td>Fusion X-II SL<\/td>\n<\/tr>\n<tr>\n<td>Taille<\/td>\n<td>2.1&#8243;<\/td>\n<\/tr>\n<tr>\n<td>Herkunftsland<\/td>\n<td>USA<\/td>\n<\/tr>\n<tr>\n<td>Verf\u00fcgbare Farben<\/td>\n<td>Schwarz, Blau, Gr\u00fcn, Orange, Rosa, Rot, Weiss<\/td>\n<\/tr>\n<\/table>","protected":false},"featured_media":439439,"comment_status":"open","ping_status":"closed","template":"","meta":[],"product_brand":[1179],"product_cat":[4552],"product_tag":[],"class_list":{"0":"post-408098","1":"product","2":"type-product","3":"status-publish","4":"has-post-thumbnail","6":"product_brand-q2archery","7":"product_cat-plastik-vanes-vanes-nocks-wraps","9":"first","10":"instock","11":"shipping-taxable","12":"purchasable","13":"product-type-variable"},"_links":{"self":[{"href":"https:\/\/bogensportdiscount.ch\/fr\/wp-json\/wp\/v2\/product\/408098","targetHints":{"allow":["GET"]}}],"collection":[{"href":"https:\/\/bogensportdiscount.ch\/fr\/wp-json\/wp\/v2\/product"}],"about":[{"href":"https:\/\/bogensportdiscount.ch\/fr\/wp-json\/wp\/v2\/types\/product"}],"replies":[{"embeddable":true,"href":"https:\/\/bogensportdiscount.ch\/fr\/wp-json\/wp\/v2\/comments?post=408098"}],"wp:featuredmedia":[{"embeddable":true,"href":"https:\/\/bogensportdiscount.ch\/fr\/wp-json\/wp\/v2\/media\/439439"}],"wp:attachment":[{"href":"https:\/\/bogensportdiscount.ch\/fr\/wp-json\/wp\/v2\/media?parent=408098"}],"wp:term":[{"taxonomy":"product_brand","embeddable":true,"href":"https:\/\/bogensportdiscount.ch\/fr\/wp-json\/wp\/v2\/product_brand?post=408098"},{"taxonomy":"product_cat","embeddable":true,"href":"https:\/\/bogensportdiscount.ch\/fr\/wp-json\/wp\/v2\/product_cat?post=408098"},{"taxonomy":"product_tag","embeddable":true,"href":"https:\/\/bogensportdiscount.ch\/fr\/wp-json\/wp\/v2\/product_tag?post=408098"}],"curies":[{"name":"wp","href":"https:\/\/api.w.org\/{rel}","templated":true}]}}