{"id":408080,"date":"2026-04-05T14:57:33","date_gmt":"2026-04-05T12:57:33","guid":{"rendered":"https:\/\/bogensportdiscount.ch\/produkt\/vanes-zeon-fusion-x-ii-2-1-green-50-pk\/"},"modified":"2026-04-17T13:47:22","modified_gmt":"2026-04-17T11:47:22","slug":"q2archery-vanes-zeon-fusion-x-ii-2-1","status":"publish","type":"product","link":"https:\/\/bogensportdiscount.ch\/fr\/produit\/q2archery-vanes-zeon-fusion-x-ii-2-1\/","title":{"rendered":"Q2ARCHERY VANES FUSION ZEON X-II 2.1\u2033 50\/PK"},"content":{"rendered":"<p>Die Q2ARCHERY Zeon Fusion X-II 2.1&#8243; ist eine Kunststoffvane (Plastikbefiederung) aus dem Sortiment von Q2 Archery. Mit einer L\u00e4nge von 2.1 Zoll eignet sie sich f\u00fcr kompakte Pfeilkonfigurationen, wie sie im Compoundbogensport sowie im 3D- und Hallenbogensport eingesetzt werden.<\/p>\n<p>Die Zeon Fusion X-II ist in vier Farben erh\u00e4ltlich \u2013 Gr\u00fcn, Orange, Pink und Rot \u2013 und l\u00e4sst sich mit handels\u00fcblichen Vane-Klebern auf Pfeilsch\u00e4fte aufkleben. Die Herstellung erfolgt in den USA.<\/p>\n<ul>\n<li>L\u00e4nge: 2.1 Zoll<\/li>\n<li>Erh\u00e4ltlich in 4 Farben: Gr\u00fcn, Orange, Pink, Rot<\/li>\n<li>Fabriqu\u00e9 aux \u00c9tats-Unis<\/li>\n<li>Geeignet f\u00fcr Compound- und Recurvepfeile<\/li>\n<\/ul>","protected":false},"excerpt":{"rendered":"<p>Die Q2ARCHERY Zeon Fusion X-II ist eine Kunststoffvane in der Gr\u00f6sse 2.1 Zoll. Erh\u00e4ltlich in den Farben Gr\u00fcn, Orange, Pink und Rot \u2013 geeignet f\u00fcr verschiedene Pfeilkonfigurationen im Recurve- und Compoundsport.<\/p>","protected":false},"featured_media":444616,"comment_status":"open","ping_status":"closed","template":"","meta":[],"product_brand":[1179],"product_cat":[4552],"product_tag":[],"class_list":{"0":"post-408080","1":"product","2":"type-product","3":"status-publish","4":"has-post-thumbnail","6":"product_brand-q2archery","7":"product_cat-plastik-vanes-vanes-nocks-wraps","9":"first","10":"instock","11":"shipping-taxable","12":"purchasable","13":"product-type-variable"},"_links":{"self":[{"href":"https:\/\/bogensportdiscount.ch\/fr\/wp-json\/wp\/v2\/product\/408080","targetHints":{"allow":["GET"]}}],"collection":[{"href":"https:\/\/bogensportdiscount.ch\/fr\/wp-json\/wp\/v2\/product"}],"about":[{"href":"https:\/\/bogensportdiscount.ch\/fr\/wp-json\/wp\/v2\/types\/product"}],"replies":[{"embeddable":true,"href":"https:\/\/bogensportdiscount.ch\/fr\/wp-json\/wp\/v2\/comments?post=408080"}],"wp:featuredmedia":[{"embeddable":true,"href":"https:\/\/bogensportdiscount.ch\/fr\/wp-json\/wp\/v2\/media\/444616"}],"wp:attachment":[{"href":"https:\/\/bogensportdiscount.ch\/fr\/wp-json\/wp\/v2\/media?parent=408080"}],"wp:term":[{"taxonomy":"product_brand","embeddable":true,"href":"https:\/\/bogensportdiscount.ch\/fr\/wp-json\/wp\/v2\/product_brand?post=408080"},{"taxonomy":"product_cat","embeddable":true,"href":"https:\/\/bogensportdiscount.ch\/fr\/wp-json\/wp\/v2\/product_cat?post=408080"},{"taxonomy":"product_tag","embeddable":true,"href":"https:\/\/bogensportdiscount.ch\/fr\/wp-json\/wp\/v2\/product_tag?post=408080"}],"curies":[{"name":"wp","href":"https:\/\/api.w.org\/{rel}","templated":true}]}}