{"id":408068,"date":"2026-04-05T14:57:31","date_gmt":"2026-04-05T12:57:31","guid":{"rendered":"https:\/\/bogensportdiscount.ch\/produkt\/horse-bow-traditional-authentic-ktb-i-53-30-lbs-carbon-rh-lh-incl-string\/"},"modified":"2026-04-17T19:17:50","modified_gmt":"2026-04-17T17:17:50","slug":"freddie-reiterbogen-traditional-authentic-ktb-i-53","status":"publish","type":"product","link":"https:\/\/bogensportdiscount.ch\/fr\/produit\/freddie-reiterbogen-traditional-authentic-ktb-i-53\/","title":{"rendered":"FREDDIE ARCHERY AUTHENTIC KTB I"},"content":{"rendered":"<p>Der FREDDIE Authentic KTB I ist ein traditioneller Reiterbogen mit einer L\u00e4nge von 53 Zoll. Die kompakte Bauform macht ihn ideal f\u00fcr den Einsatz zu Pferd sowie f\u00fcr Bogensch\u00fctzen, die einen wendigen und handlichen Bogen bevorzugen.<\/p>\n<p>Mit einer Auswahl an Zuggewichten von 30 bis 55 LBS l\u00e4sst sich der KTB I an verschiedene Leistungsanforderungen und Erfahrungsstufen anpassen. Die traditionelle Bauweise ohne Hilfsmittel entspricht dem klassischen Bogensport.<\/p>\n<ul>\n<li>L\u00e4nge: 53 Zoll<\/li>\n<li>Zuggewichte: 30, 35, 40, 45, 50 oder 55 LBS<\/li>\n<li>Traditionelle Reiterbow-Bauform<\/li>\n<li>Kompakt und handlich f\u00fcr den mobilen Einsatz<\/li>\n<\/ul>","protected":false},"excerpt":{"rendered":"<p><strong>Marque :<\/strong> Freddie Archery<\/p>","protected":false},"featured_media":451227,"comment_status":"open","ping_status":"closed","template":"","meta":[],"product_brand":[803],"product_cat":[3463],"product_tag":[],"class_list":{"0":"post-408068","1":"product","2":"type-product","3":"status-publish","4":"has-post-thumbnail","6":"product_brand-freddie","7":"product_cat-reiterboegen","9":"first","10":"onbackorder","11":"shipping-taxable","12":"purchasable","13":"product-type-variable"},"_links":{"self":[{"href":"https:\/\/bogensportdiscount.ch\/fr\/wp-json\/wp\/v2\/product\/408068","targetHints":{"allow":["GET"]}}],"collection":[{"href":"https:\/\/bogensportdiscount.ch\/fr\/wp-json\/wp\/v2\/product"}],"about":[{"href":"https:\/\/bogensportdiscount.ch\/fr\/wp-json\/wp\/v2\/types\/product"}],"replies":[{"embeddable":true,"href":"https:\/\/bogensportdiscount.ch\/fr\/wp-json\/wp\/v2\/comments?post=408068"}],"wp:featuredmedia":[{"embeddable":true,"href":"https:\/\/bogensportdiscount.ch\/fr\/wp-json\/wp\/v2\/media\/451227"}],"wp:attachment":[{"href":"https:\/\/bogensportdiscount.ch\/fr\/wp-json\/wp\/v2\/media?parent=408068"}],"wp:term":[{"taxonomy":"product_brand","embeddable":true,"href":"https:\/\/bogensportdiscount.ch\/fr\/wp-json\/wp\/v2\/product_brand?post=408068"},{"taxonomy":"product_cat","embeddable":true,"href":"https:\/\/bogensportdiscount.ch\/fr\/wp-json\/wp\/v2\/product_cat?post=408068"},{"taxonomy":"product_tag","embeddable":true,"href":"https:\/\/bogensportdiscount.ch\/fr\/wp-json\/wp\/v2\/product_tag?post=408068"}],"curies":[{"name":"wp","href":"https:\/\/api.w.org\/{rel}","templated":true}]}}