{"id":408065,"date":"2026-04-05T14:57:31","date_gmt":"2026-04-05T12:57:31","guid":{"rendered":"https:\/\/bogensportdiscount.ch\/produkt\/dragon-x8-compound-pro-package-rotating-mod-10-70lbs-18-31-rh-black\/"},"modified":"2026-05-14T15:26:30","modified_gmt":"2026-05-14T13:26:30","slug":"sanlida-compound-set-dragon-x8-pro-rotating-mod-10-70lbs-rh","status":"publish","type":"product","link":"https:\/\/bogensportdiscount.ch\/fr\/produit\/sanlida-compound-set-dragon-x8-pro-rotating-mod-10-70lbs-rh\/","title":{"rendered":"SANLIDA DRAGON X8 kit arc \u00e0 poulies PRO ROTATING MOD \/ 10-70LBS \/ 18&#8243;-31&#8243; \/ RH \/"},"content":{"rendered":"<p>Le SANLIDA Dragon X8 Pro Package est un kit d'arc \u00e0 poulies con\u00e7u pour une large adaptabilit\u00e9. Gr\u00e2ce au syst\u00e8me Rotating Mod, la puissance (10\u201370 lbs) et l'allonge (18&#8243;\u201331&#8243;) peuvent \u00eatre r\u00e9gl\u00e9es de mani\u00e8re flexible, ce qui rend l'arc adapt\u00e9 \u00e0 diff\u00e9rents profils d'archers \u2013 du d\u00e9butant \u00e0 l'archer avanc\u00e9.<\/p>\n<p>En version droitier (RH), le Dragon X8 est disponible dans les versions Black et Camo. La livraison en tant que Pro Package comprend, en plus de l'arc, des accessoires suppl\u00e9mentaires pour une entr\u00e9e directe dans le sport de l'arc \u00e0 poulies.<\/p>\n<ul>\n<li>Large plage de r\u00e9glage : puissance 10\u201370 lbs<\/li>\n<li>Allonge 18&#8243;\u201331&#8243; pour diff\u00e9rentes morphologies<\/li>\n<li>Syst\u00e8me Rotating Mod pour une adaptation facile<\/li>\n<li>Disponible en noir et en Camo<\/li>\n<\/ul>","protected":false},"excerpt":{"rendered":"<table>\n<tr>\n<th>Propri\u00e9t\u00e9<\/th>\n<th>Valeur<\/th>\n<\/tr>\n<tr>\n<td>Marque<\/td>\n<td>Sanlida<\/td>\n<\/tr>\n<tr>\n<td>Mat\u00e9riau<\/td>\n<td>Aluminum<\/td>\n<\/tr>\n<tr>\n<td>Entre-axes (pouces)<\/td>\n<td>30<\/td>\n<\/tr>\n<tr>\n<td>Hauteur d'encoche (pouces)<\/td>\n<td>6,6<\/td>\n<\/tr>\n<tr>\n<td>Let-Off %<\/td>\n<td>70-80<\/td>\n<\/tr>\n<tr>\n<td>Module<\/td>\n<td>Rotating mod<\/td>\n<\/tr>\n<tr>\n<td>Pays d'origine<\/td>\n<td>Chine<\/td>\n<\/tr>\n<\/table>","protected":false},"featured_media":451225,"comment_status":"open","ping_status":"closed","template":"","meta":[],"product_brand":[459],"product_cat":[4525],"product_tag":[],"class_list":{"0":"post-408065","1":"product","2":"type-product","3":"status-publish","4":"has-post-thumbnail","6":"product_brand-sanlida","7":"product_cat-compound-boegen-sets","8":"product_shipping_class-bsd-standard","10":"first","11":"instock","12":"shipping-taxable","13":"purchasable","14":"product-type-variable"},"yoast_head":"<!-- This site is optimized with the Yoast SEO plugin v27.6 - https:\/\/yoast.com\/product\/yoast-seo-wordpress\/ -->\n<title>SANLIDA DRAGON X8 COMPOUNDBOGEN PRO PAKET ROTATING MOD \/ 10-70LBS \/ 18&quot;-31&quot; \/ RH \/ - Bogensportdiscount \u2013 B\u00f6gen, Pfeile, Targets &amp; Zubeh\u00f6r<\/title>\n<meta name=\"description\" content=\"SANLIDA DRAGON X8 COMPOUNDBOGEN PRO PAKET ROTATING MOD \/ 10-70LBS \/ 18&quot;-31&quot; \/ RH \/ g\u00fcnstig kaufen bei Bogensportdiscount \u2013 Top-Marken, schneller Versand aus der Schweiz.\" \/>\n<meta name=\"robots\" content=\"index, follow, max-snippet:-1, max-image-preview:large, max-video-preview:-1\" \/>\n<link rel=\"canonical\" href=\"https:\/\/bogensportdiscount.ch\/fr\/produit\/sanlida-compound-set-dragon-x8-pro-rotating-mod-10-70lbs-rh\/\" \/>\n<meta property=\"og:locale\" content=\"fr_FR\" \/>\n<meta property=\"og:type\" content=\"article\" \/>\n<meta property=\"og:title\" content=\"SANLIDA DRAGON X8 COMPOUNDBOGEN PRO PAKET ROTATING MOD \/ 10-70LBS \/ 18&quot;-31&quot; \/ RH \/ - Bogensportdiscount \u2013 B\u00f6gen, Pfeile, Targets &amp; Zubeh\u00f6r\" \/>\n<meta property=\"og:description\" content=\"SANLIDA DRAGON X8 COMPOUNDBOGEN PRO PAKET ROTATING MOD \/ 10-70LBS \/ 18&quot;-31&quot; \/ RH \/ g\u00fcnstig kaufen bei Bogensportdiscount \u2013 Top-Marken, schneller Versand aus der Schweiz.\" \/>\n<meta property=\"og:url\" content=\"https:\/\/bogensportdiscount.ch\/fr\/produit\/sanlida-compound-set-dragon-x8-pro-rotating-mod-10-70lbs-rh\/\" \/>\n<meta property=\"og:site_name\" content=\"Bogensportdiscount \u2013 B\u00f6gen, Pfeile, Targets &amp; Zubeh\u00f6r\" \/>\n<meta property=\"article:modified_time\" content=\"2026-05-14T13:26:30+00:00\" \/>\n<meta property=\"og:image\" content=\"https:\/\/bogensportdiscount.ch\/wp-content\/uploads\/bsm-images\/A056384_1.png\" \/>\n\t<meta property=\"og:image:width\" content=\"1321\" \/>\n\t<meta property=\"og:image:height\" content=\"2544\" \/>\n\t<meta property=\"og:image:type\" content=\"image\/png\" \/>\n<meta name=\"twitter:card\" content=\"summary_large_image\" \/>\n<meta name=\"twitter:label1\" content=\"Dur\u00e9e de lecture estim\u00e9e\" \/>\n\t<meta name=\"twitter:data1\" content=\"1 minute\" \/>\n<script type=\"application\/ld+json\" class=\"yoast-schema-graph\">{\"@context\":\"https:\\\/\\\/schema.org\",\"@graph\":[{\"@type\":\"WebPage\",\"@id\":\"https:\\\/\\\/bogensportdiscount.ch\\\/produkt\\\/sanlida-compound-set-dragon-x8-pro-rotating-mod-10-70lbs-rh\\\/\",\"url\":\"https:\\\/\\\/bogensportdiscount.ch\\\/produkt\\\/sanlida-compound-set-dragon-x8-pro-rotating-mod-10-70lbs-rh\\\/\",\"name\":\"SANLIDA DRAGON X8 COMPOUNDBOGEN PRO PAKET ROTATING MOD \\\/ 10-70LBS \\\/ 18\\\"-31\\\" \\\/ RH \\\/ - Bogensportdiscount \u2013 B\u00f6gen, Pfeile, Targets &amp; Zubeh\u00f6r\",\"isPartOf\":{\"@id\":\"https:\\\/\\\/bogensportdiscount.ch\\\/#website\"},\"primaryImageOfPage\":{\"@id\":\"https:\\\/\\\/bogensportdiscount.ch\\\/produkt\\\/sanlida-compound-set-dragon-x8-pro-rotating-mod-10-70lbs-rh\\\/#primaryimage\"},\"image\":{\"@id\":\"https:\\\/\\\/bogensportdiscount.ch\\\/produkt\\\/sanlida-compound-set-dragon-x8-pro-rotating-mod-10-70lbs-rh\\\/#primaryimage\"},\"thumbnailUrl\":\"https:\\\/\\\/bogensportdiscount.ch\\\/wp-content\\\/uploads\\\/bsm-images\\\/A056384_1.png\",\"datePublished\":\"2026-04-05T12:57:31+00:00\",\"dateModified\":\"2026-05-14T13:26:30+00:00\",\"description\":\"SANLIDA DRAGON X8 COMPOUNDBOGEN PRO PAKET ROTATING MOD \\\/ 10-70LBS \\\/ 18\\\"-31\\\" \\\/ RH \\\/ g\u00fcnstig kaufen bei Bogensportdiscount \u2013 Top-Marken, schneller Versand aus der Schweiz.\",\"breadcrumb\":{\"@id\":\"https:\\\/\\\/bogensportdiscount.ch\\\/produkt\\\/sanlida-compound-set-dragon-x8-pro-rotating-mod-10-70lbs-rh\\\/#breadcrumb\"},\"inLanguage\":\"fr-FR\",\"potentialAction\":[{\"@type\":\"ReadAction\",\"target\":[\"https:\\\/\\\/bogensportdiscount.ch\\\/produkt\\\/sanlida-compound-set-dragon-x8-pro-rotating-mod-10-70lbs-rh\\\/\"]}]},{\"@type\":\"ImageObject\",\"inLanguage\":\"fr-FR\",\"@id\":\"https:\\\/\\\/bogensportdiscount.ch\\\/produkt\\\/sanlida-compound-set-dragon-x8-pro-rotating-mod-10-70lbs-rh\\\/#primaryimage\",\"url\":\"https:\\\/\\\/bogensportdiscount.ch\\\/wp-content\\\/uploads\\\/bsm-images\\\/A056384_1.png\",\"contentUrl\":\"https:\\\/\\\/bogensportdiscount.ch\\\/wp-content\\\/uploads\\\/bsm-images\\\/A056384_1.png\",\"width\":1321,\"height\":2544},{\"@type\":\"BreadcrumbList\",\"@id\":\"https:\\\/\\\/bogensportdiscount.ch\\\/produkt\\\/sanlida-compound-set-dragon-x8-pro-rotating-mod-10-70lbs-rh\\\/#breadcrumb\",\"itemListElement\":[{\"@type\":\"ListItem\",\"position\":1,\"name\":\"Home\",\"item\":\"https:\\\/\\\/bogensportdiscount.ch\\\/\"},{\"@type\":\"ListItem\",\"position\":2,\"name\":\"Shop\",\"item\":\"https:\\\/\\\/bogensportdiscount.ch\\\/shop\\\/\"},{\"@type\":\"ListItem\",\"position\":3,\"name\":\"SANLIDA DRAGON X8 COMPOUND PRO PACKAGE ROTATING MOD \\\/ 10-70LBS \\\/ 18&#8243;-31&#8243; \\\/ RH \\\/\"}]},{\"@type\":\"WebSite\",\"@id\":\"https:\\\/\\\/bogensportdiscount.ch\\\/#website\",\"url\":\"https:\\\/\\\/bogensportdiscount.ch\\\/\",\"name\":\"Bogensportdiscount\",\"description\":\"\",\"potentialAction\":[{\"@type\":\"SearchAction\",\"target\":{\"@type\":\"EntryPoint\",\"urlTemplate\":\"https:\\\/\\\/bogensportdiscount.ch\\\/?s={search_term_string}\"},\"query-input\":{\"@type\":\"PropertyValueSpecification\",\"valueRequired\":true,\"valueName\":\"search_term_string\"}}],\"inLanguage\":\"fr-FR\"}]}<\/script>\n<!-- \/ Yoast SEO plugin. -->","yoast_head_json":{"title":"SANLIDA DRAGON X8 COMPOUNDBOGEN PRO PAKET ROTATING MOD \/ 10-70LBS \/ 18\"-31\" \/ RH \/ - Bogensportdiscount \u2013 B\u00f6gen, Pfeile, Targets &amp; Zubeh\u00f6r","description":"SANLIDA DRAGON X8 COMPOUNDBOGEN PRO PAKET ROTATING MOD \/ 10-70LBS \/ 18\"-31\" \/ RH \/ g\u00fcnstig kaufen bei Bogensportdiscount \u2013 Top-Marken, schneller Versand aus der Schweiz.","robots":{"index":"index","follow":"follow","max-snippet":"max-snippet:-1","max-image-preview":"max-image-preview:large","max-video-preview":"max-video-preview:-1"},"canonical":"https:\/\/bogensportdiscount.ch\/fr\/produit\/sanlida-compound-set-dragon-x8-pro-rotating-mod-10-70lbs-rh\/","og_locale":"fr_FR","og_type":"article","og_title":"SANLIDA DRAGON X8 COMPOUNDBOGEN PRO PAKET ROTATING MOD \/ 10-70LBS \/ 18\"-31\" \/ RH \/ - Bogensportdiscount \u2013 B\u00f6gen, Pfeile, Targets &amp; Zubeh\u00f6r","og_description":"SANLIDA DRAGON X8 COMPOUNDBOGEN PRO PAKET ROTATING MOD \/ 10-70LBS \/ 18\"-31\" \/ RH \/ g\u00fcnstig kaufen bei Bogensportdiscount \u2013 Top-Marken, schneller Versand aus der Schweiz.","og_url":"https:\/\/bogensportdiscount.ch\/fr\/produit\/sanlida-compound-set-dragon-x8-pro-rotating-mod-10-70lbs-rh\/","og_site_name":"Bogensportdiscount \u2013 B\u00f6gen, Pfeile, Targets &amp; Zubeh\u00f6r","article_modified_time":"2026-05-14T13:26:30+00:00","og_image":[{"width":1321,"height":2544,"url":"https:\/\/bogensportdiscount.ch\/wp-content\/uploads\/bsm-images\/A056384_1.png","type":"image\/png"}],"twitter_card":"summary_large_image","twitter_misc":{"Dur\u00e9e de lecture estim\u00e9e":"1 minute"},"schema":{"@context":"https:\/\/schema.org","@graph":[{"@type":"WebPage","@id":"https:\/\/bogensportdiscount.ch\/produkt\/sanlida-compound-set-dragon-x8-pro-rotating-mod-10-70lbs-rh\/","url":"https:\/\/bogensportdiscount.ch\/produkt\/sanlida-compound-set-dragon-x8-pro-rotating-mod-10-70lbs-rh\/","name":"SANLIDA DRAGON X8 COMPOUNDBOGEN PRO PAKET ROTATING MOD \/ 10-70LBS \/ 18\"-31\" \/ RH \/ - Bogensportdiscount \u2013 B\u00f6gen, Pfeile, Targets &amp; Zubeh\u00f6r","isPartOf":{"@id":"https:\/\/bogensportdiscount.ch\/#website"},"primaryImageOfPage":{"@id":"https:\/\/bogensportdiscount.ch\/produkt\/sanlida-compound-set-dragon-x8-pro-rotating-mod-10-70lbs-rh\/#primaryimage"},"image":{"@id":"https:\/\/bogensportdiscount.ch\/produkt\/sanlida-compound-set-dragon-x8-pro-rotating-mod-10-70lbs-rh\/#primaryimage"},"thumbnailUrl":"https:\/\/bogensportdiscount.ch\/wp-content\/uploads\/bsm-images\/A056384_1.png","datePublished":"2026-04-05T12:57:31+00:00","dateModified":"2026-05-14T13:26:30+00:00","description":"SANLIDA DRAGON X8 COMPOUNDBOGEN PRO PAKET ROTATING MOD \/ 10-70LBS \/ 18\"-31\" \/ RH \/ g\u00fcnstig kaufen bei Bogensportdiscount \u2013 Top-Marken, schneller Versand aus der Schweiz.","breadcrumb":{"@id":"https:\/\/bogensportdiscount.ch\/produkt\/sanlida-compound-set-dragon-x8-pro-rotating-mod-10-70lbs-rh\/#breadcrumb"},"inLanguage":"fr-FR","potentialAction":[{"@type":"ReadAction","target":["https:\/\/bogensportdiscount.ch\/produkt\/sanlida-compound-set-dragon-x8-pro-rotating-mod-10-70lbs-rh\/"]}]},{"@type":"ImageObject","inLanguage":"fr-FR","@id":"https:\/\/bogensportdiscount.ch\/produkt\/sanlida-compound-set-dragon-x8-pro-rotating-mod-10-70lbs-rh\/#primaryimage","url":"https:\/\/bogensportdiscount.ch\/wp-content\/uploads\/bsm-images\/A056384_1.png","contentUrl":"https:\/\/bogensportdiscount.ch\/wp-content\/uploads\/bsm-images\/A056384_1.png","width":1321,"height":2544},{"@type":"BreadcrumbList","@id":"https:\/\/bogensportdiscount.ch\/produkt\/sanlida-compound-set-dragon-x8-pro-rotating-mod-10-70lbs-rh\/#breadcrumb","itemListElement":[{"@type":"ListItem","position":1,"name":"Home","item":"https:\/\/bogensportdiscount.ch\/"},{"@type":"ListItem","position":2,"name":"Shop","item":"https:\/\/bogensportdiscount.ch\/shop\/"},{"@type":"ListItem","position":3,"name":"SANLIDA DRAGON X8 COMPOUND PRO PACKAGE ROTATING MOD \/ 10-70LBS \/ 18&#8243;-31&#8243; \/ RH \/"}]},{"@type":"WebSite","@id":"https:\/\/bogensportdiscount.ch\/#website","url":"https:\/\/bogensportdiscount.ch\/","name":"Bogensportdiscount","description":"","potentialAction":[{"@type":"SearchAction","target":{"@type":"EntryPoint","urlTemplate":"https:\/\/bogensportdiscount.ch\/?s={search_term_string}"},"query-input":{"@type":"PropertyValueSpecification","valueRequired":true,"valueName":"search_term_string"}}],"inLanguage":"fr-FR"}]}},"_links":{"self":[{"href":"https:\/\/bogensportdiscount.ch\/fr\/wp-json\/wp\/v2\/product\/408065","targetHints":{"allow":["GET"]}}],"collection":[{"href":"https:\/\/bogensportdiscount.ch\/fr\/wp-json\/wp\/v2\/product"}],"about":[{"href":"https:\/\/bogensportdiscount.ch\/fr\/wp-json\/wp\/v2\/types\/product"}],"replies":[{"embeddable":true,"href":"https:\/\/bogensportdiscount.ch\/fr\/wp-json\/wp\/v2\/comments?post=408065"}],"wp:featuredmedia":[{"embeddable":true,"href":"https:\/\/bogensportdiscount.ch\/fr\/wp-json\/wp\/v2\/media\/451225"}],"wp:attachment":[{"href":"https:\/\/bogensportdiscount.ch\/fr\/wp-json\/wp\/v2\/media?parent=408065"}],"wp:term":[{"taxonomy":"product_brand","embeddable":true,"href":"https:\/\/bogensportdiscount.ch\/fr\/wp-json\/wp\/v2\/product_brand?post=408065"},{"taxonomy":"product_cat","embeddable":true,"href":"https:\/\/bogensportdiscount.ch\/fr\/wp-json\/wp\/v2\/product_cat?post=408065"},{"taxonomy":"product_tag","embeddable":true,"href":"https:\/\/bogensportdiscount.ch\/fr\/wp-json\/wp\/v2\/product_tag?post=408065"}],"curies":[{"name":"wp","href":"https:\/\/api.w.org\/{rel}","templated":true}]}}