{"id":407947,"date":"2026-04-05T14:57:18","date_gmt":"2026-04-05T12:57:18","guid":{"rendered":"https:\/\/bogensportdiscount.ch\/produkt\/recurve-strings-dyneema-d97-52-14-black-with-bcy-62x-serving\/"},"modified":"2026-04-20T13:34:31","modified_gmt":"2026-04-20T11:34:31","slug":"oakridge-recurve-sehne-dyneema-d97","status":"publish","type":"product","link":"https:\/\/bogensportdiscount.ch\/fr\/produit\/oakridge-recurve-sehne-dyneema-d97\/","title":{"rendered":"OAKRIDGE Recurve-Sehne Dyneema D97"},"content":{"rendered":"<p>Die OAKRIDGE Recurve-Sehne Dyneema D97 ist eine hochwertige Bogensehne f\u00fcr Recurvebogen. Sie wird aus modernem Dyneema D97 Material gefertigt, das f\u00fcr seine Haltbarkeit und Zuverl\u00e4ssigkeit bekannt ist.<\/p>\n<p>Die Sehne ist in verschiedenen Durchmessern erh\u00e4ltlich (52\/14 bis 68\/14), um auf unterschiedliche Bogenl\u00e4ngen und -typen abgestimmt zu werden. Die pr\u00e4zise Verarbeitung gew\u00e4hrleistet gleichm\u00e4ssige Schussleistung und lange Lebensdauer.<\/p>\n<ul>\n<li>Hochwertiges Dyneema D97 Material<\/li>\n<li>Mehrere Durchmesser-Optionen f\u00fcr verschiedene Bogenmodelle<\/li>\n<li>Zuverl\u00e4ssige Verarbeitung<\/li>\n<li>Geeignet f\u00fcr Traditional Recurve B\u00f6gen<\/li>\n<\/ul>","protected":false},"excerpt":{"rendered":"<table>\n<tr>\n<th>Propri\u00e9t\u00e9<\/th>\n<th>Valeur<\/th>\n<\/tr>\n<tr>\n<td>Marque<\/td>\n<td>Oak Ridge<\/td>\n<\/tr>\n<tr>\n<td>Mat\u00e9riau<\/td>\n<td>Dyneema D97<\/td>\n<\/tr>\n<tr>\n<td>Diam\u00e8tre<\/td>\n<td>52\/14, 56\/14, 58\/14, 60\/14, 62\/14, 64\/14, 66\/14, 68\/14<\/td>\n<\/tr>\n<tr>\n<td>Pays d'origine<\/td>\n<td>Chine<\/td>\n<\/tr>\n<\/table>","protected":false},"featured_media":453631,"comment_status":"open","ping_status":"closed","template":"","meta":[],"product_brand":[569],"product_cat":[4279],"product_tag":[],"class_list":{"0":"post-407947","1":"product","2":"type-product","3":"status-publish","4":"has-post-thumbnail","6":"product_brand-oakridge","7":"product_cat-traditional-strings","9":"first","10":"instock","11":"shipping-taxable","12":"purchasable","13":"product-type-variable"},"yoast_head":"<!-- This site is optimized with the Yoast SEO plugin v27.4 - https:\/\/yoast.com\/product\/yoast-seo-wordpress\/ -->\n<title>Corde pour arc classique OAKRIDGE Dyneema D97 - Bogensportdiscount \u2013 Arcs, fl\u00e8ches, cibles et accessoires<\/title>\n<meta name=\"description\" content=\"Corde pour arc classique OAKRIDGE Dyneema D97 \u00e0 prix avantageux chez Bogensportdiscount \u2013 Grandes marques, livraison rapide depuis la Suisse.\" \/>\n<meta name=\"robots\" content=\"noindex, follow, max-snippet:-1, max-image-preview:large, max-video-preview:-1\" \/>\n<meta property=\"og:locale\" content=\"fr_FR\" \/>\n<meta property=\"og:type\" content=\"article\" \/>\n<meta property=\"og:title\" content=\"Corde pour arc classique OAKRIDGE Dyneema D97 - Bogensportdiscount \u2013 Arcs, fl\u00e8ches, cibles et accessoires\" \/>\n<meta property=\"og:description\" content=\"Corde pour arc classique OAKRIDGE Dyneema D97 \u00e0 prix avantageux chez Bogensportdiscount \u2013 Grandes marques, livraison rapide depuis la Suisse.\" \/>\n<meta property=\"og:url\" content=\"https:\/\/bogensportdiscount.ch\/fr\/produit\/oakridge-recurve-sehne-dyneema-d97\/\" \/>\n<meta property=\"og:site_name\" content=\"Bogensportdiscount \u2013 B\u00f6gen, Pfeile, Targets &amp; Zubeh\u00f6r\" \/>\n<meta property=\"article:modified_time\" content=\"2026-04-20T11:34:31+00:00\" \/>\n<meta property=\"og:image\" content=\"https:\/\/bogensportdiscount.ch\/wp-content\/uploads\/bsm-images\/A056158_1.png\" \/>\n\t<meta property=\"og:image:width\" content=\"5144\" \/>\n\t<meta property=\"og:image:height\" content=\"2312\" \/>\n\t<meta property=\"og:image:type\" content=\"image\/png\" \/>\n<meta name=\"twitter:card\" content=\"summary_large_image\" \/>\n<script type=\"application\/ld+json\" class=\"yoast-schema-graph\">{\"@context\":\"https:\\\/\\\/schema.org\",\"@graph\":[{\"@type\":\"WebPage\",\"@id\":\"https:\\\/\\\/bogensportdiscount.ch\\\/produkt\\\/oakridge-recurve-sehne-dyneema-d97\\\/\",\"url\":\"https:\\\/\\\/bogensportdiscount.ch\\\/produkt\\\/oakridge-recurve-sehne-dyneema-d97\\\/\",\"name\":\"OAKRIDGE Recurve-Sehne Dyneema D97 - Bogensportdiscount \u2013 B\u00f6gen, Pfeile, Targets &amp; Zubeh\u00f6r\",\"isPartOf\":{\"@id\":\"https:\\\/\\\/bogensportdiscount.ch\\\/#website\"},\"primaryImageOfPage\":{\"@id\":\"https:\\\/\\\/bogensportdiscount.ch\\\/produkt\\\/oakridge-recurve-sehne-dyneema-d97\\\/#primaryimage\"},\"image\":{\"@id\":\"https:\\\/\\\/bogensportdiscount.ch\\\/produkt\\\/oakridge-recurve-sehne-dyneema-d97\\\/#primaryimage\"},\"thumbnailUrl\":\"https:\\\/\\\/bogensportdiscount.ch\\\/wp-content\\\/uploads\\\/2026\\\/04\\\/bogensportdiscount.ch-pfeile-boegen-zubehoer-fuer-anfaenger-und-profis-zum-besten-preis-Symbolbild-kein-foto-zu-diesem-artikel_01.jpg\",\"datePublished\":\"2026-04-05T12:57:18+00:00\",\"dateModified\":\"2026-04-20T11:34:31+00:00\",\"description\":\"OAKRIDGE Recurve-Sehne Dyneema D97 g\u00fcnstig kaufen bei Bogensportdiscount \u2013 Top-Marken, schneller Versand aus der Schweiz.\",\"breadcrumb\":{\"@id\":\"https:\\\/\\\/bogensportdiscount.ch\\\/produkt\\\/oakridge-recurve-sehne-dyneema-d97\\\/#breadcrumb\"},\"inLanguage\":\"fr-FR\",\"potentialAction\":[{\"@type\":\"ReadAction\",\"target\":[\"https:\\\/\\\/bogensportdiscount.ch\\\/produkt\\\/oakridge-recurve-sehne-dyneema-d97\\\/\"]}]},{\"@type\":\"ImageObject\",\"inLanguage\":\"fr-FR\",\"@id\":\"https:\\\/\\\/bogensportdiscount.ch\\\/produkt\\\/oakridge-recurve-sehne-dyneema-d97\\\/#primaryimage\",\"url\":\"https:\\\/\\\/bogensportdiscount.ch\\\/wp-content\\\/uploads\\\/2026\\\/04\\\/bogensportdiscount.ch-pfeile-boegen-zubehoer-fuer-anfaenger-und-profis-zum-besten-preis-Symbolbild-kein-foto-zu-diesem-artikel_01.jpg\",\"contentUrl\":\"https:\\\/\\\/bogensportdiscount.ch\\\/wp-content\\\/uploads\\\/2026\\\/04\\\/bogensportdiscount.ch-pfeile-boegen-zubehoer-fuer-anfaenger-und-profis-zum-besten-preis-Symbolbild-kein-foto-zu-diesem-artikel_01.jpg\",\"width\":1080,\"height\":1080},{\"@type\":\"BreadcrumbList\",\"@id\":\"https:\\\/\\\/bogensportdiscount.ch\\\/produkt\\\/oakridge-recurve-sehne-dyneema-d97\\\/#breadcrumb\",\"itemListElement\":[{\"@type\":\"ListItem\",\"position\":1,\"name\":\"Home\",\"item\":\"https:\\\/\\\/bogensportdiscount.ch\\\/\"},{\"@type\":\"ListItem\",\"position\":2,\"name\":\"Shop\",\"item\":\"https:\\\/\\\/bogensportdiscount.ch\\\/shop\\\/\"},{\"@type\":\"ListItem\",\"position\":3,\"name\":\"OAKRIDGE Recurve-Sehne Dyneema D97\"}]},{\"@type\":\"WebSite\",\"@id\":\"https:\\\/\\\/bogensportdiscount.ch\\\/#website\",\"url\":\"https:\\\/\\\/bogensportdiscount.ch\\\/\",\"name\":\"Bogensportdiscount\",\"description\":\"\",\"potentialAction\":[{\"@type\":\"SearchAction\",\"target\":{\"@type\":\"EntryPoint\",\"urlTemplate\":\"https:\\\/\\\/bogensportdiscount.ch\\\/?s={search_term_string}\"},\"query-input\":{\"@type\":\"PropertyValueSpecification\",\"valueRequired\":true,\"valueName\":\"search_term_string\"}}],\"inLanguage\":\"fr-FR\"}]}<\/script>\n<!-- \/ Yoast SEO plugin. -->","yoast_head_json":{"title":"Corde pour arc classique OAKRIDGE Dyneema D97 - Bogensportdiscount \u2013 Arcs, fl\u00e8ches, cibles et accessoires","description":"Corde pour arc classique OAKRIDGE Dyneema D97 \u00e0 prix avantageux chez Bogensportdiscount \u2013 Grandes marques, livraison rapide depuis la Suisse.","robots":{"index":"noindex","follow":"follow","max-snippet":"max-snippet:-1","max-image-preview":"max-image-preview:large","max-video-preview":"max-video-preview:-1"},"og_locale":"fr_FR","og_type":"article","og_title":"Corde pour arc classique OAKRIDGE Dyneema D97 - Bogensportdiscount \u2013 Arcs, fl\u00e8ches, cibles et accessoires","og_description":"Corde pour arc classique OAKRIDGE Dyneema D97 \u00e0 prix avantageux chez Bogensportdiscount \u2013 Grandes marques, livraison rapide depuis la Suisse.","og_url":"https:\/\/bogensportdiscount.ch\/fr\/produit\/oakridge-recurve-sehne-dyneema-d97\/","og_site_name":"Bogensportdiscount \u2013 B\u00f6gen, Pfeile, Targets &amp; Zubeh\u00f6r","article_modified_time":"2026-04-20T11:34:31+00:00","og_image":[{"url":"https:\/\/bogensportdiscount.ch\/wp-content\/uploads\/bsm-images\/A056158_1.png","width":5144,"height":2312,"type":"image\/png"}],"twitter_card":"summary_large_image","schema":{"@context":"https:\/\/schema.org","@graph":[{"@type":"WebPage","@id":"https:\/\/bogensportdiscount.ch\/produkt\/oakridge-recurve-sehne-dyneema-d97\/","url":"https:\/\/bogensportdiscount.ch\/produkt\/oakridge-recurve-sehne-dyneema-d97\/","name":"Corde pour arc classique OAKRIDGE Dyneema D97 - Bogensportdiscount \u2013 Arcs, fl\u00e8ches, cibles et accessoires","isPartOf":{"@id":"https:\/\/bogensportdiscount.ch\/#website"},"primaryImageOfPage":{"@id":"https:\/\/bogensportdiscount.ch\/produkt\/oakridge-recurve-sehne-dyneema-d97\/#primaryimage"},"image":{"@id":"https:\/\/bogensportdiscount.ch\/produkt\/oakridge-recurve-sehne-dyneema-d97\/#primaryimage"},"thumbnailUrl":"https:\/\/bogensportdiscount.ch\/wp-content\/uploads\/2026\/04\/bogensportdiscount.ch-pfeile-boegen-zubehoer-fuer-anfaenger-und-profis-zum-besten-preis-Symbolbild-kein-foto-zu-diesem-artikel_01.jpg","datePublished":"2026-04-05T12:57:18+00:00","dateModified":"2026-04-20T11:34:31+00:00","description":"Corde pour arc classique OAKRIDGE Dyneema D97 \u00e0 prix avantageux chez Bogensportdiscount \u2013 Grandes marques, livraison rapide depuis la Suisse.","breadcrumb":{"@id":"https:\/\/bogensportdiscount.ch\/produkt\/oakridge-recurve-sehne-dyneema-d97\/#breadcrumb"},"inLanguage":"fr-FR","potentialAction":[{"@type":"ReadAction","target":["https:\/\/bogensportdiscount.ch\/produkt\/oakridge-recurve-sehne-dyneema-d97\/"]}]},{"@type":"ImageObject","inLanguage":"fr-FR","@id":"https:\/\/bogensportdiscount.ch\/produkt\/oakridge-recurve-sehne-dyneema-d97\/#primaryimage","url":"https:\/\/bogensportdiscount.ch\/wp-content\/uploads\/2026\/04\/bogensportdiscount.ch-pfeile-boegen-zubehoer-fuer-anfaenger-und-profis-zum-besten-preis-Symbolbild-kein-foto-zu-diesem-artikel_01.jpg","contentUrl":"https:\/\/bogensportdiscount.ch\/wp-content\/uploads\/2026\/04\/bogensportdiscount.ch-pfeile-boegen-zubehoer-fuer-anfaenger-und-profis-zum-besten-preis-Symbolbild-kein-foto-zu-diesem-artikel_01.jpg","width":1080,"height":1080},{"@type":"BreadcrumbList","@id":"https:\/\/bogensportdiscount.ch\/produkt\/oakridge-recurve-sehne-dyneema-d97\/#breadcrumb","itemListElement":[{"@type":"ListItem","position":1,"name":"Home","item":"https:\/\/bogensportdiscount.ch\/"},{"@type":"ListItem","position":2,"name":"Shop","item":"https:\/\/bogensportdiscount.ch\/shop\/"},{"@type":"ListItem","position":3,"name":"OAKRIDGE Recurve-Sehne Dyneema D97"}]},{"@type":"WebSite","@id":"https:\/\/bogensportdiscount.ch\/#website","url":"https:\/\/bogensportdiscount.ch\/","name":"Bogensportdiscount","description":"","potentialAction":[{"@type":"SearchAction","target":{"@type":"EntryPoint","urlTemplate":"https:\/\/bogensportdiscount.ch\/?s={search_term_string}"},"query-input":{"@type":"PropertyValueSpecification","valueRequired":true,"valueName":"search_term_string"}}],"inLanguage":"fr-FR"}]}},"_links":{"self":[{"href":"https:\/\/bogensportdiscount.ch\/fr\/wp-json\/wp\/v2\/product\/407947","targetHints":{"allow":["GET"]}}],"collection":[{"href":"https:\/\/bogensportdiscount.ch\/fr\/wp-json\/wp\/v2\/product"}],"about":[{"href":"https:\/\/bogensportdiscount.ch\/fr\/wp-json\/wp\/v2\/types\/product"}],"replies":[{"embeddable":true,"href":"https:\/\/bogensportdiscount.ch\/fr\/wp-json\/wp\/v2\/comments?post=407947"}],"wp:featuredmedia":[{"embeddable":true,"href":"https:\/\/bogensportdiscount.ch\/fr\/wp-json\/wp\/v2\/media\/453631"}],"wp:attachment":[{"href":"https:\/\/bogensportdiscount.ch\/fr\/wp-json\/wp\/v2\/media?parent=407947"}],"wp:term":[{"taxonomy":"product_brand","embeddable":true,"href":"https:\/\/bogensportdiscount.ch\/fr\/wp-json\/wp\/v2\/product_brand?post=407947"},{"taxonomy":"product_cat","embeddable":true,"href":"https:\/\/bogensportdiscount.ch\/fr\/wp-json\/wp\/v2\/product_cat?post=407947"},{"taxonomy":"product_tag","embeddable":true,"href":"https:\/\/bogensportdiscount.ch\/fr\/wp-json\/wp\/v2\/product_tag?post=407947"}],"curies":[{"name":"wp","href":"https:\/\/api.w.org\/{rel}","templated":true}]}}