{"id":407793,"date":"2026-04-05T14:56:58","date_gmt":"2026-04-05T12:56:58","guid":{"rendered":"https:\/\/bogensportdiscount.ch\/produkt\/riser-cnc-v3-vellator-25-rh-anodized-green\/"},"modified":"2026-05-14T15:26:29","modified_gmt":"2026-05-14T13:26:29","slug":"fivics-recurvebogen-mittelstuck-cnc-v3-vellator-25","status":"publish","type":"product","link":"https:\/\/bogensportdiscount.ch\/fr\/produit\/fivics-recurvebogen-mittelstuck-cnc-v3-vellator-25\/","title":{"rendered":"FIVICS RISER CNC V3 VELLATOR 25\u2033"},"content":{"rendered":"<p>Le FIVICS Vellator V3 est une poign\u00e9e d'arc classique enti\u00e8rement frais\u00e9e CNC en aluminium d'une longueur de 25 pouces. Gr\u00e2ce \u00e0 l'interface ILF, il est compatible avec toutes les branches ILF courantes et convient \u00e0 toutes les puissances.<\/p>\n<p>La poign\u00e9e est disponible en de nombreuses couleurs anodis\u00e9es et est propos\u00e9e pour droitiers et gauchers. La fabrication CNC garantit des tol\u00e9rances serr\u00e9es et une qualit\u00e9 constante.<\/p>\n<ul>\n<li>Fabrication enti\u00e8rement CNC en aluminium<\/li>\n<li>Interface de branches compatible ILF<\/li>\n<li>Convient \u00e0 tous les poids de tirage<\/li>\n<li>Disponible en main droite et main gauche ainsi qu'en six couleurs<\/li>\n<\/ul>","protected":false},"excerpt":{"rendered":"<table>\n<tr>\n<th>Propri\u00e9t\u00e9<\/th>\n<th>Valeur<\/th>\n<\/tr>\n<tr>\n<td>Type<\/td>\n<td>Full CNC<\/td>\n<\/tr>\n<tr>\n<td>Mat\u00e9riau<\/td>\n<td>Aluminium<\/td>\n<\/tr>\n<tr>\n<td>Ajustement repose-fl\u00e8che<\/td>\n<td>ILF<\/td>\n<\/tr>\n<tr>\n<td>Recommandation<\/td>\n<td>Tous les poids de tirage<\/td>\n<\/tr>\n<tr>\n<td>Mains disponibles<\/td>\n<td>Droitier (RH), gaucher (LH)<\/td>\n<\/tr>\n<tr>\n<td>Couleurs<\/td>\n<td>Anodized Black, Anodized Blue, Anodized Green, Anodized Orange, Anodized Red, Gold<\/td>\n<\/tr>\n<\/table>","protected":false},"featured_media":451176,"comment_status":"open","ping_status":"closed","template":"","meta":[],"product_brand":[429],"product_cat":[4519],"product_tag":[],"class_list":{"0":"post-407793","1":"product","2":"type-product","3":"status-publish","4":"has-post-thumbnail","6":"product_brand-fivics","7":"product_cat-recurve-mittelteile","8":"product_shipping_class-bsd-standard","10":"first","11":"instock","12":"shipping-taxable","13":"purchasable","14":"product-type-variable"},"yoast_head":"<!-- This site is optimized with the Yoast SEO plugin v27.6 - https:\/\/yoast.com\/product\/yoast-seo-wordpress\/ -->\n<title>FIVICS RISER CNC V3 VELLATOR 25&quot; - Bogensportdiscount \u2013 Arcs, fl\u00e8ches, cibles &amp; accessoires<\/title>\n<meta name=\"description\" content=\"Achetez le FIVICS RISER CNC V3 VELLATOR 25&quot; \u00e0 prix avantageux chez Bogensportdiscount \u2013 Les meilleures marques, livraison rapide depuis la Suisse.\" \/>\n<meta name=\"robots\" content=\"index, follow, max-snippet:-1, max-image-preview:large, max-video-preview:-1\" \/>\n<link rel=\"canonical\" href=\"https:\/\/bogensportdiscount.ch\/fr\/produit\/fivics-recurvebogen-mittelstuck-cnc-v3-vellator-25\/\" \/>\n<meta property=\"og:locale\" content=\"fr_FR\" \/>\n<meta property=\"og:type\" content=\"article\" \/>\n<meta property=\"og:title\" content=\"FIVICS RISER CNC V3 VELLATOR 25&quot; - Bogensportdiscount \u2013 Arcs, fl\u00e8ches, cibles &amp; accessoires\" \/>\n<meta property=\"og:description\" content=\"Achetez le FIVICS RISER CNC V3 VELLATOR 25&quot; \u00e0 prix avantageux chez Bogensportdiscount \u2013 Les meilleures marques, livraison rapide depuis la Suisse.\" \/>\n<meta property=\"og:url\" content=\"https:\/\/bogensportdiscount.ch\/fr\/produit\/fivics-recurvebogen-mittelstuck-cnc-v3-vellator-25\/\" \/>\n<meta property=\"og:site_name\" content=\"Bogensportdiscount \u2013 B\u00f6gen, Pfeile, Targets &amp; Zubeh\u00f6r\" \/>\n<meta property=\"article:modified_time\" content=\"2026-05-14T13:26:29+00:00\" \/>\n<meta property=\"og:image\" content=\"https:\/\/bogensportdiscount.ch\/wp-content\/uploads\/bsm-images\/A055711_1.png\" \/>\n\t<meta property=\"og:image:width\" content=\"414\" \/>\n\t<meta property=\"og:image:height\" content=\"2009\" \/>\n\t<meta property=\"og:image:type\" content=\"image\/png\" \/>\n<meta name=\"twitter:card\" content=\"summary_large_image\" \/>\n<script type=\"application\/ld+json\" class=\"yoast-schema-graph\">{\"@context\":\"https:\\\/\\\/schema.org\",\"@graph\":[{\"@type\":\"WebPage\",\"@id\":\"https:\\\/\\\/bogensportdiscount.ch\\\/produkt\\\/fivics-recurvebogen-mittelstuck-cnc-v3-vellator-25\\\/\",\"url\":\"https:\\\/\\\/bogensportdiscount.ch\\\/produkt\\\/fivics-recurvebogen-mittelstuck-cnc-v3-vellator-25\\\/\",\"name\":\"FIVICS RISER CNC V3 VELLATOR 25\\\" - Bogensportdiscount \u2013 B\u00f6gen, Pfeile, Targets &amp; Zubeh\u00f6r\",\"isPartOf\":{\"@id\":\"https:\\\/\\\/bogensportdiscount.ch\\\/#website\"},\"primaryImageOfPage\":{\"@id\":\"https:\\\/\\\/bogensportdiscount.ch\\\/produkt\\\/fivics-recurvebogen-mittelstuck-cnc-v3-vellator-25\\\/#primaryimage\"},\"image\":{\"@id\":\"https:\\\/\\\/bogensportdiscount.ch\\\/produkt\\\/fivics-recurvebogen-mittelstuck-cnc-v3-vellator-25\\\/#primaryimage\"},\"thumbnailUrl\":\"https:\\\/\\\/bogensportdiscount.ch\\\/wp-content\\\/uploads\\\/bsm-images\\\/A055711_1.png\",\"datePublished\":\"2026-04-05T12:56:58+00:00\",\"dateModified\":\"2026-05-14T13:26:29+00:00\",\"description\":\"FIVICS RISER CNC V3 VELLATOR 25\\\" g\u00fcnstig kaufen bei Bogensportdiscount \u2013 Top-Marken, schneller Versand aus der Schweiz.\",\"breadcrumb\":{\"@id\":\"https:\\\/\\\/bogensportdiscount.ch\\\/produkt\\\/fivics-recurvebogen-mittelstuck-cnc-v3-vellator-25\\\/#breadcrumb\"},\"inLanguage\":\"fr-FR\",\"potentialAction\":[{\"@type\":\"ReadAction\",\"target\":[\"https:\\\/\\\/bogensportdiscount.ch\\\/produkt\\\/fivics-recurvebogen-mittelstuck-cnc-v3-vellator-25\\\/\"]}]},{\"@type\":\"ImageObject\",\"inLanguage\":\"fr-FR\",\"@id\":\"https:\\\/\\\/bogensportdiscount.ch\\\/produkt\\\/fivics-recurvebogen-mittelstuck-cnc-v3-vellator-25\\\/#primaryimage\",\"url\":\"https:\\\/\\\/bogensportdiscount.ch\\\/wp-content\\\/uploads\\\/bsm-images\\\/A055711_1.png\",\"contentUrl\":\"https:\\\/\\\/bogensportdiscount.ch\\\/wp-content\\\/uploads\\\/bsm-images\\\/A055711_1.png\",\"width\":414,\"height\":2009},{\"@type\":\"BreadcrumbList\",\"@id\":\"https:\\\/\\\/bogensportdiscount.ch\\\/produkt\\\/fivics-recurvebogen-mittelstuck-cnc-v3-vellator-25\\\/#breadcrumb\",\"itemListElement\":[{\"@type\":\"ListItem\",\"position\":1,\"name\":\"Home\",\"item\":\"https:\\\/\\\/bogensportdiscount.ch\\\/\"},{\"@type\":\"ListItem\",\"position\":2,\"name\":\"Shop\",\"item\":\"https:\\\/\\\/bogensportdiscount.ch\\\/shop\\\/\"},{\"@type\":\"ListItem\",\"position\":3,\"name\":\"FIVICS RISER CNC V3 VELLATOR 25&#8243;\"}]},{\"@type\":\"WebSite\",\"@id\":\"https:\\\/\\\/bogensportdiscount.ch\\\/#website\",\"url\":\"https:\\\/\\\/bogensportdiscount.ch\\\/\",\"name\":\"Bogensportdiscount\",\"description\":\"\",\"potentialAction\":[{\"@type\":\"SearchAction\",\"target\":{\"@type\":\"EntryPoint\",\"urlTemplate\":\"https:\\\/\\\/bogensportdiscount.ch\\\/?s={search_term_string}\"},\"query-input\":{\"@type\":\"PropertyValueSpecification\",\"valueRequired\":true,\"valueName\":\"search_term_string\"}}],\"inLanguage\":\"fr-FR\"}]}<\/script>\n<!-- \/ Yoast SEO plugin. -->","yoast_head_json":{"title":"FIVICS RISER CNC V3 VELLATOR 25\" - Bogensportdiscount \u2013 Arcs, fl\u00e8ches, cibles &amp; accessoires","description":"Achetez le FIVICS RISER CNC V3 VELLATOR 25\" \u00e0 prix avantageux chez Bogensportdiscount \u2013 Les meilleures marques, livraison rapide depuis la Suisse.","robots":{"index":"index","follow":"follow","max-snippet":"max-snippet:-1","max-image-preview":"max-image-preview:large","max-video-preview":"max-video-preview:-1"},"canonical":"https:\/\/bogensportdiscount.ch\/fr\/produit\/fivics-recurvebogen-mittelstuck-cnc-v3-vellator-25\/","og_locale":"fr_FR","og_type":"article","og_title":"FIVICS RISER CNC V3 VELLATOR 25\" - Bogensportdiscount \u2013 Arcs, fl\u00e8ches, cibles &amp; accessoires","og_description":"Achetez le FIVICS RISER CNC V3 VELLATOR 25\" \u00e0 prix avantageux chez Bogensportdiscount \u2013 Les meilleures marques, livraison rapide depuis la Suisse.","og_url":"https:\/\/bogensportdiscount.ch\/fr\/produit\/fivics-recurvebogen-mittelstuck-cnc-v3-vellator-25\/","og_site_name":"Bogensportdiscount \u2013 B\u00f6gen, Pfeile, Targets &amp; Zubeh\u00f6r","article_modified_time":"2026-05-14T13:26:29+00:00","og_image":[{"width":414,"height":2009,"url":"https:\/\/bogensportdiscount.ch\/wp-content\/uploads\/bsm-images\/A055711_1.png","type":"image\/png"}],"twitter_card":"summary_large_image","schema":{"@context":"https:\/\/schema.org","@graph":[{"@type":"WebPage","@id":"https:\/\/bogensportdiscount.ch\/produkt\/fivics-recurvebogen-mittelstuck-cnc-v3-vellator-25\/","url":"https:\/\/bogensportdiscount.ch\/produkt\/fivics-recurvebogen-mittelstuck-cnc-v3-vellator-25\/","name":"FIVICS RISER CNC V3 VELLATOR 25\" - Bogensportdiscount \u2013 Arcs, fl\u00e8ches, cibles &amp; accessoires","isPartOf":{"@id":"https:\/\/bogensportdiscount.ch\/#website"},"primaryImageOfPage":{"@id":"https:\/\/bogensportdiscount.ch\/produkt\/fivics-recurvebogen-mittelstuck-cnc-v3-vellator-25\/#primaryimage"},"image":{"@id":"https:\/\/bogensportdiscount.ch\/produkt\/fivics-recurvebogen-mittelstuck-cnc-v3-vellator-25\/#primaryimage"},"thumbnailUrl":"https:\/\/bogensportdiscount.ch\/wp-content\/uploads\/bsm-images\/A055711_1.png","datePublished":"2026-04-05T12:56:58+00:00","dateModified":"2026-05-14T13:26:29+00:00","description":"Achetez le FIVICS RISER CNC V3 VELLATOR 25\" \u00e0 prix avantageux chez Bogensportdiscount \u2013 Les meilleures marques, livraison rapide depuis la Suisse.","breadcrumb":{"@id":"https:\/\/bogensportdiscount.ch\/produkt\/fivics-recurvebogen-mittelstuck-cnc-v3-vellator-25\/#breadcrumb"},"inLanguage":"fr-FR","potentialAction":[{"@type":"ReadAction","target":["https:\/\/bogensportdiscount.ch\/produkt\/fivics-recurvebogen-mittelstuck-cnc-v3-vellator-25\/"]}]},{"@type":"ImageObject","inLanguage":"fr-FR","@id":"https:\/\/bogensportdiscount.ch\/produkt\/fivics-recurvebogen-mittelstuck-cnc-v3-vellator-25\/#primaryimage","url":"https:\/\/bogensportdiscount.ch\/wp-content\/uploads\/bsm-images\/A055711_1.png","contentUrl":"https:\/\/bogensportdiscount.ch\/wp-content\/uploads\/bsm-images\/A055711_1.png","width":414,"height":2009},{"@type":"BreadcrumbList","@id":"https:\/\/bogensportdiscount.ch\/produkt\/fivics-recurvebogen-mittelstuck-cnc-v3-vellator-25\/#breadcrumb","itemListElement":[{"@type":"ListItem","position":1,"name":"Home","item":"https:\/\/bogensportdiscount.ch\/"},{"@type":"ListItem","position":2,"name":"Shop","item":"https:\/\/bogensportdiscount.ch\/shop\/"},{"@type":"ListItem","position":3,"name":"FIVICS RISER CNC V3 VELLATOR 25&#8243;"}]},{"@type":"WebSite","@id":"https:\/\/bogensportdiscount.ch\/#website","url":"https:\/\/bogensportdiscount.ch\/","name":"Bogensportdiscount","description":"","potentialAction":[{"@type":"SearchAction","target":{"@type":"EntryPoint","urlTemplate":"https:\/\/bogensportdiscount.ch\/?s={search_term_string}"},"query-input":{"@type":"PropertyValueSpecification","valueRequired":true,"valueName":"search_term_string"}}],"inLanguage":"fr-FR"}]}},"_links":{"self":[{"href":"https:\/\/bogensportdiscount.ch\/fr\/wp-json\/wp\/v2\/product\/407793","targetHints":{"allow":["GET"]}}],"collection":[{"href":"https:\/\/bogensportdiscount.ch\/fr\/wp-json\/wp\/v2\/product"}],"about":[{"href":"https:\/\/bogensportdiscount.ch\/fr\/wp-json\/wp\/v2\/types\/product"}],"replies":[{"embeddable":true,"href":"https:\/\/bogensportdiscount.ch\/fr\/wp-json\/wp\/v2\/comments?post=407793"}],"wp:featuredmedia":[{"embeddable":true,"href":"https:\/\/bogensportdiscount.ch\/fr\/wp-json\/wp\/v2\/media\/451176"}],"wp:attachment":[{"href":"https:\/\/bogensportdiscount.ch\/fr\/wp-json\/wp\/v2\/media?parent=407793"}],"wp:term":[{"taxonomy":"product_brand","embeddable":true,"href":"https:\/\/bogensportdiscount.ch\/fr\/wp-json\/wp\/v2\/product_brand?post=407793"},{"taxonomy":"product_cat","embeddable":true,"href":"https:\/\/bogensportdiscount.ch\/fr\/wp-json\/wp\/v2\/product_cat?post=407793"},{"taxonomy":"product_tag","embeddable":true,"href":"https:\/\/bogensportdiscount.ch\/fr\/wp-json\/wp\/v2\/product_tag?post=407793"}],"curies":[{"name":"wp","href":"https:\/\/api.w.org\/{rel}","templated":true}]}}