{"id":407677,"date":"2026-04-05T14:56:47","date_gmt":"2026-04-05T12:56:47","guid":{"rendered":"https:\/\/bogensportdiscount.ch\/produkt\/deadening-limb-silencers-red\/"},"modified":"2026-04-19T11:54:10","modified_gmt":"2026-04-19T09:54:10","slug":"killer-instinct-wurfarmdaempfer-deadening-limb-silencers","status":"publish","type":"product","link":"https:\/\/bogensportdiscount.ch\/fr\/produit\/killer-instinct-wurfarmdaempfer-deadening-limb-silencers\/","title":{"rendered":"Amortisseurs de bras de lancer Killer Instinct Deadening Limb Silencers"},"content":{"rendered":"<p>Les Killer Instinct Deadening Limb Silencers sont des amortisseurs de branches sp\u00e9cialement con\u00e7us pour les arbal\u00e8tes. Ils se montent sur les branches et r\u00e9duisent les vibrations ainsi que les bruits de tir, contribuant ainsi \u00e0 une image de tir plus stable.<\/p>\n<p>Les amortisseurs sont disponibles en gris et en rouge et peuvent \u00eatre facilement install\u00e9s en r\u00e9trofit. Ils sont compatibles avec un grand nombre d'arbal\u00e8tes et constituent un compl\u00e9ment pratique pour la chasse et le sport.<\/p>\n<ul>\n<li>R\u00e9duit les vibrations sur les branches<\/li>\n<li>Amortit les bruits de tir<\/li>\n<li>Disponible en gris et en rouge<\/li>\n<li>Montage facile<\/li>\n<\/ul>","protected":false},"excerpt":{"rendered":"<p>Les Killer Instinct Deadening Limb Silencers sont des amortisseurs permettant de r\u00e9duire les vibrations et les bruits sur les branches de l'arbal\u00e8te. Disponibles dans les couleurs gris et rouge.<\/p>","protected":false},"featured_media":451161,"comment_status":"open","ping_status":"closed","template":"","meta":[],"product_brand":[627],"product_cat":[4137],"product_tag":[],"class_list":{"0":"post-407677","1":"product","2":"type-product","3":"status-publish","4":"has-post-thumbnail","6":"product_brand-killerinstict","7":"product_cat-weitere","9":"first","10":"instock","11":"shipping-taxable","12":"purchasable","13":"product-type-variable"},"yoast_head":"<!-- This site is optimized with the Yoast SEO plugin v27.4 - https:\/\/yoast.com\/product\/yoast-seo-wordpress\/ -->\n<title>Killer Instinct Wurfarmd\u00e4mpfer Deadening Limb Silencers - Bogensportdiscount \u2013 B\u00f6gen, Pfeile, Targets &amp; Zubeh\u00f6r<\/title>\n<meta name=\"robots\" content=\"noindex, follow, max-snippet:-1, max-image-preview:large, max-video-preview:-1\" \/>\n<meta property=\"og:locale\" content=\"fr_FR\" \/>\n<meta property=\"og:type\" content=\"article\" \/>\n<meta property=\"og:title\" content=\"Killer Instinct Wurfarmd\u00e4mpfer Deadening Limb Silencers - Bogensportdiscount \u2013 B\u00f6gen, Pfeile, Targets &amp; Zubeh\u00f6r\" \/>\n<meta property=\"og:description\" content=\"Die Killer Instinct Deadening Limb Silencers sind D\u00e4mpfer zur Reduzierung von Schwingungen und Ger\u00e4uschen an den Wurfarmen der Armbrust. Erh\u00e4ltlich in den Farben Grau und Rot.\" \/>\n<meta property=\"og:url\" content=\"https:\/\/bogensportdiscount.ch\/fr\/produit\/killer-instinct-wurfarmdaempfer-deadening-limb-silencers\/\" \/>\n<meta property=\"og:site_name\" content=\"Bogensportdiscount \u2013 B\u00f6gen, Pfeile, Targets &amp; Zubeh\u00f6r\" \/>\n<meta property=\"article:modified_time\" content=\"2026-04-19T09:54:10+00:00\" \/>\n<meta property=\"og:image\" content=\"https:\/\/bogensportdiscount.ch\/wp-content\/uploads\/bsm-images\/A055400_1.png\" \/>\n\t<meta property=\"og:image:width\" content=\"4428\" \/>\n\t<meta property=\"og:image:height\" content=\"1188\" \/>\n\t<meta property=\"og:image:type\" content=\"image\/png\" \/>\n<meta name=\"twitter:card\" content=\"summary_large_image\" \/>\n<script type=\"application\/ld+json\" class=\"yoast-schema-graph\">{\"@context\":\"https:\\\/\\\/schema.org\",\"@graph\":[{\"@type\":\"WebPage\",\"@id\":\"https:\\\/\\\/bogensportdiscount.ch\\\/fr\\\/produit\\\/killer-instinct-wurfarmdaempfer-deadening-limb-silencers\\\/\",\"url\":\"https:\\\/\\\/bogensportdiscount.ch\\\/fr\\\/produit\\\/killer-instinct-wurfarmdaempfer-deadening-limb-silencers\\\/\",\"name\":\"Killer Instinct Wurfarmd\u00e4mpfer Deadening Limb Silencers - Bogensportdiscount \u2013 B\u00f6gen, Pfeile, Targets &amp; Zubeh\u00f6r\",\"isPartOf\":{\"@id\":\"https:\\\/\\\/bogensportdiscount.ch\\\/#website\"},\"primaryImageOfPage\":{\"@id\":\"https:\\\/\\\/bogensportdiscount.ch\\\/fr\\\/produit\\\/killer-instinct-wurfarmdaempfer-deadening-limb-silencers\\\/#primaryimage\"},\"image\":{\"@id\":\"https:\\\/\\\/bogensportdiscount.ch\\\/fr\\\/produit\\\/killer-instinct-wurfarmdaempfer-deadening-limb-silencers\\\/#primaryimage\"},\"thumbnailUrl\":\"https:\\\/\\\/bogensportdiscount.ch\\\/wp-content\\\/uploads\\\/bsm-images\\\/A055400_1.png\",\"datePublished\":\"2026-04-05T12:56:47+00:00\",\"dateModified\":\"2026-04-19T09:54:10+00:00\",\"breadcrumb\":{\"@id\":\"https:\\\/\\\/bogensportdiscount.ch\\\/fr\\\/produit\\\/killer-instinct-wurfarmdaempfer-deadening-limb-silencers\\\/#breadcrumb\"},\"inLanguage\":\"fr-FR\",\"potentialAction\":[{\"@type\":\"ReadAction\",\"target\":[\"https:\\\/\\\/bogensportdiscount.ch\\\/fr\\\/produit\\\/killer-instinct-wurfarmdaempfer-deadening-limb-silencers\\\/\"]}]},{\"@type\":\"ImageObject\",\"inLanguage\":\"fr-FR\",\"@id\":\"https:\\\/\\\/bogensportdiscount.ch\\\/fr\\\/produit\\\/killer-instinct-wurfarmdaempfer-deadening-limb-silencers\\\/#primaryimage\",\"url\":\"https:\\\/\\\/bogensportdiscount.ch\\\/wp-content\\\/uploads\\\/bsm-images\\\/A055400_1.png\",\"contentUrl\":\"https:\\\/\\\/bogensportdiscount.ch\\\/wp-content\\\/uploads\\\/bsm-images\\\/A055400_1.png\",\"width\":4428,\"height\":1188},{\"@type\":\"BreadcrumbList\",\"@id\":\"https:\\\/\\\/bogensportdiscount.ch\\\/fr\\\/produit\\\/killer-instinct-wurfarmdaempfer-deadening-limb-silencers\\\/#breadcrumb\",\"itemListElement\":[{\"@type\":\"ListItem\",\"position\":1,\"name\":\"Home\",\"item\":\"https:\\\/\\\/bogensportdiscount.ch\\\/\"},{\"@type\":\"ListItem\",\"position\":2,\"name\":\"Shop\",\"item\":\"https:\\\/\\\/bogensportdiscount.ch\\\/shop\\\/\"},{\"@type\":\"ListItem\",\"position\":3,\"name\":\"Killer Instinct Wurfarmd\u00e4mpfer Deadening Limb Silencers\"}]},{\"@type\":\"WebSite\",\"@id\":\"https:\\\/\\\/bogensportdiscount.ch\\\/#website\",\"url\":\"https:\\\/\\\/bogensportdiscount.ch\\\/\",\"name\":\"Bogensportdiscount\",\"description\":\"\",\"potentialAction\":[{\"@type\":\"SearchAction\",\"target\":{\"@type\":\"EntryPoint\",\"urlTemplate\":\"https:\\\/\\\/bogensportdiscount.ch\\\/?s={search_term_string}\"},\"query-input\":{\"@type\":\"PropertyValueSpecification\",\"valueRequired\":true,\"valueName\":\"search_term_string\"}}],\"inLanguage\":\"fr-FR\"}]}<\/script>\n<!-- \/ Yoast SEO plugin. -->","yoast_head_json":{"title":"Killer Instinct Wurfarmd\u00e4mpfer Deadening Limb Silencers - Bogensportdiscount \u2013 B\u00f6gen, Pfeile, Targets &amp; Zubeh\u00f6r","robots":{"index":"noindex","follow":"follow","max-snippet":"max-snippet:-1","max-image-preview":"max-image-preview:large","max-video-preview":"max-video-preview:-1"},"og_locale":"fr_FR","og_type":"article","og_title":"Killer Instinct Wurfarmd\u00e4mpfer Deadening Limb Silencers - Bogensportdiscount \u2013 B\u00f6gen, Pfeile, Targets &amp; Zubeh\u00f6r","og_description":"Die Killer Instinct Deadening Limb Silencers sind D\u00e4mpfer zur Reduzierung von Schwingungen und Ger\u00e4uschen an den Wurfarmen der Armbrust. Erh\u00e4ltlich in den Farben Grau und Rot.","og_url":"https:\/\/bogensportdiscount.ch\/fr\/produit\/killer-instinct-wurfarmdaempfer-deadening-limb-silencers\/","og_site_name":"Bogensportdiscount \u2013 B\u00f6gen, Pfeile, Targets &amp; Zubeh\u00f6r","article_modified_time":"2026-04-19T09:54:10+00:00","og_image":[{"width":4428,"height":1188,"url":"https:\/\/bogensportdiscount.ch\/wp-content\/uploads\/bsm-images\/A055400_1.png","type":"image\/png"}],"twitter_card":"summary_large_image","schema":{"@context":"https:\/\/schema.org","@graph":[{"@type":"WebPage","@id":"https:\/\/bogensportdiscount.ch\/fr\/produit\/killer-instinct-wurfarmdaempfer-deadening-limb-silencers\/","url":"https:\/\/bogensportdiscount.ch\/fr\/produit\/killer-instinct-wurfarmdaempfer-deadening-limb-silencers\/","name":"Killer Instinct Wurfarmd\u00e4mpfer Deadening Limb Silencers - Bogensportdiscount \u2013 B\u00f6gen, Pfeile, Targets &amp; Zubeh\u00f6r","isPartOf":{"@id":"https:\/\/bogensportdiscount.ch\/#website"},"primaryImageOfPage":{"@id":"https:\/\/bogensportdiscount.ch\/fr\/produit\/killer-instinct-wurfarmdaempfer-deadening-limb-silencers\/#primaryimage"},"image":{"@id":"https:\/\/bogensportdiscount.ch\/fr\/produit\/killer-instinct-wurfarmdaempfer-deadening-limb-silencers\/#primaryimage"},"thumbnailUrl":"https:\/\/bogensportdiscount.ch\/wp-content\/uploads\/bsm-images\/A055400_1.png","datePublished":"2026-04-05T12:56:47+00:00","dateModified":"2026-04-19T09:54:10+00:00","breadcrumb":{"@id":"https:\/\/bogensportdiscount.ch\/fr\/produit\/killer-instinct-wurfarmdaempfer-deadening-limb-silencers\/#breadcrumb"},"inLanguage":"fr-FR","potentialAction":[{"@type":"ReadAction","target":["https:\/\/bogensportdiscount.ch\/fr\/produit\/killer-instinct-wurfarmdaempfer-deadening-limb-silencers\/"]}]},{"@type":"ImageObject","inLanguage":"fr-FR","@id":"https:\/\/bogensportdiscount.ch\/fr\/produit\/killer-instinct-wurfarmdaempfer-deadening-limb-silencers\/#primaryimage","url":"https:\/\/bogensportdiscount.ch\/wp-content\/uploads\/bsm-images\/A055400_1.png","contentUrl":"https:\/\/bogensportdiscount.ch\/wp-content\/uploads\/bsm-images\/A055400_1.png","width":4428,"height":1188},{"@type":"BreadcrumbList","@id":"https:\/\/bogensportdiscount.ch\/fr\/produit\/killer-instinct-wurfarmdaempfer-deadening-limb-silencers\/#breadcrumb","itemListElement":[{"@type":"ListItem","position":1,"name":"Home","item":"https:\/\/bogensportdiscount.ch\/"},{"@type":"ListItem","position":2,"name":"Shop","item":"https:\/\/bogensportdiscount.ch\/shop\/"},{"@type":"ListItem","position":3,"name":"Killer Instinct Wurfarmd\u00e4mpfer Deadening Limb Silencers"}]},{"@type":"WebSite","@id":"https:\/\/bogensportdiscount.ch\/#website","url":"https:\/\/bogensportdiscount.ch\/","name":"Bogensportdiscount","description":"","potentialAction":[{"@type":"SearchAction","target":{"@type":"EntryPoint","urlTemplate":"https:\/\/bogensportdiscount.ch\/?s={search_term_string}"},"query-input":{"@type":"PropertyValueSpecification","valueRequired":true,"valueName":"search_term_string"}}],"inLanguage":"fr-FR"}]}},"_links":{"self":[{"href":"https:\/\/bogensportdiscount.ch\/fr\/wp-json\/wp\/v2\/product\/407677","targetHints":{"allow":["GET"]}}],"collection":[{"href":"https:\/\/bogensportdiscount.ch\/fr\/wp-json\/wp\/v2\/product"}],"about":[{"href":"https:\/\/bogensportdiscount.ch\/fr\/wp-json\/wp\/v2\/types\/product"}],"replies":[{"embeddable":true,"href":"https:\/\/bogensportdiscount.ch\/fr\/wp-json\/wp\/v2\/comments?post=407677"}],"wp:featuredmedia":[{"embeddable":true,"href":"https:\/\/bogensportdiscount.ch\/fr\/wp-json\/wp\/v2\/media\/451161"}],"wp:attachment":[{"href":"https:\/\/bogensportdiscount.ch\/fr\/wp-json\/wp\/v2\/media?parent=407677"}],"wp:term":[{"taxonomy":"product_brand","embeddable":true,"href":"https:\/\/bogensportdiscount.ch\/fr\/wp-json\/wp\/v2\/product_brand?post=407677"},{"taxonomy":"product_cat","embeddable":true,"href":"https:\/\/bogensportdiscount.ch\/fr\/wp-json\/wp\/v2\/product_cat?post=407677"},{"taxonomy":"product_tag","embeddable":true,"href":"https:\/\/bogensportdiscount.ch\/fr\/wp-json\/wp\/v2\/product_tag?post=407677"}],"curies":[{"name":"wp","href":"https:\/\/api.w.org\/{rel}","templated":true}]}}