{"id":407674,"date":"2026-04-05T14:56:46","date_gmt":"2026-04-05T12:56:46","guid":{"rendered":"https:\/\/bogensportdiscount.ch\/produkt\/slayer-coffin-crossbow-soft-case-25-for-swat-series\/"},"modified":"2026-05-14T15:26:28","modified_gmt":"2026-05-14T13:26:28","slug":"killer-instinct-armbrust-softcase-slayer-coffin","status":"publish","type":"product","link":"https:\/\/bogensportdiscount.ch\/fr\/produit\/killer-instinct-armbrust-softcase-slayer-coffin\/","title":{"rendered":"KILLERINSTICT SLAYER COFFIN HOUSSE DE PROTECTION POUR ARBAL\u00c8TE"},"content":{"rendered":"<p>Le Killer Instinct Slayer Coffin Softcase est une sacoche de transport pour arbal\u00e8tes qui prot\u00e8ge l'\u00e9quipement de mani\u00e8re fiable lors du transport et du stockage. Le case est disponible en deux longueurs (25&#8243; et 36&#8243;) afin de pouvoir accueillir diff\u00e9rents mod\u00e8les d'arbal\u00e8tes.<\/p>\n<p>La construction en softcase offre une protection de base contre les rayures et les chocs l\u00e9gers, tout en \u00e9tant plus l\u00e9g\u00e8re et plus compacte qu'une bo\u00eete rigide. Ce mod\u00e8le convient pour le transport vers l'aff\u00fbt, vers le terrain d'entra\u00eenement ou pour le rangement \u00e0 domicile.<\/p>\n<ul>\n<li>Deux options de longueur : 25&#8243; et 36&#8243;<\/li>\n<li>Prot\u00e8ge l'arbal\u00e8te des rayures et des salissures<\/li>\n<li>Construction l\u00e9g\u00e8re en softcase<\/li>\n<li>De Killer Instinct, un sp\u00e9cialiste reconnu des arbal\u00e8tes<\/li>\n<\/ul>","protected":false},"excerpt":{"rendered":"<table>\n<tr>\n<th>Propri\u00e9t\u00e9<\/th>\n<th>Valeur<\/th>\n<\/tr>\n<tr>\n<td>Marque<\/td>\n<td>Killer Instinct<\/td>\n<\/tr>\n<tr>\n<td>Longueur<\/td>\n<td>25&#8243; \/ 36&#8243;<\/td>\n<\/tr>\n<tr>\n<td>Pays d'origine<\/td>\n<td>Taiwan<\/td>\n<\/tr>\n<\/table>","protected":false},"featured_media":451156,"comment_status":"open","ping_status":"closed","template":"","meta":[],"product_brand":[627],"product_cat":[4373],"product_tag":[],"class_list":{"0":"post-407674","1":"product","2":"type-product","3":"status-publish","4":"has-post-thumbnail","6":"product_brand-killerinstict","7":"product_cat-armbrueste-taschen","8":"product_shipping_class-bsd-standard","10":"first","11":"instock","12":"shipping-taxable","13":"purchasable","14":"product-type-variable"},"yoast_head":"<!-- This site is optimized with the Yoast SEO plugin v27.6 - https:\/\/yoast.com\/product\/yoast-seo-wordpress\/ -->\n<title>KILLERINSTICT SLAYER COFFIN ARMBRUST SCHUTZTASCHE - Bogensportdiscount \u2013 B\u00f6gen, Pfeile, Targets &amp; Zubeh\u00f6r<\/title>\n<meta name=\"description\" content=\"KILLERINSTICT SLAYER COFFIN ARMBRUST SCHUTZTASCHE g\u00fcnstig kaufen bei Bogensportdiscount \u2013 Top-Marken, schneller Versand aus der Schweiz.\" \/>\n<meta name=\"robots\" content=\"index, follow, max-snippet:-1, max-image-preview:large, max-video-preview:-1\" \/>\n<link rel=\"canonical\" href=\"https:\/\/bogensportdiscount.ch\/fr\/produit\/killer-instinct-armbrust-softcase-slayer-coffin\/\" \/>\n<meta property=\"og:locale\" content=\"fr_FR\" \/>\n<meta property=\"og:type\" content=\"article\" \/>\n<meta property=\"og:title\" content=\"KILLERINSTICT SLAYER COFFIN ARMBRUST SCHUTZTASCHE - Bogensportdiscount \u2013 B\u00f6gen, Pfeile, Targets &amp; Zubeh\u00f6r\" \/>\n<meta property=\"og:description\" content=\"KILLERINSTICT SLAYER COFFIN ARMBRUST SCHUTZTASCHE g\u00fcnstig kaufen bei Bogensportdiscount \u2013 Top-Marken, schneller Versand aus der Schweiz.\" \/>\n<meta property=\"og:url\" content=\"https:\/\/bogensportdiscount.ch\/fr\/produit\/killer-instinct-armbrust-softcase-slayer-coffin\/\" \/>\n<meta property=\"og:site_name\" content=\"Bogensportdiscount \u2013 B\u00f6gen, Pfeile, Targets &amp; Zubeh\u00f6r\" \/>\n<meta property=\"article:modified_time\" content=\"2026-05-14T13:26:28+00:00\" \/>\n<meta property=\"og:image\" content=\"https:\/\/bogensportdiscount.ch\/wp-content\/uploads\/bsm-images\/A055392_1.png\" \/>\n\t<meta property=\"og:image:width\" content=\"3744\" \/>\n\t<meta property=\"og:image:height\" content=\"4514\" \/>\n\t<meta property=\"og:image:type\" content=\"image\/png\" \/>\n<meta name=\"twitter:card\" content=\"summary_large_image\" \/>\n<meta name=\"twitter:label1\" content=\"Dur\u00e9e de lecture estim\u00e9e\" \/>\n\t<meta name=\"twitter:data1\" content=\"1 minute\" \/>\n<script type=\"application\/ld+json\" class=\"yoast-schema-graph\">{\"@context\":\"https:\\\/\\\/schema.org\",\"@graph\":[{\"@type\":\"WebPage\",\"@id\":\"https:\\\/\\\/bogensportdiscount.ch\\\/produkt\\\/killer-instinct-armbrust-softcase-slayer-coffin\\\/\",\"url\":\"https:\\\/\\\/bogensportdiscount.ch\\\/produkt\\\/killer-instinct-armbrust-softcase-slayer-coffin\\\/\",\"name\":\"KILLERINSTICT SLAYER COFFIN ARMBRUST SCHUTZTASCHE - Bogensportdiscount \u2013 B\u00f6gen, Pfeile, Targets &amp; Zubeh\u00f6r\",\"isPartOf\":{\"@id\":\"https:\\\/\\\/bogensportdiscount.ch\\\/#website\"},\"primaryImageOfPage\":{\"@id\":\"https:\\\/\\\/bogensportdiscount.ch\\\/produkt\\\/killer-instinct-armbrust-softcase-slayer-coffin\\\/#primaryimage\"},\"image\":{\"@id\":\"https:\\\/\\\/bogensportdiscount.ch\\\/produkt\\\/killer-instinct-armbrust-softcase-slayer-coffin\\\/#primaryimage\"},\"thumbnailUrl\":\"https:\\\/\\\/bogensportdiscount.ch\\\/wp-content\\\/uploads\\\/bsm-images\\\/A055392_1.png\",\"datePublished\":\"2026-04-05T12:56:46+00:00\",\"dateModified\":\"2026-05-14T13:26:28+00:00\",\"description\":\"KILLERINSTICT SLAYER COFFIN ARMBRUST SCHUTZTASCHE g\u00fcnstig kaufen bei Bogensportdiscount \u2013 Top-Marken, schneller Versand aus der Schweiz.\",\"breadcrumb\":{\"@id\":\"https:\\\/\\\/bogensportdiscount.ch\\\/produkt\\\/killer-instinct-armbrust-softcase-slayer-coffin\\\/#breadcrumb\"},\"inLanguage\":\"fr-FR\",\"potentialAction\":[{\"@type\":\"ReadAction\",\"target\":[\"https:\\\/\\\/bogensportdiscount.ch\\\/produkt\\\/killer-instinct-armbrust-softcase-slayer-coffin\\\/\"]}]},{\"@type\":\"ImageObject\",\"inLanguage\":\"fr-FR\",\"@id\":\"https:\\\/\\\/bogensportdiscount.ch\\\/produkt\\\/killer-instinct-armbrust-softcase-slayer-coffin\\\/#primaryimage\",\"url\":\"https:\\\/\\\/bogensportdiscount.ch\\\/wp-content\\\/uploads\\\/bsm-images\\\/A055392_1.png\",\"contentUrl\":\"https:\\\/\\\/bogensportdiscount.ch\\\/wp-content\\\/uploads\\\/bsm-images\\\/A055392_1.png\",\"width\":2074,\"height\":2500},{\"@type\":\"BreadcrumbList\",\"@id\":\"https:\\\/\\\/bogensportdiscount.ch\\\/produkt\\\/killer-instinct-armbrust-softcase-slayer-coffin\\\/#breadcrumb\",\"itemListElement\":[{\"@type\":\"ListItem\",\"position\":1,\"name\":\"Home\",\"item\":\"https:\\\/\\\/bogensportdiscount.ch\\\/\"},{\"@type\":\"ListItem\",\"position\":2,\"name\":\"Shop\",\"item\":\"https:\\\/\\\/bogensportdiscount.ch\\\/shop\\\/\"},{\"@type\":\"ListItem\",\"position\":3,\"name\":\"KILLERINSTICT SLAYER COFFIN CROSSBOW SOFT CASE\"}]},{\"@type\":\"WebSite\",\"@id\":\"https:\\\/\\\/bogensportdiscount.ch\\\/#website\",\"url\":\"https:\\\/\\\/bogensportdiscount.ch\\\/\",\"name\":\"Bogensportdiscount\",\"description\":\"\",\"potentialAction\":[{\"@type\":\"SearchAction\",\"target\":{\"@type\":\"EntryPoint\",\"urlTemplate\":\"https:\\\/\\\/bogensportdiscount.ch\\\/?s={search_term_string}\"},\"query-input\":{\"@type\":\"PropertyValueSpecification\",\"valueRequired\":true,\"valueName\":\"search_term_string\"}}],\"inLanguage\":\"fr-FR\"}]}<\/script>\n<!-- \/ Yoast SEO plugin. -->","yoast_head_json":{"title":"KILLERINSTICT SLAYER COFFIN ARMBRUST SCHUTZTASCHE - Bogensportdiscount \u2013 B\u00f6gen, Pfeile, Targets &amp; Zubeh\u00f6r","description":"KILLERINSTICT SLAYER COFFIN ARMBRUST SCHUTZTASCHE g\u00fcnstig kaufen bei Bogensportdiscount \u2013 Top-Marken, schneller Versand aus der Schweiz.","robots":{"index":"index","follow":"follow","max-snippet":"max-snippet:-1","max-image-preview":"max-image-preview:large","max-video-preview":"max-video-preview:-1"},"canonical":"https:\/\/bogensportdiscount.ch\/fr\/produit\/killer-instinct-armbrust-softcase-slayer-coffin\/","og_locale":"fr_FR","og_type":"article","og_title":"KILLERINSTICT SLAYER COFFIN ARMBRUST SCHUTZTASCHE - Bogensportdiscount \u2013 B\u00f6gen, Pfeile, Targets &amp; Zubeh\u00f6r","og_description":"KILLERINSTICT SLAYER COFFIN ARMBRUST SCHUTZTASCHE g\u00fcnstig kaufen bei Bogensportdiscount \u2013 Top-Marken, schneller Versand aus der Schweiz.","og_url":"https:\/\/bogensportdiscount.ch\/fr\/produit\/killer-instinct-armbrust-softcase-slayer-coffin\/","og_site_name":"Bogensportdiscount \u2013 B\u00f6gen, Pfeile, Targets &amp; Zubeh\u00f6r","article_modified_time":"2026-05-14T13:26:28+00:00","og_image":[{"url":"https:\/\/bogensportdiscount.ch\/wp-content\/uploads\/bsm-images\/A055392_1.png","width":3744,"height":4514,"type":"image\/png"}],"twitter_card":"summary_large_image","twitter_misc":{"Dur\u00e9e de lecture estim\u00e9e":"1 minute"},"schema":{"@context":"https:\/\/schema.org","@graph":[{"@type":"WebPage","@id":"https:\/\/bogensportdiscount.ch\/produkt\/killer-instinct-armbrust-softcase-slayer-coffin\/","url":"https:\/\/bogensportdiscount.ch\/produkt\/killer-instinct-armbrust-softcase-slayer-coffin\/","name":"KILLERINSTICT SLAYER COFFIN ARMBRUST SCHUTZTASCHE - Bogensportdiscount \u2013 B\u00f6gen, Pfeile, Targets &amp; Zubeh\u00f6r","isPartOf":{"@id":"https:\/\/bogensportdiscount.ch\/#website"},"primaryImageOfPage":{"@id":"https:\/\/bogensportdiscount.ch\/produkt\/killer-instinct-armbrust-softcase-slayer-coffin\/#primaryimage"},"image":{"@id":"https:\/\/bogensportdiscount.ch\/produkt\/killer-instinct-armbrust-softcase-slayer-coffin\/#primaryimage"},"thumbnailUrl":"https:\/\/bogensportdiscount.ch\/wp-content\/uploads\/bsm-images\/A055392_1.png","datePublished":"2026-04-05T12:56:46+00:00","dateModified":"2026-05-14T13:26:28+00:00","description":"KILLERINSTICT SLAYER COFFIN ARMBRUST SCHUTZTASCHE g\u00fcnstig kaufen bei Bogensportdiscount \u2013 Top-Marken, schneller Versand aus der Schweiz.","breadcrumb":{"@id":"https:\/\/bogensportdiscount.ch\/produkt\/killer-instinct-armbrust-softcase-slayer-coffin\/#breadcrumb"},"inLanguage":"fr-FR","potentialAction":[{"@type":"ReadAction","target":["https:\/\/bogensportdiscount.ch\/produkt\/killer-instinct-armbrust-softcase-slayer-coffin\/"]}]},{"@type":"ImageObject","inLanguage":"fr-FR","@id":"https:\/\/bogensportdiscount.ch\/produkt\/killer-instinct-armbrust-softcase-slayer-coffin\/#primaryimage","url":"https:\/\/bogensportdiscount.ch\/wp-content\/uploads\/bsm-images\/A055392_1.png","contentUrl":"https:\/\/bogensportdiscount.ch\/wp-content\/uploads\/bsm-images\/A055392_1.png","width":2074,"height":2500},{"@type":"BreadcrumbList","@id":"https:\/\/bogensportdiscount.ch\/produkt\/killer-instinct-armbrust-softcase-slayer-coffin\/#breadcrumb","itemListElement":[{"@type":"ListItem","position":1,"name":"Home","item":"https:\/\/bogensportdiscount.ch\/"},{"@type":"ListItem","position":2,"name":"Shop","item":"https:\/\/bogensportdiscount.ch\/shop\/"},{"@type":"ListItem","position":3,"name":"KILLERINSTICT SLAYER COFFIN CROSSBOW SOFT CASE"}]},{"@type":"WebSite","@id":"https:\/\/bogensportdiscount.ch\/#website","url":"https:\/\/bogensportdiscount.ch\/","name":"Bogensportdiscount","description":"","potentialAction":[{"@type":"SearchAction","target":{"@type":"EntryPoint","urlTemplate":"https:\/\/bogensportdiscount.ch\/?s={search_term_string}"},"query-input":{"@type":"PropertyValueSpecification","valueRequired":true,"valueName":"search_term_string"}}],"inLanguage":"fr-FR"}]}},"_links":{"self":[{"href":"https:\/\/bogensportdiscount.ch\/fr\/wp-json\/wp\/v2\/product\/407674","targetHints":{"allow":["GET"]}}],"collection":[{"href":"https:\/\/bogensportdiscount.ch\/fr\/wp-json\/wp\/v2\/product"}],"about":[{"href":"https:\/\/bogensportdiscount.ch\/fr\/wp-json\/wp\/v2\/types\/product"}],"replies":[{"embeddable":true,"href":"https:\/\/bogensportdiscount.ch\/fr\/wp-json\/wp\/v2\/comments?post=407674"}],"wp:featuredmedia":[{"embeddable":true,"href":"https:\/\/bogensportdiscount.ch\/fr\/wp-json\/wp\/v2\/media\/451156"}],"wp:attachment":[{"href":"https:\/\/bogensportdiscount.ch\/fr\/wp-json\/wp\/v2\/media?parent=407674"}],"wp:term":[{"taxonomy":"product_brand","embeddable":true,"href":"https:\/\/bogensportdiscount.ch\/fr\/wp-json\/wp\/v2\/product_brand?post=407674"},{"taxonomy":"product_cat","embeddable":true,"href":"https:\/\/bogensportdiscount.ch\/fr\/wp-json\/wp\/v2\/product_cat?post=407674"},{"taxonomy":"product_tag","embeddable":true,"href":"https:\/\/bogensportdiscount.ch\/fr\/wp-json\/wp\/v2\/product_tag?post=407674"}],"curies":[{"name":"wp","href":"https:\/\/api.w.org\/{rel}","templated":true}]}}