{"id":407629,"date":"2026-04-05T14:56:40","date_gmt":"2026-04-05T12:56:40","guid":{"rendered":"https:\/\/bogensportdiscount.ch\/produkt\/arrows-30-carbon-fastwing-light-with-yellow-white-vane-100-pk\/"},"modified":"2026-04-17T13:47:16","modified_gmt":"2026-04-17T11:47:16","slug":"skylon-fertigpfeil-carbon-fastwing-30","status":"publish","type":"product","link":"https:\/\/bogensportdiscount.ch\/fr\/produit\/skylon-fertigpfeil-carbon-fastwing-30\/","title":{"rendered":"SKYLON ARROWS 30\u2033 CARBONE FASTWING VANE - 100\/pk"},"content":{"rendered":"<p>Der Skylon Fastwing ist ein fertig befiederter Carbon-Jagdpfeil mit einer L\u00e4nge von 30&#8243;. Als Fertigpfeil wird er komplett mit Befiederung geliefert und ist direkt einsatzbereit.<\/p>\n<p>Der Pfeil aus Carbon-Material bietet eine gute Steifigkeit und eignet sich f\u00fcr den Einsatz bei der Jagd sowie im jagdlichen Trainingsbereich. Er ist in drei Farbvarianten \u2013 Gr\u00fcn, Rot und Weiss \u2013 erh\u00e4ltlich.<\/p>\n<ul>\n<li>L\u00e4nge: 30&#8243;<\/li>\n<li>Mat\u00e9riau : carbone<\/li>\n<li>Fertig befiedert, sofort einsatzbereit<\/li>\n<li>Erh\u00e4ltlich in Gr\u00fcn, Rot und Weiss<\/li>\n<\/ul>","protected":false},"excerpt":{"rendered":"<p>Der Skylon Carbon Fastwing ist ein befiderter Carbon-Jagdpfeil in der L\u00e4nge 30&#8243;. Er ist in den Farben Gr\u00fcn, Rot und Weiss erh\u00e4ltlich und eignet sich f\u00fcr den Jagdeinsatz sowie das jagdliche Training.<\/p>","protected":false},"featured_media":439498,"comment_status":"open","ping_status":"closed","template":"","meta":[],"product_brand":[457],"product_cat":[4303],"product_tag":[],"class_list":{"0":"post-407629","1":"product","2":"type-product","3":"status-publish","4":"has-post-thumbnail","6":"product_brand-skylon","7":"product_cat-befiederte-carbon-jagd-pfeile","9":"first","10":"instock","11":"shipping-taxable","12":"purchasable","13":"product-type-variable"},"_links":{"self":[{"href":"https:\/\/bogensportdiscount.ch\/fr\/wp-json\/wp\/v2\/product\/407629","targetHints":{"allow":["GET"]}}],"collection":[{"href":"https:\/\/bogensportdiscount.ch\/fr\/wp-json\/wp\/v2\/product"}],"about":[{"href":"https:\/\/bogensportdiscount.ch\/fr\/wp-json\/wp\/v2\/types\/product"}],"replies":[{"embeddable":true,"href":"https:\/\/bogensportdiscount.ch\/fr\/wp-json\/wp\/v2\/comments?post=407629"}],"wp:featuredmedia":[{"embeddable":true,"href":"https:\/\/bogensportdiscount.ch\/fr\/wp-json\/wp\/v2\/media\/439498"}],"wp:attachment":[{"href":"https:\/\/bogensportdiscount.ch\/fr\/wp-json\/wp\/v2\/media?parent=407629"}],"wp:term":[{"taxonomy":"product_brand","embeddable":true,"href":"https:\/\/bogensportdiscount.ch\/fr\/wp-json\/wp\/v2\/product_brand?post=407629"},{"taxonomy":"product_cat","embeddable":true,"href":"https:\/\/bogensportdiscount.ch\/fr\/wp-json\/wp\/v2\/product_cat?post=407629"},{"taxonomy":"product_tag","embeddable":true,"href":"https:\/\/bogensportdiscount.ch\/fr\/wp-json\/wp\/v2\/product_tag?post=407629"}],"curies":[{"name":"wp","href":"https:\/\/api.w.org\/{rel}","templated":true}]}}