{"id":407560,"date":"2026-04-05T14:56:32","date_gmt":"2026-04-05T12:56:32","guid":{"rendered":"https:\/\/bogensportdiscount.ch\/produkt\/hunting-3d-sights-accuhunter-slider-accustat-ii-scope-3-pin-019-black\/"},"modified":"2026-04-21T08:43:36","modified_gmt":"2026-04-21T06:43:36","slug":"axcel-compound-jagd-3d-visier-accuhunter-slider-accustat-ii-scope","status":"publish","type":"product","link":"https:\/\/bogensportdiscount.ch\/fr\/produit\/axcel-compound-jagd-3d-visier-accuhunter-slider-accustat-ii-scope\/","title":{"rendered":"AXCEL JAGD &#038; 3D VISIERE ACCUHUNTER SLIDER ACCUSTAT II ZIELFERNROHR"},"content":{"rendered":"<p>Das AXCEL AccuHunter Slider mit AccuStat II Scope ist ein Slider-Visier f\u00fcr Compound-B\u00f6gen, das speziell f\u00fcr Jagd- und 3D-Anwendungen entwickelt wurde. Der Slider-Mechanismus erm\u00f6glicht eine stufenlose Entfernungsanpassung, was das Visier vielseitig im Gel\u00e4nde einsetzbar macht.<\/p>\n<p>Das AccuStat II Scope bietet eine pr\u00e4zise Optik und ist in zwei Fadendicken erh\u00e4ltlich \u2013 .010&#8243; f\u00fcr feinere Zielgenauigkeit und .019&#8243; f\u00fcr bessere Sichtbarkeit bei schlechten Lichtverh\u00e4ltnissen. Die robuste Bauweise entspricht den Anforderungen des Jagdeinsatzes.<\/p>\n<ul>\n<li>Slider-Mechanismus f\u00fcr flexible Entfernungseinstellung<\/li>\n<li>AccuStat II Scope inklusive<\/li>\n<li>Verf\u00fcgbar in Fadendicke .010&#8243; und .019&#8243;<\/li>\n<li>Adapt\u00e9 \u00e0 la chasse et au tir 3D \u00e0 l'arc<\/li>\n<\/ul>","protected":false},"excerpt":{"rendered":"<p><strong>Marque :<\/strong> Axcel<\/p>","protected":false},"featured_media":451110,"comment_status":"open","ping_status":"closed","template":"","meta":[],"product_brand":[467],"product_cat":[4263],"product_tag":[],"class_list":{"0":"post-407560","1":"product","2":"type-product","3":"status-publish","4":"has-post-thumbnail","6":"product_brand-axcel","7":"product_cat-jagd-und-3d-visiere","8":"product_shipping_class-bsd-standard","10":"first","11":"instock","12":"shipping-taxable","13":"purchasable","14":"product-type-variable"},"yoast_head":"<!-- This site is optimized with the Yoast SEO plugin v27.4 - https:\/\/yoast.com\/product\/yoast-seo-wordpress\/ -->\n<title>AXCEL JAGD &amp; 3D VISIERE ACCUHUNTER SLIDER ACCUSTAT II LUNETTE DE TIR - Bogensportdiscount \u2013 Arcs, fl\u00e8ches, cibles et accessoires<\/title>\n<meta name=\"description\" content=\"AXCEL JAGD &amp; 3D VISIERE ACCUHUNTER SLIDER ACCUSTAT II LUNETTE DE VIS\u00c9E : achetez-la \u00e0 prix avantageux chez Bogensportdiscount \u2013 Grandes marques, livraison rapide depuis la Suisse.\" \/>\n<meta name=\"robots\" content=\"index, follow, max-snippet:-1, max-image-preview:large, max-video-preview:-1\" \/>\n<link rel=\"canonical\" href=\"https:\/\/bogensportdiscount.ch\/fr\/produit\/axcel-compound-jagd-3d-visier-accuhunter-slider-accustat-ii-scope\/\" \/>\n<meta property=\"og:locale\" content=\"fr_FR\" \/>\n<meta property=\"og:type\" content=\"article\" \/>\n<meta property=\"og:title\" content=\"AXCEL JAGD &amp; 3D VISIERE ACCUHUNTER SLIDER ACCUSTAT II LUNETTE DE TIR - Bogensportdiscount \u2013 Arcs, fl\u00e8ches, cibles et accessoires\" \/>\n<meta property=\"og:description\" content=\"AXCEL JAGD &amp; 3D VISIERE ACCUHUNTER SLIDER ACCUSTAT II LUNETTE DE VIS\u00c9E : achetez-la \u00e0 prix avantageux chez Bogensportdiscount \u2013 Grandes marques, livraison rapide depuis la Suisse.\" \/>\n<meta property=\"og:url\" content=\"https:\/\/bogensportdiscount.ch\/fr\/produit\/axcel-compound-jagd-3d-visier-accuhunter-slider-accustat-ii-scope\/\" \/>\n<meta property=\"og:site_name\" content=\"Bogensportdiscount \u2013 B\u00f6gen, Pfeile, Targets &amp; Zubeh\u00f6r\" \/>\n<meta property=\"article:modified_time\" content=\"2026-04-21T06:43:36+00:00\" \/>\n<meta property=\"og:image\" content=\"https:\/\/bogensportdiscount.ch\/wp-content\/uploads\/bsm-images\/A054780_1.png\" \/>\n\t<meta property=\"og:image:width\" content=\"3436\" \/>\n\t<meta property=\"og:image:height\" content=\"2188\" \/>\n\t<meta property=\"og:image:type\" content=\"image\/png\" \/>\n<meta name=\"twitter:card\" content=\"summary_large_image\" \/>\n<script type=\"application\/ld+json\" class=\"yoast-schema-graph\">{\"@context\":\"https:\\\/\\\/schema.org\",\"@graph\":[{\"@type\":\"WebPage\",\"@id\":\"https:\\\/\\\/bogensportdiscount.ch\\\/produkt\\\/axcel-compound-jagd-3d-visier-accuhunter-slider-accustat-ii-scope\\\/\",\"url\":\"https:\\\/\\\/bogensportdiscount.ch\\\/produkt\\\/axcel-compound-jagd-3d-visier-accuhunter-slider-accustat-ii-scope\\\/\",\"name\":\"AXCEL JAGD & 3D VISIERE ACCUHUNTER SLIDER ACCUSTAT II ZIELFERNROHR - Bogensportdiscount \u2013 B\u00f6gen, Pfeile, Targets &amp; Zubeh\u00f6r\",\"isPartOf\":{\"@id\":\"https:\\\/\\\/bogensportdiscount.ch\\\/#website\"},\"primaryImageOfPage\":{\"@id\":\"https:\\\/\\\/bogensportdiscount.ch\\\/produkt\\\/axcel-compound-jagd-3d-visier-accuhunter-slider-accustat-ii-scope\\\/#primaryimage\"},\"image\":{\"@id\":\"https:\\\/\\\/bogensportdiscount.ch\\\/produkt\\\/axcel-compound-jagd-3d-visier-accuhunter-slider-accustat-ii-scope\\\/#primaryimage\"},\"thumbnailUrl\":\"https:\\\/\\\/bogensportdiscount.ch\\\/wp-content\\\/uploads\\\/bsm-images\\\/A054780_1.png\",\"datePublished\":\"2026-04-05T12:56:32+00:00\",\"dateModified\":\"2026-04-21T06:43:36+00:00\",\"description\":\"AXCEL JAGD & 3D VISIERE ACCUHUNTER SLIDER ACCUSTAT II ZIELFERNROHR g\u00fcnstig kaufen bei Bogensportdiscount \u2013 Top-Marken, schneller Versand aus der Schweiz.\",\"breadcrumb\":{\"@id\":\"https:\\\/\\\/bogensportdiscount.ch\\\/produkt\\\/axcel-compound-jagd-3d-visier-accuhunter-slider-accustat-ii-scope\\\/#breadcrumb\"},\"inLanguage\":\"fr-FR\",\"potentialAction\":[{\"@type\":\"ReadAction\",\"target\":[\"https:\\\/\\\/bogensportdiscount.ch\\\/produkt\\\/axcel-compound-jagd-3d-visier-accuhunter-slider-accustat-ii-scope\\\/\"]}]},{\"@type\":\"ImageObject\",\"inLanguage\":\"fr-FR\",\"@id\":\"https:\\\/\\\/bogensportdiscount.ch\\\/produkt\\\/axcel-compound-jagd-3d-visier-accuhunter-slider-accustat-ii-scope\\\/#primaryimage\",\"url\":\"https:\\\/\\\/bogensportdiscount.ch\\\/wp-content\\\/uploads\\\/bsm-images\\\/A054780_1.png\",\"contentUrl\":\"https:\\\/\\\/bogensportdiscount.ch\\\/wp-content\\\/uploads\\\/bsm-images\\\/A054780_1.png\",\"width\":3436,\"height\":2188},{\"@type\":\"BreadcrumbList\",\"@id\":\"https:\\\/\\\/bogensportdiscount.ch\\\/produkt\\\/axcel-compound-jagd-3d-visier-accuhunter-slider-accustat-ii-scope\\\/#breadcrumb\",\"itemListElement\":[{\"@type\":\"ListItem\",\"position\":1,\"name\":\"Home\",\"item\":\"https:\\\/\\\/bogensportdiscount.ch\\\/\"},{\"@type\":\"ListItem\",\"position\":2,\"name\":\"Shop\",\"item\":\"https:\\\/\\\/bogensportdiscount.ch\\\/shop\\\/\"},{\"@type\":\"ListItem\",\"position\":3,\"name\":\"AXCEL JAGD &#038; 3D VISIERE ACCUHUNTER SLIDER ACCUSTAT II ZIELFERNROHR\"}]},{\"@type\":\"WebSite\",\"@id\":\"https:\\\/\\\/bogensportdiscount.ch\\\/#website\",\"url\":\"https:\\\/\\\/bogensportdiscount.ch\\\/\",\"name\":\"Bogensportdiscount\",\"description\":\"\",\"potentialAction\":[{\"@type\":\"SearchAction\",\"target\":{\"@type\":\"EntryPoint\",\"urlTemplate\":\"https:\\\/\\\/bogensportdiscount.ch\\\/?s={search_term_string}\"},\"query-input\":{\"@type\":\"PropertyValueSpecification\",\"valueRequired\":true,\"valueName\":\"search_term_string\"}}],\"inLanguage\":\"fr-FR\"}]}<\/script>\n<!-- \/ Yoast SEO plugin. -->","yoast_head_json":{"title":"AXCEL JAGD &amp; 3D VISIERE ACCUHUNTER SLIDER ACCUSTAT II LUNETTE DE TIR - Bogensportdiscount \u2013 Arcs, fl\u00e8ches, cibles et accessoires","description":"AXCEL JAGD &amp; 3D VISIERE ACCUHUNTER SLIDER ACCUSTAT II LUNETTE DE VIS\u00c9E : achetez-la \u00e0 prix avantageux chez Bogensportdiscount \u2013 Grandes marques, livraison rapide depuis la Suisse.","robots":{"index":"index","follow":"follow","max-snippet":"max-snippet:-1","max-image-preview":"max-image-preview:large","max-video-preview":"max-video-preview:-1"},"canonical":"https:\/\/bogensportdiscount.ch\/fr\/produit\/axcel-compound-jagd-3d-visier-accuhunter-slider-accustat-ii-scope\/","og_locale":"fr_FR","og_type":"article","og_title":"AXCEL JAGD &amp; 3D VISIERE ACCUHUNTER SLIDER ACCUSTAT II LUNETTE DE TIR - Bogensportdiscount \u2013 Arcs, fl\u00e8ches, cibles et accessoires","og_description":"AXCEL JAGD &amp; 3D VISIERE ACCUHUNTER SLIDER ACCUSTAT II LUNETTE DE VIS\u00c9E : achetez-la \u00e0 prix avantageux chez Bogensportdiscount \u2013 Grandes marques, livraison rapide depuis la Suisse.","og_url":"https:\/\/bogensportdiscount.ch\/fr\/produit\/axcel-compound-jagd-3d-visier-accuhunter-slider-accustat-ii-scope\/","og_site_name":"Bogensportdiscount \u2013 B\u00f6gen, Pfeile, Targets &amp; Zubeh\u00f6r","article_modified_time":"2026-04-21T06:43:36+00:00","og_image":[{"url":"https:\/\/bogensportdiscount.ch\/wp-content\/uploads\/bsm-images\/A054780_1.png","width":3436,"height":2188,"type":"image\/png"}],"twitter_card":"summary_large_image","schema":{"@context":"https:\/\/schema.org","@graph":[{"@type":"WebPage","@id":"https:\/\/bogensportdiscount.ch\/produkt\/axcel-compound-jagd-3d-visier-accuhunter-slider-accustat-ii-scope\/","url":"https:\/\/bogensportdiscount.ch\/produkt\/axcel-compound-jagd-3d-visier-accuhunter-slider-accustat-ii-scope\/","name":"AXCEL JAGD &amp; 3D VISIERE ACCUHUNTER SLIDER ACCUSTAT II LUNETTE DE TIR - Bogensportdiscount \u2013 Arcs, fl\u00e8ches, cibles et accessoires","isPartOf":{"@id":"https:\/\/bogensportdiscount.ch\/#website"},"primaryImageOfPage":{"@id":"https:\/\/bogensportdiscount.ch\/produkt\/axcel-compound-jagd-3d-visier-accuhunter-slider-accustat-ii-scope\/#primaryimage"},"image":{"@id":"https:\/\/bogensportdiscount.ch\/produkt\/axcel-compound-jagd-3d-visier-accuhunter-slider-accustat-ii-scope\/#primaryimage"},"thumbnailUrl":"https:\/\/bogensportdiscount.ch\/wp-content\/uploads\/bsm-images\/A054780_1.png","datePublished":"2026-04-05T12:56:32+00:00","dateModified":"2026-04-21T06:43:36+00:00","description":"AXCEL JAGD &amp; 3D VISIERE ACCUHUNTER SLIDER ACCUSTAT II LUNETTE DE VIS\u00c9E : achetez-la \u00e0 prix avantageux chez Bogensportdiscount \u2013 Grandes marques, livraison rapide depuis la Suisse.","breadcrumb":{"@id":"https:\/\/bogensportdiscount.ch\/produkt\/axcel-compound-jagd-3d-visier-accuhunter-slider-accustat-ii-scope\/#breadcrumb"},"inLanguage":"fr-FR","potentialAction":[{"@type":"ReadAction","target":["https:\/\/bogensportdiscount.ch\/produkt\/axcel-compound-jagd-3d-visier-accuhunter-slider-accustat-ii-scope\/"]}]},{"@type":"ImageObject","inLanguage":"fr-FR","@id":"https:\/\/bogensportdiscount.ch\/produkt\/axcel-compound-jagd-3d-visier-accuhunter-slider-accustat-ii-scope\/#primaryimage","url":"https:\/\/bogensportdiscount.ch\/wp-content\/uploads\/bsm-images\/A054780_1.png","contentUrl":"https:\/\/bogensportdiscount.ch\/wp-content\/uploads\/bsm-images\/A054780_1.png","width":3436,"height":2188},{"@type":"BreadcrumbList","@id":"https:\/\/bogensportdiscount.ch\/produkt\/axcel-compound-jagd-3d-visier-accuhunter-slider-accustat-ii-scope\/#breadcrumb","itemListElement":[{"@type":"ListItem","position":1,"name":"Home","item":"https:\/\/bogensportdiscount.ch\/"},{"@type":"ListItem","position":2,"name":"Shop","item":"https:\/\/bogensportdiscount.ch\/shop\/"},{"@type":"ListItem","position":3,"name":"AXCEL JAGD &#038; 3D VISIERE ACCUHUNTER SLIDER ACCUSTAT II ZIELFERNROHR"}]},{"@type":"WebSite","@id":"https:\/\/bogensportdiscount.ch\/#website","url":"https:\/\/bogensportdiscount.ch\/","name":"Bogensportdiscount","description":"","potentialAction":[{"@type":"SearchAction","target":{"@type":"EntryPoint","urlTemplate":"https:\/\/bogensportdiscount.ch\/?s={search_term_string}"},"query-input":{"@type":"PropertyValueSpecification","valueRequired":true,"valueName":"search_term_string"}}],"inLanguage":"fr-FR"}]}},"_links":{"self":[{"href":"https:\/\/bogensportdiscount.ch\/fr\/wp-json\/wp\/v2\/product\/407560","targetHints":{"allow":["GET"]}}],"collection":[{"href":"https:\/\/bogensportdiscount.ch\/fr\/wp-json\/wp\/v2\/product"}],"about":[{"href":"https:\/\/bogensportdiscount.ch\/fr\/wp-json\/wp\/v2\/types\/product"}],"replies":[{"embeddable":true,"href":"https:\/\/bogensportdiscount.ch\/fr\/wp-json\/wp\/v2\/comments?post=407560"}],"wp:featuredmedia":[{"embeddable":true,"href":"https:\/\/bogensportdiscount.ch\/fr\/wp-json\/wp\/v2\/media\/451110"}],"wp:attachment":[{"href":"https:\/\/bogensportdiscount.ch\/fr\/wp-json\/wp\/v2\/media?parent=407560"}],"wp:term":[{"taxonomy":"product_brand","embeddable":true,"href":"https:\/\/bogensportdiscount.ch\/fr\/wp-json\/wp\/v2\/product_brand?post=407560"},{"taxonomy":"product_cat","embeddable":true,"href":"https:\/\/bogensportdiscount.ch\/fr\/wp-json\/wp\/v2\/product_cat?post=407560"},{"taxonomy":"product_tag","embeddable":true,"href":"https:\/\/bogensportdiscount.ch\/fr\/wp-json\/wp\/v2\/product_tag?post=407560"}],"curies":[{"name":"wp","href":"https:\/\/api.w.org\/{rel}","templated":true}]}}