{"id":407529,"date":"2026-04-05T14:56:27","date_gmt":"2026-04-05T12:56:27","guid":{"rendered":"https:\/\/bogensportdiscount.ch\/produkt\/hand-model-honey-badger-claw-flex-3-finger-back-tension-quicksilver-medium\/"},"modified":"2026-04-17T13:47:14","modified_gmt":"2026-04-17T11:47:14","slug":"truball-release-honey-badger-claw-flex-3-finger-back-tension","status":"publish","type":"product","link":"https:\/\/bogensportdiscount.ch\/fr\/produit\/truball-release-honey-badger-claw-flex-3-finger-back-tension\/","title":{"rendered":"TRUBALL HAND MODEL HONEY BADGER CLAW FLEX 3 FINGER BACK TENSION"},"content":{"rendered":"<p>Der TRUBALL Honey Badger Claw Flex ist ein Backtension-Release mit 3-Finger-Griffdesign. Backtension-Releases werden ohne mechanischen Ausl\u00f6ser bet\u00e4tigt \u2013 die Ausl\u00f6sung erfolgt durch gleichm\u00e4ssigen Zug mit dem R\u00fccken, was einen gleichm\u00e4ssigeren Schussablauf und eine reduzierte Schussantizipation f\u00f6rdert.<\/p>\n<p>Das Claw-Flex-Modell ist speziell f\u00fcr Bogensch\u00fctzen konzipiert, die auf einen sauberen, repetierbaren Schuss Wert legen. Die flexible Klauen-Konstruktion passt sich der Hand an und bietet einen sicheren, komfortablen Halt. Erh\u00e4ltlich in den Gr\u00f6ssen S, M und L sowie in Schwarz und Silber.<\/p>\n<ul>\n<li>3-Finger-Backtension-Mechanismus<\/li>\n<li>Flexible Klauen-Konstruktion f\u00fcr optimale Passform<\/li>\n<li>Erh\u00e4ltlich in S, M und L<\/li>\n<li>Farben: Schwarz und Silber<\/li>\n<\/ul>","protected":false},"excerpt":{"rendered":"<p>Der TRUBALL Honey Badger Claw Flex ist ein 3-Finger-Backtension-Release f\u00fcr Compound-Bogensch\u00fctzen. Er ist in den Gr\u00f6ssen S, M und L sowie in den Farben Schwarz und Silber erh\u00e4ltlich. Gefertigt in den USA.<\/p>","protected":false},"featured_media":444658,"comment_status":"open","ping_status":"closed","template":"","meta":[],"product_brand":[578],"product_cat":[4348],"product_tag":[],"class_list":{"0":"post-407529","1":"product","2":"type-product","3":"status-publish","4":"has-post-thumbnail","6":"product_brand-truball","7":"product_cat-back-tension-releases","9":"first","10":"instock","11":"shipping-taxable","12":"purchasable","13":"product-type-variable"},"_links":{"self":[{"href":"https:\/\/bogensportdiscount.ch\/fr\/wp-json\/wp\/v2\/product\/407529","targetHints":{"allow":["GET"]}}],"collection":[{"href":"https:\/\/bogensportdiscount.ch\/fr\/wp-json\/wp\/v2\/product"}],"about":[{"href":"https:\/\/bogensportdiscount.ch\/fr\/wp-json\/wp\/v2\/types\/product"}],"replies":[{"embeddable":true,"href":"https:\/\/bogensportdiscount.ch\/fr\/wp-json\/wp\/v2\/comments?post=407529"}],"wp:featuredmedia":[{"embeddable":true,"href":"https:\/\/bogensportdiscount.ch\/fr\/wp-json\/wp\/v2\/media\/444658"}],"wp:attachment":[{"href":"https:\/\/bogensportdiscount.ch\/fr\/wp-json\/wp\/v2\/media?parent=407529"}],"wp:term":[{"taxonomy":"product_brand","embeddable":true,"href":"https:\/\/bogensportdiscount.ch\/fr\/wp-json\/wp\/v2\/product_brand?post=407529"},{"taxonomy":"product_cat","embeddable":true,"href":"https:\/\/bogensportdiscount.ch\/fr\/wp-json\/wp\/v2\/product_cat?post=407529"},{"taxonomy":"product_tag","embeddable":true,"href":"https:\/\/bogensportdiscount.ch\/fr\/wp-json\/wp\/v2\/product_tag?post=407529"}],"curies":[{"name":"wp","href":"https:\/\/api.w.org\/{rel}","templated":true}]}}