{"id":407449,"date":"2026-04-05T14:56:18","date_gmt":"2026-04-05T12:56:18","guid":{"rendered":"https:\/\/bogensportdiscount.ch\/produkt\/string-dampers-silencers-nitro-rubber-whiskers-silver-black-2-pk\/"},"modified":"2026-05-14T15:26:27","modified_gmt":"2026-05-14T13:26:27","slug":"pine-ridge-sehnendaempfer-nitro-rubber-whiskers","status":"publish","type":"product","link":"https:\/\/bogensportdiscount.ch\/fr\/produit\/pine-ridge-sehnendaempfer-nitro-rubber-whiskers\/","title":{"rendered":"PINE RIDGE SILENCIEUX DE CORDE SILENCER NITRO RUBBER WHISKER 2\/PK"},"content":{"rendered":"<p>Les PINE RIDGE Nitro Rubber Whiskers sont des amortisseurs de corde directement int\u00e9gr\u00e9s dans la corde d'arc. Ils amortissent les vibrations apr\u00e8s le tir et r\u00e9duisent sensiblement le bruit de l'arc.<\/p>\n<p>Les whiskers sont en caoutchouc souple et se montent facilement. Ils conviennent aux arcs classiques et aux arcs \u00e0 poulies et sont disponibles en trois variantes de couleurs.<\/p>\n<ul>\n<li>R\u00e9duit les vibrations de la corde et les bruits de tir<\/li>\n<li>Montage facile directement sur la corde d'arc<\/li>\n<li>Mat\u00e9riau : Caoutchouc<\/li>\n<li>Disponible en noir, camo et rouge\/noir<\/li>\n<\/ul>","protected":false},"excerpt":{"rendered":"<table>\n<tr>\n<th>Propri\u00e9t\u00e9<\/th>\n<th>Valeur<\/th>\n<\/tr>\n<tr>\n<td>Marque<\/td>\n<td>Pine Ridge<\/td>\n<\/tr>\n<tr>\n<td>Pays d'origine<\/td>\n<td>USA<\/td>\n<\/tr>\n<\/table>","protected":false},"featured_media":452791,"comment_status":"open","ping_status":"closed","template":"","meta":[],"product_brand":[551],"product_cat":[4198],"product_tag":[],"class_list":{"0":"post-407449","1":"product","2":"type-product","3":"status-publish","4":"has-post-thumbnail","6":"product_brand-pine-ridge","7":"product_cat-sehnen-daempfer","8":"product_shipping_class-bsd-standard","10":"first","11":"instock","12":"shipping-taxable","13":"purchasable","14":"product-type-variable"},"yoast_head":"<!-- This site is optimized with the Yoast SEO plugin v27.6 - https:\/\/yoast.com\/product\/yoast-seo-wordpress\/ -->\n<title>PINE RIDGE SEHNEN-D\u00c4MPFER SILENCER NITRO RUBBER WHISKER 2\/PK - Bogensportdiscount \u2013 B\u00f6gen, Pfeile, Targets &amp; Zubeh\u00f6r<\/title>\n<meta name=\"description\" content=\"PINE RIDGE SEHNEN-D\u00c4MPFER SILENCER NITRO RUBBER WHISKER 2\/PK g\u00fcnstig kaufen bei Bogensportdiscount \u2013 Top-Marken, schneller Versand aus der Schweiz.\" \/>\n<meta name=\"robots\" content=\"index, follow, max-snippet:-1, max-image-preview:large, max-video-preview:-1\" \/>\n<link rel=\"canonical\" href=\"https:\/\/bogensportdiscount.ch\/fr\/produit\/pine-ridge-sehnendaempfer-nitro-rubber-whiskers\/\" \/>\n<meta property=\"og:locale\" content=\"fr_FR\" \/>\n<meta property=\"og:type\" content=\"article\" \/>\n<meta property=\"og:title\" content=\"PINE RIDGE SEHNEN-D\u00c4MPFER SILENCER NITRO RUBBER WHISKER 2\/PK - Bogensportdiscount \u2013 B\u00f6gen, Pfeile, Targets &amp; Zubeh\u00f6r\" \/>\n<meta property=\"og:description\" content=\"PINE RIDGE SEHNEN-D\u00c4MPFER SILENCER NITRO RUBBER WHISKER 2\/PK g\u00fcnstig kaufen bei Bogensportdiscount \u2013 Top-Marken, schneller Versand aus der Schweiz.\" \/>\n<meta property=\"og:url\" content=\"https:\/\/bogensportdiscount.ch\/fr\/produit\/pine-ridge-sehnendaempfer-nitro-rubber-whiskers\/\" \/>\n<meta property=\"og:site_name\" content=\"Bogensportdiscount \u2013 B\u00f6gen, Pfeile, Targets &amp; Zubeh\u00f6r\" \/>\n<meta property=\"article:modified_time\" content=\"2026-05-14T13:26:27+00:00\" \/>\n<meta property=\"og:image\" content=\"https:\/\/bogensportdiscount.ch\/wp-content\/uploads\/bsm-images\/a054656_1.jpg\" \/>\n\t<meta property=\"og:image:width\" content=\"400\" \/>\n\t<meta property=\"og:image:height\" content=\"266\" \/>\n\t<meta property=\"og:image:type\" content=\"image\/jpeg\" \/>\n<meta name=\"twitter:card\" content=\"summary_large_image\" \/>\n<script type=\"application\/ld+json\" class=\"yoast-schema-graph\">{\"@context\":\"https:\\\/\\\/schema.org\",\"@graph\":[{\"@type\":\"WebPage\",\"@id\":\"https:\\\/\\\/bogensportdiscount.ch\\\/produkt\\\/pine-ridge-sehnendaempfer-nitro-rubber-whiskers\\\/\",\"url\":\"https:\\\/\\\/bogensportdiscount.ch\\\/produkt\\\/pine-ridge-sehnendaempfer-nitro-rubber-whiskers\\\/\",\"name\":\"PINE RIDGE SEHNEN-D\u00c4MPFER SILENCER NITRO RUBBER WHISKER 2\\\/PK - Bogensportdiscount \u2013 B\u00f6gen, Pfeile, Targets &amp; Zubeh\u00f6r\",\"isPartOf\":{\"@id\":\"https:\\\/\\\/bogensportdiscount.ch\\\/#website\"},\"primaryImageOfPage\":{\"@id\":\"https:\\\/\\\/bogensportdiscount.ch\\\/produkt\\\/pine-ridge-sehnendaempfer-nitro-rubber-whiskers\\\/#primaryimage\"},\"image\":{\"@id\":\"https:\\\/\\\/bogensportdiscount.ch\\\/produkt\\\/pine-ridge-sehnendaempfer-nitro-rubber-whiskers\\\/#primaryimage\"},\"thumbnailUrl\":\"https:\\\/\\\/bogensportdiscount.ch\\\/wp-content\\\/uploads\\\/bsm-images\\\/a054656_1.jpg\",\"datePublished\":\"2026-04-05T12:56:18+00:00\",\"dateModified\":\"2026-05-14T13:26:27+00:00\",\"description\":\"PINE RIDGE SEHNEN-D\u00c4MPFER SILENCER NITRO RUBBER WHISKER 2\\\/PK g\u00fcnstig kaufen bei Bogensportdiscount \u2013 Top-Marken, schneller Versand aus der Schweiz.\",\"breadcrumb\":{\"@id\":\"https:\\\/\\\/bogensportdiscount.ch\\\/produkt\\\/pine-ridge-sehnendaempfer-nitro-rubber-whiskers\\\/#breadcrumb\"},\"inLanguage\":\"fr-FR\",\"potentialAction\":[{\"@type\":\"ReadAction\",\"target\":[\"https:\\\/\\\/bogensportdiscount.ch\\\/produkt\\\/pine-ridge-sehnendaempfer-nitro-rubber-whiskers\\\/\"]}]},{\"@type\":\"ImageObject\",\"inLanguage\":\"fr-FR\",\"@id\":\"https:\\\/\\\/bogensportdiscount.ch\\\/produkt\\\/pine-ridge-sehnendaempfer-nitro-rubber-whiskers\\\/#primaryimage\",\"url\":\"https:\\\/\\\/bogensportdiscount.ch\\\/wp-content\\\/uploads\\\/bsm-images\\\/a054656_1.jpg\",\"contentUrl\":\"https:\\\/\\\/bogensportdiscount.ch\\\/wp-content\\\/uploads\\\/bsm-images\\\/a054656_1.jpg\",\"width\":400,\"height\":266},{\"@type\":\"BreadcrumbList\",\"@id\":\"https:\\\/\\\/bogensportdiscount.ch\\\/produkt\\\/pine-ridge-sehnendaempfer-nitro-rubber-whiskers\\\/#breadcrumb\",\"itemListElement\":[{\"@type\":\"ListItem\",\"position\":1,\"name\":\"Home\",\"item\":\"https:\\\/\\\/bogensportdiscount.ch\\\/\"},{\"@type\":\"ListItem\",\"position\":2,\"name\":\"Shop\",\"item\":\"https:\\\/\\\/bogensportdiscount.ch\\\/shop\\\/\"},{\"@type\":\"ListItem\",\"position\":3,\"name\":\"PINE RIDGE STRING DAMPERS SILENCERS NITRO RUBBER WHISKERS 2\\\/PK\"}]},{\"@type\":\"WebSite\",\"@id\":\"https:\\\/\\\/bogensportdiscount.ch\\\/#website\",\"url\":\"https:\\\/\\\/bogensportdiscount.ch\\\/\",\"name\":\"Bogensportdiscount\",\"description\":\"\",\"potentialAction\":[{\"@type\":\"SearchAction\",\"target\":{\"@type\":\"EntryPoint\",\"urlTemplate\":\"https:\\\/\\\/bogensportdiscount.ch\\\/?s={search_term_string}\"},\"query-input\":{\"@type\":\"PropertyValueSpecification\",\"valueRequired\":true,\"valueName\":\"search_term_string\"}}],\"inLanguage\":\"fr-FR\"}]}<\/script>\n<!-- \/ Yoast SEO plugin. -->","yoast_head_json":{"title":"PINE RIDGE SEHNEN-D\u00c4MPFER SILENCER NITRO RUBBER WHISKER 2\/PK - Bogensportdiscount \u2013 B\u00f6gen, Pfeile, Targets &amp; Zubeh\u00f6r","description":"PINE RIDGE SEHNEN-D\u00c4MPFER SILENCER NITRO RUBBER WHISKER 2\/PK g\u00fcnstig kaufen bei Bogensportdiscount \u2013 Top-Marken, schneller Versand aus der Schweiz.","robots":{"index":"index","follow":"follow","max-snippet":"max-snippet:-1","max-image-preview":"max-image-preview:large","max-video-preview":"max-video-preview:-1"},"canonical":"https:\/\/bogensportdiscount.ch\/fr\/produit\/pine-ridge-sehnendaempfer-nitro-rubber-whiskers\/","og_locale":"fr_FR","og_type":"article","og_title":"PINE RIDGE SEHNEN-D\u00c4MPFER SILENCER NITRO RUBBER WHISKER 2\/PK - Bogensportdiscount \u2013 B\u00f6gen, Pfeile, Targets &amp; Zubeh\u00f6r","og_description":"PINE RIDGE SEHNEN-D\u00c4MPFER SILENCER NITRO RUBBER WHISKER 2\/PK g\u00fcnstig kaufen bei Bogensportdiscount \u2013 Top-Marken, schneller Versand aus der Schweiz.","og_url":"https:\/\/bogensportdiscount.ch\/fr\/produit\/pine-ridge-sehnendaempfer-nitro-rubber-whiskers\/","og_site_name":"Bogensportdiscount \u2013 B\u00f6gen, Pfeile, Targets &amp; Zubeh\u00f6r","article_modified_time":"2026-05-14T13:26:27+00:00","og_image":[{"width":400,"height":266,"url":"https:\/\/bogensportdiscount.ch\/wp-content\/uploads\/bsm-images\/a054656_1.jpg","type":"image\/jpeg"}],"twitter_card":"summary_large_image","schema":{"@context":"https:\/\/schema.org","@graph":[{"@type":"WebPage","@id":"https:\/\/bogensportdiscount.ch\/produkt\/pine-ridge-sehnendaempfer-nitro-rubber-whiskers\/","url":"https:\/\/bogensportdiscount.ch\/produkt\/pine-ridge-sehnendaempfer-nitro-rubber-whiskers\/","name":"PINE RIDGE SEHNEN-D\u00c4MPFER SILENCER NITRO RUBBER WHISKER 2\/PK - Bogensportdiscount \u2013 B\u00f6gen, Pfeile, Targets &amp; Zubeh\u00f6r","isPartOf":{"@id":"https:\/\/bogensportdiscount.ch\/#website"},"primaryImageOfPage":{"@id":"https:\/\/bogensportdiscount.ch\/produkt\/pine-ridge-sehnendaempfer-nitro-rubber-whiskers\/#primaryimage"},"image":{"@id":"https:\/\/bogensportdiscount.ch\/produkt\/pine-ridge-sehnendaempfer-nitro-rubber-whiskers\/#primaryimage"},"thumbnailUrl":"https:\/\/bogensportdiscount.ch\/wp-content\/uploads\/bsm-images\/a054656_1.jpg","datePublished":"2026-04-05T12:56:18+00:00","dateModified":"2026-05-14T13:26:27+00:00","description":"PINE RIDGE SEHNEN-D\u00c4MPFER SILENCER NITRO RUBBER WHISKER 2\/PK g\u00fcnstig kaufen bei Bogensportdiscount \u2013 Top-Marken, schneller Versand aus der Schweiz.","breadcrumb":{"@id":"https:\/\/bogensportdiscount.ch\/produkt\/pine-ridge-sehnendaempfer-nitro-rubber-whiskers\/#breadcrumb"},"inLanguage":"fr-FR","potentialAction":[{"@type":"ReadAction","target":["https:\/\/bogensportdiscount.ch\/produkt\/pine-ridge-sehnendaempfer-nitro-rubber-whiskers\/"]}]},{"@type":"ImageObject","inLanguage":"fr-FR","@id":"https:\/\/bogensportdiscount.ch\/produkt\/pine-ridge-sehnendaempfer-nitro-rubber-whiskers\/#primaryimage","url":"https:\/\/bogensportdiscount.ch\/wp-content\/uploads\/bsm-images\/a054656_1.jpg","contentUrl":"https:\/\/bogensportdiscount.ch\/wp-content\/uploads\/bsm-images\/a054656_1.jpg","width":400,"height":266},{"@type":"BreadcrumbList","@id":"https:\/\/bogensportdiscount.ch\/produkt\/pine-ridge-sehnendaempfer-nitro-rubber-whiskers\/#breadcrumb","itemListElement":[{"@type":"ListItem","position":1,"name":"Home","item":"https:\/\/bogensportdiscount.ch\/"},{"@type":"ListItem","position":2,"name":"Shop","item":"https:\/\/bogensportdiscount.ch\/shop\/"},{"@type":"ListItem","position":3,"name":"PINE RIDGE STRING DAMPERS SILENCERS NITRO RUBBER WHISKERS 2\/PK"}]},{"@type":"WebSite","@id":"https:\/\/bogensportdiscount.ch\/#website","url":"https:\/\/bogensportdiscount.ch\/","name":"Bogensportdiscount","description":"","potentialAction":[{"@type":"SearchAction","target":{"@type":"EntryPoint","urlTemplate":"https:\/\/bogensportdiscount.ch\/?s={search_term_string}"},"query-input":{"@type":"PropertyValueSpecification","valueRequired":true,"valueName":"search_term_string"}}],"inLanguage":"fr-FR"}]}},"_links":{"self":[{"href":"https:\/\/bogensportdiscount.ch\/fr\/wp-json\/wp\/v2\/product\/407449","targetHints":{"allow":["GET"]}}],"collection":[{"href":"https:\/\/bogensportdiscount.ch\/fr\/wp-json\/wp\/v2\/product"}],"about":[{"href":"https:\/\/bogensportdiscount.ch\/fr\/wp-json\/wp\/v2\/types\/product"}],"replies":[{"embeddable":true,"href":"https:\/\/bogensportdiscount.ch\/fr\/wp-json\/wp\/v2\/comments?post=407449"}],"wp:featuredmedia":[{"embeddable":true,"href":"https:\/\/bogensportdiscount.ch\/fr\/wp-json\/wp\/v2\/media\/452791"}],"wp:attachment":[{"href":"https:\/\/bogensportdiscount.ch\/fr\/wp-json\/wp\/v2\/media?parent=407449"}],"wp:term":[{"taxonomy":"product_brand","embeddable":true,"href":"https:\/\/bogensportdiscount.ch\/fr\/wp-json\/wp\/v2\/product_brand?post=407449"},{"taxonomy":"product_cat","embeddable":true,"href":"https:\/\/bogensportdiscount.ch\/fr\/wp-json\/wp\/v2\/product_cat?post=407449"},{"taxonomy":"product_tag","embeddable":true,"href":"https:\/\/bogensportdiscount.ch\/fr\/wp-json\/wp\/v2\/product_tag?post=407449"}],"curies":[{"name":"wp","href":"https:\/\/api.w.org\/{rel}","templated":true}]}}