{"id":407432,"date":"2026-04-05T14:56:16","date_gmt":"2026-04-05T12:56:16","guid":{"rendered":"https:\/\/bogensportdiscount.ch\/produkt\/compound-drop-away-rests-primer-full-black-rh\/"},"modified":"2026-04-17T13:47:12","modified_gmt":"2026-04-17T11:47:12","slug":"hamskea-compound-fallaway-auflage-primer-full-black","status":"publish","type":"product","link":"https:\/\/bogensportdiscount.ch\/fr\/produit\/hamskea-compound-fallaway-auflage-primer-full-black\/","title":{"rendered":"HAMSKEA COMPOUND DROP AWAY RESTS PRIMER FULL"},"content":{"rendered":"<p>Die HAMSKEA Primer Fallaway-Auflage ist eine solide Pfeilauflage f\u00fcr Compound-B\u00f6gen. Fallaway-Auflagen (Drop-Away-Rests) senken sich beim Schuss ab und geben den Pfeil vollst\u00e4ndig frei, was eine saubere Pfeilf\u00fchrung ohne Kontakt zur Auflage beim Abschuss erm\u00f6glicht.<\/p>\n<p>Das Modell Primer ist in einer vollst\u00e4ndig schwarzen Ausf\u00fchrung (Full Black) erh\u00e4ltlich und wird in zwei Versionen angeboten \u2013 f\u00fcr Rechtshand- und Linkshandsch\u00fctzen.<\/p>\n<ul>\n<li>Fallaway-Mechanismus f\u00fcr kontaktfreie Pfeilf\u00fchrung beim Abschuss<\/li>\n<li>Geeignet f\u00fcr Compound-B\u00f6gen<\/li>\n<li>Erh\u00e4ltlich f\u00fcr Rechts- und Linkshandsch\u00fctzen<\/li>\n<li>Vollst\u00e4ndig schwarze Ausf\u00fchrung<\/li>\n<\/ul>","protected":false},"excerpt":{"rendered":"<p><strong>Marque :<\/strong> Hamskea<\/p>","protected":false},"featured_media":451089,"comment_status":"open","ping_status":"closed","template":"","meta":[],"product_brand":[465],"product_cat":[4233],"product_tag":[],"class_list":{"0":"post-407432","1":"product","2":"type-product","3":"status-publish","4":"has-post-thumbnail","6":"product_brand-hamskea","7":"product_cat-compound-drop-away-pfeilauflage","9":"first","10":"instock","11":"shipping-taxable","12":"purchasable","13":"product-type-variable"},"_links":{"self":[{"href":"https:\/\/bogensportdiscount.ch\/fr\/wp-json\/wp\/v2\/product\/407432","targetHints":{"allow":["GET"]}}],"collection":[{"href":"https:\/\/bogensportdiscount.ch\/fr\/wp-json\/wp\/v2\/product"}],"about":[{"href":"https:\/\/bogensportdiscount.ch\/fr\/wp-json\/wp\/v2\/types\/product"}],"replies":[{"embeddable":true,"href":"https:\/\/bogensportdiscount.ch\/fr\/wp-json\/wp\/v2\/comments?post=407432"}],"wp:featuredmedia":[{"embeddable":true,"href":"https:\/\/bogensportdiscount.ch\/fr\/wp-json\/wp\/v2\/media\/451089"}],"wp:attachment":[{"href":"https:\/\/bogensportdiscount.ch\/fr\/wp-json\/wp\/v2\/media?parent=407432"}],"wp:term":[{"taxonomy":"product_brand","embeddable":true,"href":"https:\/\/bogensportdiscount.ch\/fr\/wp-json\/wp\/v2\/product_brand?post=407432"},{"taxonomy":"product_cat","embeddable":true,"href":"https:\/\/bogensportdiscount.ch\/fr\/wp-json\/wp\/v2\/product_cat?post=407432"},{"taxonomy":"product_tag","embeddable":true,"href":"https:\/\/bogensportdiscount.ch\/fr\/wp-json\/wp\/v2\/product_tag?post=407432"}],"curies":[{"name":"wp","href":"https:\/\/api.w.org\/{rel}","templated":true}]}}