{"id":407426,"date":"2026-04-05T14:56:15","date_gmt":"2026-04-05T12:56:15","guid":{"rendered":"https:\/\/bogensportdiscount.ch\/produkt\/g5-expandable-broadheads-megameat-3-blade-100-gr-3-pk\/"},"modified":"2026-04-20T13:34:22","modified_gmt":"2026-04-20T11:34:22","slug":"g5-mechanischer-broadhead-megameat-3-blatt","status":"publish","type":"product","link":"https:\/\/bogensportdiscount.ch\/fr\/produit\/g5-mechanischer-broadhead-megameat-3-blatt\/","title":{"rendered":"G5 POINTES DE CHASSE D\u00c9PLIABLES MEGAMEAT \u00c0 3 LAMES TAILLE 3\/PAQUET"},"content":{"rendered":"<p>Der G5 Megameat ist ein aufklappbarer (expandable) Broadhead mit drei Schneidbl\u00e4ttern, der speziell f\u00fcr den Bogenjagdeinsatz konzipiert wurde. Die mechanische Blatt\u00f6ffnung beim Aufprall sorgt f\u00fcr einen grossen Schnittkreis und effektive Wirkung.<\/p>\n<p>Der Megameat ist in zwei Gewichtsklassen erh\u00e4ltlich: 100 Grain und 125 Grain. Damit l\u00e4sst er sich flexibel auf verschiedene Pfeilkonfigurationen und pers\u00f6nliche Pr\u00e4ferenzen abstimmen. Die Herstellung erfolgt in den USA.<\/p>\n<ul>\n<li>Mechanischer (expandable) Broadhead<\/li>\n<li>3-Blatt-Konstruktion<\/li>\n<li>Disponible en 100 GR et 125 GR<\/li>\n<li>Fabriqu\u00e9 aux \u00c9tats-Unis<\/li>\n<\/ul>","protected":false},"excerpt":{"rendered":"<p>Der G5 Megameat ist ein mechanischer 3-Blatt-Broadhead aus US-amerikanischer Produktion. Erh\u00e4ltlich in den Gewichtsvarianten 100 GR und 125 GR, eignet er sich f\u00fcr den Jagdeinsatz mit dem Bogen.<\/p>","protected":false},"featured_media":453631,"comment_status":"open","ping_status":"closed","template":"","meta":[],"product_brand":[583],"product_cat":[4212],"product_tag":[],"class_list":{"0":"post-407426","1":"product","2":"type-product","3":"status-publish","4":"has-post-thumbnail","6":"product_brand-g5","7":"product_cat-mechanische-jagdspitzen","9":"first","10":"instock","11":"shipping-taxable","12":"purchasable","13":"product-type-variable"},"yoast_head":"<!-- This site is optimized with the Yoast SEO plugin v27.4 - https:\/\/yoast.com\/product\/yoast-seo-wordpress\/ -->\n<title>G5 POINTES DE CHASSE D\u00c9PLIABLES MEGAMEAT \u00c0 3 LAME, TAILLE 3\/PAQUET - Bogensportdiscount \u2013 Arcs, fl\u00e8ches, cibles et accessoires<\/title>\n<meta name=\"description\" content=\"G5 POINTES DE CHASSE D\u00c9PLIABLES MEGAMEAT \u00c0 3 LAMES TAILLE 3\/PAQUET \u00e0 prix avantageux chez Bogensportdiscount \u2013 Grandes marques, livraison rapide depuis la Suisse.\" \/>\n<meta name=\"robots\" content=\"noindex, follow, max-snippet:-1, max-image-preview:large, max-video-preview:-1\" \/>\n<meta property=\"og:locale\" content=\"fr_FR\" \/>\n<meta property=\"og:type\" content=\"article\" \/>\n<meta property=\"og:title\" content=\"G5 POINTES DE CHASSE D\u00c9PLIABLES MEGAMEAT \u00c0 3 LAME, TAILLE 3\/PAQUET - Bogensportdiscount \u2013 Arcs, fl\u00e8ches, cibles et accessoires\" \/>\n<meta property=\"og:description\" content=\"G5 POINTES DE CHASSE D\u00c9PLIABLES MEGAMEAT \u00c0 3 LAMES TAILLE 3\/PAQUET \u00e0 prix avantageux chez Bogensportdiscount \u2013 Grandes marques, livraison rapide depuis la Suisse.\" \/>\n<meta property=\"og:url\" content=\"https:\/\/bogensportdiscount.ch\/fr\/produit\/g5-mechanischer-broadhead-megameat-3-blatt\/\" \/>\n<meta property=\"og:site_name\" content=\"Bogensportdiscount \u2013 B\u00f6gen, Pfeile, Targets &amp; Zubeh\u00f6r\" \/>\n<meta property=\"article:modified_time\" content=\"2026-04-20T11:34:22+00:00\" \/>\n<meta property=\"og:image\" content=\"https:\/\/bogensportdiscount.ch\/wp-content\/uploads\/bsm-images\/a054547_1.png\" \/>\n\t<meta property=\"og:image:width\" content=\"142\" \/>\n\t<meta property=\"og:image:height\" content=\"105\" \/>\n\t<meta property=\"og:image:type\" content=\"image\/png\" \/>\n<meta name=\"twitter:card\" content=\"summary_large_image\" \/>\n<script type=\"application\/ld+json\" class=\"yoast-schema-graph\">{\"@context\":\"https:\\\/\\\/schema.org\",\"@graph\":[{\"@type\":\"WebPage\",\"@id\":\"https:\\\/\\\/bogensportdiscount.ch\\\/fr\\\/produit\\\/g5-mechanischer-broadhead-megameat-3-blatt\\\/\",\"url\":\"https:\\\/\\\/bogensportdiscount.ch\\\/fr\\\/produit\\\/g5-mechanischer-broadhead-megameat-3-blatt\\\/\",\"name\":\"G5 AUSKLAPPBARE JAGDSPITZEN MEGAMEAT 3-KLINGEN GR 3\\\/PK - Bogensportdiscount \u2013 B\u00f6gen, Pfeile, Targets &amp; Zubeh\u00f6r\",\"isPartOf\":{\"@id\":\"https:\\\/\\\/bogensportdiscount.ch\\\/#website\"},\"primaryImageOfPage\":{\"@id\":\"https:\\\/\\\/bogensportdiscount.ch\\\/fr\\\/produit\\\/g5-mechanischer-broadhead-megameat-3-blatt\\\/#primaryimage\"},\"image\":{\"@id\":\"https:\\\/\\\/bogensportdiscount.ch\\\/fr\\\/produit\\\/g5-mechanischer-broadhead-megameat-3-blatt\\\/#primaryimage\"},\"thumbnailUrl\":\"https:\\\/\\\/bogensportdiscount.ch\\\/wp-content\\\/uploads\\\/2026\\\/04\\\/bogensportdiscount.ch-pfeile-boegen-zubehoer-fuer-anfaenger-und-profis-zum-besten-preis-Symbolbild-kein-foto-zu-diesem-artikel_01.jpg\",\"datePublished\":\"2026-04-05T12:56:15+00:00\",\"dateModified\":\"2026-04-20T11:34:22+00:00\",\"description\":\"G5 AUSKLAPPBARE JAGDSPITZEN MEGAMEAT 3-KLINGEN GR 3\\\/PK g\u00fcnstig kaufen bei Bogensportdiscount \u2013 Top-Marken, schneller Versand aus der Schweiz.\",\"breadcrumb\":{\"@id\":\"https:\\\/\\\/bogensportdiscount.ch\\\/fr\\\/produit\\\/g5-mechanischer-broadhead-megameat-3-blatt\\\/#breadcrumb\"},\"inLanguage\":\"fr-FR\",\"potentialAction\":[{\"@type\":\"ReadAction\",\"target\":[\"https:\\\/\\\/bogensportdiscount.ch\\\/fr\\\/produit\\\/g5-mechanischer-broadhead-megameat-3-blatt\\\/\"]}]},{\"@type\":\"ImageObject\",\"inLanguage\":\"fr-FR\",\"@id\":\"https:\\\/\\\/bogensportdiscount.ch\\\/fr\\\/produit\\\/g5-mechanischer-broadhead-megameat-3-blatt\\\/#primaryimage\",\"url\":\"https:\\\/\\\/bogensportdiscount.ch\\\/wp-content\\\/uploads\\\/2026\\\/04\\\/bogensportdiscount.ch-pfeile-boegen-zubehoer-fuer-anfaenger-und-profis-zum-besten-preis-Symbolbild-kein-foto-zu-diesem-artikel_01.jpg\",\"contentUrl\":\"https:\\\/\\\/bogensportdiscount.ch\\\/wp-content\\\/uploads\\\/2026\\\/04\\\/bogensportdiscount.ch-pfeile-boegen-zubehoer-fuer-anfaenger-und-profis-zum-besten-preis-Symbolbild-kein-foto-zu-diesem-artikel_01.jpg\",\"width\":1080,\"height\":1080},{\"@type\":\"BreadcrumbList\",\"@id\":\"https:\\\/\\\/bogensportdiscount.ch\\\/fr\\\/produit\\\/g5-mechanischer-broadhead-megameat-3-blatt\\\/#breadcrumb\",\"itemListElement\":[{\"@type\":\"ListItem\",\"position\":1,\"name\":\"Home\",\"item\":\"https:\\\/\\\/bogensportdiscount.ch\\\/\"},{\"@type\":\"ListItem\",\"position\":2,\"name\":\"Shop\",\"item\":\"https:\\\/\\\/bogensportdiscount.ch\\\/shop\\\/\"},{\"@type\":\"ListItem\",\"position\":3,\"name\":\"G5 AUSKLAPPBARE JAGDSPITZEN MEGAMEAT 3-KLINGEN GR 3\\\/PK\"}]},{\"@type\":\"WebSite\",\"@id\":\"https:\\\/\\\/bogensportdiscount.ch\\\/#website\",\"url\":\"https:\\\/\\\/bogensportdiscount.ch\\\/\",\"name\":\"Bogensportdiscount\",\"description\":\"\",\"potentialAction\":[{\"@type\":\"SearchAction\",\"target\":{\"@type\":\"EntryPoint\",\"urlTemplate\":\"https:\\\/\\\/bogensportdiscount.ch\\\/?s={search_term_string}\"},\"query-input\":{\"@type\":\"PropertyValueSpecification\",\"valueRequired\":true,\"valueName\":\"search_term_string\"}}],\"inLanguage\":\"fr-FR\"}]}<\/script>\n<!-- \/ Yoast SEO plugin. -->","yoast_head_json":{"title":"G5 POINTES DE CHASSE D\u00c9PLIABLES MEGAMEAT \u00c0 3 LAME, TAILLE 3\/PAQUET - Bogensportdiscount \u2013 Arcs, fl\u00e8ches, cibles et accessoires","description":"G5 POINTES DE CHASSE D\u00c9PLIABLES MEGAMEAT \u00c0 3 LAMES TAILLE 3\/PAQUET \u00e0 prix avantageux chez Bogensportdiscount \u2013 Grandes marques, livraison rapide depuis la Suisse.","robots":{"index":"noindex","follow":"follow","max-snippet":"max-snippet:-1","max-image-preview":"max-image-preview:large","max-video-preview":"max-video-preview:-1"},"og_locale":"fr_FR","og_type":"article","og_title":"G5 POINTES DE CHASSE D\u00c9PLIABLES MEGAMEAT \u00c0 3 LAME, TAILLE 3\/PAQUET - Bogensportdiscount \u2013 Arcs, fl\u00e8ches, cibles et accessoires","og_description":"G5 POINTES DE CHASSE D\u00c9PLIABLES MEGAMEAT \u00c0 3 LAMES TAILLE 3\/PAQUET \u00e0 prix avantageux chez Bogensportdiscount \u2013 Grandes marques, livraison rapide depuis la Suisse.","og_url":"https:\/\/bogensportdiscount.ch\/fr\/produit\/g5-mechanischer-broadhead-megameat-3-blatt\/","og_site_name":"Bogensportdiscount \u2013 B\u00f6gen, Pfeile, Targets &amp; Zubeh\u00f6r","article_modified_time":"2026-04-20T11:34:22+00:00","og_image":[{"width":142,"height":105,"url":"https:\/\/bogensportdiscount.ch\/wp-content\/uploads\/bsm-images\/a054547_1.png","type":"image\/png"}],"twitter_card":"summary_large_image","schema":{"@context":"https:\/\/schema.org","@graph":[{"@type":"WebPage","@id":"https:\/\/bogensportdiscount.ch\/fr\/produit\/g5-mechanischer-broadhead-megameat-3-blatt\/","url":"https:\/\/bogensportdiscount.ch\/fr\/produit\/g5-mechanischer-broadhead-megameat-3-blatt\/","name":"G5 POINTES DE CHASSE D\u00c9PLIABLES MEGAMEAT \u00c0 3 LAME, TAILLE 3\/PAQUET - Bogensportdiscount \u2013 Arcs, fl\u00e8ches, cibles et accessoires","isPartOf":{"@id":"https:\/\/bogensportdiscount.ch\/#website"},"primaryImageOfPage":{"@id":"https:\/\/bogensportdiscount.ch\/fr\/produit\/g5-mechanischer-broadhead-megameat-3-blatt\/#primaryimage"},"image":{"@id":"https:\/\/bogensportdiscount.ch\/fr\/produit\/g5-mechanischer-broadhead-megameat-3-blatt\/#primaryimage"},"thumbnailUrl":"https:\/\/bogensportdiscount.ch\/wp-content\/uploads\/2026\/04\/bogensportdiscount.ch-pfeile-boegen-zubehoer-fuer-anfaenger-und-profis-zum-besten-preis-Symbolbild-kein-foto-zu-diesem-artikel_01.jpg","datePublished":"2026-04-05T12:56:15+00:00","dateModified":"2026-04-20T11:34:22+00:00","description":"G5 POINTES DE CHASSE D\u00c9PLIABLES MEGAMEAT \u00c0 3 LAMES TAILLE 3\/PAQUET \u00e0 prix avantageux chez Bogensportdiscount \u2013 Grandes marques, livraison rapide depuis la Suisse.","breadcrumb":{"@id":"https:\/\/bogensportdiscount.ch\/fr\/produit\/g5-mechanischer-broadhead-megameat-3-blatt\/#breadcrumb"},"inLanguage":"fr-FR","potentialAction":[{"@type":"ReadAction","target":["https:\/\/bogensportdiscount.ch\/fr\/produit\/g5-mechanischer-broadhead-megameat-3-blatt\/"]}]},{"@type":"ImageObject","inLanguage":"fr-FR","@id":"https:\/\/bogensportdiscount.ch\/fr\/produit\/g5-mechanischer-broadhead-megameat-3-blatt\/#primaryimage","url":"https:\/\/bogensportdiscount.ch\/wp-content\/uploads\/2026\/04\/bogensportdiscount.ch-pfeile-boegen-zubehoer-fuer-anfaenger-und-profis-zum-besten-preis-Symbolbild-kein-foto-zu-diesem-artikel_01.jpg","contentUrl":"https:\/\/bogensportdiscount.ch\/wp-content\/uploads\/2026\/04\/bogensportdiscount.ch-pfeile-boegen-zubehoer-fuer-anfaenger-und-profis-zum-besten-preis-Symbolbild-kein-foto-zu-diesem-artikel_01.jpg","width":1080,"height":1080},{"@type":"BreadcrumbList","@id":"https:\/\/bogensportdiscount.ch\/fr\/produit\/g5-mechanischer-broadhead-megameat-3-blatt\/#breadcrumb","itemListElement":[{"@type":"ListItem","position":1,"name":"Home","item":"https:\/\/bogensportdiscount.ch\/"},{"@type":"ListItem","position":2,"name":"Shop","item":"https:\/\/bogensportdiscount.ch\/shop\/"},{"@type":"ListItem","position":3,"name":"G5 AUSKLAPPBARE JAGDSPITZEN MEGAMEAT 3-KLINGEN GR 3\/PK"}]},{"@type":"WebSite","@id":"https:\/\/bogensportdiscount.ch\/#website","url":"https:\/\/bogensportdiscount.ch\/","name":"Bogensportdiscount","description":"","potentialAction":[{"@type":"SearchAction","target":{"@type":"EntryPoint","urlTemplate":"https:\/\/bogensportdiscount.ch\/?s={search_term_string}"},"query-input":{"@type":"PropertyValueSpecification","valueRequired":true,"valueName":"search_term_string"}}],"inLanguage":"fr-FR"}]}},"_links":{"self":[{"href":"https:\/\/bogensportdiscount.ch\/fr\/wp-json\/wp\/v2\/product\/407426","targetHints":{"allow":["GET"]}}],"collection":[{"href":"https:\/\/bogensportdiscount.ch\/fr\/wp-json\/wp\/v2\/product"}],"about":[{"href":"https:\/\/bogensportdiscount.ch\/fr\/wp-json\/wp\/v2\/types\/product"}],"replies":[{"embeddable":true,"href":"https:\/\/bogensportdiscount.ch\/fr\/wp-json\/wp\/v2\/comments?post=407426"}],"wp:featuredmedia":[{"embeddable":true,"href":"https:\/\/bogensportdiscount.ch\/fr\/wp-json\/wp\/v2\/media\/453631"}],"wp:attachment":[{"href":"https:\/\/bogensportdiscount.ch\/fr\/wp-json\/wp\/v2\/media?parent=407426"}],"wp:term":[{"taxonomy":"product_brand","embeddable":true,"href":"https:\/\/bogensportdiscount.ch\/fr\/wp-json\/wp\/v2\/product_brand?post=407426"},{"taxonomy":"product_cat","embeddable":true,"href":"https:\/\/bogensportdiscount.ch\/fr\/wp-json\/wp\/v2\/product_cat?post=407426"},{"taxonomy":"product_tag","embeddable":true,"href":"https:\/\/bogensportdiscount.ch\/fr\/wp-json\/wp\/v2\/product_tag?post=407426"}],"curies":[{"name":"wp","href":"https:\/\/api.w.org\/{rel}","templated":true}]}}