{"id":407397,"date":"2026-04-05T14:56:10","date_gmt":"2026-04-05T12:56:10","guid":{"rendered":"https:\/\/bogensportdiscount.ch\/produkt\/weights-for-risers-5-16-black-nickel-plated-180grams-for-barebows\/"},"modified":"2026-05-14T15:26:26","modified_gmt":"2026-05-14T13:26:26","slug":"avalon-gewichte-griffe-5-16-schwarz-vernickelt","status":"publish","type":"product","link":"https:\/\/bogensportdiscount.ch\/fr\/produit\/avalon-gewichte-griffe-5-16-schwarz-vernickelt\/","title":{"rendered":"AVALON POIDS POUR POIGN\u00c9ES 5\/16&#8243; NICKEL\u00c9 NOIR POUR ARCS NUS"},"content":{"rendered":"<p>Les contrepoids AVALON pour poign\u00e9es sont \u00e9quip\u00e9s du filetage standard 5\/16&#8243; et peuvent \u00eatre fix\u00e9s directement sur les poign\u00e9es (risers) compatibles. Ils permettent un ajustement cibl\u00e9 de la r\u00e9partition du poids sur l'arc, ce qui am\u00e9liore la stabilit\u00e9 au moment du tir.<\/p>\n<p>La surface nickel\u00e9e noire prot\u00e8ge les contrepoids contre la corrosion et assure une apparence soign\u00e9e de mani\u00e8re durable. Les contrepoids conviennent aux archers pratiquant l'arc classique et souhaitant optimiser leur \u00e9quilibre et leur amortissement des vibrations.<\/p>\n<ul>\n<li>Filetage : 5\/16&#8243; (standard)<\/li>\n<li>Surface : nickel\u00e9 noir<\/li>\n<li>Compatible avec les poign\u00e9es (risers) adapt\u00e9es<\/li>\n<li>Am\u00e9liore la stabilit\u00e9 et la r\u00e9partition du poids<\/li>\n<\/ul>","protected":false},"excerpt":{"rendered":"<table>\n<tr>\n<th>Propri\u00e9t\u00e9<\/th>\n<th>Valeur<\/th>\n<\/tr>\n<tr>\n<td>Marque<\/td>\n<td>Avalon<\/td>\n<\/tr>\n<tr>\n<td>Pays d'origine<\/td>\n<td>Chine<\/td>\n<\/tr>\n<\/table>","protected":false},"featured_media":451073,"comment_status":"open","ping_status":"closed","template":"","meta":[],"product_brand":[449],"product_cat":[4199],"product_tag":[],"class_list":{"0":"post-407397","1":"product","2":"type-product","3":"status-publish","4":"has-post-thumbnail","6":"product_brand-avalon","7":"product_cat-gewichte","8":"product_shipping_class-bsd-standard","10":"first","11":"instock","12":"shipping-taxable","13":"purchasable","14":"product-type-variable"},"yoast_head":"<!-- This site is optimized with the Yoast SEO plugin v27.6 - https:\/\/yoast.com\/product\/yoast-seo-wordpress\/ -->\n<title>AVALON GEWICHTE F\u00dcR MITTELTEILE 5\/16&quot; SCHWARZVERNICEKLT F\u00dcR BLANKB\u00d6GEN - Bogensportdiscount \u2013 B\u00f6gen, Pfeile, Targets &amp; Zubeh\u00f6r<\/title>\n<meta name=\"description\" content=\"AVALON GEWICHTE F\u00dcR MITTELTEILE 5\/16&quot; SCHWARZVERNICEKLT F\u00dcR BLANKB\u00d6GEN g\u00fcnstig kaufen bei Bogensportdiscount \u2013 Top-Marken, schneller Versand aus der Schweiz.\" \/>\n<meta name=\"robots\" content=\"index, follow, max-snippet:-1, max-image-preview:large, max-video-preview:-1\" \/>\n<link rel=\"canonical\" href=\"https:\/\/bogensportdiscount.ch\/fr\/produit\/avalon-gewichte-griffe-5-16-schwarz-vernickelt\/\" \/>\n<meta property=\"og:locale\" content=\"fr_FR\" \/>\n<meta property=\"og:type\" content=\"article\" \/>\n<meta property=\"og:title\" content=\"AVALON GEWICHTE F\u00dcR MITTELTEILE 5\/16&quot; SCHWARZVERNICEKLT F\u00dcR BLANKB\u00d6GEN - Bogensportdiscount \u2013 B\u00f6gen, Pfeile, Targets &amp; Zubeh\u00f6r\" \/>\n<meta property=\"og:description\" content=\"AVALON GEWICHTE F\u00dcR MITTELTEILE 5\/16&quot; SCHWARZVERNICEKLT F\u00dcR BLANKB\u00d6GEN g\u00fcnstig kaufen bei Bogensportdiscount \u2013 Top-Marken, schneller Versand aus der Schweiz.\" \/>\n<meta property=\"og:url\" content=\"https:\/\/bogensportdiscount.ch\/fr\/produit\/avalon-gewichte-griffe-5-16-schwarz-vernickelt\/\" \/>\n<meta property=\"og:site_name\" content=\"Bogensportdiscount \u2013 B\u00f6gen, Pfeile, Targets &amp; Zubeh\u00f6r\" \/>\n<meta property=\"article:modified_time\" content=\"2026-05-14T13:26:26+00:00\" \/>\n<meta property=\"og:image\" content=\"https:\/\/bogensportdiscount.ch\/wp-content\/uploads\/bsm-images\/A054474_1.png\" \/>\n\t<meta property=\"og:image:width\" content=\"7360\" \/>\n\t<meta property=\"og:image:height\" content=\"4912\" \/>\n\t<meta property=\"og:image:type\" content=\"image\/png\" \/>\n<meta name=\"twitter:card\" content=\"summary_large_image\" \/>\n<script type=\"application\/ld+json\" class=\"yoast-schema-graph\">{\"@context\":\"https:\\\/\\\/schema.org\",\"@graph\":[{\"@type\":\"WebPage\",\"@id\":\"https:\\\/\\\/bogensportdiscount.ch\\\/produkt\\\/avalon-gewichte-griffe-5-16-schwarz-vernickelt\\\/\",\"url\":\"https:\\\/\\\/bogensportdiscount.ch\\\/produkt\\\/avalon-gewichte-griffe-5-16-schwarz-vernickelt\\\/\",\"name\":\"AVALON GEWICHTE F\u00dcR MITTELTEILE 5\\\/16\\\" SCHWARZVERNICEKLT F\u00dcR BLANKB\u00d6GEN - Bogensportdiscount \u2013 B\u00f6gen, Pfeile, Targets &amp; Zubeh\u00f6r\",\"isPartOf\":{\"@id\":\"https:\\\/\\\/bogensportdiscount.ch\\\/#website\"},\"primaryImageOfPage\":{\"@id\":\"https:\\\/\\\/bogensportdiscount.ch\\\/produkt\\\/avalon-gewichte-griffe-5-16-schwarz-vernickelt\\\/#primaryimage\"},\"image\":{\"@id\":\"https:\\\/\\\/bogensportdiscount.ch\\\/produkt\\\/avalon-gewichte-griffe-5-16-schwarz-vernickelt\\\/#primaryimage\"},\"thumbnailUrl\":\"https:\\\/\\\/bogensportdiscount.ch\\\/wp-content\\\/uploads\\\/bsm-images\\\/A054474_1.png\",\"datePublished\":\"2026-04-05T12:56:10+00:00\",\"dateModified\":\"2026-05-14T13:26:26+00:00\",\"description\":\"AVALON GEWICHTE F\u00dcR MITTELTEILE 5\\\/16\\\" SCHWARZVERNICEKLT F\u00dcR BLANKB\u00d6GEN g\u00fcnstig kaufen bei Bogensportdiscount \u2013 Top-Marken, schneller Versand aus der Schweiz.\",\"breadcrumb\":{\"@id\":\"https:\\\/\\\/bogensportdiscount.ch\\\/produkt\\\/avalon-gewichte-griffe-5-16-schwarz-vernickelt\\\/#breadcrumb\"},\"inLanguage\":\"fr-FR\",\"potentialAction\":[{\"@type\":\"ReadAction\",\"target\":[\"https:\\\/\\\/bogensportdiscount.ch\\\/produkt\\\/avalon-gewichte-griffe-5-16-schwarz-vernickelt\\\/\"]}]},{\"@type\":\"ImageObject\",\"inLanguage\":\"fr-FR\",\"@id\":\"https:\\\/\\\/bogensportdiscount.ch\\\/produkt\\\/avalon-gewichte-griffe-5-16-schwarz-vernickelt\\\/#primaryimage\",\"url\":\"https:\\\/\\\/bogensportdiscount.ch\\\/wp-content\\\/uploads\\\/bsm-images\\\/A054474_1.png\",\"contentUrl\":\"https:\\\/\\\/bogensportdiscount.ch\\\/wp-content\\\/uploads\\\/bsm-images\\\/A054474_1.png\",\"width\":7360,\"height\":4912},{\"@type\":\"BreadcrumbList\",\"@id\":\"https:\\\/\\\/bogensportdiscount.ch\\\/produkt\\\/avalon-gewichte-griffe-5-16-schwarz-vernickelt\\\/#breadcrumb\",\"itemListElement\":[{\"@type\":\"ListItem\",\"position\":1,\"name\":\"Home\",\"item\":\"https:\\\/\\\/bogensportdiscount.ch\\\/\"},{\"@type\":\"ListItem\",\"position\":2,\"name\":\"Shop\",\"item\":\"https:\\\/\\\/bogensportdiscount.ch\\\/shop\\\/\"},{\"@type\":\"ListItem\",\"position\":3,\"name\":\"AVALON WEIGHTS FOR RISERS 5\\\/16&#8243; BLACK NICKEL PLATED FOR BAREBOWS\"}]},{\"@type\":\"WebSite\",\"@id\":\"https:\\\/\\\/bogensportdiscount.ch\\\/#website\",\"url\":\"https:\\\/\\\/bogensportdiscount.ch\\\/\",\"name\":\"Bogensportdiscount\",\"description\":\"\",\"potentialAction\":[{\"@type\":\"SearchAction\",\"target\":{\"@type\":\"EntryPoint\",\"urlTemplate\":\"https:\\\/\\\/bogensportdiscount.ch\\\/?s={search_term_string}\"},\"query-input\":{\"@type\":\"PropertyValueSpecification\",\"valueRequired\":true,\"valueName\":\"search_term_string\"}}],\"inLanguage\":\"fr-FR\"}]}<\/script>\n<!-- \/ Yoast SEO plugin. -->","yoast_head_json":{"title":"AVALON GEWICHTE F\u00dcR MITTELTEILE 5\/16\" SCHWARZVERNICEKLT F\u00dcR BLANKB\u00d6GEN - Bogensportdiscount \u2013 B\u00f6gen, Pfeile, Targets &amp; Zubeh\u00f6r","description":"AVALON GEWICHTE F\u00dcR MITTELTEILE 5\/16\" SCHWARZVERNICEKLT F\u00dcR BLANKB\u00d6GEN g\u00fcnstig kaufen bei Bogensportdiscount \u2013 Top-Marken, schneller Versand aus der Schweiz.","robots":{"index":"index","follow":"follow","max-snippet":"max-snippet:-1","max-image-preview":"max-image-preview:large","max-video-preview":"max-video-preview:-1"},"canonical":"https:\/\/bogensportdiscount.ch\/fr\/produit\/avalon-gewichte-griffe-5-16-schwarz-vernickelt\/","og_locale":"fr_FR","og_type":"article","og_title":"AVALON GEWICHTE F\u00dcR MITTELTEILE 5\/16\" SCHWARZVERNICEKLT F\u00dcR BLANKB\u00d6GEN - Bogensportdiscount \u2013 B\u00f6gen, Pfeile, Targets &amp; Zubeh\u00f6r","og_description":"AVALON GEWICHTE F\u00dcR MITTELTEILE 5\/16\" SCHWARZVERNICEKLT F\u00dcR BLANKB\u00d6GEN g\u00fcnstig kaufen bei Bogensportdiscount \u2013 Top-Marken, schneller Versand aus der Schweiz.","og_url":"https:\/\/bogensportdiscount.ch\/fr\/produit\/avalon-gewichte-griffe-5-16-schwarz-vernickelt\/","og_site_name":"Bogensportdiscount \u2013 B\u00f6gen, Pfeile, Targets &amp; Zubeh\u00f6r","article_modified_time":"2026-05-14T13:26:26+00:00","og_image":[{"width":7360,"height":4912,"url":"https:\/\/bogensportdiscount.ch\/wp-content\/uploads\/bsm-images\/A054474_1.png","type":"image\/png"}],"twitter_card":"summary_large_image","schema":{"@context":"https:\/\/schema.org","@graph":[{"@type":"WebPage","@id":"https:\/\/bogensportdiscount.ch\/produkt\/avalon-gewichte-griffe-5-16-schwarz-vernickelt\/","url":"https:\/\/bogensportdiscount.ch\/produkt\/avalon-gewichte-griffe-5-16-schwarz-vernickelt\/","name":"AVALON GEWICHTE F\u00dcR MITTELTEILE 5\/16\" SCHWARZVERNICEKLT F\u00dcR BLANKB\u00d6GEN - Bogensportdiscount \u2013 B\u00f6gen, Pfeile, Targets &amp; Zubeh\u00f6r","isPartOf":{"@id":"https:\/\/bogensportdiscount.ch\/#website"},"primaryImageOfPage":{"@id":"https:\/\/bogensportdiscount.ch\/produkt\/avalon-gewichte-griffe-5-16-schwarz-vernickelt\/#primaryimage"},"image":{"@id":"https:\/\/bogensportdiscount.ch\/produkt\/avalon-gewichte-griffe-5-16-schwarz-vernickelt\/#primaryimage"},"thumbnailUrl":"https:\/\/bogensportdiscount.ch\/wp-content\/uploads\/bsm-images\/A054474_1.png","datePublished":"2026-04-05T12:56:10+00:00","dateModified":"2026-05-14T13:26:26+00:00","description":"AVALON GEWICHTE F\u00dcR MITTELTEILE 5\/16\" SCHWARZVERNICEKLT F\u00dcR BLANKB\u00d6GEN g\u00fcnstig kaufen bei Bogensportdiscount \u2013 Top-Marken, schneller Versand aus der Schweiz.","breadcrumb":{"@id":"https:\/\/bogensportdiscount.ch\/produkt\/avalon-gewichte-griffe-5-16-schwarz-vernickelt\/#breadcrumb"},"inLanguage":"fr-FR","potentialAction":[{"@type":"ReadAction","target":["https:\/\/bogensportdiscount.ch\/produkt\/avalon-gewichte-griffe-5-16-schwarz-vernickelt\/"]}]},{"@type":"ImageObject","inLanguage":"fr-FR","@id":"https:\/\/bogensportdiscount.ch\/produkt\/avalon-gewichte-griffe-5-16-schwarz-vernickelt\/#primaryimage","url":"https:\/\/bogensportdiscount.ch\/wp-content\/uploads\/bsm-images\/A054474_1.png","contentUrl":"https:\/\/bogensportdiscount.ch\/wp-content\/uploads\/bsm-images\/A054474_1.png","width":7360,"height":4912},{"@type":"BreadcrumbList","@id":"https:\/\/bogensportdiscount.ch\/produkt\/avalon-gewichte-griffe-5-16-schwarz-vernickelt\/#breadcrumb","itemListElement":[{"@type":"ListItem","position":1,"name":"Home","item":"https:\/\/bogensportdiscount.ch\/"},{"@type":"ListItem","position":2,"name":"Shop","item":"https:\/\/bogensportdiscount.ch\/shop\/"},{"@type":"ListItem","position":3,"name":"AVALON WEIGHTS FOR RISERS 5\/16&#8243; BLACK NICKEL PLATED FOR BAREBOWS"}]},{"@type":"WebSite","@id":"https:\/\/bogensportdiscount.ch\/#website","url":"https:\/\/bogensportdiscount.ch\/","name":"Bogensportdiscount","description":"","potentialAction":[{"@type":"SearchAction","target":{"@type":"EntryPoint","urlTemplate":"https:\/\/bogensportdiscount.ch\/?s={search_term_string}"},"query-input":{"@type":"PropertyValueSpecification","valueRequired":true,"valueName":"search_term_string"}}],"inLanguage":"fr-FR"}]}},"_links":{"self":[{"href":"https:\/\/bogensportdiscount.ch\/fr\/wp-json\/wp\/v2\/product\/407397","targetHints":{"allow":["GET"]}}],"collection":[{"href":"https:\/\/bogensportdiscount.ch\/fr\/wp-json\/wp\/v2\/product"}],"about":[{"href":"https:\/\/bogensportdiscount.ch\/fr\/wp-json\/wp\/v2\/types\/product"}],"replies":[{"embeddable":true,"href":"https:\/\/bogensportdiscount.ch\/fr\/wp-json\/wp\/v2\/comments?post=407397"}],"wp:featuredmedia":[{"embeddable":true,"href":"https:\/\/bogensportdiscount.ch\/fr\/wp-json\/wp\/v2\/media\/451073"}],"wp:attachment":[{"href":"https:\/\/bogensportdiscount.ch\/fr\/wp-json\/wp\/v2\/media?parent=407397"}],"wp:term":[{"taxonomy":"product_brand","embeddable":true,"href":"https:\/\/bogensportdiscount.ch\/fr\/wp-json\/wp\/v2\/product_brand?post=407397"},{"taxonomy":"product_cat","embeddable":true,"href":"https:\/\/bogensportdiscount.ch\/fr\/wp-json\/wp\/v2\/product_cat?post=407397"},{"taxonomy":"product_tag","embeddable":true,"href":"https:\/\/bogensportdiscount.ch\/fr\/wp-json\/wp\/v2\/product_tag?post=407397"}],"curies":[{"name":"wp","href":"https:\/\/api.w.org\/{rel}","templated":true}]}}