{"id":407390,"date":"2026-04-05T14:56:10","date_gmt":"2026-04-05T12:56:10","guid":{"rendered":"https:\/\/bogensportdiscount.ch\/produkt\/limbs-t-d-hunting-bows-sagos-wood-62-25-lbs-maple-wood-and-black-glass\/"},"modified":"2026-05-14T15:26:26","modified_gmt":"2026-05-14T13:26:26","slug":"bucktrail-take-down-recurve-wurfarme-sagos-wood-62","status":"publish","type":"product","link":"https:\/\/bogensportdiscount.ch\/fr\/produit\/bucktrail-take-down-recurve-wurfarme-sagos-wood-62\/","title":{"rendered":"BUCKTRAIL BRANCHES T\/D ARCS DE CHASSE SAGOS BOIS 62&#8243; LBS BOIS D'\u00c9RABLE ET VERRE NOIR"},"content":{"rendered":"<p>Les branches BUCKTRAIL Sagos Wood sont des branches d'arc classique d\u00e9montable (Take-Down) pour arcs de chasse d'une longueur de 62 pouces. Les branches sont fabriqu\u00e9es en bois et disponibles en six puissances diff\u00e9rentes, de 25 \u00e0 50 LBS, ce qui les rend adapt\u00e9es \u00e0 diff\u00e9rents types d'archers et domaines d'utilisation.<\/p>\n<p>En tant que branches de remplacement ou compl\u00e9mentaires pour les arcs classiques d\u00e9montables compatibles dans le domaine de la chasse, les branches Sagos Wood offrent une possibilit\u00e9 flexible d'ajuster la puissance de l'arc sans avoir \u00e0 acqu\u00e9rir un nouveau syst\u00e8me complet.<\/p>\n<ul>\n<li>Longueur de l'arc : 62 pouces<\/li>\n<li>Puissance au choix : 25 \/ 30 \/ 35 \/ 40 \/ 45 \/ 50 LBS<\/li>\n<li>Construction en bois<\/li>\n<li>Con\u00e7u pour une utilisation \u00e0 la chasse<\/li>\n<\/ul>","protected":false},"excerpt":{"rendered":"<table>\n<tr>\n<th>Propri\u00e9t\u00e9<\/th>\n<th>Valeur<\/th>\n<\/tr>\n<tr>\n<td>Marque<\/td>\n<td>Buck Trail<\/td>\n<\/tr>\n<tr>\n<td>longueur d'arc<\/td>\n<td>62&#8243;<\/td>\n<\/tr>\n<tr>\n<td>Poids de traction<\/td>\n<td>25 \/ 30 \/ 35 \/ 40 \/ 45 \/ 50 LBS<\/td>\n<\/tr>\n<tr>\n<td>Mat\u00e9riau<\/td>\n<td>Bois (Wood)<\/td>\n<\/tr>\n<tr>\n<td>Pays d'origine<\/td>\n<td>Chine<\/td>\n<\/tr>\n<\/table>","protected":false},"featured_media":523656,"comment_status":"open","ping_status":"closed","template":"","meta":[],"product_brand":[432],"product_cat":[4529],"product_tag":[],"class_list":{"0":"post-407390","1":"product","2":"type-product","3":"status-publish","4":"has-post-thumbnail","6":"product_brand-bucktrail","7":"product_cat-traditionelle-boegen-wurfarme","8":"product_shipping_class-bsd-standard","10":"first","11":"instock","12":"shipping-taxable","13":"purchasable","14":"product-type-variable"},"yoast_head":"<!-- This site is optimized with the Yoast SEO plugin v27.6 - https:\/\/yoast.com\/product\/yoast-seo-wordpress\/ -->\n<title>BUCKTRAIL WURFARME T\/D JAGD-B\u00d6GEN SAGOS HOLZ 62&quot; LBS AHORNHOLZ UND SCHWARZES GLAS - Bogensportdiscount \u2013 B\u00f6gen, Pfeile, Targets &amp; Zubeh\u00f6r<\/title>\n<meta name=\"description\" content=\"BUCKTRAIL WURFARME T\/D JAGD-B\u00d6GEN SAGOS HOLZ 62&quot; LBS AHORNHOLZ UND SCHWARZES GLAS g\u00fcnstig kaufen bei Bogensportdiscount \u2013 Top-Marken, schneller Versand aus der Schweiz.\" \/>\n<meta name=\"robots\" content=\"index, follow, max-snippet:-1, max-image-preview:large, max-video-preview:-1\" \/>\n<link rel=\"canonical\" href=\"https:\/\/bogensportdiscount.ch\/fr\/produit\/bucktrail-take-down-recurve-wurfarme-sagos-wood-62\/\" \/>\n<meta property=\"og:locale\" content=\"fr_FR\" \/>\n<meta property=\"og:type\" content=\"article\" \/>\n<meta property=\"og:title\" content=\"BUCKTRAIL WURFARME T\/D JAGD-B\u00d6GEN SAGOS HOLZ 62&quot; LBS AHORNHOLZ UND SCHWARZES GLAS - Bogensportdiscount \u2013 B\u00f6gen, Pfeile, Targets &amp; Zubeh\u00f6r\" \/>\n<meta property=\"og:description\" content=\"BUCKTRAIL WURFARME T\/D JAGD-B\u00d6GEN SAGOS HOLZ 62&quot; LBS AHORNHOLZ UND SCHWARZES GLAS g\u00fcnstig kaufen bei Bogensportdiscount \u2013 Top-Marken, schneller Versand aus der Schweiz.\" \/>\n<meta property=\"og:url\" content=\"https:\/\/bogensportdiscount.ch\/fr\/produit\/bucktrail-take-down-recurve-wurfarme-sagos-wood-62\/\" \/>\n<meta property=\"og:site_name\" content=\"Bogensportdiscount \u2013 B\u00f6gen, Pfeile, Targets &amp; Zubeh\u00f6r\" \/>\n<meta property=\"article:modified_time\" content=\"2026-05-14T13:26:26+00:00\" \/>\n<meta property=\"og:image\" content=\"https:\/\/bogensportdiscount.ch\/wp-content\/uploads\/bsm-images\/A054466_1.png\" \/>\n\t<meta property=\"og:image:width\" content=\"5936\" \/>\n\t<meta property=\"og:image:height\" content=\"1604\" \/>\n\t<meta property=\"og:image:type\" content=\"image\/png\" \/>\n<meta name=\"twitter:card\" content=\"summary_large_image\" \/>\n<script type=\"application\/ld+json\" class=\"yoast-schema-graph\">{\"@context\":\"https:\\\/\\\/schema.org\",\"@graph\":[{\"@type\":\"WebPage\",\"@id\":\"https:\\\/\\\/bogensportdiscount.ch\\\/produkt\\\/bucktrail-take-down-recurve-wurfarme-sagos-wood-62\\\/\",\"url\":\"https:\\\/\\\/bogensportdiscount.ch\\\/produkt\\\/bucktrail-take-down-recurve-wurfarme-sagos-wood-62\\\/\",\"name\":\"BUCKTRAIL WURFARME T\\\/D JAGD-B\u00d6GEN SAGOS HOLZ 62\\\" LBS AHORNHOLZ UND SCHWARZES GLAS - Bogensportdiscount \u2013 B\u00f6gen, Pfeile, Targets &amp; Zubeh\u00f6r\",\"isPartOf\":{\"@id\":\"https:\\\/\\\/bogensportdiscount.ch\\\/#website\"},\"primaryImageOfPage\":{\"@id\":\"https:\\\/\\\/bogensportdiscount.ch\\\/produkt\\\/bucktrail-take-down-recurve-wurfarme-sagos-wood-62\\\/#primaryimage\"},\"image\":{\"@id\":\"https:\\\/\\\/bogensportdiscount.ch\\\/produkt\\\/bucktrail-take-down-recurve-wurfarme-sagos-wood-62\\\/#primaryimage\"},\"thumbnailUrl\":\"https:\\\/\\\/bogensportdiscount.ch\\\/wp-content\\\/uploads\\\/bsm-images\\\/A054466_1.png\",\"datePublished\":\"2026-04-05T12:56:10+00:00\",\"dateModified\":\"2026-05-14T13:26:26+00:00\",\"description\":\"BUCKTRAIL WURFARME T\\\/D JAGD-B\u00d6GEN SAGOS HOLZ 62\\\" LBS AHORNHOLZ UND SCHWARZES GLAS g\u00fcnstig kaufen bei Bogensportdiscount \u2013 Top-Marken, schneller Versand aus der Schweiz.\",\"breadcrumb\":{\"@id\":\"https:\\\/\\\/bogensportdiscount.ch\\\/produkt\\\/bucktrail-take-down-recurve-wurfarme-sagos-wood-62\\\/#breadcrumb\"},\"inLanguage\":\"fr-FR\",\"potentialAction\":[{\"@type\":\"ReadAction\",\"target\":[\"https:\\\/\\\/bogensportdiscount.ch\\\/produkt\\\/bucktrail-take-down-recurve-wurfarme-sagos-wood-62\\\/\"]}]},{\"@type\":\"ImageObject\",\"inLanguage\":\"fr-FR\",\"@id\":\"https:\\\/\\\/bogensportdiscount.ch\\\/produkt\\\/bucktrail-take-down-recurve-wurfarme-sagos-wood-62\\\/#primaryimage\",\"url\":\"https:\\\/\\\/bogensportdiscount.ch\\\/wp-content\\\/uploads\\\/bsm-images\\\/A054466_1.png\",\"contentUrl\":\"https:\\\/\\\/bogensportdiscount.ch\\\/wp-content\\\/uploads\\\/bsm-images\\\/A054466_1.png\",\"width\":5936,\"height\":1604},{\"@type\":\"BreadcrumbList\",\"@id\":\"https:\\\/\\\/bogensportdiscount.ch\\\/produkt\\\/bucktrail-take-down-recurve-wurfarme-sagos-wood-62\\\/#breadcrumb\",\"itemListElement\":[{\"@type\":\"ListItem\",\"position\":1,\"name\":\"Home\",\"item\":\"https:\\\/\\\/bogensportdiscount.ch\\\/\"},{\"@type\":\"ListItem\",\"position\":2,\"name\":\"Shop\",\"item\":\"https:\\\/\\\/bogensportdiscount.ch\\\/shop\\\/\"},{\"@type\":\"ListItem\",\"position\":3,\"name\":\"BUCKTRAIL LIMBS T\\\/D HUNTING BOWS SAGOS WOOD 62&#8243; LBS MAPLE WOOD AND BLACK GLASS\"}]},{\"@type\":\"WebSite\",\"@id\":\"https:\\\/\\\/bogensportdiscount.ch\\\/#website\",\"url\":\"https:\\\/\\\/bogensportdiscount.ch\\\/\",\"name\":\"Bogensportdiscount\",\"description\":\"\",\"potentialAction\":[{\"@type\":\"SearchAction\",\"target\":{\"@type\":\"EntryPoint\",\"urlTemplate\":\"https:\\\/\\\/bogensportdiscount.ch\\\/?s={search_term_string}\"},\"query-input\":{\"@type\":\"PropertyValueSpecification\",\"valueRequired\":true,\"valueName\":\"search_term_string\"}}],\"inLanguage\":\"fr-FR\"}]}<\/script>\n<!-- \/ Yoast SEO plugin. -->","yoast_head_json":{"title":"BUCKTRAIL WURFARME T\/D JAGD-B\u00d6GEN SAGOS HOLZ 62\" LBS AHORNHOLZ UND SCHWARZES GLAS - Bogensportdiscount \u2013 B\u00f6gen, Pfeile, Targets &amp; Zubeh\u00f6r","description":"BUCKTRAIL WURFARME T\/D JAGD-B\u00d6GEN SAGOS HOLZ 62\" LBS AHORNHOLZ UND SCHWARZES GLAS g\u00fcnstig kaufen bei Bogensportdiscount \u2013 Top-Marken, schneller Versand aus der Schweiz.","robots":{"index":"index","follow":"follow","max-snippet":"max-snippet:-1","max-image-preview":"max-image-preview:large","max-video-preview":"max-video-preview:-1"},"canonical":"https:\/\/bogensportdiscount.ch\/fr\/produit\/bucktrail-take-down-recurve-wurfarme-sagos-wood-62\/","og_locale":"fr_FR","og_type":"article","og_title":"BUCKTRAIL WURFARME T\/D JAGD-B\u00d6GEN SAGOS HOLZ 62\" LBS AHORNHOLZ UND SCHWARZES GLAS - Bogensportdiscount \u2013 B\u00f6gen, Pfeile, Targets &amp; Zubeh\u00f6r","og_description":"BUCKTRAIL WURFARME T\/D JAGD-B\u00d6GEN SAGOS HOLZ 62\" LBS AHORNHOLZ UND SCHWARZES GLAS g\u00fcnstig kaufen bei Bogensportdiscount \u2013 Top-Marken, schneller Versand aus der Schweiz.","og_url":"https:\/\/bogensportdiscount.ch\/fr\/produit\/bucktrail-take-down-recurve-wurfarme-sagos-wood-62\/","og_site_name":"Bogensportdiscount \u2013 B\u00f6gen, Pfeile, Targets &amp; Zubeh\u00f6r","article_modified_time":"2026-05-14T13:26:26+00:00","og_image":[{"url":"https:\/\/bogensportdiscount.ch\/wp-content\/uploads\/bsm-images\/A054466_1.png","width":5936,"height":1604,"type":"image\/png"}],"twitter_card":"summary_large_image","schema":{"@context":"https:\/\/schema.org","@graph":[{"@type":"WebPage","@id":"https:\/\/bogensportdiscount.ch\/produkt\/bucktrail-take-down-recurve-wurfarme-sagos-wood-62\/","url":"https:\/\/bogensportdiscount.ch\/produkt\/bucktrail-take-down-recurve-wurfarme-sagos-wood-62\/","name":"BUCKTRAIL WURFARME T\/D JAGD-B\u00d6GEN SAGOS HOLZ 62\" LBS AHORNHOLZ UND SCHWARZES GLAS - Bogensportdiscount \u2013 B\u00f6gen, Pfeile, Targets &amp; Zubeh\u00f6r","isPartOf":{"@id":"https:\/\/bogensportdiscount.ch\/#website"},"primaryImageOfPage":{"@id":"https:\/\/bogensportdiscount.ch\/produkt\/bucktrail-take-down-recurve-wurfarme-sagos-wood-62\/#primaryimage"},"image":{"@id":"https:\/\/bogensportdiscount.ch\/produkt\/bucktrail-take-down-recurve-wurfarme-sagos-wood-62\/#primaryimage"},"thumbnailUrl":"https:\/\/bogensportdiscount.ch\/wp-content\/uploads\/bsm-images\/A054466_1.png","datePublished":"2026-04-05T12:56:10+00:00","dateModified":"2026-05-14T13:26:26+00:00","description":"BUCKTRAIL WURFARME T\/D JAGD-B\u00d6GEN SAGOS HOLZ 62\" LBS AHORNHOLZ UND SCHWARZES GLAS g\u00fcnstig kaufen bei Bogensportdiscount \u2013 Top-Marken, schneller Versand aus der Schweiz.","breadcrumb":{"@id":"https:\/\/bogensportdiscount.ch\/produkt\/bucktrail-take-down-recurve-wurfarme-sagos-wood-62\/#breadcrumb"},"inLanguage":"fr-FR","potentialAction":[{"@type":"ReadAction","target":["https:\/\/bogensportdiscount.ch\/produkt\/bucktrail-take-down-recurve-wurfarme-sagos-wood-62\/"]}]},{"@type":"ImageObject","inLanguage":"fr-FR","@id":"https:\/\/bogensportdiscount.ch\/produkt\/bucktrail-take-down-recurve-wurfarme-sagos-wood-62\/#primaryimage","url":"https:\/\/bogensportdiscount.ch\/wp-content\/uploads\/bsm-images\/A054466_1.png","contentUrl":"https:\/\/bogensportdiscount.ch\/wp-content\/uploads\/bsm-images\/A054466_1.png","width":5936,"height":1604},{"@type":"BreadcrumbList","@id":"https:\/\/bogensportdiscount.ch\/produkt\/bucktrail-take-down-recurve-wurfarme-sagos-wood-62\/#breadcrumb","itemListElement":[{"@type":"ListItem","position":1,"name":"Home","item":"https:\/\/bogensportdiscount.ch\/"},{"@type":"ListItem","position":2,"name":"Shop","item":"https:\/\/bogensportdiscount.ch\/shop\/"},{"@type":"ListItem","position":3,"name":"BUCKTRAIL LIMBS T\/D HUNTING BOWS SAGOS WOOD 62&#8243; LBS MAPLE WOOD AND BLACK GLASS"}]},{"@type":"WebSite","@id":"https:\/\/bogensportdiscount.ch\/#website","url":"https:\/\/bogensportdiscount.ch\/","name":"Bogensportdiscount","description":"","potentialAction":[{"@type":"SearchAction","target":{"@type":"EntryPoint","urlTemplate":"https:\/\/bogensportdiscount.ch\/?s={search_term_string}"},"query-input":{"@type":"PropertyValueSpecification","valueRequired":true,"valueName":"search_term_string"}}],"inLanguage":"fr-FR"}]}},"_links":{"self":[{"href":"https:\/\/bogensportdiscount.ch\/fr\/wp-json\/wp\/v2\/product\/407390","targetHints":{"allow":["GET"]}}],"collection":[{"href":"https:\/\/bogensportdiscount.ch\/fr\/wp-json\/wp\/v2\/product"}],"about":[{"href":"https:\/\/bogensportdiscount.ch\/fr\/wp-json\/wp\/v2\/types\/product"}],"replies":[{"embeddable":true,"href":"https:\/\/bogensportdiscount.ch\/fr\/wp-json\/wp\/v2\/comments?post=407390"}],"wp:featuredmedia":[{"embeddable":true,"href":"https:\/\/bogensportdiscount.ch\/fr\/wp-json\/wp\/v2\/media\/523656"}],"wp:attachment":[{"href":"https:\/\/bogensportdiscount.ch\/fr\/wp-json\/wp\/v2\/media?parent=407390"}],"wp:term":[{"taxonomy":"product_brand","embeddable":true,"href":"https:\/\/bogensportdiscount.ch\/fr\/wp-json\/wp\/v2\/product_brand?post=407390"},{"taxonomy":"product_cat","embeddable":true,"href":"https:\/\/bogensportdiscount.ch\/fr\/wp-json\/wp\/v2\/product_cat?post=407390"},{"taxonomy":"product_tag","embeddable":true,"href":"https:\/\/bogensportdiscount.ch\/fr\/wp-json\/wp\/v2\/product_tag?post=407390"}],"curies":[{"name":"wp","href":"https:\/\/api.w.org\/{rel}","templated":true}]}}