{"id":407383,"date":"2026-04-05T14:56:09","date_gmt":"2026-04-05T12:56:09","guid":{"rendered":"https:\/\/bogensportdiscount.ch\/produkt\/flyte-recreational-bow-package-60-20lbs\/"},"modified":"2026-04-19T11:54:09","modified_gmt":"2026-04-19T09:54:09","slug":"core-recurvebogen-flyte-recreational-paket","status":"publish","type":"product","link":"https:\/\/bogensportdiscount.ch\/fr\/produit\/core-recurvebogen-flyte-recreational-paket\/","title":{"rendered":"KIT D&#x27;ARCHERIE DE LOISIRS CORE FLYTE"},"content":{"rendered":"<p>Der CORE Flyte Recreational Bow Package ist ein Recurvebogen-Set, das sich an Einsteiger und Freizeitsch\u00fctzen richtet. Das Paket bietet alles Notwendige f\u00fcr einen direkten Start und ist in mehreren Bogenl\u00e4ngen sowie Zuggewichten erh\u00e4ltlich.<\/p>\n<p>Mit Bogenl\u00e4ngen von 48, 54 und 60 Zoll sowie Zuggewichten von 15 und 20 lbs l\u00e4sst sich der Flyte an unterschiedliche K\u00f6rpergr\u00f6ssen und Kraftniveaus anpassen. Die leichten Zuggewichte machen ihn besonders geeignet f\u00fcr Kinder, Jugendliche und Erwachsene, die neu mit dem Bogenschiessen beginnen.<\/p>\n<ul>\n<li>Erh\u00e4ltlich in drei Bogenl\u00e4ngen: 48&#8243;, 54&#8243;, 60&#8243;<\/li>\n<li>Zuggewichte: 15 lbs und 20 lbs<\/li>\n<li>Convient aux d\u00e9butants et aux archers de loisir<\/li>\n<li>Komplett-Paket f\u00fcr den direkten Einstieg<\/li>\n<\/ul>","protected":false},"excerpt":{"rendered":"<p><strong>Marque :<\/strong> C\u0153ur<\/p>","protected":false},"featured_media":451067,"comment_status":"open","ping_status":"closed","template":"","meta":[],"product_brand":[423],"product_cat":[4350],"product_tag":[],"class_list":{"0":"post-407383","1":"product","2":"type-product","3":"status-publish","4":"has-post-thumbnail","6":"product_brand-core","7":"product_cat-freizeit-boegen-sets","9":"first","10":"outofstock","11":"shipping-taxable","12":"purchasable","13":"product-type-variable"},"_links":{"self":[{"href":"https:\/\/bogensportdiscount.ch\/fr\/wp-json\/wp\/v2\/product\/407383","targetHints":{"allow":["GET"]}}],"collection":[{"href":"https:\/\/bogensportdiscount.ch\/fr\/wp-json\/wp\/v2\/product"}],"about":[{"href":"https:\/\/bogensportdiscount.ch\/fr\/wp-json\/wp\/v2\/types\/product"}],"replies":[{"embeddable":true,"href":"https:\/\/bogensportdiscount.ch\/fr\/wp-json\/wp\/v2\/comments?post=407383"}],"wp:featuredmedia":[{"embeddable":true,"href":"https:\/\/bogensportdiscount.ch\/fr\/wp-json\/wp\/v2\/media\/451067"}],"wp:attachment":[{"href":"https:\/\/bogensportdiscount.ch\/fr\/wp-json\/wp\/v2\/media?parent=407383"}],"wp:term":[{"taxonomy":"product_brand","embeddable":true,"href":"https:\/\/bogensportdiscount.ch\/fr\/wp-json\/wp\/v2\/product_brand?post=407383"},{"taxonomy":"product_cat","embeddable":true,"href":"https:\/\/bogensportdiscount.ch\/fr\/wp-json\/wp\/v2\/product_cat?post=407383"},{"taxonomy":"product_tag","embeddable":true,"href":"https:\/\/bogensportdiscount.ch\/fr\/wp-json\/wp\/v2\/product_tag?post=407383"}],"curies":[{"name":"wp","href":"https:\/\/api.w.org\/{rel}","templated":true}]}}