{"id":407117,"date":"2026-04-05T14:55:44","date_gmt":"2026-04-05T12:55:44","guid":{"rendered":"https:\/\/bogensportdiscount.ch\/produkt\/traditional-string-bcy-fast-flight-64-inch-14-strands-for-longbow-cedar-brown\/"},"modified":"2026-04-20T13:38:01","modified_gmt":"2026-04-20T11:38:01","slug":"buck-trail-elite-traditionelle-bogensehne-bcy-fast-flight","status":"publish","type":"product","link":"https:\/\/bogensportdiscount.ch\/fr\/produit\/buck-trail-elite-traditionelle-bogensehne-bcy-fast-flight\/","title":{"rendered":"BUCKTRAILELITE LONGBOW BCY FAST FLIGHT FLEMISH SEHNE"},"content":{"rendered":"<p>Die Buck Trail Elite Bogensehne aus BCY Fast Flight ist eine Sehne f\u00fcr traditionelle B\u00f6gen wie Recurve- und Langb\u00f6gen. BCY Fast Flight ist ein etabliertes Sehnenmaterial, das f\u00fcr seine geringe Dehnung und gute Haltbarkeit bekannt ist.<\/p>\n<p>Diese Sehne ist f\u00fcr B\u00f6gen geeignet, die f\u00fcr Fast Flight Sehnen freigegeben sind. Vor der Verwendung sollte gepr\u00fcft werden, ob der jeweilige Bogen f\u00fcr Low-Stretch-Sehnenmaterialien zugelassen ist.<\/p>\n<ul>\n<li>Material: BCY Fast Flight<\/li>\n<li>Geeignet f\u00fcr traditionelle B\u00f6gen (Recurve, Langbogen)<\/li>\n<li>Geringe Dehnung f\u00fcr direkte Energie\u00fcbertragung<\/li>\n<li>Fabriqu\u00e9 en R\u00e9publique tch\u00e8que<\/li>\n<\/ul>","protected":false},"excerpt":{"rendered":"<p>Die Buck Trail Elite Traditionelle Bogensehne aus BCY Fast Flight Material ist eine robuste Sehne f\u00fcr traditionelle B\u00f6gen. Sie eignet sich f\u00fcr Recurve- und Langb\u00f6gen und bietet gute Schussleistung durch das bew\u00e4hrte Fast Flight Material.<\/p>","protected":false},"featured_media":452773,"comment_status":"open","ping_status":"closed","template":"","meta":[],"product_brand":[625],"product_cat":[4279],"product_tag":[],"class_list":{"0":"post-407117","1":"product","2":"type-product","3":"status-publish","4":"has-post-thumbnail","6":"product_brand-bucktrailelite","7":"product_cat-traditional-strings","9":"first","10":"instock","11":"shipping-taxable","12":"purchasable","13":"product-type-variable"},"yoast_head":"<!-- This site is optimized with the Yoast SEO plugin v27.4 - https:\/\/yoast.com\/product\/yoast-seo-wordpress\/ -->\n<title>BUCKTRAILELITE LONGBOW BCY FAST FLIGHT FLEMISH SEHNE - Bogensportdiscount \u2013 B\u00f6gen, Pfeile, Targets &amp; Zubeh\u00f6r<\/title>\n<meta name=\"description\" content=\"BUCKTRAILELITE LONGBOW BCY FAST FLIGHT FLEMISH SEHNE g\u00fcnstig kaufen bei Bogensportdiscount \u2013 Top-Marken, schneller Versand aus der Schweiz.\" \/>\n<meta name=\"robots\" content=\"noindex, follow, max-snippet:-1, max-image-preview:large, max-video-preview:-1\" \/>\n<meta property=\"og:locale\" content=\"fr_FR\" \/>\n<meta property=\"og:type\" content=\"article\" \/>\n<meta property=\"og:title\" content=\"BUCKTRAILELITE LONGBOW BCY FAST FLIGHT FLEMISH SEHNE - Bogensportdiscount \u2013 B\u00f6gen, Pfeile, Targets &amp; Zubeh\u00f6r\" \/>\n<meta property=\"og:description\" content=\"BUCKTRAILELITE LONGBOW BCY FAST FLIGHT FLEMISH SEHNE g\u00fcnstig kaufen bei Bogensportdiscount \u2013 Top-Marken, schneller Versand aus der Schweiz.\" \/>\n<meta property=\"og:url\" content=\"https:\/\/bogensportdiscount.ch\/fr\/produit\/buck-trail-elite-traditionelle-bogensehne-bcy-fast-flight\/\" \/>\n<meta property=\"og:site_name\" content=\"Bogensportdiscount \u2013 B\u00f6gen, Pfeile, Targets &amp; Zubeh\u00f6r\" \/>\n<meta property=\"article:modified_time\" content=\"2026-04-20T11:38:01+00:00\" \/>\n<meta property=\"og:image\" content=\"https:\/\/bogensportdiscount.ch\/wp-content\/uploads\/bsm-images\/a051109_1.jpg\" \/>\n\t<meta property=\"og:image:width\" content=\"400\" \/>\n\t<meta property=\"og:image:height\" content=\"266\" \/>\n\t<meta property=\"og:image:type\" content=\"image\/jpeg\" \/>\n<meta name=\"twitter:card\" content=\"summary_large_image\" \/>\n<script type=\"application\/ld+json\" class=\"yoast-schema-graph\">{\"@context\":\"https:\\\/\\\/schema.org\",\"@graph\":[{\"@type\":\"WebPage\",\"@id\":\"https:\\\/\\\/bogensportdiscount.ch\\\/fr\\\/produit\\\/buck-trail-elite-traditionelle-bogensehne-bcy-fast-flight\\\/\",\"url\":\"https:\\\/\\\/bogensportdiscount.ch\\\/fr\\\/produit\\\/buck-trail-elite-traditionelle-bogensehne-bcy-fast-flight\\\/\",\"name\":\"BUCKTRAILELITE LONGBOW BCY FAST FLIGHT FLEMISH SEHNE - Bogensportdiscount \u2013 B\u00f6gen, Pfeile, Targets &amp; Zubeh\u00f6r\",\"isPartOf\":{\"@id\":\"https:\\\/\\\/bogensportdiscount.ch\\\/#website\"},\"primaryImageOfPage\":{\"@id\":\"https:\\\/\\\/bogensportdiscount.ch\\\/fr\\\/produit\\\/buck-trail-elite-traditionelle-bogensehne-bcy-fast-flight\\\/#primaryimage\"},\"image\":{\"@id\":\"https:\\\/\\\/bogensportdiscount.ch\\\/fr\\\/produit\\\/buck-trail-elite-traditionelle-bogensehne-bcy-fast-flight\\\/#primaryimage\"},\"thumbnailUrl\":\"https:\\\/\\\/bogensportdiscount.ch\\\/wp-content\\\/uploads\\\/bsm-images\\\/a051109_1.jpg\",\"datePublished\":\"2026-04-05T12:55:44+00:00\",\"dateModified\":\"2026-04-20T11:38:01+00:00\",\"description\":\"BUCKTRAILELITE LONGBOW BCY FAST FLIGHT FLEMISH SEHNE g\u00fcnstig kaufen bei Bogensportdiscount \u2013 Top-Marken, schneller Versand aus der Schweiz.\",\"breadcrumb\":{\"@id\":\"https:\\\/\\\/bogensportdiscount.ch\\\/fr\\\/produit\\\/buck-trail-elite-traditionelle-bogensehne-bcy-fast-flight\\\/#breadcrumb\"},\"inLanguage\":\"fr-FR\",\"potentialAction\":[{\"@type\":\"ReadAction\",\"target\":[\"https:\\\/\\\/bogensportdiscount.ch\\\/fr\\\/produit\\\/buck-trail-elite-traditionelle-bogensehne-bcy-fast-flight\\\/\"]}]},{\"@type\":\"ImageObject\",\"inLanguage\":\"fr-FR\",\"@id\":\"https:\\\/\\\/bogensportdiscount.ch\\\/fr\\\/produit\\\/buck-trail-elite-traditionelle-bogensehne-bcy-fast-flight\\\/#primaryimage\",\"url\":\"https:\\\/\\\/bogensportdiscount.ch\\\/wp-content\\\/uploads\\\/bsm-images\\\/a051109_1.jpg\",\"contentUrl\":\"https:\\\/\\\/bogensportdiscount.ch\\\/wp-content\\\/uploads\\\/bsm-images\\\/a051109_1.jpg\",\"width\":400,\"height\":266},{\"@type\":\"BreadcrumbList\",\"@id\":\"https:\\\/\\\/bogensportdiscount.ch\\\/fr\\\/produit\\\/buck-trail-elite-traditionelle-bogensehne-bcy-fast-flight\\\/#breadcrumb\",\"itemListElement\":[{\"@type\":\"ListItem\",\"position\":1,\"name\":\"Home\",\"item\":\"https:\\\/\\\/bogensportdiscount.ch\\\/\"},{\"@type\":\"ListItem\",\"position\":2,\"name\":\"Shop\",\"item\":\"https:\\\/\\\/bogensportdiscount.ch\\\/shop\\\/\"},{\"@type\":\"ListItem\",\"position\":3,\"name\":\"BUCKTRAILELITE LONGBOW BCY FAST FLIGHT FLEMISH SEHNE\"}]},{\"@type\":\"WebSite\",\"@id\":\"https:\\\/\\\/bogensportdiscount.ch\\\/#website\",\"url\":\"https:\\\/\\\/bogensportdiscount.ch\\\/\",\"name\":\"Bogensportdiscount\",\"description\":\"\",\"potentialAction\":[{\"@type\":\"SearchAction\",\"target\":{\"@type\":\"EntryPoint\",\"urlTemplate\":\"https:\\\/\\\/bogensportdiscount.ch\\\/?s={search_term_string}\"},\"query-input\":{\"@type\":\"PropertyValueSpecification\",\"valueRequired\":true,\"valueName\":\"search_term_string\"}}],\"inLanguage\":\"fr-FR\"}]}<\/script>\n<!-- \/ Yoast SEO plugin. -->","yoast_head_json":{"title":"BUCKTRAILELITE LONGBOW BCY FAST FLIGHT FLEMISH SEHNE - Bogensportdiscount \u2013 B\u00f6gen, Pfeile, Targets &amp; Zubeh\u00f6r","description":"BUCKTRAILELITE LONGBOW BCY FAST FLIGHT FLEMISH SEHNE g\u00fcnstig kaufen bei Bogensportdiscount \u2013 Top-Marken, schneller Versand aus der Schweiz.","robots":{"index":"noindex","follow":"follow","max-snippet":"max-snippet:-1","max-image-preview":"max-image-preview:large","max-video-preview":"max-video-preview:-1"},"og_locale":"fr_FR","og_type":"article","og_title":"BUCKTRAILELITE LONGBOW BCY FAST FLIGHT FLEMISH SEHNE - Bogensportdiscount \u2013 B\u00f6gen, Pfeile, Targets &amp; Zubeh\u00f6r","og_description":"BUCKTRAILELITE LONGBOW BCY FAST FLIGHT FLEMISH SEHNE g\u00fcnstig kaufen bei Bogensportdiscount \u2013 Top-Marken, schneller Versand aus der Schweiz.","og_url":"https:\/\/bogensportdiscount.ch\/fr\/produit\/buck-trail-elite-traditionelle-bogensehne-bcy-fast-flight\/","og_site_name":"Bogensportdiscount \u2013 B\u00f6gen, Pfeile, Targets &amp; Zubeh\u00f6r","article_modified_time":"2026-04-20T11:38:01+00:00","og_image":[{"width":400,"height":266,"url":"https:\/\/bogensportdiscount.ch\/wp-content\/uploads\/bsm-images\/a051109_1.jpg","type":"image\/jpeg"}],"twitter_card":"summary_large_image","schema":{"@context":"https:\/\/schema.org","@graph":[{"@type":"WebPage","@id":"https:\/\/bogensportdiscount.ch\/fr\/produit\/buck-trail-elite-traditionelle-bogensehne-bcy-fast-flight\/","url":"https:\/\/bogensportdiscount.ch\/fr\/produit\/buck-trail-elite-traditionelle-bogensehne-bcy-fast-flight\/","name":"BUCKTRAILELITE LONGBOW BCY FAST FLIGHT FLEMISH SEHNE - Bogensportdiscount \u2013 B\u00f6gen, Pfeile, Targets &amp; Zubeh\u00f6r","isPartOf":{"@id":"https:\/\/bogensportdiscount.ch\/#website"},"primaryImageOfPage":{"@id":"https:\/\/bogensportdiscount.ch\/fr\/produit\/buck-trail-elite-traditionelle-bogensehne-bcy-fast-flight\/#primaryimage"},"image":{"@id":"https:\/\/bogensportdiscount.ch\/fr\/produit\/buck-trail-elite-traditionelle-bogensehne-bcy-fast-flight\/#primaryimage"},"thumbnailUrl":"https:\/\/bogensportdiscount.ch\/wp-content\/uploads\/bsm-images\/a051109_1.jpg","datePublished":"2026-04-05T12:55:44+00:00","dateModified":"2026-04-20T11:38:01+00:00","description":"BUCKTRAILELITE LONGBOW BCY FAST FLIGHT FLEMISH SEHNE g\u00fcnstig kaufen bei Bogensportdiscount \u2013 Top-Marken, schneller Versand aus der Schweiz.","breadcrumb":{"@id":"https:\/\/bogensportdiscount.ch\/fr\/produit\/buck-trail-elite-traditionelle-bogensehne-bcy-fast-flight\/#breadcrumb"},"inLanguage":"fr-FR","potentialAction":[{"@type":"ReadAction","target":["https:\/\/bogensportdiscount.ch\/fr\/produit\/buck-trail-elite-traditionelle-bogensehne-bcy-fast-flight\/"]}]},{"@type":"ImageObject","inLanguage":"fr-FR","@id":"https:\/\/bogensportdiscount.ch\/fr\/produit\/buck-trail-elite-traditionelle-bogensehne-bcy-fast-flight\/#primaryimage","url":"https:\/\/bogensportdiscount.ch\/wp-content\/uploads\/bsm-images\/a051109_1.jpg","contentUrl":"https:\/\/bogensportdiscount.ch\/wp-content\/uploads\/bsm-images\/a051109_1.jpg","width":400,"height":266},{"@type":"BreadcrumbList","@id":"https:\/\/bogensportdiscount.ch\/fr\/produit\/buck-trail-elite-traditionelle-bogensehne-bcy-fast-flight\/#breadcrumb","itemListElement":[{"@type":"ListItem","position":1,"name":"Home","item":"https:\/\/bogensportdiscount.ch\/"},{"@type":"ListItem","position":2,"name":"Shop","item":"https:\/\/bogensportdiscount.ch\/shop\/"},{"@type":"ListItem","position":3,"name":"BUCKTRAILELITE LONGBOW BCY FAST FLIGHT FLEMISH SEHNE"}]},{"@type":"WebSite","@id":"https:\/\/bogensportdiscount.ch\/#website","url":"https:\/\/bogensportdiscount.ch\/","name":"Bogensportdiscount","description":"","potentialAction":[{"@type":"SearchAction","target":{"@type":"EntryPoint","urlTemplate":"https:\/\/bogensportdiscount.ch\/?s={search_term_string}"},"query-input":{"@type":"PropertyValueSpecification","valueRequired":true,"valueName":"search_term_string"}}],"inLanguage":"fr-FR"}]}},"_links":{"self":[{"href":"https:\/\/bogensportdiscount.ch\/fr\/wp-json\/wp\/v2\/product\/407117","targetHints":{"allow":["GET"]}}],"collection":[{"href":"https:\/\/bogensportdiscount.ch\/fr\/wp-json\/wp\/v2\/product"}],"about":[{"href":"https:\/\/bogensportdiscount.ch\/fr\/wp-json\/wp\/v2\/types\/product"}],"replies":[{"embeddable":true,"href":"https:\/\/bogensportdiscount.ch\/fr\/wp-json\/wp\/v2\/comments?post=407117"}],"wp:featuredmedia":[{"embeddable":true,"href":"https:\/\/bogensportdiscount.ch\/fr\/wp-json\/wp\/v2\/media\/452773"}],"wp:attachment":[{"href":"https:\/\/bogensportdiscount.ch\/fr\/wp-json\/wp\/v2\/media?parent=407117"}],"wp:term":[{"taxonomy":"product_brand","embeddable":true,"href":"https:\/\/bogensportdiscount.ch\/fr\/wp-json\/wp\/v2\/product_brand?post=407117"},{"taxonomy":"product_cat","embeddable":true,"href":"https:\/\/bogensportdiscount.ch\/fr\/wp-json\/wp\/v2\/product_cat?post=407117"},{"taxonomy":"product_tag","embeddable":true,"href":"https:\/\/bogensportdiscount.ch\/fr\/wp-json\/wp\/v2\/product_tag?post=407117"}],"curies":[{"name":"wp","href":"https:\/\/api.w.org\/{rel}","templated":true}]}}