{"id":407101,"date":"2026-04-05T14:55:43","date_gmt":"2026-04-05T12:55:43","guid":{"rendered":"https:\/\/bogensportdiscount.ch\/produkt\/limbs-pure-ilf-t-d-longbow-bamboo-black-64-30lbs-19-riser\/"},"modified":"2026-05-14T15:26:25","modified_gmt":"2026-05-14T13:26:25","slug":"oakridge-wurfarme-pure-ilf-td-longbow-bambus-schwarz-64","status":"publish","type":"product","link":"https:\/\/bogensportdiscount.ch\/fr\/produit\/oakridge-wurfarme-pure-ilf-td-longbow-bambus-schwarz-64\/","title":{"rendered":"OAKRIDGE LIMBS PURE ILF T\/D ARC LONG BAMBUS NOIR 64&#8243; POIGN\u00c9E 19&#8243;"},"content":{"rendered":"<p>Les branches OAKRIDGE Pure ILF sont con\u00e7ues pour les arcs longs d\u00e9montables (Take-Down) avec poign\u00e9e compatible ILF. Avec une longueur totale de 64&#8243;, elles conviennent aux arch\u00e8res et archers souhaitant allier le caract\u00e8re classique du arc long \u00e0 la flexibilit\u00e9 d'un syst\u00e8me d\u00e9montable.<\/p>\n<p>Les branches sont fabriqu\u00e9es en bambou avec une finition noire et sont disponibles dans les puissances de 30 lbs et 35 lbs. Gr\u00e2ce \u00e0 la fixation ILF, elles peuvent \u00eatre combin\u00e9es avec une grande vari\u00e9t\u00e9 de poign\u00e9es ILF du commerce.<\/p>\n<ul>\n<li>Compatible ILF pour un remplacement et un transport faciles<\/li>\n<li>Construction d\u00e9montable pour une manipulation pratique<\/li>\n<li>Structure en bambou pour un aspect classique et de bonnes propri\u00e9t\u00e9s d'amortissement<\/li>\n<li>Disponible en 30 lbs et 35 lbs<\/li>\n<\/ul>","protected":false},"excerpt":{"rendered":"<table>\n<tr>\n<th>Propri\u00e9t\u00e9<\/th>\n<th>Valeur<\/th>\n<\/tr>\n<tr>\n<td>Marque<\/td>\n<td>Oak Ridge<\/td>\n<\/tr>\n<tr>\n<td>Mod\u00e8le<\/td>\n<td>Pure ILF<\/td>\n<\/tr>\n<tr>\n<td>Type<\/td>\n<td>Branches T\/D Longbow<\/td>\n<\/tr>\n<tr>\n<td>Longueur<\/td>\n<td>64&#8243;<\/td>\n<\/tr>\n<tr>\n<td>Mat\u00e9riau<\/td>\n<td>Bambou, Noir<\/td>\n<\/tr>\n<tr>\n<td>Poids de traction<\/td>\n<td>30 lbs \/ 35 lbs<\/td>\n<\/tr>\n<tr>\n<td>Origine<\/td>\n<td>Chine<\/td>\n<\/tr>\n<\/table>","protected":false},"featured_media":451031,"comment_status":"open","ping_status":"closed","template":"","meta":[],"product_brand":[569],"product_cat":[4529],"product_tag":[],"class_list":{"0":"post-407101","1":"product","2":"type-product","3":"status-publish","4":"has-post-thumbnail","6":"product_brand-oakridge","7":"product_cat-traditionelle-boegen-wurfarme","8":"product_shipping_class-bsd-standard","10":"first","11":"instock","12":"shipping-taxable","13":"purchasable","14":"product-type-variable"},"yoast_head":"<!-- This site is optimized with the Yoast SEO plugin v27.6 - https:\/\/yoast.com\/product\/yoast-seo-wordpress\/ -->\n<title>OAKRIDGE LIMBS PURE ILF T\/D LANGBOGEN BAMBUS SCHWARZ 64&quot; 19&quot; MITTELTEIL - Bogensportdiscount \u2013 B\u00f6gen, Pfeile, Targets &amp; Zubeh\u00f6r<\/title>\n<meta name=\"description\" content=\"OAKRIDGE LIMBS PURE ILF T\/D LANGBOGEN BAMBUS SCHWARZ 64&quot; 19&quot; MITTELTEIL g\u00fcnstig kaufen bei Bogensportdiscount \u2013 Top-Marken, schneller Versand aus der Schweiz.\" \/>\n<meta name=\"robots\" content=\"index, follow, max-snippet:-1, max-image-preview:large, max-video-preview:-1\" \/>\n<link rel=\"canonical\" href=\"https:\/\/bogensportdiscount.ch\/fr\/produit\/oakridge-wurfarme-pure-ilf-td-longbow-bambus-schwarz-64\/\" \/>\n<meta property=\"og:locale\" content=\"fr_FR\" \/>\n<meta property=\"og:type\" content=\"article\" \/>\n<meta property=\"og:title\" content=\"OAKRIDGE LIMBS PURE ILF T\/D LANGBOGEN BAMBUS SCHWARZ 64&quot; 19&quot; MITTELTEIL - Bogensportdiscount \u2013 B\u00f6gen, Pfeile, Targets &amp; Zubeh\u00f6r\" \/>\n<meta property=\"og:description\" content=\"OAKRIDGE LIMBS PURE ILF T\/D LANGBOGEN BAMBUS SCHWARZ 64&quot; 19&quot; MITTELTEIL g\u00fcnstig kaufen bei Bogensportdiscount \u2013 Top-Marken, schneller Versand aus der Schweiz.\" \/>\n<meta property=\"og:url\" content=\"https:\/\/bogensportdiscount.ch\/fr\/produit\/oakridge-wurfarme-pure-ilf-td-longbow-bambus-schwarz-64\/\" \/>\n<meta property=\"og:site_name\" content=\"Bogensportdiscount \u2013 B\u00f6gen, Pfeile, Targets &amp; Zubeh\u00f6r\" \/>\n<meta property=\"article:modified_time\" content=\"2026-05-14T13:26:25+00:00\" \/>\n<meta property=\"og:image\" content=\"https:\/\/bogensportdiscount.ch\/wp-content\/uploads\/bsm-images\/A051099_1.png\" \/>\n\t<meta property=\"og:image:width\" content=\"6157\" \/>\n\t<meta property=\"og:image:height\" content=\"969\" \/>\n\t<meta property=\"og:image:type\" content=\"image\/png\" \/>\n<meta name=\"twitter:card\" content=\"summary_large_image\" \/>\n<script type=\"application\/ld+json\" class=\"yoast-schema-graph\">{\"@context\":\"https:\\\/\\\/schema.org\",\"@graph\":[{\"@type\":\"WebPage\",\"@id\":\"https:\\\/\\\/bogensportdiscount.ch\\\/produkt\\\/oakridge-wurfarme-pure-ilf-td-longbow-bambus-schwarz-64\\\/\",\"url\":\"https:\\\/\\\/bogensportdiscount.ch\\\/produkt\\\/oakridge-wurfarme-pure-ilf-td-longbow-bambus-schwarz-64\\\/\",\"name\":\"OAKRIDGE LIMBS PURE ILF T\\\/D LANGBOGEN BAMBUS SCHWARZ 64\\\" 19\\\" MITTELTEIL - Bogensportdiscount \u2013 B\u00f6gen, Pfeile, Targets &amp; Zubeh\u00f6r\",\"isPartOf\":{\"@id\":\"https:\\\/\\\/bogensportdiscount.ch\\\/#website\"},\"primaryImageOfPage\":{\"@id\":\"https:\\\/\\\/bogensportdiscount.ch\\\/produkt\\\/oakridge-wurfarme-pure-ilf-td-longbow-bambus-schwarz-64\\\/#primaryimage\"},\"image\":{\"@id\":\"https:\\\/\\\/bogensportdiscount.ch\\\/produkt\\\/oakridge-wurfarme-pure-ilf-td-longbow-bambus-schwarz-64\\\/#primaryimage\"},\"thumbnailUrl\":\"https:\\\/\\\/bogensportdiscount.ch\\\/wp-content\\\/uploads\\\/bsm-images\\\/A051099_1.png\",\"datePublished\":\"2026-04-05T12:55:43+00:00\",\"dateModified\":\"2026-05-14T13:26:25+00:00\",\"description\":\"OAKRIDGE LIMBS PURE ILF T\\\/D LANGBOGEN BAMBUS SCHWARZ 64\\\" 19\\\" MITTELTEIL g\u00fcnstig kaufen bei Bogensportdiscount \u2013 Top-Marken, schneller Versand aus der Schweiz.\",\"breadcrumb\":{\"@id\":\"https:\\\/\\\/bogensportdiscount.ch\\\/produkt\\\/oakridge-wurfarme-pure-ilf-td-longbow-bambus-schwarz-64\\\/#breadcrumb\"},\"inLanguage\":\"fr-FR\",\"potentialAction\":[{\"@type\":\"ReadAction\",\"target\":[\"https:\\\/\\\/bogensportdiscount.ch\\\/produkt\\\/oakridge-wurfarme-pure-ilf-td-longbow-bambus-schwarz-64\\\/\"]}]},{\"@type\":\"ImageObject\",\"inLanguage\":\"fr-FR\",\"@id\":\"https:\\\/\\\/bogensportdiscount.ch\\\/produkt\\\/oakridge-wurfarme-pure-ilf-td-longbow-bambus-schwarz-64\\\/#primaryimage\",\"url\":\"https:\\\/\\\/bogensportdiscount.ch\\\/wp-content\\\/uploads\\\/bsm-images\\\/A051099_1.png\",\"contentUrl\":\"https:\\\/\\\/bogensportdiscount.ch\\\/wp-content\\\/uploads\\\/bsm-images\\\/A051099_1.png\",\"width\":6157,\"height\":969},{\"@type\":\"BreadcrumbList\",\"@id\":\"https:\\\/\\\/bogensportdiscount.ch\\\/produkt\\\/oakridge-wurfarme-pure-ilf-td-longbow-bambus-schwarz-64\\\/#breadcrumb\",\"itemListElement\":[{\"@type\":\"ListItem\",\"position\":1,\"name\":\"Home\",\"item\":\"https:\\\/\\\/bogensportdiscount.ch\\\/\"},{\"@type\":\"ListItem\",\"position\":2,\"name\":\"Shop\",\"item\":\"https:\\\/\\\/bogensportdiscount.ch\\\/shop\\\/\"},{\"@type\":\"ListItem\",\"position\":3,\"name\":\"OAKRIDGE LIMBS PURE ILF T\\\/D LONGBOW BAMBOO BLACK 64&#8243; 19&#8243; RISER\"}]},{\"@type\":\"WebSite\",\"@id\":\"https:\\\/\\\/bogensportdiscount.ch\\\/#website\",\"url\":\"https:\\\/\\\/bogensportdiscount.ch\\\/\",\"name\":\"Bogensportdiscount\",\"description\":\"\",\"potentialAction\":[{\"@type\":\"SearchAction\",\"target\":{\"@type\":\"EntryPoint\",\"urlTemplate\":\"https:\\\/\\\/bogensportdiscount.ch\\\/?s={search_term_string}\"},\"query-input\":{\"@type\":\"PropertyValueSpecification\",\"valueRequired\":true,\"valueName\":\"search_term_string\"}}],\"inLanguage\":\"fr-FR\"}]}<\/script>\n<!-- \/ Yoast SEO plugin. -->","yoast_head_json":{"title":"OAKRIDGE LIMBS PURE ILF T\/D LANGBOGEN BAMBUS SCHWARZ 64\" 19\" MITTELTEIL - Bogensportdiscount \u2013 B\u00f6gen, Pfeile, Targets &amp; Zubeh\u00f6r","description":"OAKRIDGE LIMBS PURE ILF T\/D LANGBOGEN BAMBUS SCHWARZ 64\" 19\" MITTELTEIL g\u00fcnstig kaufen bei Bogensportdiscount \u2013 Top-Marken, schneller Versand aus der Schweiz.","robots":{"index":"index","follow":"follow","max-snippet":"max-snippet:-1","max-image-preview":"max-image-preview:large","max-video-preview":"max-video-preview:-1"},"canonical":"https:\/\/bogensportdiscount.ch\/fr\/produit\/oakridge-wurfarme-pure-ilf-td-longbow-bambus-schwarz-64\/","og_locale":"fr_FR","og_type":"article","og_title":"OAKRIDGE LIMBS PURE ILF T\/D LANGBOGEN BAMBUS SCHWARZ 64\" 19\" MITTELTEIL - Bogensportdiscount \u2013 B\u00f6gen, Pfeile, Targets &amp; Zubeh\u00f6r","og_description":"OAKRIDGE LIMBS PURE ILF T\/D LANGBOGEN BAMBUS SCHWARZ 64\" 19\" MITTELTEIL g\u00fcnstig kaufen bei Bogensportdiscount \u2013 Top-Marken, schneller Versand aus der Schweiz.","og_url":"https:\/\/bogensportdiscount.ch\/fr\/produit\/oakridge-wurfarme-pure-ilf-td-longbow-bambus-schwarz-64\/","og_site_name":"Bogensportdiscount \u2013 B\u00f6gen, Pfeile, Targets &amp; Zubeh\u00f6r","article_modified_time":"2026-05-14T13:26:25+00:00","og_image":[{"url":"https:\/\/bogensportdiscount.ch\/wp-content\/uploads\/bsm-images\/A051099_1.png","width":6157,"height":969,"type":"image\/png"}],"twitter_card":"summary_large_image","schema":{"@context":"https:\/\/schema.org","@graph":[{"@type":"WebPage","@id":"https:\/\/bogensportdiscount.ch\/produkt\/oakridge-wurfarme-pure-ilf-td-longbow-bambus-schwarz-64\/","url":"https:\/\/bogensportdiscount.ch\/produkt\/oakridge-wurfarme-pure-ilf-td-longbow-bambus-schwarz-64\/","name":"OAKRIDGE LIMBS PURE ILF T\/D LANGBOGEN BAMBUS SCHWARZ 64\" 19\" MITTELTEIL - Bogensportdiscount \u2013 B\u00f6gen, Pfeile, Targets &amp; Zubeh\u00f6r","isPartOf":{"@id":"https:\/\/bogensportdiscount.ch\/#website"},"primaryImageOfPage":{"@id":"https:\/\/bogensportdiscount.ch\/produkt\/oakridge-wurfarme-pure-ilf-td-longbow-bambus-schwarz-64\/#primaryimage"},"image":{"@id":"https:\/\/bogensportdiscount.ch\/produkt\/oakridge-wurfarme-pure-ilf-td-longbow-bambus-schwarz-64\/#primaryimage"},"thumbnailUrl":"https:\/\/bogensportdiscount.ch\/wp-content\/uploads\/bsm-images\/A051099_1.png","datePublished":"2026-04-05T12:55:43+00:00","dateModified":"2026-05-14T13:26:25+00:00","description":"OAKRIDGE LIMBS PURE ILF T\/D LANGBOGEN BAMBUS SCHWARZ 64\" 19\" MITTELTEIL g\u00fcnstig kaufen bei Bogensportdiscount \u2013 Top-Marken, schneller Versand aus der Schweiz.","breadcrumb":{"@id":"https:\/\/bogensportdiscount.ch\/produkt\/oakridge-wurfarme-pure-ilf-td-longbow-bambus-schwarz-64\/#breadcrumb"},"inLanguage":"fr-FR","potentialAction":[{"@type":"ReadAction","target":["https:\/\/bogensportdiscount.ch\/produkt\/oakridge-wurfarme-pure-ilf-td-longbow-bambus-schwarz-64\/"]}]},{"@type":"ImageObject","inLanguage":"fr-FR","@id":"https:\/\/bogensportdiscount.ch\/produkt\/oakridge-wurfarme-pure-ilf-td-longbow-bambus-schwarz-64\/#primaryimage","url":"https:\/\/bogensportdiscount.ch\/wp-content\/uploads\/bsm-images\/A051099_1.png","contentUrl":"https:\/\/bogensportdiscount.ch\/wp-content\/uploads\/bsm-images\/A051099_1.png","width":6157,"height":969},{"@type":"BreadcrumbList","@id":"https:\/\/bogensportdiscount.ch\/produkt\/oakridge-wurfarme-pure-ilf-td-longbow-bambus-schwarz-64\/#breadcrumb","itemListElement":[{"@type":"ListItem","position":1,"name":"Home","item":"https:\/\/bogensportdiscount.ch\/"},{"@type":"ListItem","position":2,"name":"Shop","item":"https:\/\/bogensportdiscount.ch\/shop\/"},{"@type":"ListItem","position":3,"name":"OAKRIDGE LIMBS PURE ILF T\/D LONGBOW BAMBOO BLACK 64&#8243; 19&#8243; RISER"}]},{"@type":"WebSite","@id":"https:\/\/bogensportdiscount.ch\/#website","url":"https:\/\/bogensportdiscount.ch\/","name":"Bogensportdiscount","description":"","potentialAction":[{"@type":"SearchAction","target":{"@type":"EntryPoint","urlTemplate":"https:\/\/bogensportdiscount.ch\/?s={search_term_string}"},"query-input":{"@type":"PropertyValueSpecification","valueRequired":true,"valueName":"search_term_string"}}],"inLanguage":"fr-FR"}]}},"_links":{"self":[{"href":"https:\/\/bogensportdiscount.ch\/fr\/wp-json\/wp\/v2\/product\/407101","targetHints":{"allow":["GET"]}}],"collection":[{"href":"https:\/\/bogensportdiscount.ch\/fr\/wp-json\/wp\/v2\/product"}],"about":[{"href":"https:\/\/bogensportdiscount.ch\/fr\/wp-json\/wp\/v2\/types\/product"}],"replies":[{"embeddable":true,"href":"https:\/\/bogensportdiscount.ch\/fr\/wp-json\/wp\/v2\/comments?post=407101"}],"wp:featuredmedia":[{"embeddable":true,"href":"https:\/\/bogensportdiscount.ch\/fr\/wp-json\/wp\/v2\/media\/451031"}],"wp:attachment":[{"href":"https:\/\/bogensportdiscount.ch\/fr\/wp-json\/wp\/v2\/media?parent=407101"}],"wp:term":[{"taxonomy":"product_brand","embeddable":true,"href":"https:\/\/bogensportdiscount.ch\/fr\/wp-json\/wp\/v2\/product_brand?post=407101"},{"taxonomy":"product_cat","embeddable":true,"href":"https:\/\/bogensportdiscount.ch\/fr\/wp-json\/wp\/v2\/product_cat?post=407101"},{"taxonomy":"product_tag","embeddable":true,"href":"https:\/\/bogensportdiscount.ch\/fr\/wp-json\/wp\/v2\/product_tag?post=407101"}],"curies":[{"name":"wp","href":"https:\/\/api.w.org\/{rel}","templated":true}]}}