{"id":407046,"date":"2026-04-05T14:55:39","date_gmt":"2026-04-05T12:55:39","guid":{"rendered":"https:\/\/bogensportdiscount.ch\/produkt\/compound-package-drive-nxt-zf-cam-rotating-mod-lh-50-60lbs-25-5-31-black\/"},"modified":"2026-05-14T15:26:25","modified_gmt":"2026-05-14T13:26:25","slug":"pse-compound-set-drive-nxt-zf-cam-rotating-mod","status":"publish","type":"product","link":"https:\/\/bogensportdiscount.ch\/fr\/produit\/pse-compound-set-drive-nxt-zf-cam-rotating-mod\/","title":{"rendered":"PSE ARC \u00c0 POULIES PACK DRIVE NXT"},"content":{"rendered":"<p>Le PSE Drive NXT est un kit d'arc \u00e0 poulies avec ZF-Cam et Rotating Mod, con\u00e7u pour les archers recherchant un arc polyvalent et adaptable. Avec un entraxe de 33 pouces et une brace height de 7 pouces, l'arc offre une combinaison \u00e9quilibr\u00e9e de maniabilit\u00e9 et de stabilit\u00e9.<\/p>\n<p>Le cadre est en aluminium et disponible dans les classes de puissance 50\u201360 lbs ainsi que 60\u201370 lbs. Un let-off de 80 % soulage consid\u00e9rablement le tireur en allonge. L'arc est disponible pour droitier et gaucher et propos\u00e9 dans les couleurs Black, Green et Mossy Oak Bottomland.<\/p>\n<ul>\n<li>Entraxe 33 pouces \u2013 compact et maniable<\/li>\n<li>Rotating Mod pour un ajustement flexible de l'allonge<\/li>\n<li>80 % let-off pour un maintien d\u00e9tendu en allonge<\/li>\n<li>Disponible pour droitier et gaucher en plusieurs couleurs<\/li>\n<\/ul>","protected":false},"excerpt":{"rendered":"<table>\n<tr>\n<th>Propri\u00e9t\u00e9<\/th>\n<th>Valeur<\/th>\n<\/tr>\n<tr>\n<td>Entre-axes<\/td>\n<td>33 pouces<\/td>\n<\/tr>\n<tr>\n<td>Brace Height<\/td>\n<td>7 pouces<\/td>\n<\/tr>\n<tr>\n<td>Module<\/td>\n<td>Rotating Mod<\/td>\n<\/tr>\n<tr>\n<td>Let-Off<\/td>\n<td>80 %<\/td>\n<\/tr>\n<tr>\n<td>Mat\u00e9riau<\/td>\n<td>Aluminium<\/td>\n<\/tr>\n<tr>\n<td>Origine<\/td>\n<td>USA<\/td>\n<\/tr>\n<\/table>","protected":false},"featured_media":452768,"comment_status":"open","ping_status":"closed","template":"","meta":[],"product_brand":[450],"product_cat":[4525],"product_tag":[],"class_list":{"0":"post-407046","1":"product","2":"type-product","3":"status-publish","4":"has-post-thumbnail","6":"product_brand-pse","7":"product_cat-compound-boegen-sets","8":"product_shipping_class-bsd-sperrgut","10":"first","11":"instock","12":"shipping-taxable","13":"purchasable","14":"product-type-variable"},"yoast_head":"<!-- This site is optimized with the Yoast SEO plugin v27.6 - https:\/\/yoast.com\/product\/yoast-seo-wordpress\/ -->\n<title>PSE COMPOUNDBOGEN PAKET DRIVE NXT - Bogensportdiscount \u2013 B\u00f6gen, Pfeile, Targets &amp; Zubeh\u00f6r<\/title>\n<meta name=\"description\" content=\"PSE COMPOUNDBOGEN PAKET DRIVE NXT g\u00fcnstig kaufen bei Bogensportdiscount \u2013 Top-Marken, schneller Versand aus der Schweiz.\" \/>\n<meta name=\"robots\" content=\"index, follow, max-snippet:-1, max-image-preview:large, max-video-preview:-1\" \/>\n<link rel=\"canonical\" href=\"https:\/\/bogensportdiscount.ch\/fr\/produit\/pse-compound-set-drive-nxt-zf-cam-rotating-mod\/\" \/>\n<meta property=\"og:locale\" content=\"fr_FR\" \/>\n<meta property=\"og:type\" content=\"article\" \/>\n<meta property=\"og:title\" content=\"PSE COMPOUNDBOGEN PAKET DRIVE NXT - Bogensportdiscount \u2013 B\u00f6gen, Pfeile, Targets &amp; Zubeh\u00f6r\" \/>\n<meta property=\"og:description\" content=\"PSE COMPOUNDBOGEN PAKET DRIVE NXT g\u00fcnstig kaufen bei Bogensportdiscount \u2013 Top-Marken, schneller Versand aus der Schweiz.\" \/>\n<meta property=\"og:url\" content=\"https:\/\/bogensportdiscount.ch\/fr\/produit\/pse-compound-set-drive-nxt-zf-cam-rotating-mod\/\" \/>\n<meta property=\"og:site_name\" content=\"Bogensportdiscount \u2013 B\u00f6gen, Pfeile, Targets &amp; Zubeh\u00f6r\" \/>\n<meta property=\"article:modified_time\" content=\"2026-05-14T13:26:25+00:00\" \/>\n<meta property=\"og:image\" content=\"https:\/\/bogensportdiscount.ch\/wp-content\/uploads\/bsm-images\/a050993_1.jpg\" \/>\n\t<meta property=\"og:image:width\" content=\"111\" \/>\n\t<meta property=\"og:image:height\" content=\"400\" \/>\n\t<meta property=\"og:image:type\" content=\"image\/jpeg\" \/>\n<meta name=\"twitter:card\" content=\"summary_large_image\" \/>\n<meta name=\"twitter:label1\" content=\"Dur\u00e9e de lecture estim\u00e9e\" \/>\n\t<meta name=\"twitter:data1\" content=\"1 minute\" \/>\n<script type=\"application\/ld+json\" class=\"yoast-schema-graph\">{\"@context\":\"https:\\\/\\\/schema.org\",\"@graph\":[{\"@type\":\"WebPage\",\"@id\":\"https:\\\/\\\/bogensportdiscount.ch\\\/produkt\\\/pse-compound-set-drive-nxt-zf-cam-rotating-mod\\\/\",\"url\":\"https:\\\/\\\/bogensportdiscount.ch\\\/produkt\\\/pse-compound-set-drive-nxt-zf-cam-rotating-mod\\\/\",\"name\":\"PSE COMPOUNDBOGEN PAKET DRIVE NXT - Bogensportdiscount \u2013 B\u00f6gen, Pfeile, Targets &amp; Zubeh\u00f6r\",\"isPartOf\":{\"@id\":\"https:\\\/\\\/bogensportdiscount.ch\\\/#website\"},\"primaryImageOfPage\":{\"@id\":\"https:\\\/\\\/bogensportdiscount.ch\\\/produkt\\\/pse-compound-set-drive-nxt-zf-cam-rotating-mod\\\/#primaryimage\"},\"image\":{\"@id\":\"https:\\\/\\\/bogensportdiscount.ch\\\/produkt\\\/pse-compound-set-drive-nxt-zf-cam-rotating-mod\\\/#primaryimage\"},\"thumbnailUrl\":\"https:\\\/\\\/bogensportdiscount.ch\\\/wp-content\\\/uploads\\\/bsm-images\\\/a050993_1.jpg\",\"datePublished\":\"2026-04-05T12:55:39+00:00\",\"dateModified\":\"2026-05-14T13:26:25+00:00\",\"description\":\"PSE COMPOUNDBOGEN PAKET DRIVE NXT g\u00fcnstig kaufen bei Bogensportdiscount \u2013 Top-Marken, schneller Versand aus der Schweiz.\",\"breadcrumb\":{\"@id\":\"https:\\\/\\\/bogensportdiscount.ch\\\/produkt\\\/pse-compound-set-drive-nxt-zf-cam-rotating-mod\\\/#breadcrumb\"},\"inLanguage\":\"fr-FR\",\"potentialAction\":[{\"@type\":\"ReadAction\",\"target\":[\"https:\\\/\\\/bogensportdiscount.ch\\\/produkt\\\/pse-compound-set-drive-nxt-zf-cam-rotating-mod\\\/\"]}]},{\"@type\":\"ImageObject\",\"inLanguage\":\"fr-FR\",\"@id\":\"https:\\\/\\\/bogensportdiscount.ch\\\/produkt\\\/pse-compound-set-drive-nxt-zf-cam-rotating-mod\\\/#primaryimage\",\"url\":\"https:\\\/\\\/bogensportdiscount.ch\\\/wp-content\\\/uploads\\\/bsm-images\\\/a050993_1.jpg\",\"contentUrl\":\"https:\\\/\\\/bogensportdiscount.ch\\\/wp-content\\\/uploads\\\/bsm-images\\\/a050993_1.jpg\",\"width\":111,\"height\":400},{\"@type\":\"BreadcrumbList\",\"@id\":\"https:\\\/\\\/bogensportdiscount.ch\\\/produkt\\\/pse-compound-set-drive-nxt-zf-cam-rotating-mod\\\/#breadcrumb\",\"itemListElement\":[{\"@type\":\"ListItem\",\"position\":1,\"name\":\"Home\",\"item\":\"https:\\\/\\\/bogensportdiscount.ch\\\/\"},{\"@type\":\"ListItem\",\"position\":2,\"name\":\"Shop\",\"item\":\"https:\\\/\\\/bogensportdiscount.ch\\\/shop\\\/\"},{\"@type\":\"ListItem\",\"position\":3,\"name\":\"PSE COMPOUND PACKAGE DRIVE NXT\"}]},{\"@type\":\"WebSite\",\"@id\":\"https:\\\/\\\/bogensportdiscount.ch\\\/#website\",\"url\":\"https:\\\/\\\/bogensportdiscount.ch\\\/\",\"name\":\"Bogensportdiscount\",\"description\":\"\",\"potentialAction\":[{\"@type\":\"SearchAction\",\"target\":{\"@type\":\"EntryPoint\",\"urlTemplate\":\"https:\\\/\\\/bogensportdiscount.ch\\\/?s={search_term_string}\"},\"query-input\":{\"@type\":\"PropertyValueSpecification\",\"valueRequired\":true,\"valueName\":\"search_term_string\"}}],\"inLanguage\":\"fr-FR\"}]}<\/script>\n<!-- \/ Yoast SEO plugin. -->","yoast_head_json":{"title":"PSE COMPOUNDBOGEN PAKET DRIVE NXT - Bogensportdiscount \u2013 B\u00f6gen, Pfeile, Targets &amp; Zubeh\u00f6r","description":"PSE COMPOUNDBOGEN PAKET DRIVE NXT g\u00fcnstig kaufen bei Bogensportdiscount \u2013 Top-Marken, schneller Versand aus der Schweiz.","robots":{"index":"index","follow":"follow","max-snippet":"max-snippet:-1","max-image-preview":"max-image-preview:large","max-video-preview":"max-video-preview:-1"},"canonical":"https:\/\/bogensportdiscount.ch\/fr\/produit\/pse-compound-set-drive-nxt-zf-cam-rotating-mod\/","og_locale":"fr_FR","og_type":"article","og_title":"PSE COMPOUNDBOGEN PAKET DRIVE NXT - Bogensportdiscount \u2013 B\u00f6gen, Pfeile, Targets &amp; Zubeh\u00f6r","og_description":"PSE COMPOUNDBOGEN PAKET DRIVE NXT g\u00fcnstig kaufen bei Bogensportdiscount \u2013 Top-Marken, schneller Versand aus der Schweiz.","og_url":"https:\/\/bogensportdiscount.ch\/fr\/produit\/pse-compound-set-drive-nxt-zf-cam-rotating-mod\/","og_site_name":"Bogensportdiscount \u2013 B\u00f6gen, Pfeile, Targets &amp; Zubeh\u00f6r","article_modified_time":"2026-05-14T13:26:25+00:00","og_image":[{"width":111,"height":400,"url":"https:\/\/bogensportdiscount.ch\/wp-content\/uploads\/bsm-images\/a050993_1.jpg","type":"image\/jpeg"}],"twitter_card":"summary_large_image","twitter_misc":{"Dur\u00e9e de lecture estim\u00e9e":"1 minute"},"schema":{"@context":"https:\/\/schema.org","@graph":[{"@type":"WebPage","@id":"https:\/\/bogensportdiscount.ch\/produkt\/pse-compound-set-drive-nxt-zf-cam-rotating-mod\/","url":"https:\/\/bogensportdiscount.ch\/produkt\/pse-compound-set-drive-nxt-zf-cam-rotating-mod\/","name":"PSE COMPOUNDBOGEN PAKET DRIVE NXT - Bogensportdiscount \u2013 B\u00f6gen, Pfeile, Targets &amp; Zubeh\u00f6r","isPartOf":{"@id":"https:\/\/bogensportdiscount.ch\/#website"},"primaryImageOfPage":{"@id":"https:\/\/bogensportdiscount.ch\/produkt\/pse-compound-set-drive-nxt-zf-cam-rotating-mod\/#primaryimage"},"image":{"@id":"https:\/\/bogensportdiscount.ch\/produkt\/pse-compound-set-drive-nxt-zf-cam-rotating-mod\/#primaryimage"},"thumbnailUrl":"https:\/\/bogensportdiscount.ch\/wp-content\/uploads\/bsm-images\/a050993_1.jpg","datePublished":"2026-04-05T12:55:39+00:00","dateModified":"2026-05-14T13:26:25+00:00","description":"PSE COMPOUNDBOGEN PAKET DRIVE NXT g\u00fcnstig kaufen bei Bogensportdiscount \u2013 Top-Marken, schneller Versand aus der Schweiz.","breadcrumb":{"@id":"https:\/\/bogensportdiscount.ch\/produkt\/pse-compound-set-drive-nxt-zf-cam-rotating-mod\/#breadcrumb"},"inLanguage":"fr-FR","potentialAction":[{"@type":"ReadAction","target":["https:\/\/bogensportdiscount.ch\/produkt\/pse-compound-set-drive-nxt-zf-cam-rotating-mod\/"]}]},{"@type":"ImageObject","inLanguage":"fr-FR","@id":"https:\/\/bogensportdiscount.ch\/produkt\/pse-compound-set-drive-nxt-zf-cam-rotating-mod\/#primaryimage","url":"https:\/\/bogensportdiscount.ch\/wp-content\/uploads\/bsm-images\/a050993_1.jpg","contentUrl":"https:\/\/bogensportdiscount.ch\/wp-content\/uploads\/bsm-images\/a050993_1.jpg","width":111,"height":400},{"@type":"BreadcrumbList","@id":"https:\/\/bogensportdiscount.ch\/produkt\/pse-compound-set-drive-nxt-zf-cam-rotating-mod\/#breadcrumb","itemListElement":[{"@type":"ListItem","position":1,"name":"Home","item":"https:\/\/bogensportdiscount.ch\/"},{"@type":"ListItem","position":2,"name":"Shop","item":"https:\/\/bogensportdiscount.ch\/shop\/"},{"@type":"ListItem","position":3,"name":"PSE COMPOUND PACKAGE DRIVE NXT"}]},{"@type":"WebSite","@id":"https:\/\/bogensportdiscount.ch\/#website","url":"https:\/\/bogensportdiscount.ch\/","name":"Bogensportdiscount","description":"","potentialAction":[{"@type":"SearchAction","target":{"@type":"EntryPoint","urlTemplate":"https:\/\/bogensportdiscount.ch\/?s={search_term_string}"},"query-input":{"@type":"PropertyValueSpecification","valueRequired":true,"valueName":"search_term_string"}}],"inLanguage":"fr-FR"}]}},"_links":{"self":[{"href":"https:\/\/bogensportdiscount.ch\/fr\/wp-json\/wp\/v2\/product\/407046","targetHints":{"allow":["GET"]}}],"collection":[{"href":"https:\/\/bogensportdiscount.ch\/fr\/wp-json\/wp\/v2\/product"}],"about":[{"href":"https:\/\/bogensportdiscount.ch\/fr\/wp-json\/wp\/v2\/types\/product"}],"replies":[{"embeddable":true,"href":"https:\/\/bogensportdiscount.ch\/fr\/wp-json\/wp\/v2\/comments?post=407046"}],"wp:featuredmedia":[{"embeddable":true,"href":"https:\/\/bogensportdiscount.ch\/fr\/wp-json\/wp\/v2\/media\/452768"}],"wp:attachment":[{"href":"https:\/\/bogensportdiscount.ch\/fr\/wp-json\/wp\/v2\/media?parent=407046"}],"wp:term":[{"taxonomy":"product_brand","embeddable":true,"href":"https:\/\/bogensportdiscount.ch\/fr\/wp-json\/wp\/v2\/product_brand?post=407046"},{"taxonomy":"product_cat","embeddable":true,"href":"https:\/\/bogensportdiscount.ch\/fr\/wp-json\/wp\/v2\/product_cat?post=407046"},{"taxonomy":"product_tag","embeddable":true,"href":"https:\/\/bogensportdiscount.ch\/fr\/wp-json\/wp\/v2\/product_tag?post=407046"}],"curies":[{"name":"wp","href":"https:\/\/api.w.org\/{rel}","templated":true}]}}