{"id":407031,"date":"2026-04-05T14:55:37","date_gmt":"2026-04-05T12:55:37","guid":{"rendered":"https:\/\/bogensportdiscount.ch\/produkt\/resistance-releases-evolution-20-3-finger-black\/"},"modified":"2026-04-17T13:47:07","modified_gmt":"2026-04-17T11:47:07","slug":"carter-ausloser-resistance-evolution-20-3-finger","status":"publish","type":"product","link":"https:\/\/bogensportdiscount.ch\/fr\/produit\/carter-ausloser-resistance-evolution-20-3-finger\/","title":{"rendered":"CARTER RESISTANCE RELEASES EVOLUTION 20 3-FINGER"},"content":{"rendered":"<p>Der Carter Resistance Evolution 20 ist ein 3-Finger-Ausl\u00f6ser aus dem Hause Carter, einem etablierten Hersteller von hochwertigen Release-Aids im Bogensport. Als Handheld-Release mit 3-Finger-Griff bietet er eine ergonomische Handhabung und ist f\u00fcr den Einsatz mit Compound-B\u00f6gen konzipiert.<\/p>\n<p>Der Ausl\u00f6ser ist in drei Farbvarianten erh\u00e4ltlich \u2013 Schwarz, Blau und Rot \u2013 und l\u00e4sst sich so an die pers\u00f6nlichen Vorlieben des Sch\u00fctzen anpassen.<\/p>\n<ul>\n<li>3-Finger-Griff f\u00fcr ergonomisches Halten<\/li>\n<li>Geeignet f\u00fcr Compound-Bogensch\u00fctzen<\/li>\n<li>Erh\u00e4ltlich in Schwarz, Blau und Rot<\/li>\n<li>Von Carter, einem anerkannten Release-Hersteller<\/li>\n<\/ul>","protected":false},"excerpt":{"rendered":"<p><strong>Marque :<\/strong> Carter<\/p>","protected":false},"featured_media":444678,"comment_status":"open","ping_status":"closed","template":"","meta":[],"product_brand":[469],"product_cat":[4431],"product_tag":[],"class_list":{"0":"post-407031","1":"product","2":"type-product","3":"status-publish","4":"has-post-thumbnail","6":"product_brand-carter","7":"product_cat-resistance-releases","9":"first","10":"instock","11":"shipping-taxable","12":"purchasable","13":"product-type-variable"},"_links":{"self":[{"href":"https:\/\/bogensportdiscount.ch\/fr\/wp-json\/wp\/v2\/product\/407031","targetHints":{"allow":["GET"]}}],"collection":[{"href":"https:\/\/bogensportdiscount.ch\/fr\/wp-json\/wp\/v2\/product"}],"about":[{"href":"https:\/\/bogensportdiscount.ch\/fr\/wp-json\/wp\/v2\/types\/product"}],"replies":[{"embeddable":true,"href":"https:\/\/bogensportdiscount.ch\/fr\/wp-json\/wp\/v2\/comments?post=407031"}],"wp:featuredmedia":[{"embeddable":true,"href":"https:\/\/bogensportdiscount.ch\/fr\/wp-json\/wp\/v2\/media\/444678"}],"wp:attachment":[{"href":"https:\/\/bogensportdiscount.ch\/fr\/wp-json\/wp\/v2\/media?parent=407031"}],"wp:term":[{"taxonomy":"product_brand","embeddable":true,"href":"https:\/\/bogensportdiscount.ch\/fr\/wp-json\/wp\/v2\/product_brand?post=407031"},{"taxonomy":"product_cat","embeddable":true,"href":"https:\/\/bogensportdiscount.ch\/fr\/wp-json\/wp\/v2\/product_cat?post=407031"},{"taxonomy":"product_tag","embeddable":true,"href":"https:\/\/bogensportdiscount.ch\/fr\/wp-json\/wp\/v2\/product_tag?post=407031"}],"curies":[{"name":"wp","href":"https:\/\/api.w.org\/{rel}","templated":true}]}}