{"id":406791,"date":"2026-04-05T14:55:14","date_gmt":"2026-04-05T12:55:14","guid":{"rendered":"https:\/\/bogensportdiscount.ch\/produkt\/shooting-gloves-stygian-full-palm-leather-with-reinforced-fingertips-xs\/"},"modified":"2026-05-14T15:26:24","modified_gmt":"2026-05-14T13:26:24","slug":"bucktrail-schiesshandschuh-stygian-vollpalmleder-verstaerkte-fingerkuppen","status":"publish","type":"product","link":"https:\/\/bogensportdiscount.ch\/fr\/produit\/bucktrail-schiesshandschuh-stygian-vollpalmleder-verstaerkte-fingerkuppen\/","title":{"rendered":"BUCKTRAIL GANTS DE TIR STYGIAN CUIR PLEINE PAUME AVEC DOIGTIERS RENFORC\u00c9S"},"content":{"rendered":"<p>Le gant de tir BUCKTRAIL Stygian est fabriqu\u00e9 en cuir pleine paume et prot\u00e8ge la main lors du tir \u00e0 l'arc traditionnel. Les bouts de doigts renforc\u00e9s offrent une protection suppl\u00e9mentaire aux endroits les plus sollicit\u00e9s lors du l\u00e2cher.<\/p>\n<p>Gr\u00e2ce \u00e0 la construction pleine paume, le gant couvre toute la paume et offre ainsi plus de protection et de stabilit\u00e9 qu'un simple gant de doigts. Le cuir s'adapte \u00e0 la main avec le temps et permet une bonne sensation de la corde.<\/p>\n<ul>\n<li>Construction en cuir pleine paume pour une protection compl\u00e8te<\/li>\n<li>Bouts de doigts renforc\u00e9s pour une durabilit\u00e9 accrue<\/li>\n<li>Adapt\u00e9 au tir \u00e0 l'arc traditionnel<\/li>\n<li>Disponible dans les tailles XS et XL<\/li>\n<\/ul>","protected":false},"excerpt":{"rendered":"<table>\n<tr>\n<th>Propri\u00e9t\u00e9<\/th>\n<th>Valeur<\/th>\n<\/tr>\n<tr>\n<td>Marque<\/td>\n<td>Buck Trail<\/td>\n<\/tr>\n<tr>\n<td>Pays d'origine<\/td>\n<td>Pakistan<\/td>\n<\/tr>\n<\/table>","protected":false},"featured_media":450978,"comment_status":"open","ping_status":"closed","template":"","meta":[],"product_brand":[432],"product_cat":[4447],"product_tag":[],"class_list":{"0":"post-406791","1":"product","2":"type-product","3":"status-publish","4":"has-post-thumbnail","6":"product_brand-bucktrail","7":"product_cat-schiesshandschuh","8":"product_shipping_class-bsd-standard","10":"first","11":"instock","12":"shipping-taxable","13":"purchasable","14":"product-type-variable"},"yoast_head":"<!-- This site is optimized with the Yoast SEO plugin v27.6 - https:\/\/yoast.com\/product\/yoast-seo-wordpress\/ -->\n<title>BUCKTRAIL SCHIESSHANDSCHUHE STYGIAN VOLLFL\u00c4CHEN-LEDER MIT VERST\u00c4RKTEN FINGERSPITZEN - Bogensportdiscount \u2013 B\u00f6gen, Pfeile, Targets &amp; Zubeh\u00f6r<\/title>\n<meta name=\"description\" content=\"BUCKTRAIL SCHIESSHANDSCHUHE STYGIAN VOLLFL\u00c4CHEN-LEDER MIT VERST\u00c4RKTEN FINGERSPITZEN g\u00fcnstig kaufen bei Bogensportdiscount \u2013 Top-Marken, schneller Versand aus der Schweiz.\" \/>\n<meta name=\"robots\" content=\"index, follow, max-snippet:-1, max-image-preview:large, max-video-preview:-1\" \/>\n<link rel=\"canonical\" href=\"https:\/\/bogensportdiscount.ch\/fr\/produit\/bucktrail-schiesshandschuh-stygian-vollpalmleder-verstaerkte-fingerkuppen\/\" \/>\n<meta property=\"og:locale\" content=\"fr_FR\" \/>\n<meta property=\"og:type\" content=\"article\" \/>\n<meta property=\"og:title\" content=\"BUCKTRAIL SCHIESSHANDSCHUHE STYGIAN VOLLFL\u00c4CHEN-LEDER MIT VERST\u00c4RKTEN FINGERSPITZEN - Bogensportdiscount \u2013 B\u00f6gen, Pfeile, Targets &amp; Zubeh\u00f6r\" \/>\n<meta property=\"og:description\" content=\"BUCKTRAIL SCHIESSHANDSCHUHE STYGIAN VOLLFL\u00c4CHEN-LEDER MIT VERST\u00c4RKTEN FINGERSPITZEN g\u00fcnstig kaufen bei Bogensportdiscount \u2013 Top-Marken, schneller Versand aus der Schweiz.\" \/>\n<meta property=\"og:url\" content=\"https:\/\/bogensportdiscount.ch\/fr\/produit\/bucktrail-schiesshandschuh-stygian-vollpalmleder-verstaerkte-fingerkuppen\/\" \/>\n<meta property=\"og:site_name\" content=\"Bogensportdiscount \u2013 B\u00f6gen, Pfeile, Targets &amp; Zubeh\u00f6r\" \/>\n<meta property=\"article:modified_time\" content=\"2026-05-14T13:26:24+00:00\" \/>\n<meta property=\"og:image\" content=\"https:\/\/bogensportdiscount.ch\/wp-content\/uploads\/bsm-images\/A050465_1.png\" \/>\n\t<meta property=\"og:image:width\" content=\"1948\" \/>\n\t<meta property=\"og:image:height\" content=\"3580\" \/>\n\t<meta property=\"og:image:type\" content=\"image\/png\" \/>\n<meta name=\"twitter:card\" content=\"summary_large_image\" \/>\n<meta name=\"twitter:label1\" content=\"Dur\u00e9e de lecture estim\u00e9e\" \/>\n\t<meta name=\"twitter:data1\" content=\"1 minute\" \/>\n<script type=\"application\/ld+json\" class=\"yoast-schema-graph\">{\"@context\":\"https:\\\/\\\/schema.org\",\"@graph\":[{\"@type\":\"WebPage\",\"@id\":\"https:\\\/\\\/bogensportdiscount.ch\\\/produkt\\\/bucktrail-schiesshandschuh-stygian-vollpalmleder-verstaerkte-fingerkuppen\\\/\",\"url\":\"https:\\\/\\\/bogensportdiscount.ch\\\/produkt\\\/bucktrail-schiesshandschuh-stygian-vollpalmleder-verstaerkte-fingerkuppen\\\/\",\"name\":\"BUCKTRAIL SCHIESSHANDSCHUHE STYGIAN VOLLFL\u00c4CHEN-LEDER MIT VERST\u00c4RKTEN FINGERSPITZEN - Bogensportdiscount \u2013 B\u00f6gen, Pfeile, Targets &amp; Zubeh\u00f6r\",\"isPartOf\":{\"@id\":\"https:\\\/\\\/bogensportdiscount.ch\\\/#website\"},\"primaryImageOfPage\":{\"@id\":\"https:\\\/\\\/bogensportdiscount.ch\\\/produkt\\\/bucktrail-schiesshandschuh-stygian-vollpalmleder-verstaerkte-fingerkuppen\\\/#primaryimage\"},\"image\":{\"@id\":\"https:\\\/\\\/bogensportdiscount.ch\\\/produkt\\\/bucktrail-schiesshandschuh-stygian-vollpalmleder-verstaerkte-fingerkuppen\\\/#primaryimage\"},\"thumbnailUrl\":\"https:\\\/\\\/bogensportdiscount.ch\\\/wp-content\\\/uploads\\\/bsm-images\\\/A050465_1.png\",\"datePublished\":\"2026-04-05T12:55:14+00:00\",\"dateModified\":\"2026-05-14T13:26:24+00:00\",\"description\":\"BUCKTRAIL SCHIESSHANDSCHUHE STYGIAN VOLLFL\u00c4CHEN-LEDER MIT VERST\u00c4RKTEN FINGERSPITZEN g\u00fcnstig kaufen bei Bogensportdiscount \u2013 Top-Marken, schneller Versand aus der Schweiz.\",\"breadcrumb\":{\"@id\":\"https:\\\/\\\/bogensportdiscount.ch\\\/produkt\\\/bucktrail-schiesshandschuh-stygian-vollpalmleder-verstaerkte-fingerkuppen\\\/#breadcrumb\"},\"inLanguage\":\"fr-FR\",\"potentialAction\":[{\"@type\":\"ReadAction\",\"target\":[\"https:\\\/\\\/bogensportdiscount.ch\\\/produkt\\\/bucktrail-schiesshandschuh-stygian-vollpalmleder-verstaerkte-fingerkuppen\\\/\"]}]},{\"@type\":\"ImageObject\",\"inLanguage\":\"fr-FR\",\"@id\":\"https:\\\/\\\/bogensportdiscount.ch\\\/produkt\\\/bucktrail-schiesshandschuh-stygian-vollpalmleder-verstaerkte-fingerkuppen\\\/#primaryimage\",\"url\":\"https:\\\/\\\/bogensportdiscount.ch\\\/wp-content\\\/uploads\\\/bsm-images\\\/A050465_1.png\",\"contentUrl\":\"https:\\\/\\\/bogensportdiscount.ch\\\/wp-content\\\/uploads\\\/bsm-images\\\/A050465_1.png\",\"width\":1948,\"height\":3580},{\"@type\":\"BreadcrumbList\",\"@id\":\"https:\\\/\\\/bogensportdiscount.ch\\\/produkt\\\/bucktrail-schiesshandschuh-stygian-vollpalmleder-verstaerkte-fingerkuppen\\\/#breadcrumb\",\"itemListElement\":[{\"@type\":\"ListItem\",\"position\":1,\"name\":\"Home\",\"item\":\"https:\\\/\\\/bogensportdiscount.ch\\\/\"},{\"@type\":\"ListItem\",\"position\":2,\"name\":\"Shop\",\"item\":\"https:\\\/\\\/bogensportdiscount.ch\\\/shop\\\/\"},{\"@type\":\"ListItem\",\"position\":3,\"name\":\"BUCKTRAIL SHOOTING GLOVES STYGIAN FULL PALM LEATHER WITH REINFORCED FINGERTIPS\"}]},{\"@type\":\"WebSite\",\"@id\":\"https:\\\/\\\/bogensportdiscount.ch\\\/#website\",\"url\":\"https:\\\/\\\/bogensportdiscount.ch\\\/\",\"name\":\"Bogensportdiscount\",\"description\":\"\",\"potentialAction\":[{\"@type\":\"SearchAction\",\"target\":{\"@type\":\"EntryPoint\",\"urlTemplate\":\"https:\\\/\\\/bogensportdiscount.ch\\\/?s={search_term_string}\"},\"query-input\":{\"@type\":\"PropertyValueSpecification\",\"valueRequired\":true,\"valueName\":\"search_term_string\"}}],\"inLanguage\":\"fr-FR\"}]}<\/script>\n<!-- \/ Yoast SEO plugin. -->","yoast_head_json":{"title":"BUCKTRAIL SCHIESSHANDSCHUHE STYGIAN VOLLFL\u00c4CHEN-LEDER MIT VERST\u00c4RKTEN FINGERSPITZEN - Bogensportdiscount \u2013 B\u00f6gen, Pfeile, Targets &amp; Zubeh\u00f6r","description":"BUCKTRAIL SCHIESSHANDSCHUHE STYGIAN VOLLFL\u00c4CHEN-LEDER MIT VERST\u00c4RKTEN FINGERSPITZEN g\u00fcnstig kaufen bei Bogensportdiscount \u2013 Top-Marken, schneller Versand aus der Schweiz.","robots":{"index":"index","follow":"follow","max-snippet":"max-snippet:-1","max-image-preview":"max-image-preview:large","max-video-preview":"max-video-preview:-1"},"canonical":"https:\/\/bogensportdiscount.ch\/fr\/produit\/bucktrail-schiesshandschuh-stygian-vollpalmleder-verstaerkte-fingerkuppen\/","og_locale":"fr_FR","og_type":"article","og_title":"BUCKTRAIL SCHIESSHANDSCHUHE STYGIAN VOLLFL\u00c4CHEN-LEDER MIT VERST\u00c4RKTEN FINGERSPITZEN - Bogensportdiscount \u2013 B\u00f6gen, Pfeile, Targets &amp; Zubeh\u00f6r","og_description":"BUCKTRAIL SCHIESSHANDSCHUHE STYGIAN VOLLFL\u00c4CHEN-LEDER MIT VERST\u00c4RKTEN FINGERSPITZEN g\u00fcnstig kaufen bei Bogensportdiscount \u2013 Top-Marken, schneller Versand aus der Schweiz.","og_url":"https:\/\/bogensportdiscount.ch\/fr\/produit\/bucktrail-schiesshandschuh-stygian-vollpalmleder-verstaerkte-fingerkuppen\/","og_site_name":"Bogensportdiscount \u2013 B\u00f6gen, Pfeile, Targets &amp; Zubeh\u00f6r","article_modified_time":"2026-05-14T13:26:24+00:00","og_image":[{"url":"https:\/\/bogensportdiscount.ch\/wp-content\/uploads\/bsm-images\/A050465_1.png","width":1948,"height":3580,"type":"image\/png"}],"twitter_card":"summary_large_image","twitter_misc":{"Dur\u00e9e de lecture estim\u00e9e":"1 minute"},"schema":{"@context":"https:\/\/schema.org","@graph":[{"@type":"WebPage","@id":"https:\/\/bogensportdiscount.ch\/produkt\/bucktrail-schiesshandschuh-stygian-vollpalmleder-verstaerkte-fingerkuppen\/","url":"https:\/\/bogensportdiscount.ch\/produkt\/bucktrail-schiesshandschuh-stygian-vollpalmleder-verstaerkte-fingerkuppen\/","name":"BUCKTRAIL SCHIESSHANDSCHUHE STYGIAN VOLLFL\u00c4CHEN-LEDER MIT VERST\u00c4RKTEN FINGERSPITZEN - Bogensportdiscount \u2013 B\u00f6gen, Pfeile, Targets &amp; Zubeh\u00f6r","isPartOf":{"@id":"https:\/\/bogensportdiscount.ch\/#website"},"primaryImageOfPage":{"@id":"https:\/\/bogensportdiscount.ch\/produkt\/bucktrail-schiesshandschuh-stygian-vollpalmleder-verstaerkte-fingerkuppen\/#primaryimage"},"image":{"@id":"https:\/\/bogensportdiscount.ch\/produkt\/bucktrail-schiesshandschuh-stygian-vollpalmleder-verstaerkte-fingerkuppen\/#primaryimage"},"thumbnailUrl":"https:\/\/bogensportdiscount.ch\/wp-content\/uploads\/bsm-images\/A050465_1.png","datePublished":"2026-04-05T12:55:14+00:00","dateModified":"2026-05-14T13:26:24+00:00","description":"BUCKTRAIL SCHIESSHANDSCHUHE STYGIAN VOLLFL\u00c4CHEN-LEDER MIT VERST\u00c4RKTEN FINGERSPITZEN g\u00fcnstig kaufen bei Bogensportdiscount \u2013 Top-Marken, schneller Versand aus der Schweiz.","breadcrumb":{"@id":"https:\/\/bogensportdiscount.ch\/produkt\/bucktrail-schiesshandschuh-stygian-vollpalmleder-verstaerkte-fingerkuppen\/#breadcrumb"},"inLanguage":"fr-FR","potentialAction":[{"@type":"ReadAction","target":["https:\/\/bogensportdiscount.ch\/produkt\/bucktrail-schiesshandschuh-stygian-vollpalmleder-verstaerkte-fingerkuppen\/"]}]},{"@type":"ImageObject","inLanguage":"fr-FR","@id":"https:\/\/bogensportdiscount.ch\/produkt\/bucktrail-schiesshandschuh-stygian-vollpalmleder-verstaerkte-fingerkuppen\/#primaryimage","url":"https:\/\/bogensportdiscount.ch\/wp-content\/uploads\/bsm-images\/A050465_1.png","contentUrl":"https:\/\/bogensportdiscount.ch\/wp-content\/uploads\/bsm-images\/A050465_1.png","width":1948,"height":3580},{"@type":"BreadcrumbList","@id":"https:\/\/bogensportdiscount.ch\/produkt\/bucktrail-schiesshandschuh-stygian-vollpalmleder-verstaerkte-fingerkuppen\/#breadcrumb","itemListElement":[{"@type":"ListItem","position":1,"name":"Home","item":"https:\/\/bogensportdiscount.ch\/"},{"@type":"ListItem","position":2,"name":"Shop","item":"https:\/\/bogensportdiscount.ch\/shop\/"},{"@type":"ListItem","position":3,"name":"BUCKTRAIL SHOOTING GLOVES STYGIAN FULL PALM LEATHER WITH REINFORCED FINGERTIPS"}]},{"@type":"WebSite","@id":"https:\/\/bogensportdiscount.ch\/#website","url":"https:\/\/bogensportdiscount.ch\/","name":"Bogensportdiscount","description":"","potentialAction":[{"@type":"SearchAction","target":{"@type":"EntryPoint","urlTemplate":"https:\/\/bogensportdiscount.ch\/?s={search_term_string}"},"query-input":{"@type":"PropertyValueSpecification","valueRequired":true,"valueName":"search_term_string"}}],"inLanguage":"fr-FR"}]}},"_links":{"self":[{"href":"https:\/\/bogensportdiscount.ch\/fr\/wp-json\/wp\/v2\/product\/406791","targetHints":{"allow":["GET"]}}],"collection":[{"href":"https:\/\/bogensportdiscount.ch\/fr\/wp-json\/wp\/v2\/product"}],"about":[{"href":"https:\/\/bogensportdiscount.ch\/fr\/wp-json\/wp\/v2\/types\/product"}],"replies":[{"embeddable":true,"href":"https:\/\/bogensportdiscount.ch\/fr\/wp-json\/wp\/v2\/comments?post=406791"}],"wp:featuredmedia":[{"embeddable":true,"href":"https:\/\/bogensportdiscount.ch\/fr\/wp-json\/wp\/v2\/media\/450978"}],"wp:attachment":[{"href":"https:\/\/bogensportdiscount.ch\/fr\/wp-json\/wp\/v2\/media?parent=406791"}],"wp:term":[{"taxonomy":"product_brand","embeddable":true,"href":"https:\/\/bogensportdiscount.ch\/fr\/wp-json\/wp\/v2\/product_brand?post=406791"},{"taxonomy":"product_cat","embeddable":true,"href":"https:\/\/bogensportdiscount.ch\/fr\/wp-json\/wp\/v2\/product_cat?post=406791"},{"taxonomy":"product_tag","embeddable":true,"href":"https:\/\/bogensportdiscount.ch\/fr\/wp-json\/wp\/v2\/product_tag?post=406791"}],"curies":[{"name":"wp","href":"https:\/\/api.w.org\/{rel}","templated":true}]}}