{"id":406720,"date":"2026-04-05T14:55:06","date_gmt":"2026-04-05T12:55:06","guid":{"rendered":"https:\/\/bogensportdiscount.ch\/produkt\/hunting-3d-sights-tetra-max-5519-4-pin-019-1-3-4-w-rheostat-rh\/"},"modified":"2026-04-17T13:47:03","modified_gmt":"2026-04-17T11:47:03","slug":"hha-compound-jagd-3d-visier-tetra-max-5519-4-pin-019","status":"publish","type":"product","link":"https:\/\/bogensportdiscount.ch\/fr\/produit\/hha-compound-jagd-3d-visier-tetra-max-5519-4-pin-019\/","title":{"rendered":"HHA HUNTING &amp; 3D SIGHTS TETRA MAX 5519 \/ 4 PIN .019\u2033 \/ 1\u2033 3\/4 W\/RHEOSTAT"},"content":{"rendered":"<p>Das HHA Tetra Max 5519 ist ein Compound-Visier, das speziell f\u00fcr den Einsatz bei der Jagd sowie im 3D-Bogenschiessen entwickelt wurde. Die 4-Pin-Konfiguration mit einer Fadenst\u00e4rke von .019&#8243; erm\u00f6glicht eine pr\u00e4zise Zielerfassung auf verschiedene Distanzen.<\/p>\n<p>Das Visier verf\u00fcgt \u00fcber ein Geh\u00e4use mit einer Breite von 1&#8243; 3\/4 und ist mit einem Rheostat ausgestattet, der eine stufenlose Anpassung der Pin-Beleuchtung an die jeweiligen Lichtverh\u00e4ltnisse erlaubt. Es ist sowohl f\u00fcr Rechts- als auch f\u00fcr Linksh\u00e4nder erh\u00e4ltlich.<\/p>\n<ul>\n<li>4-Pin-Konfiguration mit .019&#8243; Fadenst\u00e4rke<\/li>\n<li>Integrierter Rheostat zur Helligkeitsregelung<\/li>\n<li>Geh\u00e4usebreite 1&#8243; 3\/4<\/li>\n<li>Erh\u00e4ltlich in Links- und Rechtshand-Ausf\u00fchrung<\/li>\n<\/ul>","protected":false},"excerpt":{"rendered":"<p>Das HHA Tetra Max 5519 ist ein Jagd- und 3D-Visier mit 4 Pins in der Fadenst\u00e4rke .019&#8243;, einer Geh\u00e4usebreite von 1&#8243; 3\/4 und integriertem Rheostat zur Helligkeitsregelung. Erh\u00e4ltlich in Links- und Rechtshand-Ausf\u00fchrung.<\/p>","protected":false},"featured_media":450961,"comment_status":"open","ping_status":"closed","template":"","meta":[],"product_brand":[528],"product_cat":[4263],"product_tag":[],"class_list":{"0":"post-406720","1":"product","2":"type-product","3":"status-publish","4":"has-post-thumbnail","6":"product_brand-hha","7":"product_cat-jagd-und-3d-visiere","9":"first","10":"instock","11":"shipping-taxable","12":"purchasable","13":"product-type-variable"},"_links":{"self":[{"href":"https:\/\/bogensportdiscount.ch\/fr\/wp-json\/wp\/v2\/product\/406720","targetHints":{"allow":["GET"]}}],"collection":[{"href":"https:\/\/bogensportdiscount.ch\/fr\/wp-json\/wp\/v2\/product"}],"about":[{"href":"https:\/\/bogensportdiscount.ch\/fr\/wp-json\/wp\/v2\/types\/product"}],"replies":[{"embeddable":true,"href":"https:\/\/bogensportdiscount.ch\/fr\/wp-json\/wp\/v2\/comments?post=406720"}],"wp:featuredmedia":[{"embeddable":true,"href":"https:\/\/bogensportdiscount.ch\/fr\/wp-json\/wp\/v2\/media\/450961"}],"wp:attachment":[{"href":"https:\/\/bogensportdiscount.ch\/fr\/wp-json\/wp\/v2\/media?parent=406720"}],"wp:term":[{"taxonomy":"product_brand","embeddable":true,"href":"https:\/\/bogensportdiscount.ch\/fr\/wp-json\/wp\/v2\/product_brand?post=406720"},{"taxonomy":"product_cat","embeddable":true,"href":"https:\/\/bogensportdiscount.ch\/fr\/wp-json\/wp\/v2\/product_cat?post=406720"},{"taxonomy":"product_tag","embeddable":true,"href":"https:\/\/bogensportdiscount.ch\/fr\/wp-json\/wp\/v2\/product_tag?post=406720"}],"curies":[{"name":"wp","href":"https:\/\/api.w.org\/{rel}","templated":true}]}}