{"id":406691,"date":"2026-04-05T14:55:01","date_gmt":"2026-04-05T12:55:01","guid":{"rendered":"https:\/\/bogensportdiscount.ch\/produkt\/index-finger-releases-tuff-guy-rigid-with-black-buckle-strap\/"},"modified":"2026-05-14T15:26:23","modified_gmt":"2026-05-14T13:26:23","slug":"spothogg-handgelenk-release-tuff-guy-rigid-index-finger","status":"publish","type":"product","link":"https:\/\/bogensportdiscount.ch\/fr\/produit\/spothogg-handgelenk-release-tuff-guy-rigid-index-finger\/","title":{"rendered":"SPOTHOGG D\u00c9COCHEURS \u00c0 UN DOIGT TUFF GUY STARR AVEC SANGLE"},"content":{"rendered":"<p>Le SPOTHOGG Tuff Guy Rigid With est un d\u00e9cocheur de poignet \u00e0 d\u00e9clenchement par index de la marque SPOTHOGG. En tant que mod\u00e8le Rigid, il dispose d'une tige rigide qui favorise une ex\u00e9cution r\u00e9guli\u00e8re du tir.<\/p>\n<p>Les d\u00e9cocheurs de poignet de ce type se fixent au poignet et se d\u00e9clenchent avec l'index. La tige rigide r\u00e9duit les variables de mouvement au moment du tir et peut ainsi contribuer \u00e0 la r\u00e9gularit\u00e9 du sch\u00e9ma de tir.<\/p>\n<ul>\n<li>D\u00e9clenchement par index (Index Finger)<\/li>\n<li>Tige rigide (Rigid)<\/li>\n<li>Disponible en noir et en Camo<\/li>\n<li>Fixation au poignet pour une prise s\u00fbre<\/li>\n<\/ul>","protected":false},"excerpt":{"rendered":"<table>\n<tr>\n<th>Propri\u00e9t\u00e9<\/th>\n<th>Valeur<\/th>\n<\/tr>\n<tr>\n<td>Marque<\/td>\n<td>Spot-Hogg<\/td>\n<\/tr>\n<tr>\n<td>Pays d'origine<\/td>\n<td>USA<\/td>\n<\/tr>\n<\/table>","protected":false},"featured_media":450952,"comment_status":"open","ping_status":"closed","template":"","meta":[],"product_brand":[538],"product_cat":[4210],"product_tag":[],"class_list":{"0":"post-406691","1":"product","2":"type-product","3":"status-publish","4":"has-post-thumbnail","6":"product_brand-spothogg","7":"product_cat-index-finger-releases","8":"product_shipping_class-bsd-standard","10":"first","11":"instock","12":"shipping-taxable","13":"purchasable","14":"product-type-variable"},"yoast_head":"<!-- This site is optimized with the Yoast SEO plugin v27.6 - https:\/\/yoast.com\/product\/yoast-seo-wordpress\/ -->\n<title>SPOTHOGG ZEIGEFINGER-RELEASES TUFF GUY STARR MIT SCHLAUFE - Bogensportdiscount \u2013 B\u00f6gen, Pfeile, Targets &amp; Zubeh\u00f6r<\/title>\n<meta name=\"description\" content=\"SPOTHOGG ZEIGEFINGER-RELEASES TUFF GUY STARR MIT SCHLAUFE g\u00fcnstig kaufen bei Bogensportdiscount \u2013 Top-Marken, schneller Versand aus der Schweiz.\" \/>\n<meta name=\"robots\" content=\"index, follow, max-snippet:-1, max-image-preview:large, max-video-preview:-1\" \/>\n<link rel=\"canonical\" href=\"https:\/\/bogensportdiscount.ch\/fr\/produit\/spothogg-handgelenk-release-tuff-guy-rigid-index-finger\/\" \/>\n<meta property=\"og:locale\" content=\"fr_FR\" \/>\n<meta property=\"og:type\" content=\"article\" \/>\n<meta property=\"og:title\" content=\"SPOTHOGG ZEIGEFINGER-RELEASES TUFF GUY STARR MIT SCHLAUFE - Bogensportdiscount \u2013 B\u00f6gen, Pfeile, Targets &amp; Zubeh\u00f6r\" \/>\n<meta property=\"og:description\" content=\"SPOTHOGG ZEIGEFINGER-RELEASES TUFF GUY STARR MIT SCHLAUFE g\u00fcnstig kaufen bei Bogensportdiscount \u2013 Top-Marken, schneller Versand aus der Schweiz.\" \/>\n<meta property=\"og:url\" content=\"https:\/\/bogensportdiscount.ch\/fr\/produit\/spothogg-handgelenk-release-tuff-guy-rigid-index-finger\/\" \/>\n<meta property=\"og:site_name\" content=\"Bogensportdiscount \u2013 B\u00f6gen, Pfeile, Targets &amp; Zubeh\u00f6r\" \/>\n<meta property=\"article:modified_time\" content=\"2026-05-14T13:26:23+00:00\" \/>\n<meta property=\"og:image\" content=\"https:\/\/bogensportdiscount.ch\/wp-content\/uploads\/bsm-images\/A048824_1.jpg\" \/>\n\t<meta property=\"og:image:width\" content=\"640\" \/>\n\t<meta property=\"og:image:height\" content=\"480\" \/>\n\t<meta property=\"og:image:type\" content=\"image\/jpeg\" \/>\n<meta name=\"twitter:card\" content=\"summary_large_image\" \/>\n<script type=\"application\/ld+json\" class=\"yoast-schema-graph\">{\"@context\":\"https:\\\/\\\/schema.org\",\"@graph\":[{\"@type\":\"WebPage\",\"@id\":\"https:\\\/\\\/bogensportdiscount.ch\\\/produkt\\\/spothogg-handgelenk-release-tuff-guy-rigid-index-finger\\\/\",\"url\":\"https:\\\/\\\/bogensportdiscount.ch\\\/produkt\\\/spothogg-handgelenk-release-tuff-guy-rigid-index-finger\\\/\",\"name\":\"SPOTHOGG ZEIGEFINGER-RELEASES TUFF GUY STARR MIT SCHLAUFE - Bogensportdiscount \u2013 B\u00f6gen, Pfeile, Targets &amp; Zubeh\u00f6r\",\"isPartOf\":{\"@id\":\"https:\\\/\\\/bogensportdiscount.ch\\\/#website\"},\"primaryImageOfPage\":{\"@id\":\"https:\\\/\\\/bogensportdiscount.ch\\\/produkt\\\/spothogg-handgelenk-release-tuff-guy-rigid-index-finger\\\/#primaryimage\"},\"image\":{\"@id\":\"https:\\\/\\\/bogensportdiscount.ch\\\/produkt\\\/spothogg-handgelenk-release-tuff-guy-rigid-index-finger\\\/#primaryimage\"},\"thumbnailUrl\":\"https:\\\/\\\/bogensportdiscount.ch\\\/wp-content\\\/uploads\\\/bsm-images\\\/A048824_1.jpg\",\"datePublished\":\"2026-04-05T12:55:01+00:00\",\"dateModified\":\"2026-05-14T13:26:23+00:00\",\"description\":\"SPOTHOGG ZEIGEFINGER-RELEASES TUFF GUY STARR MIT SCHLAUFE g\u00fcnstig kaufen bei Bogensportdiscount \u2013 Top-Marken, schneller Versand aus der Schweiz.\",\"breadcrumb\":{\"@id\":\"https:\\\/\\\/bogensportdiscount.ch\\\/produkt\\\/spothogg-handgelenk-release-tuff-guy-rigid-index-finger\\\/#breadcrumb\"},\"inLanguage\":\"fr-FR\",\"potentialAction\":[{\"@type\":\"ReadAction\",\"target\":[\"https:\\\/\\\/bogensportdiscount.ch\\\/produkt\\\/spothogg-handgelenk-release-tuff-guy-rigid-index-finger\\\/\"]}]},{\"@type\":\"ImageObject\",\"inLanguage\":\"fr-FR\",\"@id\":\"https:\\\/\\\/bogensportdiscount.ch\\\/produkt\\\/spothogg-handgelenk-release-tuff-guy-rigid-index-finger\\\/#primaryimage\",\"url\":\"https:\\\/\\\/bogensportdiscount.ch\\\/wp-content\\\/uploads\\\/bsm-images\\\/A048824_1.jpg\",\"contentUrl\":\"https:\\\/\\\/bogensportdiscount.ch\\\/wp-content\\\/uploads\\\/bsm-images\\\/A048824_1.jpg\",\"width\":640,\"height\":480},{\"@type\":\"BreadcrumbList\",\"@id\":\"https:\\\/\\\/bogensportdiscount.ch\\\/produkt\\\/spothogg-handgelenk-release-tuff-guy-rigid-index-finger\\\/#breadcrumb\",\"itemListElement\":[{\"@type\":\"ListItem\",\"position\":1,\"name\":\"Home\",\"item\":\"https:\\\/\\\/bogensportdiscount.ch\\\/\"},{\"@type\":\"ListItem\",\"position\":2,\"name\":\"Shop\",\"item\":\"https:\\\/\\\/bogensportdiscount.ch\\\/shop\\\/\"},{\"@type\":\"ListItem\",\"position\":3,\"name\":\"SPOTHOGG INDEX FINGER RELEASES TUFF GUY RIGID WITH STRAP\"}]},{\"@type\":\"WebSite\",\"@id\":\"https:\\\/\\\/bogensportdiscount.ch\\\/#website\",\"url\":\"https:\\\/\\\/bogensportdiscount.ch\\\/\",\"name\":\"Bogensportdiscount\",\"description\":\"\",\"potentialAction\":[{\"@type\":\"SearchAction\",\"target\":{\"@type\":\"EntryPoint\",\"urlTemplate\":\"https:\\\/\\\/bogensportdiscount.ch\\\/?s={search_term_string}\"},\"query-input\":{\"@type\":\"PropertyValueSpecification\",\"valueRequired\":true,\"valueName\":\"search_term_string\"}}],\"inLanguage\":\"fr-FR\"}]}<\/script>\n<!-- \/ Yoast SEO plugin. -->","yoast_head_json":{"title":"SPOTHOGG ZEIGEFINGER-RELEASES TUFF GUY STARR MIT SCHLAUFE - Bogensportdiscount \u2013 B\u00f6gen, Pfeile, Targets &amp; Zubeh\u00f6r","description":"SPOTHOGG ZEIGEFINGER-RELEASES TUFF GUY STARR MIT SCHLAUFE g\u00fcnstig kaufen bei Bogensportdiscount \u2013 Top-Marken, schneller Versand aus der Schweiz.","robots":{"index":"index","follow":"follow","max-snippet":"max-snippet:-1","max-image-preview":"max-image-preview:large","max-video-preview":"max-video-preview:-1"},"canonical":"https:\/\/bogensportdiscount.ch\/fr\/produit\/spothogg-handgelenk-release-tuff-guy-rigid-index-finger\/","og_locale":"fr_FR","og_type":"article","og_title":"SPOTHOGG ZEIGEFINGER-RELEASES TUFF GUY STARR MIT SCHLAUFE - Bogensportdiscount \u2013 B\u00f6gen, Pfeile, Targets &amp; Zubeh\u00f6r","og_description":"SPOTHOGG ZEIGEFINGER-RELEASES TUFF GUY STARR MIT SCHLAUFE g\u00fcnstig kaufen bei Bogensportdiscount \u2013 Top-Marken, schneller Versand aus der Schweiz.","og_url":"https:\/\/bogensportdiscount.ch\/fr\/produit\/spothogg-handgelenk-release-tuff-guy-rigid-index-finger\/","og_site_name":"Bogensportdiscount \u2013 B\u00f6gen, Pfeile, Targets &amp; Zubeh\u00f6r","article_modified_time":"2026-05-14T13:26:23+00:00","og_image":[{"width":640,"height":480,"url":"https:\/\/bogensportdiscount.ch\/wp-content\/uploads\/bsm-images\/A048824_1.jpg","type":"image\/jpeg"}],"twitter_card":"summary_large_image","schema":{"@context":"https:\/\/schema.org","@graph":[{"@type":"WebPage","@id":"https:\/\/bogensportdiscount.ch\/produkt\/spothogg-handgelenk-release-tuff-guy-rigid-index-finger\/","url":"https:\/\/bogensportdiscount.ch\/produkt\/spothogg-handgelenk-release-tuff-guy-rigid-index-finger\/","name":"SPOTHOGG ZEIGEFINGER-RELEASES TUFF GUY STARR MIT SCHLAUFE - Bogensportdiscount \u2013 B\u00f6gen, Pfeile, Targets &amp; Zubeh\u00f6r","isPartOf":{"@id":"https:\/\/bogensportdiscount.ch\/#website"},"primaryImageOfPage":{"@id":"https:\/\/bogensportdiscount.ch\/produkt\/spothogg-handgelenk-release-tuff-guy-rigid-index-finger\/#primaryimage"},"image":{"@id":"https:\/\/bogensportdiscount.ch\/produkt\/spothogg-handgelenk-release-tuff-guy-rigid-index-finger\/#primaryimage"},"thumbnailUrl":"https:\/\/bogensportdiscount.ch\/wp-content\/uploads\/bsm-images\/A048824_1.jpg","datePublished":"2026-04-05T12:55:01+00:00","dateModified":"2026-05-14T13:26:23+00:00","description":"SPOTHOGG ZEIGEFINGER-RELEASES TUFF GUY STARR MIT SCHLAUFE g\u00fcnstig kaufen bei Bogensportdiscount \u2013 Top-Marken, schneller Versand aus der Schweiz.","breadcrumb":{"@id":"https:\/\/bogensportdiscount.ch\/produkt\/spothogg-handgelenk-release-tuff-guy-rigid-index-finger\/#breadcrumb"},"inLanguage":"fr-FR","potentialAction":[{"@type":"ReadAction","target":["https:\/\/bogensportdiscount.ch\/produkt\/spothogg-handgelenk-release-tuff-guy-rigid-index-finger\/"]}]},{"@type":"ImageObject","inLanguage":"fr-FR","@id":"https:\/\/bogensportdiscount.ch\/produkt\/spothogg-handgelenk-release-tuff-guy-rigid-index-finger\/#primaryimage","url":"https:\/\/bogensportdiscount.ch\/wp-content\/uploads\/bsm-images\/A048824_1.jpg","contentUrl":"https:\/\/bogensportdiscount.ch\/wp-content\/uploads\/bsm-images\/A048824_1.jpg","width":640,"height":480},{"@type":"BreadcrumbList","@id":"https:\/\/bogensportdiscount.ch\/produkt\/spothogg-handgelenk-release-tuff-guy-rigid-index-finger\/#breadcrumb","itemListElement":[{"@type":"ListItem","position":1,"name":"Home","item":"https:\/\/bogensportdiscount.ch\/"},{"@type":"ListItem","position":2,"name":"Shop","item":"https:\/\/bogensportdiscount.ch\/shop\/"},{"@type":"ListItem","position":3,"name":"SPOTHOGG INDEX FINGER RELEASES TUFF GUY RIGID WITH STRAP"}]},{"@type":"WebSite","@id":"https:\/\/bogensportdiscount.ch\/#website","url":"https:\/\/bogensportdiscount.ch\/","name":"Bogensportdiscount","description":"","potentialAction":[{"@type":"SearchAction","target":{"@type":"EntryPoint","urlTemplate":"https:\/\/bogensportdiscount.ch\/?s={search_term_string}"},"query-input":{"@type":"PropertyValueSpecification","valueRequired":true,"valueName":"search_term_string"}}],"inLanguage":"fr-FR"}]}},"_links":{"self":[{"href":"https:\/\/bogensportdiscount.ch\/fr\/wp-json\/wp\/v2\/product\/406691","targetHints":{"allow":["GET"]}}],"collection":[{"href":"https:\/\/bogensportdiscount.ch\/fr\/wp-json\/wp\/v2\/product"}],"about":[{"href":"https:\/\/bogensportdiscount.ch\/fr\/wp-json\/wp\/v2\/types\/product"}],"replies":[{"embeddable":true,"href":"https:\/\/bogensportdiscount.ch\/fr\/wp-json\/wp\/v2\/comments?post=406691"}],"wp:featuredmedia":[{"embeddable":true,"href":"https:\/\/bogensportdiscount.ch\/fr\/wp-json\/wp\/v2\/media\/450952"}],"wp:attachment":[{"href":"https:\/\/bogensportdiscount.ch\/fr\/wp-json\/wp\/v2\/media?parent=406691"}],"wp:term":[{"taxonomy":"product_brand","embeddable":true,"href":"https:\/\/bogensportdiscount.ch\/fr\/wp-json\/wp\/v2\/product_brand?post=406691"},{"taxonomy":"product_cat","embeddable":true,"href":"https:\/\/bogensportdiscount.ch\/fr\/wp-json\/wp\/v2\/product_cat?post=406691"},{"taxonomy":"product_tag","embeddable":true,"href":"https:\/\/bogensportdiscount.ch\/fr\/wp-json\/wp\/v2\/product_tag?post=406691"}],"curies":[{"name":"wp","href":"https:\/\/api.w.org\/{rel}","templated":true}]}}