{"id":406686,"date":"2026-04-05T14:55:00","date_gmt":"2026-04-05T12:55:00","guid":{"rendered":"https:\/\/bogensportdiscount.ch\/produkt\/accessories-carbon-dart-with-orange-cone-20-pk\/"},"modified":"2026-04-17T15:42:22","modified_gmt":"2026-04-17T13:42:22","slug":"alexbow-carbon-dart-mit-zubehoer","status":"publish","type":"product","link":"https:\/\/bogensportdiscount.ch\/fr\/produit\/alexbow-carbon-dart-mit-zubehoer\/","title":{"rendered":"ALEXBOW ACCESSORIES CARBON DART"},"content":{"rendered":"<p>Der ALEXBOW Carbon-Dart ist als Munition f\u00fcr Blasrohre konzipiert und richtet sich an Nutzer im Jagd- und Outdoorbereich. Die Verwendung von Carbon als Material sorgt f\u00fcr eine gleichm\u00e4ssige Gewichtsverteilung und zuverl\u00e4ssige Flugeigenschaften.<\/p>\n<p>Die Darts sind in vier auff\u00e4lligen Farben erh\u00e4ltlich \u2013 Orange, Pink, Rot und Gelb \u2013 was das Auffinden nach dem Schuss erleichtert. Das enthaltene Zubeh\u00f6r erg\u00e4nzt den Lieferumfang f\u00fcr den direkten Einsatz.<\/p>\n<ul>\n<li>Mat\u00e9riau : carbone<\/li>\n<li>Geeignet f\u00fcr Blasrohre<\/li>\n<li>Erh\u00e4ltlich in 4 Farben (Orange, Pink, Rot, Gelb)<\/li>\n<li>F\u00fcr Jagd und Outdoor geeignet<\/li>\n<\/ul>","protected":false},"excerpt":{"rendered":"<p><strong>Marque :<\/strong> Alexbow<\/p>","protected":false},"featured_media":450951,"comment_status":"open","ping_status":"closed","template":"","meta":[],"product_brand":[455],"product_cat":[4580],"product_tag":[],"class_list":{"0":"post-406686","1":"product","2":"type-product","3":"status-publish","4":"has-post-thumbnail","6":"product_brand-alexbow","7":"product_cat-zubehoer-einzelteile-blasrohre-zubehoer","9":"first","10":"instock","11":"shipping-taxable","12":"purchasable","13":"product-type-variable"},"_links":{"self":[{"href":"https:\/\/bogensportdiscount.ch\/fr\/wp-json\/wp\/v2\/product\/406686","targetHints":{"allow":["GET"]}}],"collection":[{"href":"https:\/\/bogensportdiscount.ch\/fr\/wp-json\/wp\/v2\/product"}],"about":[{"href":"https:\/\/bogensportdiscount.ch\/fr\/wp-json\/wp\/v2\/types\/product"}],"replies":[{"embeddable":true,"href":"https:\/\/bogensportdiscount.ch\/fr\/wp-json\/wp\/v2\/comments?post=406686"}],"wp:featuredmedia":[{"embeddable":true,"href":"https:\/\/bogensportdiscount.ch\/fr\/wp-json\/wp\/v2\/media\/450951"}],"wp:attachment":[{"href":"https:\/\/bogensportdiscount.ch\/fr\/wp-json\/wp\/v2\/media?parent=406686"}],"wp:term":[{"taxonomy":"product_brand","embeddable":true,"href":"https:\/\/bogensportdiscount.ch\/fr\/wp-json\/wp\/v2\/product_brand?post=406686"},{"taxonomy":"product_cat","embeddable":true,"href":"https:\/\/bogensportdiscount.ch\/fr\/wp-json\/wp\/v2\/product_cat?post=406686"},{"taxonomy":"product_tag","embeddable":true,"href":"https:\/\/bogensportdiscount.ch\/fr\/wp-json\/wp\/v2\/product_tag?post=406686"}],"curies":[{"name":"wp","href":"https:\/\/api.w.org\/{rel}","templated":true}]}}