{"id":406648,"date":"2026-04-05T14:54:55","date_gmt":"2026-04-05T12:54:55","guid":{"rendered":"https:\/\/bogensportdiscount.ch\/produkt\/hunting-3d-sights-tetra-max-xl-5510-1-pin-010-1-3-4-w-rheostat-rh\/"},"modified":"2026-04-15T12:57:18","modified_gmt":"2026-04-15T10:57:18","slug":"hha-jagd-3d-visier-tetra-max-xl","status":"publish","type":"product","link":"https:\/\/bogensportdiscount.ch\/fr\/produit\/hha-jagd-3d-visier-tetra-max-xl\/","title":{"rendered":"HHA HUNTING &amp; 3D SIGHTS TETRA MAX XL"},"content":{"rendered":"<p>Das HHA Tetra Max XL ist ein Visier aus dem Bereich der Jagd- und 3D-Compound-Visiere. Es eignet sich f\u00fcr den Einsatz auf der Jagd sowie im 3D-Bogensport und ist sowohl f\u00fcr Links- als auch Rechtshandsch\u00fctzen verf\u00fcgbar.<\/p>\n<p>Das Visier wird in zwei Fadenst\u00e4rken angeboten \u2013 .010&#8243; f\u00fcr ein feines Zielbild und .019&#8243; f\u00fcr bessere Sichtbarkeit bei schlechten Lichtverh\u00e4ltnissen. Die Fertigung erfolgt in den USA.<\/p>\n<ul>\n<li>F\u00fcr Links- und Rechtshandsch\u00fctzen geeignet<\/li>\n<li>Erh\u00e4ltlich in Fadenst\u00e4rken .010&#8243; und .019&#8243;<\/li>\n<li>Geeignet f\u00fcr Jagd und 3D-Bogensport<\/li>\n<li>Fabriqu\u00e9 aux \u00c9tats-Unis<\/li>\n<\/ul>","protected":false},"excerpt":{"rendered":"<p>Das HHA Tetra Max XL ist ein Compound-Visier f\u00fcr die Jagd und 3D-Bogensport, erh\u00e4ltlich f\u00fcr Links- und Rechtshandsch\u00fctzen. Es wird in den Fadenst\u00e4rken .010&#8243; und .019&#8243; angeboten.<\/p>","protected":false},"featured_media":452752,"comment_status":"open","ping_status":"closed","template":"","meta":[],"product_brand":[528],"product_cat":[4263],"product_tag":[],"class_list":{"0":"post-406648","1":"product","2":"type-product","3":"status-publish","4":"has-post-thumbnail","6":"product_brand-hha","7":"product_cat-jagd-und-3d-visiere","9":"first","10":"instock","11":"shipping-taxable","12":"purchasable","13":"product-type-variable"},"_links":{"self":[{"href":"https:\/\/bogensportdiscount.ch\/fr\/wp-json\/wp\/v2\/product\/406648","targetHints":{"allow":["GET"]}}],"collection":[{"href":"https:\/\/bogensportdiscount.ch\/fr\/wp-json\/wp\/v2\/product"}],"about":[{"href":"https:\/\/bogensportdiscount.ch\/fr\/wp-json\/wp\/v2\/types\/product"}],"replies":[{"embeddable":true,"href":"https:\/\/bogensportdiscount.ch\/fr\/wp-json\/wp\/v2\/comments?post=406648"}],"wp:featuredmedia":[{"embeddable":true,"href":"https:\/\/bogensportdiscount.ch\/fr\/wp-json\/wp\/v2\/media\/452752"}],"wp:attachment":[{"href":"https:\/\/bogensportdiscount.ch\/fr\/wp-json\/wp\/v2\/media?parent=406648"}],"wp:term":[{"taxonomy":"product_brand","embeddable":true,"href":"https:\/\/bogensportdiscount.ch\/fr\/wp-json\/wp\/v2\/product_brand?post=406648"},{"taxonomy":"product_cat","embeddable":true,"href":"https:\/\/bogensportdiscount.ch\/fr\/wp-json\/wp\/v2\/product_cat?post=406648"},{"taxonomy":"product_tag","embeddable":true,"href":"https:\/\/bogensportdiscount.ch\/fr\/wp-json\/wp\/v2\/product_tag?post=406648"}],"curies":[{"name":"wp","href":"https:\/\/api.w.org\/{rel}","templated":true}]}}