{"id":406622,"date":"2026-04-05T14:54:51","date_gmt":"2026-04-05T12:54:51","guid":{"rendered":"https:\/\/bogensportdiscount.ch\/produkt\/pin-nocks-recurve-small-black-25-pk\/"},"modified":"2026-05-14T15:26:23","modified_gmt":"2026-05-14T13:26:23","slug":"skylon-pin-nocken-recurve-small","status":"publish","type":"product","link":"https:\/\/bogensportdiscount.ch\/fr\/produit\/skylon-pin-nocken-recurve-small\/","title":{"rendered":"SKYLON PIN NOCKS RECURVE SMALL"},"content":{"rendered":"<p>Les encoches \u00e0 pin SKYLON en version Recurve Small sont con\u00e7ues pour \u00eatre utilis\u00e9es sur des tubes de fl\u00e8che compatibles avec le syst\u00e8me pin nock. Elles s'enfilent sur un pin s\u00e9par\u00e9, ce qui permet un changement rapide et facile des encoches.<\/p>\n<p>Les encoches sont disponibles en sept couleurs \u2013 id\u00e9ales pour le marquage color\u00e9 de diff\u00e9rents sets de fl\u00e8ches. La taille du paquet peut \u00eatre choisie entre 25 et 100 pi\u00e8ces selon les besoins.<\/p>\n<ul>\n<li>Taille : Small \u2013 compatible avec les syst\u00e8mes pin correspondants<\/li>\n<li>7 variantes de couleurs pour une identification facile<\/li>\n<li>Disponible en paquet de 25 ou 100 pi\u00e8ces<\/li>\n<li>Adapt\u00e9 aux arcs recurve<\/li>\n<\/ul>","protected":false},"excerpt":{"rendered":"<table>\n<tr>\n<th>Propri\u00e9t\u00e9<\/th>\n<th>Valeur<\/th>\n<\/tr>\n<tr>\n<td>Marque<\/td>\n<td>Skylon<\/td>\n<\/tr>\n<tr>\n<td>Pays d'origine<\/td>\n<td>Chine<\/td>\n<\/tr>\n<\/table>","protected":false},"featured_media":450935,"comment_status":"open","ping_status":"closed","template":"","meta":[],"product_brand":[457],"product_cat":[4297],"product_tag":[],"class_list":{"0":"post-406622","1":"product","2":"type-product","3":"status-publish","4":"has-post-thumbnail","6":"product_brand-skylon","7":"product_cat-pin-nocken-vanes-nocks-wraps","8":"product_shipping_class-bsd-standard","10":"first","11":"instock","12":"shipping-taxable","13":"purchasable","14":"product-type-variable"},"yoast_head":"<!-- This site is optimized with the Yoast SEO plugin v27.6 - https:\/\/yoast.com\/product\/yoast-seo-wordpress\/ -->\n<title>SKYLON PIN NOCKS RECURVE SMALL - Bogensportdiscount \u2013 Arcs, fl\u00e8ches, cibles &amp; accessoires<\/title>\n<meta name=\"description\" content=\"SKYLON PIN NOCKS RECURVE SMALL \u00e0 acheter au meilleur prix chez Bogensportdiscount \u2013 Top marques, livraison rapide depuis la Suisse.\" \/>\n<meta name=\"robots\" content=\"index, follow, max-snippet:-1, max-image-preview:large, max-video-preview:-1\" \/>\n<link rel=\"canonical\" href=\"https:\/\/bogensportdiscount.ch\/fr\/produit\/skylon-pin-nocken-recurve-small\/\" \/>\n<meta property=\"og:locale\" content=\"fr_FR\" \/>\n<meta property=\"og:type\" content=\"article\" \/>\n<meta property=\"og:title\" content=\"SKYLON PIN NOCKS RECURVE SMALL - Bogensportdiscount \u2013 Arcs, fl\u00e8ches, cibles &amp; accessoires\" \/>\n<meta property=\"og:description\" content=\"SKYLON PIN NOCKS RECURVE SMALL \u00e0 acheter au meilleur prix chez Bogensportdiscount \u2013 Top marques, livraison rapide depuis la Suisse.\" \/>\n<meta property=\"og:url\" content=\"https:\/\/bogensportdiscount.ch\/fr\/produit\/skylon-pin-nocken-recurve-small\/\" \/>\n<meta property=\"og:site_name\" content=\"Bogensportdiscount \u2013 B\u00f6gen, Pfeile, Targets &amp; Zubeh\u00f6r\" \/>\n<meta property=\"article:modified_time\" content=\"2026-05-14T13:26:23+00:00\" \/>\n<meta property=\"og:image\" content=\"https:\/\/bogensportdiscount.ch\/wp-content\/uploads\/bsm-images\/A048604_1.png\" \/>\n\t<meta property=\"og:image:width\" content=\"1012\" \/>\n\t<meta property=\"og:image:height\" content=\"572\" \/>\n\t<meta property=\"og:image:type\" content=\"image\/png\" \/>\n<meta name=\"twitter:card\" content=\"summary_large_image\" \/>\n<script type=\"application\/ld+json\" class=\"yoast-schema-graph\">{\"@context\":\"https:\\\/\\\/schema.org\",\"@graph\":[{\"@type\":\"WebPage\",\"@id\":\"https:\\\/\\\/bogensportdiscount.ch\\\/produkt\\\/skylon-pin-nocken-recurve-small\\\/\",\"url\":\"https:\\\/\\\/bogensportdiscount.ch\\\/produkt\\\/skylon-pin-nocken-recurve-small\\\/\",\"name\":\"SKYLON PIN NOCKS RECURVE SMALL - Bogensportdiscount \u2013 B\u00f6gen, Pfeile, Targets &amp; Zubeh\u00f6r\",\"isPartOf\":{\"@id\":\"https:\\\/\\\/bogensportdiscount.ch\\\/#website\"},\"primaryImageOfPage\":{\"@id\":\"https:\\\/\\\/bogensportdiscount.ch\\\/produkt\\\/skylon-pin-nocken-recurve-small\\\/#primaryimage\"},\"image\":{\"@id\":\"https:\\\/\\\/bogensportdiscount.ch\\\/produkt\\\/skylon-pin-nocken-recurve-small\\\/#primaryimage\"},\"thumbnailUrl\":\"https:\\\/\\\/bogensportdiscount.ch\\\/wp-content\\\/uploads\\\/bsm-images\\\/A048604_1.png\",\"datePublished\":\"2026-04-05T12:54:51+00:00\",\"dateModified\":\"2026-05-14T13:26:23+00:00\",\"description\":\"SKYLON PIN NOCKS RECURVE SMALL g\u00fcnstig kaufen bei Bogensportdiscount \u2013 Top-Marken, schneller Versand aus der Schweiz.\",\"breadcrumb\":{\"@id\":\"https:\\\/\\\/bogensportdiscount.ch\\\/produkt\\\/skylon-pin-nocken-recurve-small\\\/#breadcrumb\"},\"inLanguage\":\"fr-FR\",\"potentialAction\":[{\"@type\":\"ReadAction\",\"target\":[\"https:\\\/\\\/bogensportdiscount.ch\\\/produkt\\\/skylon-pin-nocken-recurve-small\\\/\"]}]},{\"@type\":\"ImageObject\",\"inLanguage\":\"fr-FR\",\"@id\":\"https:\\\/\\\/bogensportdiscount.ch\\\/produkt\\\/skylon-pin-nocken-recurve-small\\\/#primaryimage\",\"url\":\"https:\\\/\\\/bogensportdiscount.ch\\\/wp-content\\\/uploads\\\/bsm-images\\\/A048604_1.png\",\"contentUrl\":\"https:\\\/\\\/bogensportdiscount.ch\\\/wp-content\\\/uploads\\\/bsm-images\\\/A048604_1.png\",\"width\":1012,\"height\":572},{\"@type\":\"BreadcrumbList\",\"@id\":\"https:\\\/\\\/bogensportdiscount.ch\\\/produkt\\\/skylon-pin-nocken-recurve-small\\\/#breadcrumb\",\"itemListElement\":[{\"@type\":\"ListItem\",\"position\":1,\"name\":\"Home\",\"item\":\"https:\\\/\\\/bogensportdiscount.ch\\\/\"},{\"@type\":\"ListItem\",\"position\":2,\"name\":\"Shop\",\"item\":\"https:\\\/\\\/bogensportdiscount.ch\\\/shop\\\/\"},{\"@type\":\"ListItem\",\"position\":3,\"name\":\"SKYLON PIN NOCKS RECURVE SMALL\"}]},{\"@type\":\"WebSite\",\"@id\":\"https:\\\/\\\/bogensportdiscount.ch\\\/#website\",\"url\":\"https:\\\/\\\/bogensportdiscount.ch\\\/\",\"name\":\"Bogensportdiscount\",\"description\":\"\",\"potentialAction\":[{\"@type\":\"SearchAction\",\"target\":{\"@type\":\"EntryPoint\",\"urlTemplate\":\"https:\\\/\\\/bogensportdiscount.ch\\\/?s={search_term_string}\"},\"query-input\":{\"@type\":\"PropertyValueSpecification\",\"valueRequired\":true,\"valueName\":\"search_term_string\"}}],\"inLanguage\":\"fr-FR\"}]}<\/script>\n<!-- \/ Yoast SEO plugin. -->","yoast_head_json":{"title":"SKYLON PIN NOCKS RECURVE SMALL - Bogensportdiscount \u2013 Arcs, fl\u00e8ches, cibles &amp; accessoires","description":"SKYLON PIN NOCKS RECURVE SMALL \u00e0 acheter au meilleur prix chez Bogensportdiscount \u2013 Top marques, livraison rapide depuis la Suisse.","robots":{"index":"index","follow":"follow","max-snippet":"max-snippet:-1","max-image-preview":"max-image-preview:large","max-video-preview":"max-video-preview:-1"},"canonical":"https:\/\/bogensportdiscount.ch\/fr\/produit\/skylon-pin-nocken-recurve-small\/","og_locale":"fr_FR","og_type":"article","og_title":"SKYLON PIN NOCKS RECURVE SMALL - Bogensportdiscount \u2013 Arcs, fl\u00e8ches, cibles &amp; accessoires","og_description":"SKYLON PIN NOCKS RECURVE SMALL \u00e0 acheter au meilleur prix chez Bogensportdiscount \u2013 Top marques, livraison rapide depuis la Suisse.","og_url":"https:\/\/bogensportdiscount.ch\/fr\/produit\/skylon-pin-nocken-recurve-small\/","og_site_name":"Bogensportdiscount \u2013 B\u00f6gen, Pfeile, Targets &amp; Zubeh\u00f6r","article_modified_time":"2026-05-14T13:26:23+00:00","og_image":[{"width":1012,"height":572,"url":"https:\/\/bogensportdiscount.ch\/wp-content\/uploads\/bsm-images\/A048604_1.png","type":"image\/png"}],"twitter_card":"summary_large_image","schema":{"@context":"https:\/\/schema.org","@graph":[{"@type":"WebPage","@id":"https:\/\/bogensportdiscount.ch\/produkt\/skylon-pin-nocken-recurve-small\/","url":"https:\/\/bogensportdiscount.ch\/produkt\/skylon-pin-nocken-recurve-small\/","name":"SKYLON PIN NOCKS RECURVE SMALL - Bogensportdiscount \u2013 Arcs, fl\u00e8ches, cibles &amp; accessoires","isPartOf":{"@id":"https:\/\/bogensportdiscount.ch\/#website"},"primaryImageOfPage":{"@id":"https:\/\/bogensportdiscount.ch\/produkt\/skylon-pin-nocken-recurve-small\/#primaryimage"},"image":{"@id":"https:\/\/bogensportdiscount.ch\/produkt\/skylon-pin-nocken-recurve-small\/#primaryimage"},"thumbnailUrl":"https:\/\/bogensportdiscount.ch\/wp-content\/uploads\/bsm-images\/A048604_1.png","datePublished":"2026-04-05T12:54:51+00:00","dateModified":"2026-05-14T13:26:23+00:00","description":"SKYLON PIN NOCKS RECURVE SMALL \u00e0 acheter au meilleur prix chez Bogensportdiscount \u2013 Top marques, livraison rapide depuis la Suisse.","breadcrumb":{"@id":"https:\/\/bogensportdiscount.ch\/produkt\/skylon-pin-nocken-recurve-small\/#breadcrumb"},"inLanguage":"fr-FR","potentialAction":[{"@type":"ReadAction","target":["https:\/\/bogensportdiscount.ch\/produkt\/skylon-pin-nocken-recurve-small\/"]}]},{"@type":"ImageObject","inLanguage":"fr-FR","@id":"https:\/\/bogensportdiscount.ch\/produkt\/skylon-pin-nocken-recurve-small\/#primaryimage","url":"https:\/\/bogensportdiscount.ch\/wp-content\/uploads\/bsm-images\/A048604_1.png","contentUrl":"https:\/\/bogensportdiscount.ch\/wp-content\/uploads\/bsm-images\/A048604_1.png","width":1012,"height":572},{"@type":"BreadcrumbList","@id":"https:\/\/bogensportdiscount.ch\/produkt\/skylon-pin-nocken-recurve-small\/#breadcrumb","itemListElement":[{"@type":"ListItem","position":1,"name":"Home","item":"https:\/\/bogensportdiscount.ch\/"},{"@type":"ListItem","position":2,"name":"Shop","item":"https:\/\/bogensportdiscount.ch\/shop\/"},{"@type":"ListItem","position":3,"name":"SKYLON PIN NOCKS RECURVE SMALL"}]},{"@type":"WebSite","@id":"https:\/\/bogensportdiscount.ch\/#website","url":"https:\/\/bogensportdiscount.ch\/","name":"Bogensportdiscount","description":"","potentialAction":[{"@type":"SearchAction","target":{"@type":"EntryPoint","urlTemplate":"https:\/\/bogensportdiscount.ch\/?s={search_term_string}"},"query-input":{"@type":"PropertyValueSpecification","valueRequired":true,"valueName":"search_term_string"}}],"inLanguage":"fr-FR"}]}},"_links":{"self":[{"href":"https:\/\/bogensportdiscount.ch\/fr\/wp-json\/wp\/v2\/product\/406622","targetHints":{"allow":["GET"]}}],"collection":[{"href":"https:\/\/bogensportdiscount.ch\/fr\/wp-json\/wp\/v2\/product"}],"about":[{"href":"https:\/\/bogensportdiscount.ch\/fr\/wp-json\/wp\/v2\/types\/product"}],"replies":[{"embeddable":true,"href":"https:\/\/bogensportdiscount.ch\/fr\/wp-json\/wp\/v2\/comments?post=406622"}],"wp:featuredmedia":[{"embeddable":true,"href":"https:\/\/bogensportdiscount.ch\/fr\/wp-json\/wp\/v2\/media\/450935"}],"wp:attachment":[{"href":"https:\/\/bogensportdiscount.ch\/fr\/wp-json\/wp\/v2\/media?parent=406622"}],"wp:term":[{"taxonomy":"product_brand","embeddable":true,"href":"https:\/\/bogensportdiscount.ch\/fr\/wp-json\/wp\/v2\/product_brand?post=406622"},{"taxonomy":"product_cat","embeddable":true,"href":"https:\/\/bogensportdiscount.ch\/fr\/wp-json\/wp\/v2\/product_cat?post=406622"},{"taxonomy":"product_tag","embeddable":true,"href":"https:\/\/bogensportdiscount.ch\/fr\/wp-json\/wp\/v2\/product_tag?post=406622"}],"curies":[{"name":"wp","href":"https:\/\/api.w.org\/{rel}","templated":true}]}}