{"id":406543,"date":"2026-04-05T14:54:41","date_gmt":"2026-04-05T12:54:41","guid":{"rendered":"https:\/\/bogensportdiscount.ch\/produkt\/arrows-carbon-6-5-bowhunter-340-with-2bully-vanes-6-pk\/"},"modified":"2026-04-17T18:41:28","modified_gmt":"2026-04-17T16:41:28","slug":"easton-carbon-jagdpfeile-6-5-bowhunter","status":"publish","type":"product","link":"https:\/\/bogensportdiscount.ch\/fr\/produit\/easton-carbon-jagdpfeile-6-5-bowhunter\/","title":{"rendered":"EASTON ARROWS CARBON 6.5 BOWHUNTER 6\/PK"},"content":{"rendered":"<p>Die Easton Carbon 6.5 Bowhunter sind Fertigpfeile aus Carbon, die speziell f\u00fcr den Jagdeinsatz entwickelt wurden. Der 6.5-mm-Schaft ist ein bew\u00e4hrtes Format, das einen guten Kompromiss zwischen aerodynamischer Schlankheit und ausreichender Wandst\u00e4rke bietet.<\/p>\n<p>Die Pfeile sind in f\u00fcnf verschiedenen Spine-Werten (250, 300, 340, 400, 500) erh\u00e4ltlich, sodass sie f\u00fcr ein breites Spektrum an Bogengewichten und Zugweiten passend ausgew\u00e4hlt werden k\u00f6nnen. Die Fertigpfeile werden ab Werk montiert geliefert und sind direkt einsatzbereit.<\/p>\n<ul>\n<li>Carbon-Schaft im 6.5-mm-Format<\/li>\n<li>F\u00fcnf Spine-Optionen: 250 \/ 300 \/ 340 \/ 400 \/ 500<\/li>\n<li>Ausgelegt f\u00fcr den Jagdeinsatz mit dem Compound- oder Recurvebogen<\/li>\n<li>Als Fertigpfeil ab Werk einsatzbereit<\/li>\n<\/ul>","protected":false},"excerpt":{"rendered":"<p><strong>Marque :<\/strong> Easton<br \/><strong>Farbe:<\/strong> Noir<br \/><strong>ID:<\/strong> 6,5<\/p>","protected":false},"featured_media":450928,"comment_status":"open","ping_status":"closed","template":"","meta":[],"product_brand":[417],"product_cat":[4303],"product_tag":[],"class_list":{"0":"post-406543","1":"product","2":"type-product","3":"status-publish","4":"has-post-thumbnail","6":"product_brand-easton","7":"product_cat-befiederte-carbon-jagd-pfeile","9":"first","10":"instock","11":"shipping-taxable","12":"purchasable","13":"product-type-variable"},"_links":{"self":[{"href":"https:\/\/bogensportdiscount.ch\/fr\/wp-json\/wp\/v2\/product\/406543","targetHints":{"allow":["GET"]}}],"collection":[{"href":"https:\/\/bogensportdiscount.ch\/fr\/wp-json\/wp\/v2\/product"}],"about":[{"href":"https:\/\/bogensportdiscount.ch\/fr\/wp-json\/wp\/v2\/types\/product"}],"replies":[{"embeddable":true,"href":"https:\/\/bogensportdiscount.ch\/fr\/wp-json\/wp\/v2\/comments?post=406543"}],"wp:featuredmedia":[{"embeddable":true,"href":"https:\/\/bogensportdiscount.ch\/fr\/wp-json\/wp\/v2\/media\/450928"}],"wp:attachment":[{"href":"https:\/\/bogensportdiscount.ch\/fr\/wp-json\/wp\/v2\/media?parent=406543"}],"wp:term":[{"taxonomy":"product_brand","embeddable":true,"href":"https:\/\/bogensportdiscount.ch\/fr\/wp-json\/wp\/v2\/product_brand?post=406543"},{"taxonomy":"product_cat","embeddable":true,"href":"https:\/\/bogensportdiscount.ch\/fr\/wp-json\/wp\/v2\/product_cat?post=406543"},{"taxonomy":"product_tag","embeddable":true,"href":"https:\/\/bogensportdiscount.ch\/fr\/wp-json\/wp\/v2\/product_tag?post=406543"}],"curies":[{"name":"wp","href":"https:\/\/api.w.org\/{rel}","templated":true}]}}