{"id":406469,"date":"2026-04-05T14:54:34","date_gmt":"2026-04-05T12:54:34","guid":{"rendered":"https:\/\/bogensportdiscount.ch\/produkt\/limbs-ilf-t-d-hunting-bows-bamboo-black-short-60-25lbs-19-riser\/"},"modified":"2026-05-14T15:26:23","modified_gmt":"2026-05-14T13:26:23","slug":"bucktrail-ilf-wurfarme-td-jagdbogen-bamboo-black","status":"publish","type":"product","link":"https:\/\/bogensportdiscount.ch\/fr\/produit\/bucktrail-ilf-wurfarme-td-jagdbogen-bamboo-black\/","title":{"rendered":"BUCKTRAIL BRANCHES ILF T\/D ARCS DE CHASSE BAMBUS NOIR POIGN\u00c9E 19&#8243;"},"content":{"rendered":"<p>Les branches ILF BUCKTRAIL pour arcs de chasse T\/D sont compatibles avec le syst\u00e8me ILF standardis\u00e9 (International Limb Fitting) et peuvent \u00eatre mont\u00e9es sur des poign\u00e9es Take-Down correspondantes. L'\u00e2me en bambou assure une \u00e9lasticit\u00e9 naturelle et un transfert d'\u00e9nergie optimal.<\/p>\n<p>Les branches sont disponibles en trois longueurs d'arc (60&#8243;, 62&#8243; et 64&#8243;) ainsi qu'en sept puissances de 20 \u00e0 50 LBS, ce qui les rend adapt\u00e9es aussi bien aux d\u00e9butants qu'aux archers exp\u00e9riment\u00e9s dans le domaine de la chasse traditionnelle.<\/p>\n<ul>\n<li>Syst\u00e8me compatible ILF pour un montage flexible<\/li>\n<li>\u00c2me en bambou avec rev\u00eatement ext\u00e9rieur noir<\/li>\n<li>Puissances : 20 \/ 25 \/ 30 \/ 35 \/ 40 \/ 45 \/ 50 LBS<\/li>\n<li>Longueurs d'arc : 60&#8243;, 62&#8243;, 64&#8243;<\/li>\n<\/ul>","protected":false},"excerpt":{"rendered":"<table>\n<tr>\n<th>Propri\u00e9t\u00e9<\/th>\n<th>Valeur<\/th>\n<\/tr>\n<tr>\n<td>Marque<\/td>\n<td>Buck Trail<\/td>\n<\/tr>\n<tr>\n<td>Pays d'origine<\/td>\n<td>Chine<\/td>\n<\/tr>\n<\/table>","protected":false},"featured_media":450923,"comment_status":"open","ping_status":"closed","template":"","meta":[],"product_brand":[432],"product_cat":[4529],"product_tag":[],"class_list":{"0":"post-406469","1":"product","2":"type-product","3":"status-publish","4":"has-post-thumbnail","6":"product_brand-bucktrail","7":"product_cat-traditionelle-boegen-wurfarme","8":"product_shipping_class-bsd-standard","10":"first","11":"instock","12":"shipping-taxable","13":"purchasable","14":"product-type-variable"},"yoast_head":"<!-- This site is optimized with the Yoast SEO plugin v27.6 - https:\/\/yoast.com\/product\/yoast-seo-wordpress\/ -->\n<title>BUCKTRAIL WURFARME ILF T\/D JAGDB\u00d6GEN BAMBUS SCHWARZ 19&quot; MITTELTEIL - Bogensportdiscount \u2013 B\u00f6gen, Pfeile, Targets &amp; Zubeh\u00f6r<\/title>\n<meta name=\"description\" content=\"BUCKTRAIL WURFARME ILF T\/D JAGDB\u00d6GEN BAMBUS SCHWARZ 19&quot; MITTELTEIL g\u00fcnstig kaufen bei Bogensportdiscount \u2013 Top-Marken, schneller Versand aus der Schweiz.\" \/>\n<meta name=\"robots\" content=\"index, follow, max-snippet:-1, max-image-preview:large, max-video-preview:-1\" \/>\n<link rel=\"canonical\" href=\"https:\/\/bogensportdiscount.ch\/fr\/produit\/bucktrail-ilf-wurfarme-td-jagdbogen-bamboo-black\/\" \/>\n<meta property=\"og:locale\" content=\"fr_FR\" \/>\n<meta property=\"og:type\" content=\"article\" \/>\n<meta property=\"og:title\" content=\"BUCKTRAIL WURFARME ILF T\/D JAGDB\u00d6GEN BAMBUS SCHWARZ 19&quot; MITTELTEIL - Bogensportdiscount \u2013 B\u00f6gen, Pfeile, Targets &amp; Zubeh\u00f6r\" \/>\n<meta property=\"og:description\" content=\"BUCKTRAIL WURFARME ILF T\/D JAGDB\u00d6GEN BAMBUS SCHWARZ 19&quot; MITTELTEIL g\u00fcnstig kaufen bei Bogensportdiscount \u2013 Top-Marken, schneller Versand aus der Schweiz.\" \/>\n<meta property=\"og:url\" content=\"https:\/\/bogensportdiscount.ch\/fr\/produit\/bucktrail-ilf-wurfarme-td-jagdbogen-bamboo-black\/\" \/>\n<meta property=\"og:site_name\" content=\"Bogensportdiscount \u2013 B\u00f6gen, Pfeile, Targets &amp; Zubeh\u00f6r\" \/>\n<meta property=\"article:modified_time\" content=\"2026-05-14T13:26:23+00:00\" \/>\n<meta property=\"og:image\" content=\"https:\/\/bogensportdiscount.ch\/wp-content\/uploads\/bsm-images\/A048375_1.png\" \/>\n\t<meta property=\"og:image:width\" content=\"6468\" \/>\n\t<meta property=\"og:image:height\" content=\"1788\" \/>\n\t<meta property=\"og:image:type\" content=\"image\/png\" \/>\n<meta name=\"twitter:card\" content=\"summary_large_image\" \/>\n<script type=\"application\/ld+json\" class=\"yoast-schema-graph\">{\"@context\":\"https:\\\/\\\/schema.org\",\"@graph\":[{\"@type\":\"WebPage\",\"@id\":\"https:\\\/\\\/bogensportdiscount.ch\\\/produkt\\\/bucktrail-ilf-wurfarme-td-jagdbogen-bamboo-black\\\/\",\"url\":\"https:\\\/\\\/bogensportdiscount.ch\\\/produkt\\\/bucktrail-ilf-wurfarme-td-jagdbogen-bamboo-black\\\/\",\"name\":\"BUCKTRAIL WURFARME ILF T\\\/D JAGDB\u00d6GEN BAMBUS SCHWARZ 19\\\" MITTELTEIL - Bogensportdiscount \u2013 B\u00f6gen, Pfeile, Targets &amp; Zubeh\u00f6r\",\"isPartOf\":{\"@id\":\"https:\\\/\\\/bogensportdiscount.ch\\\/#website\"},\"primaryImageOfPage\":{\"@id\":\"https:\\\/\\\/bogensportdiscount.ch\\\/produkt\\\/bucktrail-ilf-wurfarme-td-jagdbogen-bamboo-black\\\/#primaryimage\"},\"image\":{\"@id\":\"https:\\\/\\\/bogensportdiscount.ch\\\/produkt\\\/bucktrail-ilf-wurfarme-td-jagdbogen-bamboo-black\\\/#primaryimage\"},\"thumbnailUrl\":\"https:\\\/\\\/bogensportdiscount.ch\\\/wp-content\\\/uploads\\\/bsm-images\\\/A048375_1.png\",\"datePublished\":\"2026-04-05T12:54:34+00:00\",\"dateModified\":\"2026-05-14T13:26:23+00:00\",\"description\":\"BUCKTRAIL WURFARME ILF T\\\/D JAGDB\u00d6GEN BAMBUS SCHWARZ 19\\\" MITTELTEIL g\u00fcnstig kaufen bei Bogensportdiscount \u2013 Top-Marken, schneller Versand aus der Schweiz.\",\"breadcrumb\":{\"@id\":\"https:\\\/\\\/bogensportdiscount.ch\\\/produkt\\\/bucktrail-ilf-wurfarme-td-jagdbogen-bamboo-black\\\/#breadcrumb\"},\"inLanguage\":\"fr-FR\",\"potentialAction\":[{\"@type\":\"ReadAction\",\"target\":[\"https:\\\/\\\/bogensportdiscount.ch\\\/produkt\\\/bucktrail-ilf-wurfarme-td-jagdbogen-bamboo-black\\\/\"]}]},{\"@type\":\"ImageObject\",\"inLanguage\":\"fr-FR\",\"@id\":\"https:\\\/\\\/bogensportdiscount.ch\\\/produkt\\\/bucktrail-ilf-wurfarme-td-jagdbogen-bamboo-black\\\/#primaryimage\",\"url\":\"https:\\\/\\\/bogensportdiscount.ch\\\/wp-content\\\/uploads\\\/bsm-images\\\/A048375_1.png\",\"contentUrl\":\"https:\\\/\\\/bogensportdiscount.ch\\\/wp-content\\\/uploads\\\/bsm-images\\\/A048375_1.png\",\"width\":6468,\"height\":1788},{\"@type\":\"BreadcrumbList\",\"@id\":\"https:\\\/\\\/bogensportdiscount.ch\\\/produkt\\\/bucktrail-ilf-wurfarme-td-jagdbogen-bamboo-black\\\/#breadcrumb\",\"itemListElement\":[{\"@type\":\"ListItem\",\"position\":1,\"name\":\"Home\",\"item\":\"https:\\\/\\\/bogensportdiscount.ch\\\/\"},{\"@type\":\"ListItem\",\"position\":2,\"name\":\"Shop\",\"item\":\"https:\\\/\\\/bogensportdiscount.ch\\\/shop\\\/\"},{\"@type\":\"ListItem\",\"position\":3,\"name\":\"BUCKTRAIL LIMBS ILF T\\\/D HUNTING BOWS BAMBOO BLACK 19&#8243; RISER\"}]},{\"@type\":\"WebSite\",\"@id\":\"https:\\\/\\\/bogensportdiscount.ch\\\/#website\",\"url\":\"https:\\\/\\\/bogensportdiscount.ch\\\/\",\"name\":\"Bogensportdiscount\",\"description\":\"\",\"potentialAction\":[{\"@type\":\"SearchAction\",\"target\":{\"@type\":\"EntryPoint\",\"urlTemplate\":\"https:\\\/\\\/bogensportdiscount.ch\\\/?s={search_term_string}\"},\"query-input\":{\"@type\":\"PropertyValueSpecification\",\"valueRequired\":true,\"valueName\":\"search_term_string\"}}],\"inLanguage\":\"fr-FR\"}]}<\/script>\n<!-- \/ Yoast SEO plugin. -->","yoast_head_json":{"title":"BUCKTRAIL WURFARME ILF T\/D JAGDB\u00d6GEN BAMBUS SCHWARZ 19\" MITTELTEIL - Bogensportdiscount \u2013 B\u00f6gen, Pfeile, Targets &amp; Zubeh\u00f6r","description":"BUCKTRAIL WURFARME ILF T\/D JAGDB\u00d6GEN BAMBUS SCHWARZ 19\" MITTELTEIL g\u00fcnstig kaufen bei Bogensportdiscount \u2013 Top-Marken, schneller Versand aus der Schweiz.","robots":{"index":"index","follow":"follow","max-snippet":"max-snippet:-1","max-image-preview":"max-image-preview:large","max-video-preview":"max-video-preview:-1"},"canonical":"https:\/\/bogensportdiscount.ch\/fr\/produit\/bucktrail-ilf-wurfarme-td-jagdbogen-bamboo-black\/","og_locale":"fr_FR","og_type":"article","og_title":"BUCKTRAIL WURFARME ILF T\/D JAGDB\u00d6GEN BAMBUS SCHWARZ 19\" MITTELTEIL - Bogensportdiscount \u2013 B\u00f6gen, Pfeile, Targets &amp; Zubeh\u00f6r","og_description":"BUCKTRAIL WURFARME ILF T\/D JAGDB\u00d6GEN BAMBUS SCHWARZ 19\" MITTELTEIL g\u00fcnstig kaufen bei Bogensportdiscount \u2013 Top-Marken, schneller Versand aus der Schweiz.","og_url":"https:\/\/bogensportdiscount.ch\/fr\/produit\/bucktrail-ilf-wurfarme-td-jagdbogen-bamboo-black\/","og_site_name":"Bogensportdiscount \u2013 B\u00f6gen, Pfeile, Targets &amp; Zubeh\u00f6r","article_modified_time":"2026-05-14T13:26:23+00:00","og_image":[{"url":"https:\/\/bogensportdiscount.ch\/wp-content\/uploads\/bsm-images\/A048375_1.png","width":6468,"height":1788,"type":"image\/png"}],"twitter_card":"summary_large_image","schema":{"@context":"https:\/\/schema.org","@graph":[{"@type":"WebPage","@id":"https:\/\/bogensportdiscount.ch\/produkt\/bucktrail-ilf-wurfarme-td-jagdbogen-bamboo-black\/","url":"https:\/\/bogensportdiscount.ch\/produkt\/bucktrail-ilf-wurfarme-td-jagdbogen-bamboo-black\/","name":"BUCKTRAIL WURFARME ILF T\/D JAGDB\u00d6GEN BAMBUS SCHWARZ 19\" MITTELTEIL - Bogensportdiscount \u2013 B\u00f6gen, Pfeile, Targets &amp; Zubeh\u00f6r","isPartOf":{"@id":"https:\/\/bogensportdiscount.ch\/#website"},"primaryImageOfPage":{"@id":"https:\/\/bogensportdiscount.ch\/produkt\/bucktrail-ilf-wurfarme-td-jagdbogen-bamboo-black\/#primaryimage"},"image":{"@id":"https:\/\/bogensportdiscount.ch\/produkt\/bucktrail-ilf-wurfarme-td-jagdbogen-bamboo-black\/#primaryimage"},"thumbnailUrl":"https:\/\/bogensportdiscount.ch\/wp-content\/uploads\/bsm-images\/A048375_1.png","datePublished":"2026-04-05T12:54:34+00:00","dateModified":"2026-05-14T13:26:23+00:00","description":"BUCKTRAIL WURFARME ILF T\/D JAGDB\u00d6GEN BAMBUS SCHWARZ 19\" MITTELTEIL g\u00fcnstig kaufen bei Bogensportdiscount \u2013 Top-Marken, schneller Versand aus der Schweiz.","breadcrumb":{"@id":"https:\/\/bogensportdiscount.ch\/produkt\/bucktrail-ilf-wurfarme-td-jagdbogen-bamboo-black\/#breadcrumb"},"inLanguage":"fr-FR","potentialAction":[{"@type":"ReadAction","target":["https:\/\/bogensportdiscount.ch\/produkt\/bucktrail-ilf-wurfarme-td-jagdbogen-bamboo-black\/"]}]},{"@type":"ImageObject","inLanguage":"fr-FR","@id":"https:\/\/bogensportdiscount.ch\/produkt\/bucktrail-ilf-wurfarme-td-jagdbogen-bamboo-black\/#primaryimage","url":"https:\/\/bogensportdiscount.ch\/wp-content\/uploads\/bsm-images\/A048375_1.png","contentUrl":"https:\/\/bogensportdiscount.ch\/wp-content\/uploads\/bsm-images\/A048375_1.png","width":6468,"height":1788},{"@type":"BreadcrumbList","@id":"https:\/\/bogensportdiscount.ch\/produkt\/bucktrail-ilf-wurfarme-td-jagdbogen-bamboo-black\/#breadcrumb","itemListElement":[{"@type":"ListItem","position":1,"name":"Home","item":"https:\/\/bogensportdiscount.ch\/"},{"@type":"ListItem","position":2,"name":"Shop","item":"https:\/\/bogensportdiscount.ch\/shop\/"},{"@type":"ListItem","position":3,"name":"BUCKTRAIL LIMBS ILF T\/D HUNTING BOWS BAMBOO BLACK 19&#8243; RISER"}]},{"@type":"WebSite","@id":"https:\/\/bogensportdiscount.ch\/#website","url":"https:\/\/bogensportdiscount.ch\/","name":"Bogensportdiscount","description":"","potentialAction":[{"@type":"SearchAction","target":{"@type":"EntryPoint","urlTemplate":"https:\/\/bogensportdiscount.ch\/?s={search_term_string}"},"query-input":{"@type":"PropertyValueSpecification","valueRequired":true,"valueName":"search_term_string"}}],"inLanguage":"fr-FR"}]}},"_links":{"self":[{"href":"https:\/\/bogensportdiscount.ch\/fr\/wp-json\/wp\/v2\/product\/406469","targetHints":{"allow":["GET"]}}],"collection":[{"href":"https:\/\/bogensportdiscount.ch\/fr\/wp-json\/wp\/v2\/product"}],"about":[{"href":"https:\/\/bogensportdiscount.ch\/fr\/wp-json\/wp\/v2\/types\/product"}],"replies":[{"embeddable":true,"href":"https:\/\/bogensportdiscount.ch\/fr\/wp-json\/wp\/v2\/comments?post=406469"}],"wp:featuredmedia":[{"embeddable":true,"href":"https:\/\/bogensportdiscount.ch\/fr\/wp-json\/wp\/v2\/media\/450923"}],"wp:attachment":[{"href":"https:\/\/bogensportdiscount.ch\/fr\/wp-json\/wp\/v2\/media?parent=406469"}],"wp:term":[{"taxonomy":"product_brand","embeddable":true,"href":"https:\/\/bogensportdiscount.ch\/fr\/wp-json\/wp\/v2\/product_brand?post=406469"},{"taxonomy":"product_cat","embeddable":true,"href":"https:\/\/bogensportdiscount.ch\/fr\/wp-json\/wp\/v2\/product_cat?post=406469"},{"taxonomy":"product_tag","embeddable":true,"href":"https:\/\/bogensportdiscount.ch\/fr\/wp-json\/wp\/v2\/product_tag?post=406469"}],"curies":[{"name":"wp","href":"https:\/\/api.w.org\/{rel}","templated":true}]}}