{"id":406379,"date":"2026-04-05T14:54:22","date_gmt":"2026-04-05T12:54:22","guid":{"rendered":"https:\/\/bogensportdiscount.ch\/produkt\/3rd-axis-tool-for-20-20-scope-40mm\/"},"modified":"2026-04-17T13:46:58","modified_gmt":"2026-04-17T11:46:58","slug":"bowfinger-3rd-achsen-einstellwerkzeug-20-20-scope","status":"publish","type":"product","link":"https:\/\/bogensportdiscount.ch\/fr\/produit\/bowfinger-3rd-achsen-einstellwerkzeug-20-20-scope\/","title":{"rendered":"BOWFINGER 3RD AXIS TOOL FOR 20\/20 SCOPE"},"content":{"rendered":"<p>Das BOWFINGER 3rd-Achsen-Einstellwerkzeug wurde speziell f\u00fcr die Verwendung mit dem BOWFINGER 20\/20 Scope entwickelt. Die dritte Achse eines Compound-Zielfernrohrs muss korrekt eingestellt sein, damit das Scope auch bei starken Schusswinkeln \u2013 beispielsweise bergauf oder bergab \u2013 pr\u00e4zise arbeitet.<\/p>\n<p>Ohne eine saubere Einstellung der dritten Achse k\u00f6nnen Treffpunktabweichungen auftreten, sobald der Bogen aus der Horizontalen gekippt wird. Dieses Werkzeug erm\u00f6glicht eine zuverl\u00e4ssige und reproduzierbare Justage direkt am Scope.<\/p>\n<ul>\n<li>Kompatibel mit dem BOWFINGER 20\/20 Scope<\/li>\n<li>Erm\u00f6glicht pr\u00e4zise Einstellung der dritten Achse<\/li>\n<li>Verbessert die Treffsicherheit bei unterschiedlichen Schusswinkeln<\/li>\n<li>Fabriqu\u00e9 aux \u00c9tats-Unis<\/li>\n<\/ul>","protected":false},"excerpt":{"rendered":"<p>Das BOWFINGER 3rd-Achsen-Einstellwerkzeug ist speziell f\u00fcr das BOWFINGER 20\/20 Scope konzipiert und erm\u00f6glicht eine pr\u00e4zise Ausrichtung der dritten Achse am Compound-Zielfernrohr. Es ist ein unverzichtbares Hilfsmittel f\u00fcr eine korrekte Einstellung des Scopes bei geneigtem Gel\u00e4nde oder steilem Schusswinkel.<\/p>","protected":false},"featured_media":439621,"comment_status":"open","ping_status":"closed","template":"","meta":[],"product_brand":[540],"product_cat":[4249],"product_tag":[],"class_list":{"0":"post-406379","1":"product","2":"type-product","3":"status-publish","4":"has-post-thumbnail","6":"product_brand-bowfinger","7":"product_cat-zubehoer-compound-scope","9":"first","10":"instock","11":"shipping-taxable","12":"purchasable","13":"product-type-variable"},"_links":{"self":[{"href":"https:\/\/bogensportdiscount.ch\/fr\/wp-json\/wp\/v2\/product\/406379","targetHints":{"allow":["GET"]}}],"collection":[{"href":"https:\/\/bogensportdiscount.ch\/fr\/wp-json\/wp\/v2\/product"}],"about":[{"href":"https:\/\/bogensportdiscount.ch\/fr\/wp-json\/wp\/v2\/types\/product"}],"replies":[{"embeddable":true,"href":"https:\/\/bogensportdiscount.ch\/fr\/wp-json\/wp\/v2\/comments?post=406379"}],"wp:featuredmedia":[{"embeddable":true,"href":"https:\/\/bogensportdiscount.ch\/fr\/wp-json\/wp\/v2\/media\/439621"}],"wp:attachment":[{"href":"https:\/\/bogensportdiscount.ch\/fr\/wp-json\/wp\/v2\/media?parent=406379"}],"wp:term":[{"taxonomy":"product_brand","embeddable":true,"href":"https:\/\/bogensportdiscount.ch\/fr\/wp-json\/wp\/v2\/product_brand?post=406379"},{"taxonomy":"product_cat","embeddable":true,"href":"https:\/\/bogensportdiscount.ch\/fr\/wp-json\/wp\/v2\/product_cat?post=406379"},{"taxonomy":"product_tag","embeddable":true,"href":"https:\/\/bogensportdiscount.ch\/fr\/wp-json\/wp\/v2\/product_tag?post=406379"}],"curies":[{"name":"wp","href":"https:\/\/api.w.org\/{rel}","templated":true}]}}