{"id":406376,"date":"2026-04-05T14:54:22","date_gmt":"2026-04-05T12:54:22","guid":{"rendered":"https:\/\/bogensportdiscount.ch\/produkt\/bowfinger-hiviz-filter-kit-for-20-20-scope-30mm\/"},"modified":"2026-04-17T13:46:58","modified_gmt":"2026-04-17T11:46:58","slug":"bowfinger-hiviz-filter-set-fuer-2020-scope","status":"publish","type":"product","link":"https:\/\/bogensportdiscount.ch\/fr\/produit\/bowfinger-hiviz-filter-set-fuer-2020-scope\/","title":{"rendered":"BOWFINGER HIVIZ FILTER KIT FOR 20\/20 SCOPE"},"content":{"rendered":"<p>Das Bowfinger HiViz Filter-Set wurde speziell f\u00fcr das Bowfinger 20\/20 Zielfernrohr entwickelt. Die Filter lassen sich unkompliziert montieren und erm\u00f6glichen eine gezielte Steuerung des Lichteinfalls, was besonders bei wechselnden Lichtverh\u00e4ltnissen auf dem Schiessstand oder im Freien hilfreich ist.<\/p>\n<p>Das Set ist in zwei Gr\u00f6ssen erh\u00e4ltlich \u2013 30 mm und 35 mm \u2013 und passt damit zu den entsprechenden Linsen des 20\/20 Scope. Die Herstellung erfolgt in den USA.<\/p>\n<ul>\n<li>Kompatibel mit Bowfinger 20\/20 Scope<\/li>\n<li>Erh\u00e4ltlich in 30 mm und 35 mm<\/li>\n<li>Reduziert Blendeffekte und optimiert die Sicht<\/li>\n<li>Fabriqu\u00e9 aux \u00c9tats-Unis<\/li>\n<\/ul>","protected":false},"excerpt":{"rendered":"<p>Das Bowfinger HiViz Filter-Set ist kompatibel mit dem Bowfinger 20\/20 Scope und verf\u00fcgbar in den Gr\u00f6ssen 30 mm und 35 mm. Es erm\u00f6glicht den einfachen Einsatz von HiViz-Filtern zur Anpassung der Lichtverh\u00e4ltnisse beim Zielen.<\/p>","protected":false},"featured_media":450900,"comment_status":"open","ping_status":"closed","template":"","meta":[],"product_brand":[540],"product_cat":[4248],"product_tag":[],"class_list":{"0":"post-406376","1":"product","2":"type-product","3":"status-publish","4":"has-post-thumbnail","6":"product_brand-bowfinger","7":"product_cat-linsen-compound-scope","9":"first","10":"onbackorder","11":"shipping-taxable","12":"purchasable","13":"product-type-variable"},"_links":{"self":[{"href":"https:\/\/bogensportdiscount.ch\/fr\/wp-json\/wp\/v2\/product\/406376","targetHints":{"allow":["GET"]}}],"collection":[{"href":"https:\/\/bogensportdiscount.ch\/fr\/wp-json\/wp\/v2\/product"}],"about":[{"href":"https:\/\/bogensportdiscount.ch\/fr\/wp-json\/wp\/v2\/types\/product"}],"replies":[{"embeddable":true,"href":"https:\/\/bogensportdiscount.ch\/fr\/wp-json\/wp\/v2\/comments?post=406376"}],"wp:featuredmedia":[{"embeddable":true,"href":"https:\/\/bogensportdiscount.ch\/fr\/wp-json\/wp\/v2\/media\/450900"}],"wp:attachment":[{"href":"https:\/\/bogensportdiscount.ch\/fr\/wp-json\/wp\/v2\/media?parent=406376"}],"wp:term":[{"taxonomy":"product_brand","embeddable":true,"href":"https:\/\/bogensportdiscount.ch\/fr\/wp-json\/wp\/v2\/product_brand?post=406376"},{"taxonomy":"product_cat","embeddable":true,"href":"https:\/\/bogensportdiscount.ch\/fr\/wp-json\/wp\/v2\/product_cat?post=406376"},{"taxonomy":"product_tag","embeddable":true,"href":"https:\/\/bogensportdiscount.ch\/fr\/wp-json\/wp\/v2\/product_tag?post=406376"}],"curies":[{"name":"wp","href":"https:\/\/api.w.org\/{rel}","templated":true}]}}