{"id":406211,"date":"2026-04-05T14:54:03","date_gmt":"2026-04-05T12:54:03","guid":{"rendered":"https:\/\/bogensportdiscount.ch\/produkt\/risers-cnc-sovren-27-rh-anodized-black\/"},"modified":"2026-05-14T15:26:22","modified_gmt":"2026-05-14T13:26:22","slug":"kinetic-recurve-mittelstuck-cnc-sovren-27","status":"publish","type":"product","link":"https:\/\/bogensportdiscount.ch\/fr\/produit\/kinetic-recurve-mittelstuck-cnc-sovren-27\/","title":{"rendered":"KINETIC RISERS CNC SOVREN 27\u2033"},"content":{"rendered":"<p>Le KINETIC CNC Sovren est une poign\u00e9e d'arc classique frais\u00e9e CNC en aluminium 6061-T651 d'une longueur de 27 pouces et d'un poids de 1280 g. Elle est disponible aussi bien pour droitiers que pour gauchers et se d\u00e9cline dans les couleurs Black, Midnight Blue et White.<\/p>\n<p>La prise de branches ILF avec syst\u00e8me d'alignement int\u00e9gr\u00e9 permet un r\u00e9glage pr\u00e9cis des branches et est compatible avec un large \u00e9ventail de branches compatibles ILF. L'angle de poign\u00e9e de 42\u00b0 assure une position de main ergonomique lors du tir.<\/p>\n<ul>\n<li>Aluminium 6061-T651 frais\u00e9 CNC pour une haute pr\u00e9cision dimensionnelle<\/li>\n<li>Logement ILF avec syst\u00e8me d'alignement des branches<\/li>\n<li>Convient aux droitiers et aux gauchers<\/li>\n<li>Disponible en trois couleurs<\/li>\n<\/ul>","protected":false},"excerpt":{"rendered":"<table>\n<tr>\n<th>Propri\u00e9t\u00e9<\/th>\n<th>Valeur<\/th>\n<\/tr>\n<tr>\n<td>Longueur<\/td>\n<td>27&#8243;<\/td>\n<\/tr>\n<tr>\n<td>Poids<\/td>\n<td>1280 g<\/td>\n<\/tr>\n<tr>\n<td>Mat\u00e9riau<\/td>\n<td>Aluminium 6061-T651 (frais\u00e9 CNC)<\/td>\n<\/tr>\n<tr>\n<td>R\u00e9alisation<\/td>\n<td>Droitier (RH) \/ Gaucher (LH)<\/td>\n<\/tr>\n<tr>\n<td>Angle de poign\u00e9e<\/td>\n<td>42\u00b0<\/td>\n<\/tr>\n<tr>\n<td>Logement des branches<\/td>\n<td>ILF avec syst\u00e8me d'alignement des branches<\/td>\n<\/tr>\n<\/table>","protected":false},"featured_media":450888,"comment_status":"open","ping_status":"closed","template":"","meta":[],"product_brand":[439],"product_cat":[4519],"product_tag":[],"class_list":{"0":"post-406211","1":"product","2":"type-product","3":"status-publish","4":"has-post-thumbnail","6":"product_brand-kinetic","7":"product_cat-recurve-mittelteile","8":"product_shipping_class-bsd-standard","10":"first","11":"instock","12":"shipping-taxable","13":"purchasable","14":"product-type-variable"},"yoast_head":"<!-- This site is optimized with the Yoast SEO plugin v27.6 - https:\/\/yoast.com\/product\/yoast-seo-wordpress\/ -->\n<title>KINETIC RISERS CNC SOVREN 27&quot; - Bogensportdiscount \u2013 Arcs, fl\u00e8ches, cibles &amp; accessoires<\/title>\n<meta name=\"description\" content=\"Achetez les KINETIC RISERS CNC SOVREN 27&quot; \u00e0 prix avantageux chez Bogensportdiscount \u2013 Les meilleures marques, livraison rapide depuis la Suisse.\" \/>\n<meta name=\"robots\" content=\"index, follow, max-snippet:-1, max-image-preview:large, max-video-preview:-1\" \/>\n<link rel=\"canonical\" href=\"https:\/\/bogensportdiscount.ch\/fr\/produit\/kinetic-recurve-mittelstuck-cnc-sovren-27\/\" \/>\n<meta property=\"og:locale\" content=\"fr_FR\" \/>\n<meta property=\"og:type\" content=\"article\" \/>\n<meta property=\"og:title\" content=\"KINETIC RISERS CNC SOVREN 27&quot; - Bogensportdiscount \u2013 Arcs, fl\u00e8ches, cibles &amp; accessoires\" \/>\n<meta property=\"og:description\" content=\"Achetez les KINETIC RISERS CNC SOVREN 27&quot; \u00e0 prix avantageux chez Bogensportdiscount \u2013 Les meilleures marques, livraison rapide depuis la Suisse.\" \/>\n<meta property=\"og:url\" content=\"https:\/\/bogensportdiscount.ch\/fr\/produit\/kinetic-recurve-mittelstuck-cnc-sovren-27\/\" \/>\n<meta property=\"og:site_name\" content=\"Bogensportdiscount \u2013 B\u00f6gen, Pfeile, Targets &amp; Zubeh\u00f6r\" \/>\n<meta property=\"article:modified_time\" content=\"2026-05-14T13:26:22+00:00\" \/>\n<meta property=\"og:image\" content=\"https:\/\/bogensportdiscount.ch\/wp-content\/uploads\/bsm-images\/A047443_1.png\" \/>\n\t<meta property=\"og:image:width\" content=\"1992\" \/>\n\t<meta property=\"og:image:height\" content=\"4297\" \/>\n\t<meta property=\"og:image:type\" content=\"image\/png\" \/>\n<meta name=\"twitter:card\" content=\"summary_large_image\" \/>\n<meta name=\"twitter:label1\" content=\"Dur\u00e9e de lecture estim\u00e9e\" \/>\n\t<meta name=\"twitter:data1\" content=\"1 minute\" \/>\n<script type=\"application\/ld+json\" class=\"yoast-schema-graph\">{\"@context\":\"https:\\\/\\\/schema.org\",\"@graph\":[{\"@type\":\"WebPage\",\"@id\":\"https:\\\/\\\/bogensportdiscount.ch\\\/produkt\\\/kinetic-recurve-mittelstuck-cnc-sovren-27\\\/\",\"url\":\"https:\\\/\\\/bogensportdiscount.ch\\\/produkt\\\/kinetic-recurve-mittelstuck-cnc-sovren-27\\\/\",\"name\":\"KINETIC RISERS CNC SOVREN 27\\\" - Bogensportdiscount \u2013 B\u00f6gen, Pfeile, Targets &amp; Zubeh\u00f6r\",\"isPartOf\":{\"@id\":\"https:\\\/\\\/bogensportdiscount.ch\\\/#website\"},\"primaryImageOfPage\":{\"@id\":\"https:\\\/\\\/bogensportdiscount.ch\\\/produkt\\\/kinetic-recurve-mittelstuck-cnc-sovren-27\\\/#primaryimage\"},\"image\":{\"@id\":\"https:\\\/\\\/bogensportdiscount.ch\\\/produkt\\\/kinetic-recurve-mittelstuck-cnc-sovren-27\\\/#primaryimage\"},\"thumbnailUrl\":\"https:\\\/\\\/bogensportdiscount.ch\\\/wp-content\\\/uploads\\\/bsm-images\\\/A047443_1.png\",\"datePublished\":\"2026-04-05T12:54:03+00:00\",\"dateModified\":\"2026-05-14T13:26:22+00:00\",\"description\":\"KINETIC RISERS CNC SOVREN 27\\\" g\u00fcnstig kaufen bei Bogensportdiscount \u2013 Top-Marken, schneller Versand aus der Schweiz.\",\"breadcrumb\":{\"@id\":\"https:\\\/\\\/bogensportdiscount.ch\\\/produkt\\\/kinetic-recurve-mittelstuck-cnc-sovren-27\\\/#breadcrumb\"},\"inLanguage\":\"fr-FR\",\"potentialAction\":[{\"@type\":\"ReadAction\",\"target\":[\"https:\\\/\\\/bogensportdiscount.ch\\\/produkt\\\/kinetic-recurve-mittelstuck-cnc-sovren-27\\\/\"]}]},{\"@type\":\"ImageObject\",\"inLanguage\":\"fr-FR\",\"@id\":\"https:\\\/\\\/bogensportdiscount.ch\\\/produkt\\\/kinetic-recurve-mittelstuck-cnc-sovren-27\\\/#primaryimage\",\"url\":\"https:\\\/\\\/bogensportdiscount.ch\\\/wp-content\\\/uploads\\\/bsm-images\\\/A047443_1.png\",\"contentUrl\":\"https:\\\/\\\/bogensportdiscount.ch\\\/wp-content\\\/uploads\\\/bsm-images\\\/A047443_1.png\",\"width\":1992,\"height\":4297},{\"@type\":\"BreadcrumbList\",\"@id\":\"https:\\\/\\\/bogensportdiscount.ch\\\/produkt\\\/kinetic-recurve-mittelstuck-cnc-sovren-27\\\/#breadcrumb\",\"itemListElement\":[{\"@type\":\"ListItem\",\"position\":1,\"name\":\"Home\",\"item\":\"https:\\\/\\\/bogensportdiscount.ch\\\/\"},{\"@type\":\"ListItem\",\"position\":2,\"name\":\"Shop\",\"item\":\"https:\\\/\\\/bogensportdiscount.ch\\\/shop\\\/\"},{\"@type\":\"ListItem\",\"position\":3,\"name\":\"KINETIC RISERS CNC SOVREN 27&#8243;\"}]},{\"@type\":\"WebSite\",\"@id\":\"https:\\\/\\\/bogensportdiscount.ch\\\/#website\",\"url\":\"https:\\\/\\\/bogensportdiscount.ch\\\/\",\"name\":\"Bogensportdiscount\",\"description\":\"\",\"potentialAction\":[{\"@type\":\"SearchAction\",\"target\":{\"@type\":\"EntryPoint\",\"urlTemplate\":\"https:\\\/\\\/bogensportdiscount.ch\\\/?s={search_term_string}\"},\"query-input\":{\"@type\":\"PropertyValueSpecification\",\"valueRequired\":true,\"valueName\":\"search_term_string\"}}],\"inLanguage\":\"fr-FR\"}]}<\/script>\n<!-- \/ Yoast SEO plugin. -->","yoast_head_json":{"title":"KINETIC RISERS CNC SOVREN 27\" - Bogensportdiscount \u2013 Arcs, fl\u00e8ches, cibles &amp; accessoires","description":"Achetez les KINETIC RISERS CNC SOVREN 27\" \u00e0 prix avantageux chez Bogensportdiscount \u2013 Les meilleures marques, livraison rapide depuis la Suisse.","robots":{"index":"index","follow":"follow","max-snippet":"max-snippet:-1","max-image-preview":"max-image-preview:large","max-video-preview":"max-video-preview:-1"},"canonical":"https:\/\/bogensportdiscount.ch\/fr\/produit\/kinetic-recurve-mittelstuck-cnc-sovren-27\/","og_locale":"fr_FR","og_type":"article","og_title":"KINETIC RISERS CNC SOVREN 27\" - Bogensportdiscount \u2013 Arcs, fl\u00e8ches, cibles &amp; accessoires","og_description":"Achetez les KINETIC RISERS CNC SOVREN 27\" \u00e0 prix avantageux chez Bogensportdiscount \u2013 Les meilleures marques, livraison rapide depuis la Suisse.","og_url":"https:\/\/bogensportdiscount.ch\/fr\/produit\/kinetic-recurve-mittelstuck-cnc-sovren-27\/","og_site_name":"Bogensportdiscount \u2013 B\u00f6gen, Pfeile, Targets &amp; Zubeh\u00f6r","article_modified_time":"2026-05-14T13:26:22+00:00","og_image":[{"url":"https:\/\/bogensportdiscount.ch\/wp-content\/uploads\/bsm-images\/A047443_1.png","width":1992,"height":4297,"type":"image\/png"}],"twitter_card":"summary_large_image","twitter_misc":{"Dur\u00e9e de lecture estim\u00e9e":"1 minute"},"schema":{"@context":"https:\/\/schema.org","@graph":[{"@type":"WebPage","@id":"https:\/\/bogensportdiscount.ch\/produkt\/kinetic-recurve-mittelstuck-cnc-sovren-27\/","url":"https:\/\/bogensportdiscount.ch\/produkt\/kinetic-recurve-mittelstuck-cnc-sovren-27\/","name":"KINETIC RISERS CNC SOVREN 27\" - Bogensportdiscount \u2013 Arcs, fl\u00e8ches, cibles &amp; accessoires","isPartOf":{"@id":"https:\/\/bogensportdiscount.ch\/#website"},"primaryImageOfPage":{"@id":"https:\/\/bogensportdiscount.ch\/produkt\/kinetic-recurve-mittelstuck-cnc-sovren-27\/#primaryimage"},"image":{"@id":"https:\/\/bogensportdiscount.ch\/produkt\/kinetic-recurve-mittelstuck-cnc-sovren-27\/#primaryimage"},"thumbnailUrl":"https:\/\/bogensportdiscount.ch\/wp-content\/uploads\/bsm-images\/A047443_1.png","datePublished":"2026-04-05T12:54:03+00:00","dateModified":"2026-05-14T13:26:22+00:00","description":"Achetez les KINETIC RISERS CNC SOVREN 27\" \u00e0 prix avantageux chez Bogensportdiscount \u2013 Les meilleures marques, livraison rapide depuis la Suisse.","breadcrumb":{"@id":"https:\/\/bogensportdiscount.ch\/produkt\/kinetic-recurve-mittelstuck-cnc-sovren-27\/#breadcrumb"},"inLanguage":"fr-FR","potentialAction":[{"@type":"ReadAction","target":["https:\/\/bogensportdiscount.ch\/produkt\/kinetic-recurve-mittelstuck-cnc-sovren-27\/"]}]},{"@type":"ImageObject","inLanguage":"fr-FR","@id":"https:\/\/bogensportdiscount.ch\/produkt\/kinetic-recurve-mittelstuck-cnc-sovren-27\/#primaryimage","url":"https:\/\/bogensportdiscount.ch\/wp-content\/uploads\/bsm-images\/A047443_1.png","contentUrl":"https:\/\/bogensportdiscount.ch\/wp-content\/uploads\/bsm-images\/A047443_1.png","width":1992,"height":4297},{"@type":"BreadcrumbList","@id":"https:\/\/bogensportdiscount.ch\/produkt\/kinetic-recurve-mittelstuck-cnc-sovren-27\/#breadcrumb","itemListElement":[{"@type":"ListItem","position":1,"name":"Home","item":"https:\/\/bogensportdiscount.ch\/"},{"@type":"ListItem","position":2,"name":"Shop","item":"https:\/\/bogensportdiscount.ch\/shop\/"},{"@type":"ListItem","position":3,"name":"KINETIC RISERS CNC SOVREN 27&#8243;"}]},{"@type":"WebSite","@id":"https:\/\/bogensportdiscount.ch\/#website","url":"https:\/\/bogensportdiscount.ch\/","name":"Bogensportdiscount","description":"","potentialAction":[{"@type":"SearchAction","target":{"@type":"EntryPoint","urlTemplate":"https:\/\/bogensportdiscount.ch\/?s={search_term_string}"},"query-input":{"@type":"PropertyValueSpecification","valueRequired":true,"valueName":"search_term_string"}}],"inLanguage":"fr-FR"}]}},"_links":{"self":[{"href":"https:\/\/bogensportdiscount.ch\/fr\/wp-json\/wp\/v2\/product\/406211","targetHints":{"allow":["GET"]}}],"collection":[{"href":"https:\/\/bogensportdiscount.ch\/fr\/wp-json\/wp\/v2\/product"}],"about":[{"href":"https:\/\/bogensportdiscount.ch\/fr\/wp-json\/wp\/v2\/types\/product"}],"replies":[{"embeddable":true,"href":"https:\/\/bogensportdiscount.ch\/fr\/wp-json\/wp\/v2\/comments?post=406211"}],"wp:featuredmedia":[{"embeddable":true,"href":"https:\/\/bogensportdiscount.ch\/fr\/wp-json\/wp\/v2\/media\/450888"}],"wp:attachment":[{"href":"https:\/\/bogensportdiscount.ch\/fr\/wp-json\/wp\/v2\/media?parent=406211"}],"wp:term":[{"taxonomy":"product_brand","embeddable":true,"href":"https:\/\/bogensportdiscount.ch\/fr\/wp-json\/wp\/v2\/product_brand?post=406211"},{"taxonomy":"product_cat","embeddable":true,"href":"https:\/\/bogensportdiscount.ch\/fr\/wp-json\/wp\/v2\/product_cat?post=406211"},{"taxonomy":"product_tag","embeddable":true,"href":"https:\/\/bogensportdiscount.ch\/fr\/wp-json\/wp\/v2\/product_tag?post=406211"}],"curies":[{"name":"wp","href":"https:\/\/api.w.org\/{rel}","templated":true}]}}