{"id":406196,"date":"2026-04-05T14:54:01","date_gmt":"2026-04-05T12:54:01","guid":{"rendered":"https:\/\/bogensportdiscount.ch\/produkt\/dragon-x8-compound-package-rotating-mod-10-60lbs-18-31-rh-black\/"},"modified":"2026-05-14T15:26:21","modified_gmt":"2026-05-14T13:26:21","slug":"sanlida-compound-set-dragon-x8-rotating-mod-10-60lbs-rh","status":"publish","type":"product","link":"https:\/\/bogensportdiscount.ch\/fr\/produit\/sanlida-compound-set-dragon-x8-rotating-mod-10-60lbs-rh\/","title":{"rendered":"SANLIDA DRAGON X8 kit arc \u00e0 poulies ROTATING MOD \/ 10-60LBS \/ 18&#8243;-31&#8243; \/ RH \/"},"content":{"rendered":"<p>Le SANLIDA Dragon X8 est un kit arc \u00e0 poulies pour droitiers avec une plage de puissance de 10 \u00e0 60 lbs et une allonge r\u00e9glable de 18 \u00e0 31 pouces. Gr\u00e2ce au syst\u00e8me Rotating Mod, l'allonge peut \u00eatre ajust\u00e9e de mani\u00e8re flexible sans n\u00e9cessiter de modifications complexes.<\/p>\n<p>Avec un axe \u00e0 axe de 30 pouces et une brace height de 6,5 pouces, le Dragon X8 convient aussi bien aux d\u00e9butants qu'aux tireurs avanc\u00e9s. Le let-off est de 70 \u00e0 80 %, ce qui permet un maintien confortable en position de tir. La poign\u00e9e est fabriqu\u00e9e en aluminium.<\/p>\n<ul>\n<li>Large plage de puissance : 10\u201360 lbs<\/li>\n<li>Allonge r\u00e9glable : 18&#8243;\u201331&#8243; via Rotating Mod<\/li>\n<li>Let-off 70\u201380 % pour un maintien confortable<\/li>\n<li>Disponible en noir et en camouflage<\/li>\n<\/ul>","protected":false},"excerpt":{"rendered":"<table>\n<tr>\n<th>Propri\u00e9t\u00e9<\/th>\n<th>Valeur<\/th>\n<\/tr>\n<tr>\n<td>Entraxe (pouces)<\/td>\n<td>30&#8243;<\/td>\n<\/tr>\n<tr>\n<td>Hauteur d'encoche (pouces)<\/td>\n<td>6,5&#8243;<\/td>\n<\/tr>\n<tr>\n<td>Module<\/td>\n<td>Rotating Mod<\/td>\n<\/tr>\n<tr>\n<td>Let-Off<\/td>\n<td>70\u201380 %<\/td>\n<\/tr>\n<tr>\n<td>Poids de traction<\/td>\n<td>10\u201360 lbs<\/td>\n<\/tr>\n<tr>\n<td>Longueur de tirage<\/td>\n<td>18&#8243;\u201331&#8243;<\/td>\n<\/tr>\n<tr>\n<td>Mat\u00e9riau<\/td>\n<td>Aluminium<\/td>\n<\/tr>\n<tr>\n<td>Main<\/td>\n<td>Droitier (RH)<\/td>\n<\/tr>\n<\/table>","protected":false},"featured_media":450883,"comment_status":"open","ping_status":"closed","template":"","meta":[],"product_brand":[459],"product_cat":[4525],"product_tag":[],"class_list":{"0":"post-406196","1":"product","2":"type-product","3":"status-publish","4":"has-post-thumbnail","6":"product_brand-sanlida","7":"product_cat-compound-boegen-sets","8":"product_shipping_class-bsd-standard","10":"first","11":"instock","12":"shipping-taxable","13":"purchasable","14":"product-type-variable"},"yoast_head":"<!-- This site is optimized with the Yoast SEO plugin v27.6 - https:\/\/yoast.com\/product\/yoast-seo-wordpress\/ -->\n<title>SANLIDA DRAGON X8 COMPOUNDBOGEN PAKET ROTATING MOD \/ 10-60LBS \/ 18&quot;-31&quot; \/ RH \/ - Bogensportdiscount \u2013 B\u00f6gen, Pfeile, Targets &amp; Zubeh\u00f6r<\/title>\n<meta name=\"description\" content=\"SANLIDA DRAGON X8 COMPOUNDBOGEN PAKET ROTATING MOD \/ 10-60LBS \/ 18&quot;-31&quot; \/ RH \/ g\u00fcnstig kaufen bei Bogensportdiscount \u2013 Top-Marken, schneller Versand aus der Schweiz.\" \/>\n<meta name=\"robots\" content=\"index, follow, max-snippet:-1, max-image-preview:large, max-video-preview:-1\" \/>\n<link rel=\"canonical\" href=\"https:\/\/bogensportdiscount.ch\/fr\/produit\/sanlida-compound-set-dragon-x8-rotating-mod-10-60lbs-rh\/\" \/>\n<meta property=\"og:locale\" content=\"fr_FR\" \/>\n<meta property=\"og:type\" content=\"article\" \/>\n<meta property=\"og:title\" content=\"SANLIDA DRAGON X8 COMPOUNDBOGEN PAKET ROTATING MOD \/ 10-60LBS \/ 18&quot;-31&quot; \/ RH \/ - Bogensportdiscount \u2013 B\u00f6gen, Pfeile, Targets &amp; Zubeh\u00f6r\" \/>\n<meta property=\"og:description\" content=\"SANLIDA DRAGON X8 COMPOUNDBOGEN PAKET ROTATING MOD \/ 10-60LBS \/ 18&quot;-31&quot; \/ RH \/ g\u00fcnstig kaufen bei Bogensportdiscount \u2013 Top-Marken, schneller Versand aus der Schweiz.\" \/>\n<meta property=\"og:url\" content=\"https:\/\/bogensportdiscount.ch\/fr\/produit\/sanlida-compound-set-dragon-x8-rotating-mod-10-60lbs-rh\/\" \/>\n<meta property=\"og:site_name\" content=\"Bogensportdiscount \u2013 B\u00f6gen, Pfeile, Targets &amp; Zubeh\u00f6r\" \/>\n<meta property=\"article:modified_time\" content=\"2026-05-14T13:26:21+00:00\" \/>\n<meta property=\"og:image\" content=\"https:\/\/bogensportdiscount.ch\/wp-content\/uploads\/bsm-images\/A047353_1.png\" \/>\n\t<meta property=\"og:image:width\" content=\"1321\" \/>\n\t<meta property=\"og:image:height\" content=\"2544\" \/>\n\t<meta property=\"og:image:type\" content=\"image\/png\" \/>\n<meta name=\"twitter:card\" content=\"summary_large_image\" \/>\n<meta name=\"twitter:label1\" content=\"Dur\u00e9e de lecture estim\u00e9e\" \/>\n\t<meta name=\"twitter:data1\" content=\"1 minute\" \/>\n<script type=\"application\/ld+json\" class=\"yoast-schema-graph\">{\"@context\":\"https:\\\/\\\/schema.org\",\"@graph\":[{\"@type\":\"WebPage\",\"@id\":\"https:\\\/\\\/bogensportdiscount.ch\\\/produkt\\\/sanlida-compound-set-dragon-x8-rotating-mod-10-60lbs-rh\\\/\",\"url\":\"https:\\\/\\\/bogensportdiscount.ch\\\/produkt\\\/sanlida-compound-set-dragon-x8-rotating-mod-10-60lbs-rh\\\/\",\"name\":\"SANLIDA DRAGON X8 COMPOUNDBOGEN PAKET ROTATING MOD \\\/ 10-60LBS \\\/ 18\\\"-31\\\" \\\/ RH \\\/ - Bogensportdiscount \u2013 B\u00f6gen, Pfeile, Targets &amp; Zubeh\u00f6r\",\"isPartOf\":{\"@id\":\"https:\\\/\\\/bogensportdiscount.ch\\\/#website\"},\"primaryImageOfPage\":{\"@id\":\"https:\\\/\\\/bogensportdiscount.ch\\\/produkt\\\/sanlida-compound-set-dragon-x8-rotating-mod-10-60lbs-rh\\\/#primaryimage\"},\"image\":{\"@id\":\"https:\\\/\\\/bogensportdiscount.ch\\\/produkt\\\/sanlida-compound-set-dragon-x8-rotating-mod-10-60lbs-rh\\\/#primaryimage\"},\"thumbnailUrl\":\"https:\\\/\\\/bogensportdiscount.ch\\\/wp-content\\\/uploads\\\/bsm-images\\\/A047353_1.png\",\"datePublished\":\"2026-04-05T12:54:01+00:00\",\"dateModified\":\"2026-05-14T13:26:21+00:00\",\"description\":\"SANLIDA DRAGON X8 COMPOUNDBOGEN PAKET ROTATING MOD \\\/ 10-60LBS \\\/ 18\\\"-31\\\" \\\/ RH \\\/ g\u00fcnstig kaufen bei Bogensportdiscount \u2013 Top-Marken, schneller Versand aus der Schweiz.\",\"breadcrumb\":{\"@id\":\"https:\\\/\\\/bogensportdiscount.ch\\\/produkt\\\/sanlida-compound-set-dragon-x8-rotating-mod-10-60lbs-rh\\\/#breadcrumb\"},\"inLanguage\":\"fr-FR\",\"potentialAction\":[{\"@type\":\"ReadAction\",\"target\":[\"https:\\\/\\\/bogensportdiscount.ch\\\/produkt\\\/sanlida-compound-set-dragon-x8-rotating-mod-10-60lbs-rh\\\/\"]}]},{\"@type\":\"ImageObject\",\"inLanguage\":\"fr-FR\",\"@id\":\"https:\\\/\\\/bogensportdiscount.ch\\\/produkt\\\/sanlida-compound-set-dragon-x8-rotating-mod-10-60lbs-rh\\\/#primaryimage\",\"url\":\"https:\\\/\\\/bogensportdiscount.ch\\\/wp-content\\\/uploads\\\/bsm-images\\\/A047353_1.png\",\"contentUrl\":\"https:\\\/\\\/bogensportdiscount.ch\\\/wp-content\\\/uploads\\\/bsm-images\\\/A047353_1.png\",\"width\":1321,\"height\":2544},{\"@type\":\"BreadcrumbList\",\"@id\":\"https:\\\/\\\/bogensportdiscount.ch\\\/produkt\\\/sanlida-compound-set-dragon-x8-rotating-mod-10-60lbs-rh\\\/#breadcrumb\",\"itemListElement\":[{\"@type\":\"ListItem\",\"position\":1,\"name\":\"Home\",\"item\":\"https:\\\/\\\/bogensportdiscount.ch\\\/\"},{\"@type\":\"ListItem\",\"position\":2,\"name\":\"Shop\",\"item\":\"https:\\\/\\\/bogensportdiscount.ch\\\/shop\\\/\"},{\"@type\":\"ListItem\",\"position\":3,\"name\":\"SANLIDA DRAGON X8 COMPOUND PACKAGE ROTATING MOD \\\/ 10-60LBS \\\/ 18&#8243;-31&#8243; \\\/ RH \\\/\"}]},{\"@type\":\"WebSite\",\"@id\":\"https:\\\/\\\/bogensportdiscount.ch\\\/#website\",\"url\":\"https:\\\/\\\/bogensportdiscount.ch\\\/\",\"name\":\"Bogensportdiscount\",\"description\":\"\",\"potentialAction\":[{\"@type\":\"SearchAction\",\"target\":{\"@type\":\"EntryPoint\",\"urlTemplate\":\"https:\\\/\\\/bogensportdiscount.ch\\\/?s={search_term_string}\"},\"query-input\":{\"@type\":\"PropertyValueSpecification\",\"valueRequired\":true,\"valueName\":\"search_term_string\"}}],\"inLanguage\":\"fr-FR\"}]}<\/script>\n<!-- \/ Yoast SEO plugin. -->","yoast_head_json":{"title":"SANLIDA DRAGON X8 COMPOUNDBOGEN PAKET ROTATING MOD \/ 10-60LBS \/ 18\"-31\" \/ RH \/ - Bogensportdiscount \u2013 B\u00f6gen, Pfeile, Targets &amp; Zubeh\u00f6r","description":"SANLIDA DRAGON X8 COMPOUNDBOGEN PAKET ROTATING MOD \/ 10-60LBS \/ 18\"-31\" \/ RH \/ g\u00fcnstig kaufen bei Bogensportdiscount \u2013 Top-Marken, schneller Versand aus der Schweiz.","robots":{"index":"index","follow":"follow","max-snippet":"max-snippet:-1","max-image-preview":"max-image-preview:large","max-video-preview":"max-video-preview:-1"},"canonical":"https:\/\/bogensportdiscount.ch\/fr\/produit\/sanlida-compound-set-dragon-x8-rotating-mod-10-60lbs-rh\/","og_locale":"fr_FR","og_type":"article","og_title":"SANLIDA DRAGON X8 COMPOUNDBOGEN PAKET ROTATING MOD \/ 10-60LBS \/ 18\"-31\" \/ RH \/ - Bogensportdiscount \u2013 B\u00f6gen, Pfeile, Targets &amp; Zubeh\u00f6r","og_description":"SANLIDA DRAGON X8 COMPOUNDBOGEN PAKET ROTATING MOD \/ 10-60LBS \/ 18\"-31\" \/ RH \/ g\u00fcnstig kaufen bei Bogensportdiscount \u2013 Top-Marken, schneller Versand aus der Schweiz.","og_url":"https:\/\/bogensportdiscount.ch\/fr\/produit\/sanlida-compound-set-dragon-x8-rotating-mod-10-60lbs-rh\/","og_site_name":"Bogensportdiscount \u2013 B\u00f6gen, Pfeile, Targets &amp; Zubeh\u00f6r","article_modified_time":"2026-05-14T13:26:21+00:00","og_image":[{"width":1321,"height":2544,"url":"https:\/\/bogensportdiscount.ch\/wp-content\/uploads\/bsm-images\/A047353_1.png","type":"image\/png"}],"twitter_card":"summary_large_image","twitter_misc":{"Dur\u00e9e de lecture estim\u00e9e":"1 minute"},"schema":{"@context":"https:\/\/schema.org","@graph":[{"@type":"WebPage","@id":"https:\/\/bogensportdiscount.ch\/produkt\/sanlida-compound-set-dragon-x8-rotating-mod-10-60lbs-rh\/","url":"https:\/\/bogensportdiscount.ch\/produkt\/sanlida-compound-set-dragon-x8-rotating-mod-10-60lbs-rh\/","name":"SANLIDA DRAGON X8 COMPOUNDBOGEN PAKET ROTATING MOD \/ 10-60LBS \/ 18\"-31\" \/ RH \/ - Bogensportdiscount \u2013 B\u00f6gen, Pfeile, Targets &amp; Zubeh\u00f6r","isPartOf":{"@id":"https:\/\/bogensportdiscount.ch\/#website"},"primaryImageOfPage":{"@id":"https:\/\/bogensportdiscount.ch\/produkt\/sanlida-compound-set-dragon-x8-rotating-mod-10-60lbs-rh\/#primaryimage"},"image":{"@id":"https:\/\/bogensportdiscount.ch\/produkt\/sanlida-compound-set-dragon-x8-rotating-mod-10-60lbs-rh\/#primaryimage"},"thumbnailUrl":"https:\/\/bogensportdiscount.ch\/wp-content\/uploads\/bsm-images\/A047353_1.png","datePublished":"2026-04-05T12:54:01+00:00","dateModified":"2026-05-14T13:26:21+00:00","description":"SANLIDA DRAGON X8 COMPOUNDBOGEN PAKET ROTATING MOD \/ 10-60LBS \/ 18\"-31\" \/ RH \/ g\u00fcnstig kaufen bei Bogensportdiscount \u2013 Top-Marken, schneller Versand aus der Schweiz.","breadcrumb":{"@id":"https:\/\/bogensportdiscount.ch\/produkt\/sanlida-compound-set-dragon-x8-rotating-mod-10-60lbs-rh\/#breadcrumb"},"inLanguage":"fr-FR","potentialAction":[{"@type":"ReadAction","target":["https:\/\/bogensportdiscount.ch\/produkt\/sanlida-compound-set-dragon-x8-rotating-mod-10-60lbs-rh\/"]}]},{"@type":"ImageObject","inLanguage":"fr-FR","@id":"https:\/\/bogensportdiscount.ch\/produkt\/sanlida-compound-set-dragon-x8-rotating-mod-10-60lbs-rh\/#primaryimage","url":"https:\/\/bogensportdiscount.ch\/wp-content\/uploads\/bsm-images\/A047353_1.png","contentUrl":"https:\/\/bogensportdiscount.ch\/wp-content\/uploads\/bsm-images\/A047353_1.png","width":1321,"height":2544},{"@type":"BreadcrumbList","@id":"https:\/\/bogensportdiscount.ch\/produkt\/sanlida-compound-set-dragon-x8-rotating-mod-10-60lbs-rh\/#breadcrumb","itemListElement":[{"@type":"ListItem","position":1,"name":"Home","item":"https:\/\/bogensportdiscount.ch\/"},{"@type":"ListItem","position":2,"name":"Shop","item":"https:\/\/bogensportdiscount.ch\/shop\/"},{"@type":"ListItem","position":3,"name":"SANLIDA DRAGON X8 COMPOUND PACKAGE ROTATING MOD \/ 10-60LBS \/ 18&#8243;-31&#8243; \/ RH \/"}]},{"@type":"WebSite","@id":"https:\/\/bogensportdiscount.ch\/#website","url":"https:\/\/bogensportdiscount.ch\/","name":"Bogensportdiscount","description":"","potentialAction":[{"@type":"SearchAction","target":{"@type":"EntryPoint","urlTemplate":"https:\/\/bogensportdiscount.ch\/?s={search_term_string}"},"query-input":{"@type":"PropertyValueSpecification","valueRequired":true,"valueName":"search_term_string"}}],"inLanguage":"fr-FR"}]}},"_links":{"self":[{"href":"https:\/\/bogensportdiscount.ch\/fr\/wp-json\/wp\/v2\/product\/406196","targetHints":{"allow":["GET"]}}],"collection":[{"href":"https:\/\/bogensportdiscount.ch\/fr\/wp-json\/wp\/v2\/product"}],"about":[{"href":"https:\/\/bogensportdiscount.ch\/fr\/wp-json\/wp\/v2\/types\/product"}],"replies":[{"embeddable":true,"href":"https:\/\/bogensportdiscount.ch\/fr\/wp-json\/wp\/v2\/comments?post=406196"}],"wp:featuredmedia":[{"embeddable":true,"href":"https:\/\/bogensportdiscount.ch\/fr\/wp-json\/wp\/v2\/media\/450883"}],"wp:attachment":[{"href":"https:\/\/bogensportdiscount.ch\/fr\/wp-json\/wp\/v2\/media?parent=406196"}],"wp:term":[{"taxonomy":"product_brand","embeddable":true,"href":"https:\/\/bogensportdiscount.ch\/fr\/wp-json\/wp\/v2\/product_brand?post=406196"},{"taxonomy":"product_cat","embeddable":true,"href":"https:\/\/bogensportdiscount.ch\/fr\/wp-json\/wp\/v2\/product_cat?post=406196"},{"taxonomy":"product_tag","embeddable":true,"href":"https:\/\/bogensportdiscount.ch\/fr\/wp-json\/wp\/v2\/product_tag?post=406196"}],"curies":[{"name":"wp","href":"https:\/\/api.w.org\/{rel}","templated":true}]}}