{"id":406174,"date":"2026-04-05T14:53:59","date_gmt":"2026-04-05T12:53:59","guid":{"rendered":"https:\/\/bogensportdiscount.ch\/produkt\/limbs-ilf-t-d-hunting-carbon-foam-short-60-25lbs-on-a-19-riser\/"},"modified":"2026-05-14T15:26:21","modified_gmt":"2026-05-14T13:26:21","slug":"oakridge-ilf-take-down-jagd-wurfarme-carbon-foam","status":"publish","type":"product","link":"https:\/\/bogensportdiscount.ch\/fr\/produit\/oakridge-ilf-take-down-jagd-wurfarme-carbon-foam\/","title":{"rendered":"OAKRIDGE BRANCHES ILF T\/D CHASSE CARBON FOAM SUR UNE POIGN\u00c9E 19&#8243;"},"content":{"rendered":"<p>Les branches de chasse ILF Take-Down Oakridge en construction Carbon-Foam sont con\u00e7ues pour les arcs classiques selon la norme ILF (International Limb Fitting). Gr\u00e2ce au syst\u00e8me de fixation standardis\u00e9, elles peuvent \u00eatre combin\u00e9es avec un grand nombre de poign\u00e9es ILF compatibles.<\/p>\n<p>La construction Carbon-Foam associe un faible poids \u00e0 une bonne transmission d'\u00e9nergie, ce qui rend ces branches adapt\u00e9es \u00e0 une utilisation \u00e0 la chasse. Elles sont fabriqu\u00e9es en Cor\u00e9e du Sud et sont disponibles en longueurs 60&#8243;, 62&#8243; et 64&#8243; ainsi qu'en puissances de 25 \u00e0 55 lbs.<\/p>\n<ul>\n<li>Fixation compatible ILF pour une large compatibilit\u00e9 de poign\u00e9es<\/li>\n<li>Lamin\u00e9 Carbon-Foam pour un faible poids<\/li>\n<li>Puissances 25\u201355 lbs, longueurs 60&#8243;\u201364&#8243;<\/li>\n<li>Con\u00e7u pour une utilisation \u00e0 la chasse<\/li>\n<\/ul>","protected":false},"excerpt":{"rendered":"<table>\n<tr>\n<th>Propri\u00e9t\u00e9<\/th>\n<th>Valeur<\/th>\n<\/tr>\n<tr>\n<td>Marque<\/td>\n<td>Oak Ridge<\/td>\n<\/tr>\n<tr>\n<td>Pays d'origine<\/td>\n<td>Cor\u00e9e du Sud<\/td>\n<\/tr>\n<\/table>","protected":false},"featured_media":450882,"comment_status":"open","ping_status":"closed","template":"","meta":[],"product_brand":[569],"product_cat":[4529],"product_tag":[],"class_list":{"0":"post-406174","1":"product","2":"type-product","3":"status-publish","4":"has-post-thumbnail","6":"product_brand-oakridge","7":"product_cat-traditionelle-boegen-wurfarme","8":"product_shipping_class-bsd-standard","10":"first","11":"instock","12":"shipping-taxable","13":"purchasable","14":"product-type-variable"},"yoast_head":"<!-- This site is optimized with the Yoast SEO plugin v27.6 - https:\/\/yoast.com\/product\/yoast-seo-wordpress\/ -->\n<title>OAKRIDGE WURFARME ILF T\/D JAGD CARBON FOAM AUF EINEM 19&quot; MITTELTEIL - Bogensportdiscount \u2013 B\u00f6gen, Pfeile, Targets &amp; Zubeh\u00f6r<\/title>\n<meta name=\"description\" content=\"OAKRIDGE WURFARME ILF T\/D JAGD CARBON FOAM AUF EINEM 19&quot; MITTELTEIL g\u00fcnstig kaufen bei Bogensportdiscount \u2013 Top-Marken, schneller Versand aus der Schweiz.\" \/>\n<meta name=\"robots\" content=\"index, follow, max-snippet:-1, max-image-preview:large, max-video-preview:-1\" \/>\n<link rel=\"canonical\" href=\"https:\/\/bogensportdiscount.ch\/fr\/produit\/oakridge-ilf-take-down-jagd-wurfarme-carbon-foam\/\" \/>\n<meta property=\"og:locale\" content=\"fr_FR\" \/>\n<meta property=\"og:type\" content=\"article\" \/>\n<meta property=\"og:title\" content=\"OAKRIDGE WURFARME ILF T\/D JAGD CARBON FOAM AUF EINEM 19&quot; MITTELTEIL - Bogensportdiscount \u2013 B\u00f6gen, Pfeile, Targets &amp; Zubeh\u00f6r\" \/>\n<meta property=\"og:description\" content=\"OAKRIDGE WURFARME ILF T\/D JAGD CARBON FOAM AUF EINEM 19&quot; MITTELTEIL g\u00fcnstig kaufen bei Bogensportdiscount \u2013 Top-Marken, schneller Versand aus der Schweiz.\" \/>\n<meta property=\"og:url\" content=\"https:\/\/bogensportdiscount.ch\/fr\/produit\/oakridge-ilf-take-down-jagd-wurfarme-carbon-foam\/\" \/>\n<meta property=\"og:site_name\" content=\"Bogensportdiscount \u2013 B\u00f6gen, Pfeile, Targets &amp; Zubeh\u00f6r\" \/>\n<meta property=\"article:modified_time\" content=\"2026-05-14T13:26:21+00:00\" \/>\n<meta property=\"og:image\" content=\"https:\/\/bogensportdiscount.ch\/wp-content\/uploads\/bsm-images\/A047326_1.png\" \/>\n\t<meta property=\"og:image:width\" content=\"3440\" \/>\n\t<meta property=\"og:image:height\" content=\"1232\" \/>\n\t<meta property=\"og:image:type\" content=\"image\/png\" \/>\n<meta name=\"twitter:card\" content=\"summary_large_image\" \/>\n<script type=\"application\/ld+json\" class=\"yoast-schema-graph\">{\"@context\":\"https:\\\/\\\/schema.org\",\"@graph\":[{\"@type\":\"WebPage\",\"@id\":\"https:\\\/\\\/bogensportdiscount.ch\\\/produkt\\\/oakridge-ilf-take-down-jagd-wurfarme-carbon-foam\\\/\",\"url\":\"https:\\\/\\\/bogensportdiscount.ch\\\/produkt\\\/oakridge-ilf-take-down-jagd-wurfarme-carbon-foam\\\/\",\"name\":\"OAKRIDGE WURFARME ILF T\\\/D JAGD CARBON FOAM AUF EINEM 19\\\" MITTELTEIL - Bogensportdiscount \u2013 B\u00f6gen, Pfeile, Targets &amp; Zubeh\u00f6r\",\"isPartOf\":{\"@id\":\"https:\\\/\\\/bogensportdiscount.ch\\\/#website\"},\"primaryImageOfPage\":{\"@id\":\"https:\\\/\\\/bogensportdiscount.ch\\\/produkt\\\/oakridge-ilf-take-down-jagd-wurfarme-carbon-foam\\\/#primaryimage\"},\"image\":{\"@id\":\"https:\\\/\\\/bogensportdiscount.ch\\\/produkt\\\/oakridge-ilf-take-down-jagd-wurfarme-carbon-foam\\\/#primaryimage\"},\"thumbnailUrl\":\"https:\\\/\\\/bogensportdiscount.ch\\\/wp-content\\\/uploads\\\/bsm-images\\\/A047326_1.png\",\"datePublished\":\"2026-04-05T12:53:59+00:00\",\"dateModified\":\"2026-05-14T13:26:21+00:00\",\"description\":\"OAKRIDGE WURFARME ILF T\\\/D JAGD CARBON FOAM AUF EINEM 19\\\" MITTELTEIL g\u00fcnstig kaufen bei Bogensportdiscount \u2013 Top-Marken, schneller Versand aus der Schweiz.\",\"breadcrumb\":{\"@id\":\"https:\\\/\\\/bogensportdiscount.ch\\\/produkt\\\/oakridge-ilf-take-down-jagd-wurfarme-carbon-foam\\\/#breadcrumb\"},\"inLanguage\":\"fr-FR\",\"potentialAction\":[{\"@type\":\"ReadAction\",\"target\":[\"https:\\\/\\\/bogensportdiscount.ch\\\/produkt\\\/oakridge-ilf-take-down-jagd-wurfarme-carbon-foam\\\/\"]}]},{\"@type\":\"ImageObject\",\"inLanguage\":\"fr-FR\",\"@id\":\"https:\\\/\\\/bogensportdiscount.ch\\\/produkt\\\/oakridge-ilf-take-down-jagd-wurfarme-carbon-foam\\\/#primaryimage\",\"url\":\"https:\\\/\\\/bogensportdiscount.ch\\\/wp-content\\\/uploads\\\/bsm-images\\\/A047326_1.png\",\"contentUrl\":\"https:\\\/\\\/bogensportdiscount.ch\\\/wp-content\\\/uploads\\\/bsm-images\\\/A047326_1.png\",\"width\":3440,\"height\":1232},{\"@type\":\"BreadcrumbList\",\"@id\":\"https:\\\/\\\/bogensportdiscount.ch\\\/produkt\\\/oakridge-ilf-take-down-jagd-wurfarme-carbon-foam\\\/#breadcrumb\",\"itemListElement\":[{\"@type\":\"ListItem\",\"position\":1,\"name\":\"Home\",\"item\":\"https:\\\/\\\/bogensportdiscount.ch\\\/\"},{\"@type\":\"ListItem\",\"position\":2,\"name\":\"Shop\",\"item\":\"https:\\\/\\\/bogensportdiscount.ch\\\/shop\\\/\"},{\"@type\":\"ListItem\",\"position\":3,\"name\":\"OAKRIDGE LIMBS ILF T\\\/D HUNTING CARBON FOAM ON A 19&#8243; RISER\"}]},{\"@type\":\"WebSite\",\"@id\":\"https:\\\/\\\/bogensportdiscount.ch\\\/#website\",\"url\":\"https:\\\/\\\/bogensportdiscount.ch\\\/\",\"name\":\"Bogensportdiscount\",\"description\":\"\",\"potentialAction\":[{\"@type\":\"SearchAction\",\"target\":{\"@type\":\"EntryPoint\",\"urlTemplate\":\"https:\\\/\\\/bogensportdiscount.ch\\\/?s={search_term_string}\"},\"query-input\":{\"@type\":\"PropertyValueSpecification\",\"valueRequired\":true,\"valueName\":\"search_term_string\"}}],\"inLanguage\":\"fr-FR\"}]}<\/script>\n<!-- \/ Yoast SEO plugin. -->","yoast_head_json":{"title":"OAKRIDGE WURFARME ILF T\/D JAGD CARBON FOAM AUF EINEM 19\" MITTELTEIL - Bogensportdiscount \u2013 B\u00f6gen, Pfeile, Targets &amp; Zubeh\u00f6r","description":"OAKRIDGE WURFARME ILF T\/D JAGD CARBON FOAM AUF EINEM 19\" MITTELTEIL g\u00fcnstig kaufen bei Bogensportdiscount \u2013 Top-Marken, schneller Versand aus der Schweiz.","robots":{"index":"index","follow":"follow","max-snippet":"max-snippet:-1","max-image-preview":"max-image-preview:large","max-video-preview":"max-video-preview:-1"},"canonical":"https:\/\/bogensportdiscount.ch\/fr\/produit\/oakridge-ilf-take-down-jagd-wurfarme-carbon-foam\/","og_locale":"fr_FR","og_type":"article","og_title":"OAKRIDGE WURFARME ILF T\/D JAGD CARBON FOAM AUF EINEM 19\" MITTELTEIL - Bogensportdiscount \u2013 B\u00f6gen, Pfeile, Targets &amp; Zubeh\u00f6r","og_description":"OAKRIDGE WURFARME ILF T\/D JAGD CARBON FOAM AUF EINEM 19\" MITTELTEIL g\u00fcnstig kaufen bei Bogensportdiscount \u2013 Top-Marken, schneller Versand aus der Schweiz.","og_url":"https:\/\/bogensportdiscount.ch\/fr\/produit\/oakridge-ilf-take-down-jagd-wurfarme-carbon-foam\/","og_site_name":"Bogensportdiscount \u2013 B\u00f6gen, Pfeile, Targets &amp; Zubeh\u00f6r","article_modified_time":"2026-05-14T13:26:21+00:00","og_image":[{"url":"https:\/\/bogensportdiscount.ch\/wp-content\/uploads\/bsm-images\/A047326_1.png","width":3440,"height":1232,"type":"image\/png"}],"twitter_card":"summary_large_image","schema":{"@context":"https:\/\/schema.org","@graph":[{"@type":"WebPage","@id":"https:\/\/bogensportdiscount.ch\/produkt\/oakridge-ilf-take-down-jagd-wurfarme-carbon-foam\/","url":"https:\/\/bogensportdiscount.ch\/produkt\/oakridge-ilf-take-down-jagd-wurfarme-carbon-foam\/","name":"OAKRIDGE WURFARME ILF T\/D JAGD CARBON FOAM AUF EINEM 19\" MITTELTEIL - Bogensportdiscount \u2013 B\u00f6gen, Pfeile, Targets &amp; Zubeh\u00f6r","isPartOf":{"@id":"https:\/\/bogensportdiscount.ch\/#website"},"primaryImageOfPage":{"@id":"https:\/\/bogensportdiscount.ch\/produkt\/oakridge-ilf-take-down-jagd-wurfarme-carbon-foam\/#primaryimage"},"image":{"@id":"https:\/\/bogensportdiscount.ch\/produkt\/oakridge-ilf-take-down-jagd-wurfarme-carbon-foam\/#primaryimage"},"thumbnailUrl":"https:\/\/bogensportdiscount.ch\/wp-content\/uploads\/bsm-images\/A047326_1.png","datePublished":"2026-04-05T12:53:59+00:00","dateModified":"2026-05-14T13:26:21+00:00","description":"OAKRIDGE WURFARME ILF T\/D JAGD CARBON FOAM AUF EINEM 19\" MITTELTEIL g\u00fcnstig kaufen bei Bogensportdiscount \u2013 Top-Marken, schneller Versand aus der Schweiz.","breadcrumb":{"@id":"https:\/\/bogensportdiscount.ch\/produkt\/oakridge-ilf-take-down-jagd-wurfarme-carbon-foam\/#breadcrumb"},"inLanguage":"fr-FR","potentialAction":[{"@type":"ReadAction","target":["https:\/\/bogensportdiscount.ch\/produkt\/oakridge-ilf-take-down-jagd-wurfarme-carbon-foam\/"]}]},{"@type":"ImageObject","inLanguage":"fr-FR","@id":"https:\/\/bogensportdiscount.ch\/produkt\/oakridge-ilf-take-down-jagd-wurfarme-carbon-foam\/#primaryimage","url":"https:\/\/bogensportdiscount.ch\/wp-content\/uploads\/bsm-images\/A047326_1.png","contentUrl":"https:\/\/bogensportdiscount.ch\/wp-content\/uploads\/bsm-images\/A047326_1.png","width":3440,"height":1232},{"@type":"BreadcrumbList","@id":"https:\/\/bogensportdiscount.ch\/produkt\/oakridge-ilf-take-down-jagd-wurfarme-carbon-foam\/#breadcrumb","itemListElement":[{"@type":"ListItem","position":1,"name":"Home","item":"https:\/\/bogensportdiscount.ch\/"},{"@type":"ListItem","position":2,"name":"Shop","item":"https:\/\/bogensportdiscount.ch\/shop\/"},{"@type":"ListItem","position":3,"name":"OAKRIDGE LIMBS ILF T\/D HUNTING CARBON FOAM ON A 19&#8243; RISER"}]},{"@type":"WebSite","@id":"https:\/\/bogensportdiscount.ch\/#website","url":"https:\/\/bogensportdiscount.ch\/","name":"Bogensportdiscount","description":"","potentialAction":[{"@type":"SearchAction","target":{"@type":"EntryPoint","urlTemplate":"https:\/\/bogensportdiscount.ch\/?s={search_term_string}"},"query-input":{"@type":"PropertyValueSpecification","valueRequired":true,"valueName":"search_term_string"}}],"inLanguage":"fr-FR"}]}},"_links":{"self":[{"href":"https:\/\/bogensportdiscount.ch\/fr\/wp-json\/wp\/v2\/product\/406174","targetHints":{"allow":["GET"]}}],"collection":[{"href":"https:\/\/bogensportdiscount.ch\/fr\/wp-json\/wp\/v2\/product"}],"about":[{"href":"https:\/\/bogensportdiscount.ch\/fr\/wp-json\/wp\/v2\/types\/product"}],"replies":[{"embeddable":true,"href":"https:\/\/bogensportdiscount.ch\/fr\/wp-json\/wp\/v2\/comments?post=406174"}],"wp:featuredmedia":[{"embeddable":true,"href":"https:\/\/bogensportdiscount.ch\/fr\/wp-json\/wp\/v2\/media\/450882"}],"wp:attachment":[{"href":"https:\/\/bogensportdiscount.ch\/fr\/wp-json\/wp\/v2\/media?parent=406174"}],"wp:term":[{"taxonomy":"product_brand","embeddable":true,"href":"https:\/\/bogensportdiscount.ch\/fr\/wp-json\/wp\/v2\/product_brand?post=406174"},{"taxonomy":"product_cat","embeddable":true,"href":"https:\/\/bogensportdiscount.ch\/fr\/wp-json\/wp\/v2\/product_cat?post=406174"},{"taxonomy":"product_tag","embeddable":true,"href":"https:\/\/bogensportdiscount.ch\/fr\/wp-json\/wp\/v2\/product_tag?post=406174"}],"curies":[{"name":"wp","href":"https:\/\/api.w.org\/{rel}","templated":true}]}}