{"id":406108,"date":"2026-04-05T14:53:52","date_gmt":"2026-04-05T12:53:52","guid":{"rendered":"https:\/\/bogensportdiscount.ch\/produkt\/compound-blade-rests-freakshow-qd-standard-mount-rh\/"},"modified":"2026-04-17T13:46:55","modified_gmt":"2026-04-17T11:46:55","slug":"aae-compound-pfeilauflage-freakshow-qd-standard-mount","status":"publish","type":"product","link":"https:\/\/bogensportdiscount.ch\/fr\/produit\/aae-compound-pfeilauflage-freakshow-qd-standard-mount\/","title":{"rendered":"AAE COMPOUND BLADE RESTS FREAKSHOW QD"},"content":{"rendered":"<p>Die AAE Freakshow QD ist eine Blade-Pfeilauflage (Blade Rest) f\u00fcr Compound-B\u00f6gen und wird mit einer Standard-Halterung (Standard Mount) geliefert. Das QD-System erm\u00f6glicht eine schnelle Montage und Demontage der Auflage.<\/p>\n<p>Die Auflage ist in einer Ausf\u00fchrung f\u00fcr Rechtshand- (RH) sowie Linkshand-Bogensch\u00fctzen (LH) erh\u00e4ltlich und passt damit zu den g\u00e4ngigen Compound-B\u00f6gen beider Ausrichtungen.<\/p>\n<ul>\n<li>Blade-Auflage f\u00fcr Compound-B\u00f6gen<\/li>\n<li>Quick-Detach-System (QD) f\u00fcr schnellen Ein- und Ausbau<\/li>\n<li>Standard-Montage<\/li>\n<li>Erh\u00e4ltlich f\u00fcr Rechts- und Linkshandbogensch\u00fctzen<\/li>\n<\/ul>","protected":false},"excerpt":{"rendered":"<p>Die AAE Freakshow QD ist eine Blade-Pfeilauflage f\u00fcr Compound-B\u00f6gen mit Standard-Montage. Erh\u00e4ltlich f\u00fcr Rechtshand- und Linkshandbogensch\u00fctzen. Hergestellt in den USA.<\/p>","protected":false},"featured_media":444708,"comment_status":"open","ping_status":"closed","template":"","meta":[],"product_brand":[517],"product_cat":[4363],"product_tag":[],"class_list":{"0":"post-406108","1":"product","2":"type-product","3":"status-publish","4":"has-post-thumbnail","6":"product_brand-aae","7":"product_cat-compound-blade-pfeilauflage","9":"first","10":"instock","11":"shipping-taxable","12":"purchasable","13":"product-type-variable"},"_links":{"self":[{"href":"https:\/\/bogensportdiscount.ch\/fr\/wp-json\/wp\/v2\/product\/406108","targetHints":{"allow":["GET"]}}],"collection":[{"href":"https:\/\/bogensportdiscount.ch\/fr\/wp-json\/wp\/v2\/product"}],"about":[{"href":"https:\/\/bogensportdiscount.ch\/fr\/wp-json\/wp\/v2\/types\/product"}],"replies":[{"embeddable":true,"href":"https:\/\/bogensportdiscount.ch\/fr\/wp-json\/wp\/v2\/comments?post=406108"}],"wp:featuredmedia":[{"embeddable":true,"href":"https:\/\/bogensportdiscount.ch\/fr\/wp-json\/wp\/v2\/media\/444708"}],"wp:attachment":[{"href":"https:\/\/bogensportdiscount.ch\/fr\/wp-json\/wp\/v2\/media?parent=406108"}],"wp:term":[{"taxonomy":"product_brand","embeddable":true,"href":"https:\/\/bogensportdiscount.ch\/fr\/wp-json\/wp\/v2\/product_brand?post=406108"},{"taxonomy":"product_cat","embeddable":true,"href":"https:\/\/bogensportdiscount.ch\/fr\/wp-json\/wp\/v2\/product_cat?post=406108"},{"taxonomy":"product_tag","embeddable":true,"href":"https:\/\/bogensportdiscount.ch\/fr\/wp-json\/wp\/v2\/product_tag?post=406108"}],"curies":[{"name":"wp","href":"https:\/\/api.w.org\/{rel}","templated":true}]}}