{"id":406095,"date":"2026-04-05T14:53:50","date_gmt":"2026-04-05T12:53:50","guid":{"rendered":"https:\/\/bogensportdiscount.ch\/produkt\/compound-package-m2-youth-rotating-mod-10-40lbs-17-27-rh-black\/"},"modified":"2026-05-14T15:26:21","modified_gmt":"2026-05-14T13:26:21","slug":"topoint-compound-set-m2-youth-rotating-mod-10-40lbs-17-27-rh","status":"publish","type":"product","link":"https:\/\/bogensportdiscount.ch\/fr\/produit\/topoint-compound-set-m2-youth-rotating-mod-10-40lbs-17-27-rh\/","title":{"rendered":"TOPOINT ARC \u00c0 POULIES KIT M2 JEUNESSE \/ MOD R\u00c9GLABLE 10-40LBS \/ 17&#8243;-27&#8243; \/ RH"},"content":{"rendered":"<p>Le kit TOPOINT Compound M2 Youth s'adresse aux jeunes souhaitant d\u00e9buter dans le tir \u00e0 l'arc ou acqu\u00e9rir leurs premi\u00e8res exp\u00e9riences en comp\u00e9tition. Gr\u00e2ce au module rotatif (Rotating Mod), la puissance et l'allonge sont facilement r\u00e9glables, permettant \u00e0 l'arc d'\u00e9voluer avec l'archer.<\/p>\n<p>Avec une puissance r\u00e9glable de 10 \u00e0 40 lbs et une allonge de 17&#8243; \u00e0 27&#8243;, le M2 Youth couvre une large plage de d\u00e9veloppement. Le kit est con\u00e7u pour droitiers et disponible dans les couleurs Black, Blue, Camo, Green et Purple.<\/p>\n<ul>\n<li>Puissance : 10\u201340 lbs (r\u00e9glable en continu)<\/li>\n<li>Allonge : 17&#8243;\u201327&#8243;<\/li>\n<li>Module rotatif pour un r\u00e9glage facile<\/li>\n<li>Ex\u00e9cution : droitier (RH)<\/li>\n<\/ul>","protected":false},"excerpt":{"rendered":"<table>\n<tr>\n<th>Propri\u00e9t\u00e9<\/th>\n<th>Valeur<\/th>\n<\/tr>\n<tr>\n<td>Marque<\/td>\n<td>Topoint<\/td>\n<\/tr>\n<tr>\n<td>Mat\u00e9riau<\/td>\n<td>Aluminum<\/td>\n<\/tr>\n<tr>\n<td>Entre-axes (pouces)<\/td>\n<td>28<\/td>\n<\/tr>\n<tr>\n<td>Hauteur d'encoche (pouces)<\/td>\n<td>6,8<\/td>\n<\/tr>\n<tr>\n<td>Let-Off %<\/td>\n<td>75<\/td>\n<\/tr>\n<tr>\n<td>Module<\/td>\n<td>Rotating mod<\/td>\n<\/tr>\n<tr>\n<td>Pays d'origine<\/td>\n<td>Chine<\/td>\n<\/tr>\n<\/table>","protected":false},"featured_media":450874,"comment_status":"open","ping_status":"closed","template":"","meta":[],"product_brand":[436],"product_cat":[4525],"product_tag":[],"class_list":{"0":"post-406095","1":"product","2":"type-product","3":"status-publish","4":"has-post-thumbnail","6":"product_brand-topoint","7":"product_cat-compound-boegen-sets","8":"product_shipping_class-bsd-standard","10":"first","11":"instock","12":"shipping-taxable","13":"purchasable","14":"product-type-variable"},"yoast_head":"<!-- This site is optimized with the Yoast SEO plugin v27.6 - https:\/\/yoast.com\/product\/yoast-seo-wordpress\/ -->\n<title>TOPOINT COMPOUNDBOGEN PAKET M2 JUGEND \/ VERSTELLBARES MOD 10-40LBS \/ 17&quot;-27&quot; \/ RH - Bogensportdiscount \u2013 B\u00f6gen, Pfeile, Targets &amp; Zubeh\u00f6r<\/title>\n<meta name=\"description\" content=\"TOPOINT COMPOUNDBOGEN PAKET M2 JUGEND \/ VERSTELLBARES MOD 10-40LBS \/ 17&quot;-27&quot; \/ RH g\u00fcnstig kaufen bei Bogensportdiscount \u2013 Top-Marken, schneller Versand aus der Schweiz.\" \/>\n<meta name=\"robots\" content=\"index, follow, max-snippet:-1, max-image-preview:large, max-video-preview:-1\" \/>\n<link rel=\"canonical\" href=\"https:\/\/bogensportdiscount.ch\/fr\/produit\/topoint-compound-set-m2-youth-rotating-mod-10-40lbs-17-27-rh\/\" \/>\n<meta property=\"og:locale\" content=\"fr_FR\" \/>\n<meta property=\"og:type\" content=\"article\" \/>\n<meta property=\"og:title\" content=\"TOPOINT COMPOUNDBOGEN PAKET M2 JUGEND \/ VERSTELLBARES MOD 10-40LBS \/ 17&quot;-27&quot; \/ RH - Bogensportdiscount \u2013 B\u00f6gen, Pfeile, Targets &amp; Zubeh\u00f6r\" \/>\n<meta property=\"og:description\" content=\"TOPOINT COMPOUNDBOGEN PAKET M2 JUGEND \/ VERSTELLBARES MOD 10-40LBS \/ 17&quot;-27&quot; \/ RH g\u00fcnstig kaufen bei Bogensportdiscount \u2013 Top-Marken, schneller Versand aus der Schweiz.\" \/>\n<meta property=\"og:url\" content=\"https:\/\/bogensportdiscount.ch\/fr\/produit\/topoint-compound-set-m2-youth-rotating-mod-10-40lbs-17-27-rh\/\" \/>\n<meta property=\"og:site_name\" content=\"Bogensportdiscount \u2013 B\u00f6gen, Pfeile, Targets &amp; Zubeh\u00f6r\" \/>\n<meta property=\"article:modified_time\" content=\"2026-05-14T13:26:21+00:00\" \/>\n<meta property=\"og:image\" content=\"https:\/\/bogensportdiscount.ch\/wp-content\/uploads\/bsm-images\/A046492_1.png\" \/>\n\t<meta property=\"og:image:width\" content=\"2832\" \/>\n\t<meta property=\"og:image:height\" content=\"7360\" \/>\n\t<meta property=\"og:image:type\" content=\"image\/png\" \/>\n<meta name=\"twitter:card\" content=\"summary_large_image\" \/>\n<meta name=\"twitter:label1\" content=\"Dur\u00e9e de lecture estim\u00e9e\" \/>\n\t<meta name=\"twitter:data1\" content=\"1 minute\" \/>\n<script type=\"application\/ld+json\" class=\"yoast-schema-graph\">{\"@context\":\"https:\\\/\\\/schema.org\",\"@graph\":[{\"@type\":\"WebPage\",\"@id\":\"https:\\\/\\\/bogensportdiscount.ch\\\/produkt\\\/topoint-compound-set-m2-youth-rotating-mod-10-40lbs-17-27-rh\\\/\",\"url\":\"https:\\\/\\\/bogensportdiscount.ch\\\/produkt\\\/topoint-compound-set-m2-youth-rotating-mod-10-40lbs-17-27-rh\\\/\",\"name\":\"TOPOINT COMPOUNDBOGEN PAKET M2 JUGEND \\\/ VERSTELLBARES MOD 10-40LBS \\\/ 17\\\"-27\\\" \\\/ RH - Bogensportdiscount \u2013 B\u00f6gen, Pfeile, Targets &amp; Zubeh\u00f6r\",\"isPartOf\":{\"@id\":\"https:\\\/\\\/bogensportdiscount.ch\\\/#website\"},\"primaryImageOfPage\":{\"@id\":\"https:\\\/\\\/bogensportdiscount.ch\\\/produkt\\\/topoint-compound-set-m2-youth-rotating-mod-10-40lbs-17-27-rh\\\/#primaryimage\"},\"image\":{\"@id\":\"https:\\\/\\\/bogensportdiscount.ch\\\/produkt\\\/topoint-compound-set-m2-youth-rotating-mod-10-40lbs-17-27-rh\\\/#primaryimage\"},\"thumbnailUrl\":\"https:\\\/\\\/bogensportdiscount.ch\\\/wp-content\\\/uploads\\\/bsm-images\\\/A046492_1.png\",\"datePublished\":\"2026-04-05T12:53:50+00:00\",\"dateModified\":\"2026-05-14T13:26:21+00:00\",\"description\":\"TOPOINT COMPOUNDBOGEN PAKET M2 JUGEND \\\/ VERSTELLBARES MOD 10-40LBS \\\/ 17\\\"-27\\\" \\\/ RH g\u00fcnstig kaufen bei Bogensportdiscount \u2013 Top-Marken, schneller Versand aus der Schweiz.\",\"breadcrumb\":{\"@id\":\"https:\\\/\\\/bogensportdiscount.ch\\\/produkt\\\/topoint-compound-set-m2-youth-rotating-mod-10-40lbs-17-27-rh\\\/#breadcrumb\"},\"inLanguage\":\"fr-FR\",\"potentialAction\":[{\"@type\":\"ReadAction\",\"target\":[\"https:\\\/\\\/bogensportdiscount.ch\\\/produkt\\\/topoint-compound-set-m2-youth-rotating-mod-10-40lbs-17-27-rh\\\/\"]}]},{\"@type\":\"ImageObject\",\"inLanguage\":\"fr-FR\",\"@id\":\"https:\\\/\\\/bogensportdiscount.ch\\\/produkt\\\/topoint-compound-set-m2-youth-rotating-mod-10-40lbs-17-27-rh\\\/#primaryimage\",\"url\":\"https:\\\/\\\/bogensportdiscount.ch\\\/wp-content\\\/uploads\\\/bsm-images\\\/A046492_1.png\",\"contentUrl\":\"https:\\\/\\\/bogensportdiscount.ch\\\/wp-content\\\/uploads\\\/bsm-images\\\/A046492_1.png\",\"width\":2832,\"height\":7360},{\"@type\":\"BreadcrumbList\",\"@id\":\"https:\\\/\\\/bogensportdiscount.ch\\\/produkt\\\/topoint-compound-set-m2-youth-rotating-mod-10-40lbs-17-27-rh\\\/#breadcrumb\",\"itemListElement\":[{\"@type\":\"ListItem\",\"position\":1,\"name\":\"Home\",\"item\":\"https:\\\/\\\/bogensportdiscount.ch\\\/\"},{\"@type\":\"ListItem\",\"position\":2,\"name\":\"Shop\",\"item\":\"https:\\\/\\\/bogensportdiscount.ch\\\/shop\\\/\"},{\"@type\":\"ListItem\",\"position\":3,\"name\":\"TOPOINT COMPOUND PACKAGE M2 YOUTH \\\/ ROTATING MOD 10-40LBS \\\/ 17&#8243;-27&#8243; \\\/ RH\"}]},{\"@type\":\"WebSite\",\"@id\":\"https:\\\/\\\/bogensportdiscount.ch\\\/#website\",\"url\":\"https:\\\/\\\/bogensportdiscount.ch\\\/\",\"name\":\"Bogensportdiscount\",\"description\":\"\",\"potentialAction\":[{\"@type\":\"SearchAction\",\"target\":{\"@type\":\"EntryPoint\",\"urlTemplate\":\"https:\\\/\\\/bogensportdiscount.ch\\\/?s={search_term_string}\"},\"query-input\":{\"@type\":\"PropertyValueSpecification\",\"valueRequired\":true,\"valueName\":\"search_term_string\"}}],\"inLanguage\":\"fr-FR\"}]}<\/script>\n<!-- \/ Yoast SEO plugin. -->","yoast_head_json":{"title":"TOPOINT COMPOUNDBOGEN PAKET M2 JUGEND \/ VERSTELLBARES MOD 10-40LBS \/ 17\"-27\" \/ RH - Bogensportdiscount \u2013 B\u00f6gen, Pfeile, Targets &amp; Zubeh\u00f6r","description":"TOPOINT COMPOUNDBOGEN PAKET M2 JUGEND \/ VERSTELLBARES MOD 10-40LBS \/ 17\"-27\" \/ RH g\u00fcnstig kaufen bei Bogensportdiscount \u2013 Top-Marken, schneller Versand aus der Schweiz.","robots":{"index":"index","follow":"follow","max-snippet":"max-snippet:-1","max-image-preview":"max-image-preview:large","max-video-preview":"max-video-preview:-1"},"canonical":"https:\/\/bogensportdiscount.ch\/fr\/produit\/topoint-compound-set-m2-youth-rotating-mod-10-40lbs-17-27-rh\/","og_locale":"fr_FR","og_type":"article","og_title":"TOPOINT COMPOUNDBOGEN PAKET M2 JUGEND \/ VERSTELLBARES MOD 10-40LBS \/ 17\"-27\" \/ RH - Bogensportdiscount \u2013 B\u00f6gen, Pfeile, Targets &amp; Zubeh\u00f6r","og_description":"TOPOINT COMPOUNDBOGEN PAKET M2 JUGEND \/ VERSTELLBARES MOD 10-40LBS \/ 17\"-27\" \/ RH g\u00fcnstig kaufen bei Bogensportdiscount \u2013 Top-Marken, schneller Versand aus der Schweiz.","og_url":"https:\/\/bogensportdiscount.ch\/fr\/produit\/topoint-compound-set-m2-youth-rotating-mod-10-40lbs-17-27-rh\/","og_site_name":"Bogensportdiscount \u2013 B\u00f6gen, Pfeile, Targets &amp; Zubeh\u00f6r","article_modified_time":"2026-05-14T13:26:21+00:00","og_image":[{"url":"https:\/\/bogensportdiscount.ch\/wp-content\/uploads\/bsm-images\/A046492_1.png","width":2832,"height":7360,"type":"image\/png"}],"twitter_card":"summary_large_image","twitter_misc":{"Dur\u00e9e de lecture estim\u00e9e":"1 minute"},"schema":{"@context":"https:\/\/schema.org","@graph":[{"@type":"WebPage","@id":"https:\/\/bogensportdiscount.ch\/produkt\/topoint-compound-set-m2-youth-rotating-mod-10-40lbs-17-27-rh\/","url":"https:\/\/bogensportdiscount.ch\/produkt\/topoint-compound-set-m2-youth-rotating-mod-10-40lbs-17-27-rh\/","name":"TOPOINT COMPOUNDBOGEN PAKET M2 JUGEND \/ VERSTELLBARES MOD 10-40LBS \/ 17\"-27\" \/ RH - Bogensportdiscount \u2013 B\u00f6gen, Pfeile, Targets &amp; Zubeh\u00f6r","isPartOf":{"@id":"https:\/\/bogensportdiscount.ch\/#website"},"primaryImageOfPage":{"@id":"https:\/\/bogensportdiscount.ch\/produkt\/topoint-compound-set-m2-youth-rotating-mod-10-40lbs-17-27-rh\/#primaryimage"},"image":{"@id":"https:\/\/bogensportdiscount.ch\/produkt\/topoint-compound-set-m2-youth-rotating-mod-10-40lbs-17-27-rh\/#primaryimage"},"thumbnailUrl":"https:\/\/bogensportdiscount.ch\/wp-content\/uploads\/bsm-images\/A046492_1.png","datePublished":"2026-04-05T12:53:50+00:00","dateModified":"2026-05-14T13:26:21+00:00","description":"TOPOINT COMPOUNDBOGEN PAKET M2 JUGEND \/ VERSTELLBARES MOD 10-40LBS \/ 17\"-27\" \/ RH g\u00fcnstig kaufen bei Bogensportdiscount \u2013 Top-Marken, schneller Versand aus der Schweiz.","breadcrumb":{"@id":"https:\/\/bogensportdiscount.ch\/produkt\/topoint-compound-set-m2-youth-rotating-mod-10-40lbs-17-27-rh\/#breadcrumb"},"inLanguage":"fr-FR","potentialAction":[{"@type":"ReadAction","target":["https:\/\/bogensportdiscount.ch\/produkt\/topoint-compound-set-m2-youth-rotating-mod-10-40lbs-17-27-rh\/"]}]},{"@type":"ImageObject","inLanguage":"fr-FR","@id":"https:\/\/bogensportdiscount.ch\/produkt\/topoint-compound-set-m2-youth-rotating-mod-10-40lbs-17-27-rh\/#primaryimage","url":"https:\/\/bogensportdiscount.ch\/wp-content\/uploads\/bsm-images\/A046492_1.png","contentUrl":"https:\/\/bogensportdiscount.ch\/wp-content\/uploads\/bsm-images\/A046492_1.png","width":2832,"height":7360},{"@type":"BreadcrumbList","@id":"https:\/\/bogensportdiscount.ch\/produkt\/topoint-compound-set-m2-youth-rotating-mod-10-40lbs-17-27-rh\/#breadcrumb","itemListElement":[{"@type":"ListItem","position":1,"name":"Home","item":"https:\/\/bogensportdiscount.ch\/"},{"@type":"ListItem","position":2,"name":"Shop","item":"https:\/\/bogensportdiscount.ch\/shop\/"},{"@type":"ListItem","position":3,"name":"TOPOINT COMPOUND PACKAGE M2 YOUTH \/ ROTATING MOD 10-40LBS \/ 17&#8243;-27&#8243; \/ RH"}]},{"@type":"WebSite","@id":"https:\/\/bogensportdiscount.ch\/#website","url":"https:\/\/bogensportdiscount.ch\/","name":"Bogensportdiscount","description":"","potentialAction":[{"@type":"SearchAction","target":{"@type":"EntryPoint","urlTemplate":"https:\/\/bogensportdiscount.ch\/?s={search_term_string}"},"query-input":{"@type":"PropertyValueSpecification","valueRequired":true,"valueName":"search_term_string"}}],"inLanguage":"fr-FR"}]}},"_links":{"self":[{"href":"https:\/\/bogensportdiscount.ch\/fr\/wp-json\/wp\/v2\/product\/406095","targetHints":{"allow":["GET"]}}],"collection":[{"href":"https:\/\/bogensportdiscount.ch\/fr\/wp-json\/wp\/v2\/product"}],"about":[{"href":"https:\/\/bogensportdiscount.ch\/fr\/wp-json\/wp\/v2\/types\/product"}],"replies":[{"embeddable":true,"href":"https:\/\/bogensportdiscount.ch\/fr\/wp-json\/wp\/v2\/comments?post=406095"}],"wp:featuredmedia":[{"embeddable":true,"href":"https:\/\/bogensportdiscount.ch\/fr\/wp-json\/wp\/v2\/media\/450874"}],"wp:attachment":[{"href":"https:\/\/bogensportdiscount.ch\/fr\/wp-json\/wp\/v2\/media?parent=406095"}],"wp:term":[{"taxonomy":"product_brand","embeddable":true,"href":"https:\/\/bogensportdiscount.ch\/fr\/wp-json\/wp\/v2\/product_brand?post=406095"},{"taxonomy":"product_cat","embeddable":true,"href":"https:\/\/bogensportdiscount.ch\/fr\/wp-json\/wp\/v2\/product_cat?post=406095"},{"taxonomy":"product_tag","embeddable":true,"href":"https:\/\/bogensportdiscount.ch\/fr\/wp-json\/wp\/v2\/product_tag?post=406095"}],"curies":[{"name":"wp","href":"https:\/\/api.w.org\/{rel}","templated":true}]}}