{"id":406062,"date":"2026-04-05T14:53:45","date_gmt":"2026-04-05T12:53:45","guid":{"rendered":"https:\/\/bogensportdiscount.ch\/produkt\/weights-for-risers-vygo-barebow-duo-heavy-200grams-black\/"},"modified":"2026-04-15T12:55:18","modified_gmt":"2026-04-15T10:55:18","slug":"kinetic-gewichte-griffe-vygo-barebow-duo","status":"publish","type":"product","link":"https:\/\/bogensportdiscount.ch\/fr\/produit\/kinetic-gewichte-griffe-vygo-barebow-duo\/","title":{"rendered":"POIDS CIN\u00c9TIQUES POUR RISERS VYGO BAREBOW DUO"},"content":{"rendered":"<p>Die KINETIC Gewichte f\u00fcr Griffe Vygo Barebow Duo sind Zubeh\u00f6rgewichte, die direkt am Riser (Griffst\u00fcck) montiert werden. Sie richten sich an Barebow-Sch\u00fctzen, die das Gewicht und die Balance ihres Bogens individuell abstimmen m\u00f6chten.<\/p>\n<p>Als Duo-Set bieten sie eine symmetrische Gewichtsverteilung am Riser. Die Gewichte sind Teil des Vygo Barebow Systems von KINETIC und sind auf die Kompatibilit\u00e4t mit entsprechenden KINETIC-Griffen ausgelegt.<\/p>\n<ul>\n<li>Speziell f\u00fcr Barebow-Griffe (Riser) konzipiert<\/li>\n<li>Erm\u00f6glicht individuelle Gewichts- und Balance-Einstellung<\/li>\n<li>Duo-Set f\u00fcr symmetrische Montage<\/li>\n<li>Teil des KINETIC Vygo Barebow Systems<\/li>\n<\/ul>","protected":false},"excerpt":{"rendered":"<p><strong>Type:<\/strong> Barebow riser weights<br \/><strong>Compatibility:<\/strong> Kinetic Vygo<\/p>","protected":false},"featured_media":450865,"comment_status":"open","ping_status":"closed","template":"","meta":[],"product_brand":[439],"product_cat":[4199],"product_tag":[],"class_list":{"0":"post-406062","1":"product","2":"type-product","3":"status-publish","4":"has-post-thumbnail","6":"product_brand-kinetic","7":"product_cat-gewichte-stabilisation","9":"first","10":"instock","11":"shipping-taxable","12":"purchasable","13":"product-type-variable"},"_links":{"self":[{"href":"https:\/\/bogensportdiscount.ch\/fr\/wp-json\/wp\/v2\/product\/406062","targetHints":{"allow":["GET"]}}],"collection":[{"href":"https:\/\/bogensportdiscount.ch\/fr\/wp-json\/wp\/v2\/product"}],"about":[{"href":"https:\/\/bogensportdiscount.ch\/fr\/wp-json\/wp\/v2\/types\/product"}],"replies":[{"embeddable":true,"href":"https:\/\/bogensportdiscount.ch\/fr\/wp-json\/wp\/v2\/comments?post=406062"}],"wp:featuredmedia":[{"embeddable":true,"href":"https:\/\/bogensportdiscount.ch\/fr\/wp-json\/wp\/v2\/media\/450865"}],"wp:attachment":[{"href":"https:\/\/bogensportdiscount.ch\/fr\/wp-json\/wp\/v2\/media?parent=406062"}],"wp:term":[{"taxonomy":"product_brand","embeddable":true,"href":"https:\/\/bogensportdiscount.ch\/fr\/wp-json\/wp\/v2\/product_brand?post=406062"},{"taxonomy":"product_cat","embeddable":true,"href":"https:\/\/bogensportdiscount.ch\/fr\/wp-json\/wp\/v2\/product_cat?post=406062"},{"taxonomy":"product_tag","embeddable":true,"href":"https:\/\/bogensportdiscount.ch\/fr\/wp-json\/wp\/v2\/product_tag?post=406062"}],"curies":[{"name":"wp","href":"https:\/\/api.w.org\/{rel}","templated":true}]}}