{"id":406051,"date":"2026-04-05T14:53:43","date_gmt":"2026-04-05T12:53:43","guid":{"rendered":"https:\/\/bogensportdiscount.ch\/produkt\/saunders-slingshot-accessories-clod-popper-clay-ammo-200-bag\/"},"modified":"2026-04-19T11:54:06","modified_gmt":"2026-04-19T09:54:06","slug":"saunders-schleuder-zubehoer-clod-popper-lehmmunition","status":"publish","type":"product","link":"https:\/\/bogensportdiscount.ch\/fr\/produit\/saunders-schleuder-zubehoer-clod-popper-lehmmunition\/","title":{"rendered":"Saunders Accessoires de fronde Clod Popper Munitions en argile"},"content":{"rendered":"<p>Les munitions SAUNDERS Clod Popper Clay Ammo sont des munitions pour fronde en argile compress\u00e9e, con\u00e7ues pour une utilisation avec des frondes de chasse et de plein air. Les munitions sont fabriqu\u00e9es aux \u00c9tats-Unis et sont synonymes de qualit\u00e9 de fabrication solide.<\/p>\n<p>Les billes en argile de ce type offrent une alternative \u00e9conomique et respectueuse de l'environnement aux munitions en acier. Elles se brisent \u00e0 l'impact, ce qui les rend particuli\u00e8rement adapt\u00e9es \u00e0 l'entra\u00eenement ou \u00e0 la chasse.<\/p>\n<ul>\n<li>Munitions pour fronde en argile compress\u00e9e<\/li>\n<li>Adapt\u00e9es aux frondes pour le plein air et la chasse<\/li>\n<li>Origine am\u00e9ricaine<\/li>\n<li>Alternative \u00e9conomique aux munitions m\u00e9talliques<\/li>\n<\/ul>","protected":false},"excerpt":{"rendered":"<p>Les munitions SAUNDERS Clod Popper en argile sont des munitions en billes d'argile sp\u00e9cialement d\u00e9velopp\u00e9es pour les frondes. Les munitions en provenance des \u00c9tats-Unis conviennent pour une utilisation avec des frondes dans le domaine outdoor.<\/p>","protected":false},"featured_media":450862,"comment_status":"open","ping_status":"closed","template":"","meta":[],"product_brand":[779],"product_cat":[17964],"product_tag":[],"class_list":{"0":"post-406051","1":"product","2":"type-product","3":"status-publish","4":"has-post-thumbnail","6":"product_brand-saunders","7":"product_cat-schleudern-zubehoer-zubehoer","9":"first","10":"instock","11":"shipping-taxable","12":"purchasable","13":"product-type-variable"},"yoast_head":"<!-- This site is optimized with the Yoast SEO plugin v27.4 - https:\/\/yoast.com\/product\/yoast-seo-wordpress\/ -->\n<title>Saunders Schleuder-Zubeh\u00f6r Clod Popper Lehmmunition - Bogensportdiscount \u2013 B\u00f6gen, Pfeile, Targets &amp; Zubeh\u00f6r<\/title>\n<meta name=\"robots\" content=\"noindex, follow, max-snippet:-1, max-image-preview:large, max-video-preview:-1\" \/>\n<meta property=\"og:locale\" content=\"fr_FR\" \/>\n<meta property=\"og:type\" content=\"article\" \/>\n<meta property=\"og:title\" content=\"Saunders Schleuder-Zubeh\u00f6r Clod Popper Lehmmunition - Bogensportdiscount \u2013 B\u00f6gen, Pfeile, Targets &amp; Zubeh\u00f6r\" \/>\n<meta property=\"og:description\" content=\"Die Saunders Clod Popper Lehmmunition ist speziell f\u00fcr Schleudern entwickeltes Tonkugel-Munitionszubeh\u00f6r. Die Munition aus den USA eignet sich f\u00fcr den Einsatz mit Steinschleudern im Outdoor-Bereich.\" \/>\n<meta property=\"og:url\" content=\"https:\/\/bogensportdiscount.ch\/fr\/produit\/saunders-schleuder-zubehoer-clod-popper-lehmmunition\/\" \/>\n<meta property=\"og:site_name\" content=\"Bogensportdiscount \u2013 B\u00f6gen, Pfeile, Targets &amp; Zubeh\u00f6r\" \/>\n<meta property=\"article:modified_time\" content=\"2026-04-19T09:54:06+00:00\" \/>\n<meta property=\"og:image\" content=\"https:\/\/bogensportdiscount.ch\/wp-content\/uploads\/bsm-images\/A046084_1.png\" \/>\n\t<meta property=\"og:image:width\" content=\"1181\" \/>\n\t<meta property=\"og:image:height\" content=\"1172\" \/>\n\t<meta property=\"og:image:type\" content=\"image\/png\" \/>\n<meta name=\"twitter:card\" content=\"summary_large_image\" \/>\n<script type=\"application\/ld+json\" class=\"yoast-schema-graph\">{\"@context\":\"https:\\\/\\\/schema.org\",\"@graph\":[{\"@type\":\"WebPage\",\"@id\":\"https:\\\/\\\/bogensportdiscount.ch\\\/fr\\\/produit\\\/saunders-schleuder-zubehoer-clod-popper-lehmmunition\\\/\",\"url\":\"https:\\\/\\\/bogensportdiscount.ch\\\/fr\\\/produit\\\/saunders-schleuder-zubehoer-clod-popper-lehmmunition\\\/\",\"name\":\"Saunders Schleuder-Zubeh\u00f6r Clod Popper Lehmmunition - Bogensportdiscount \u2013 B\u00f6gen, Pfeile, Targets &amp; Zubeh\u00f6r\",\"isPartOf\":{\"@id\":\"https:\\\/\\\/bogensportdiscount.ch\\\/#website\"},\"primaryImageOfPage\":{\"@id\":\"https:\\\/\\\/bogensportdiscount.ch\\\/fr\\\/produit\\\/saunders-schleuder-zubehoer-clod-popper-lehmmunition\\\/#primaryimage\"},\"image\":{\"@id\":\"https:\\\/\\\/bogensportdiscount.ch\\\/fr\\\/produit\\\/saunders-schleuder-zubehoer-clod-popper-lehmmunition\\\/#primaryimage\"},\"thumbnailUrl\":\"https:\\\/\\\/bogensportdiscount.ch\\\/wp-content\\\/uploads\\\/bsm-images\\\/A046084_1.png\",\"datePublished\":\"2026-04-05T12:53:43+00:00\",\"dateModified\":\"2026-04-19T09:54:06+00:00\",\"breadcrumb\":{\"@id\":\"https:\\\/\\\/bogensportdiscount.ch\\\/fr\\\/produit\\\/saunders-schleuder-zubehoer-clod-popper-lehmmunition\\\/#breadcrumb\"},\"inLanguage\":\"fr-FR\",\"potentialAction\":[{\"@type\":\"ReadAction\",\"target\":[\"https:\\\/\\\/bogensportdiscount.ch\\\/fr\\\/produit\\\/saunders-schleuder-zubehoer-clod-popper-lehmmunition\\\/\"]}]},{\"@type\":\"ImageObject\",\"inLanguage\":\"fr-FR\",\"@id\":\"https:\\\/\\\/bogensportdiscount.ch\\\/fr\\\/produit\\\/saunders-schleuder-zubehoer-clod-popper-lehmmunition\\\/#primaryimage\",\"url\":\"https:\\\/\\\/bogensportdiscount.ch\\\/wp-content\\\/uploads\\\/bsm-images\\\/A046084_1.png\",\"contentUrl\":\"https:\\\/\\\/bogensportdiscount.ch\\\/wp-content\\\/uploads\\\/bsm-images\\\/A046084_1.png\",\"width\":1181,\"height\":1172},{\"@type\":\"BreadcrumbList\",\"@id\":\"https:\\\/\\\/bogensportdiscount.ch\\\/fr\\\/produit\\\/saunders-schleuder-zubehoer-clod-popper-lehmmunition\\\/#breadcrumb\",\"itemListElement\":[{\"@type\":\"ListItem\",\"position\":1,\"name\":\"Home\",\"item\":\"https:\\\/\\\/bogensportdiscount.ch\\\/\"},{\"@type\":\"ListItem\",\"position\":2,\"name\":\"Shop\",\"item\":\"https:\\\/\\\/bogensportdiscount.ch\\\/shop\\\/\"},{\"@type\":\"ListItem\",\"position\":3,\"name\":\"Saunders Schleuder-Zubeh\u00f6r Clod Popper Lehmmunition\"}]},{\"@type\":\"WebSite\",\"@id\":\"https:\\\/\\\/bogensportdiscount.ch\\\/#website\",\"url\":\"https:\\\/\\\/bogensportdiscount.ch\\\/\",\"name\":\"Bogensportdiscount\",\"description\":\"\",\"potentialAction\":[{\"@type\":\"SearchAction\",\"target\":{\"@type\":\"EntryPoint\",\"urlTemplate\":\"https:\\\/\\\/bogensportdiscount.ch\\\/?s={search_term_string}\"},\"query-input\":{\"@type\":\"PropertyValueSpecification\",\"valueRequired\":true,\"valueName\":\"search_term_string\"}}],\"inLanguage\":\"fr-FR\"}]}<\/script>\n<!-- \/ Yoast SEO plugin. -->","yoast_head_json":{"title":"Saunders Schleuder-Zubeh\u00f6r Clod Popper Lehmmunition - Bogensportdiscount \u2013 B\u00f6gen, Pfeile, Targets &amp; Zubeh\u00f6r","robots":{"index":"noindex","follow":"follow","max-snippet":"max-snippet:-1","max-image-preview":"max-image-preview:large","max-video-preview":"max-video-preview:-1"},"og_locale":"fr_FR","og_type":"article","og_title":"Saunders Schleuder-Zubeh\u00f6r Clod Popper Lehmmunition - Bogensportdiscount \u2013 B\u00f6gen, Pfeile, Targets &amp; Zubeh\u00f6r","og_description":"Die Saunders Clod Popper Lehmmunition ist speziell f\u00fcr Schleudern entwickeltes Tonkugel-Munitionszubeh\u00f6r. Die Munition aus den USA eignet sich f\u00fcr den Einsatz mit Steinschleudern im Outdoor-Bereich.","og_url":"https:\/\/bogensportdiscount.ch\/fr\/produit\/saunders-schleuder-zubehoer-clod-popper-lehmmunition\/","og_site_name":"Bogensportdiscount \u2013 B\u00f6gen, Pfeile, Targets &amp; Zubeh\u00f6r","article_modified_time":"2026-04-19T09:54:06+00:00","og_image":[{"url":"https:\/\/bogensportdiscount.ch\/wp-content\/uploads\/bsm-images\/A046084_1.png","width":1181,"height":1172,"type":"image\/png"}],"twitter_card":"summary_large_image","schema":{"@context":"https:\/\/schema.org","@graph":[{"@type":"WebPage","@id":"https:\/\/bogensportdiscount.ch\/fr\/produit\/saunders-schleuder-zubehoer-clod-popper-lehmmunition\/","url":"https:\/\/bogensportdiscount.ch\/fr\/produit\/saunders-schleuder-zubehoer-clod-popper-lehmmunition\/","name":"Saunders Schleuder-Zubeh\u00f6r Clod Popper Lehmmunition - Bogensportdiscount \u2013 B\u00f6gen, Pfeile, Targets &amp; Zubeh\u00f6r","isPartOf":{"@id":"https:\/\/bogensportdiscount.ch\/#website"},"primaryImageOfPage":{"@id":"https:\/\/bogensportdiscount.ch\/fr\/produit\/saunders-schleuder-zubehoer-clod-popper-lehmmunition\/#primaryimage"},"image":{"@id":"https:\/\/bogensportdiscount.ch\/fr\/produit\/saunders-schleuder-zubehoer-clod-popper-lehmmunition\/#primaryimage"},"thumbnailUrl":"https:\/\/bogensportdiscount.ch\/wp-content\/uploads\/bsm-images\/A046084_1.png","datePublished":"2026-04-05T12:53:43+00:00","dateModified":"2026-04-19T09:54:06+00:00","breadcrumb":{"@id":"https:\/\/bogensportdiscount.ch\/fr\/produit\/saunders-schleuder-zubehoer-clod-popper-lehmmunition\/#breadcrumb"},"inLanguage":"fr-FR","potentialAction":[{"@type":"ReadAction","target":["https:\/\/bogensportdiscount.ch\/fr\/produit\/saunders-schleuder-zubehoer-clod-popper-lehmmunition\/"]}]},{"@type":"ImageObject","inLanguage":"fr-FR","@id":"https:\/\/bogensportdiscount.ch\/fr\/produit\/saunders-schleuder-zubehoer-clod-popper-lehmmunition\/#primaryimage","url":"https:\/\/bogensportdiscount.ch\/wp-content\/uploads\/bsm-images\/A046084_1.png","contentUrl":"https:\/\/bogensportdiscount.ch\/wp-content\/uploads\/bsm-images\/A046084_1.png","width":1181,"height":1172},{"@type":"BreadcrumbList","@id":"https:\/\/bogensportdiscount.ch\/fr\/produit\/saunders-schleuder-zubehoer-clod-popper-lehmmunition\/#breadcrumb","itemListElement":[{"@type":"ListItem","position":1,"name":"Home","item":"https:\/\/bogensportdiscount.ch\/"},{"@type":"ListItem","position":2,"name":"Shop","item":"https:\/\/bogensportdiscount.ch\/shop\/"},{"@type":"ListItem","position":3,"name":"Saunders Schleuder-Zubeh\u00f6r Clod Popper Lehmmunition"}]},{"@type":"WebSite","@id":"https:\/\/bogensportdiscount.ch\/#website","url":"https:\/\/bogensportdiscount.ch\/","name":"Bogensportdiscount","description":"","potentialAction":[{"@type":"SearchAction","target":{"@type":"EntryPoint","urlTemplate":"https:\/\/bogensportdiscount.ch\/?s={search_term_string}"},"query-input":{"@type":"PropertyValueSpecification","valueRequired":true,"valueName":"search_term_string"}}],"inLanguage":"fr-FR"}]}},"_links":{"self":[{"href":"https:\/\/bogensportdiscount.ch\/fr\/wp-json\/wp\/v2\/product\/406051","targetHints":{"allow":["GET"]}}],"collection":[{"href":"https:\/\/bogensportdiscount.ch\/fr\/wp-json\/wp\/v2\/product"}],"about":[{"href":"https:\/\/bogensportdiscount.ch\/fr\/wp-json\/wp\/v2\/types\/product"}],"replies":[{"embeddable":true,"href":"https:\/\/bogensportdiscount.ch\/fr\/wp-json\/wp\/v2\/comments?post=406051"}],"wp:featuredmedia":[{"embeddable":true,"href":"https:\/\/bogensportdiscount.ch\/fr\/wp-json\/wp\/v2\/media\/450862"}],"wp:attachment":[{"href":"https:\/\/bogensportdiscount.ch\/fr\/wp-json\/wp\/v2\/media?parent=406051"}],"wp:term":[{"taxonomy":"product_brand","embeddable":true,"href":"https:\/\/bogensportdiscount.ch\/fr\/wp-json\/wp\/v2\/product_brand?post=406051"},{"taxonomy":"product_cat","embeddable":true,"href":"https:\/\/bogensportdiscount.ch\/fr\/wp-json\/wp\/v2\/product_cat?post=406051"},{"taxonomy":"product_tag","embeddable":true,"href":"https:\/\/bogensportdiscount.ch\/fr\/wp-json\/wp\/v2\/product_tag?post=406051"}],"curies":[{"name":"wp","href":"https:\/\/api.w.org\/{rel}","templated":true}]}}